{"id":35,"date":"2015-03-13T08:21:43","date_gmt":"2015-03-13T08:21:43","guid":{"rendered":"http:\/\/blogsaverroes.juntadeandalucia.es\/pre\/ceip\/?page_id=35"},"modified":"2022-11-17T21:25:05","modified_gmt":"2022-11-17T20:25:05","slug":"el-centro-2","status":"publish","type":"page","link":"https:\/\/blogsaverroes.juntadeandalucia.es\/colegiomarismillas\/el-centro-2\/","title":{"rendered":"Datos del centro"},"content":{"rendered":"<p><iframe loading=\"lazy\" src=\"https:\/\/www.google.com\/maps\/embed?pb=!1m14!1m12!1m3!1d6372.897793317323!2d-6.000594500000005!3d36.99908590000002!2m3!1f0!2f0!3f0!3m2!1i1024!2i768!4f13.1!5e0!3m2!1ses!2ses!4v1482491070920\" width=\"600\" height=\"450\" frameborder=\"0\"><\/iframe><\/p>\n<p><strong>Direcci\u00f3n:<\/strong>&nbsp; Plaza Nueve de Mayo s\/n<\/p>\n<p><strong>Tel\u00e9fono \/ FAX: 955 83 89 06 \/ 955 83 89 07<\/strong><br \/>\n<strong>Email:<\/strong> 410095.edu@juntadeandalucia.es<\/p>\n<p>&nbsp;<\/p>\n<p>Director: Jos\u00e9 Manuel Salas Gonz\u00e1lez<\/p>\n<p>&nbsp;<\/p>\n<h4><strong>Horarios<\/strong><\/h4>\n<p>&#8211; Horario de secretar\u00eda: de 9:00 a 13:30<\/p>\n<p>&#8211; Atenci\u00f3n a padres (tutor\u00edas): Lunes de 17:00 a 18:00<\/p>\n<p>&#8211; Direcci\u00f3n: Se requiere establecer cita previa (llamando al tel\u00e9fono del centro).<\/p>\n<p>&#8211; Apertura dell Centro a las 7:30 para el Aula Matinal<\/p>\n<p>&#8211; Clases de 9 a 14<\/p>\n<p>&#8211; Comedor Escolar de 14 a 16<\/p>\n<p>&#8211; Acompa\u00f1amiento escolar: Martes y jueves de 16:00 a 18:00<\/p>\n<p>&#8211; Deporte en la escuela: Lunes y mi\u00e9rcoles de 16:00 a 18:00<\/p>\n<h4><strong>Oferta educativa<\/strong><\/h4>\n<p>Somos centro de infantil y primaria.<\/p>\n<p>&#8211; Aula matinal<\/p>\n<p>&#8211; Comedor escolar<\/p>\n<p>&#8211; Deporte en la escuela<\/p>\n<p>&#8211; Acompa\u00f1amiento escolar<\/p>\n<p>&#8211; Creciendo en salud (consumo de frutas ecol\u00f3gicas)<\/p>\n<p>&#8211; Compensaci\u00f3n educativa<\/p>\n<p>&#8211; Escuela espacio de Paz<\/p>\n<h4>Instalaciones<\/h4>\n<p><!-- default-view.php -->\n<div\n\tclass=\"ngg-galleryoverview default-view\n\t ngg-ajax-pagination-none\t\"\n\tid=\"ngg-gallery-7bd57b0a1e84a07a972d91eb4118437e-1\">\n\n\t\t<!-- Thumbnails -->\n\t\t\t\t<div id=\"ngg-image-0\" class=\"ngg-gallery-thumbnail-box\n\t\t\t\t\t\t\t\t\t\t\t\"\n\t\t\t>\n\t\t\t\t\t\t<div class=\"ngg-gallery-thumbnail\">\n\t\t\t<a href=\"https:\/\/blogsaverroes.juntadeandalucia.es\/colegiomarismillas\/wp-content\/uploads\/sites\/792\/nggallery\/instalaciones\/instalacion01.jpg\"\n\t\t\t\ttitle=\"\"\n\t\t\t\tdata-src=\"https:\/\/blogsaverroes.juntadeandalucia.es\/colegiomarismillas\/wp-content\/uploads\/sites\/792\/nggallery\/instalaciones\/instalacion01.jpg\"\n\t\t\t\tdata-thumbnail=\"https:\/\/blogsaverroes.juntadeandalucia.es\/colegiomarismillas\/wp-content\/uploads\/sites\/792\/nggallery\/instalaciones\/thumbs\/thumbs_instalacion01.jpg\"\n\t\t\t\tdata-image-id=\"16\"\n\t\t\t\tdata-title=\"instalacion01\"\n\t\t\t\tdata-description=\"\"\n\t\t\t\tdata-image-slug=\"instalacion01\"\n\t\t\t\tclass=\"ngg-fancybox\" rel=\"7bd57b0a1e84a07a972d91eb4118437e\">\n\t\t\t\t<img\n\t\t\t\t\ttitle=\"instalacion01\"\n\t\t\t\t\talt=\"instalacion01\"\n\t\t\t\t\tsrc=\"https:\/\/blogsaverroes.juntadeandalucia.es\/colegiomarismillas\/wp-content\/uploads\/sites\/792\/nggallery\/instalaciones\/thumbs\/thumbs_instalacion01.jpg\"\n\t\t\t\t\twidth=\"120\"\n\t\t\t\t\theight=\"90\"\n\t\t\t\t\tstyle=\"max-width:100%;\"\n\t\t\t\t\/>\n\t\t\t<\/a>\n\t\t<\/div>\n\t\t\t\t\t\t\t<\/div>\n\t\t\t\n\t\t\t\t<div id=\"ngg-image-1\" class=\"ngg-gallery-thumbnail-box\n\t\t\t\t\t\t\t\t\t\t\t\"\n\t\t\t>\n\t\t\t\t\t\t<div class=\"ngg-gallery-thumbnail\">\n\t\t\t<a href=\"https:\/\/blogsaverroes.juntadeandalucia.es\/colegiomarismillas\/wp-content\/uploads\/sites\/792\/nggallery\/instalaciones\/instalacion02.jpg\"\n\t\t\t\ttitle=\"\"\n\t\t\t\tdata-src=\"https:\/\/blogsaverroes.juntadeandalucia.es\/colegiomarismillas\/wp-content\/uploads\/sites\/792\/nggallery\/instalaciones\/instalacion02.jpg\"\n\t\t\t\tdata-thumbnail=\"https:\/\/blogsaverroes.juntadeandalucia.es\/colegiomarismillas\/wp-content\/uploads\/sites\/792\/nggallery\/instalaciones\/thumbs\/thumbs_instalacion02.jpg\"\n\t\t\t\tdata-image-id=\"17\"\n\t\t\t\tdata-title=\"instalacion02\"\n\t\t\t\tdata-description=\"\"\n\t\t\t\tdata-image-slug=\"instalacion02\"\n\t\t\t\tclass=\"ngg-fancybox\" rel=\"7bd57b0a1e84a07a972d91eb4118437e\">\n\t\t\t\t<img\n\t\t\t\t\ttitle=\"instalacion02\"\n\t\t\t\t\talt=\"instalacion02\"\n\t\t\t\t\tsrc=\"https:\/\/blogsaverroes.juntadeandalucia.es\/colegiomarismillas\/wp-content\/uploads\/sites\/792\/nggallery\/instalaciones\/thumbs\/thumbs_instalacion02.jpg\"\n\t\t\t\t\twidth=\"120\"\n\t\t\t\t\theight=\"90\"\n\t\t\t\t\tstyle=\"max-width:100%;\"\n\t\t\t\t\/>\n\t\t\t<\/a>\n\t\t<\/div>\n\t\t\t\t\t\t\t<\/div>\n\t\t\t\n\t\t\t\t<div id=\"ngg-image-2\" class=\"ngg-gallery-thumbnail-box\n\t\t\t\t\t\t\t\t\t\t\t\"\n\t\t\t>\n\t\t\t\t\t\t<div class=\"ngg-gallery-thumbnail\">\n\t\t\t<a href=\"https:\/\/blogsaverroes.juntadeandalucia.es\/colegiomarismillas\/wp-content\/uploads\/sites\/792\/nggallery\/instalaciones\/instalacion03.jpg\"\n\t\t\t\ttitle=\"\"\n\t\t\t\tdata-src=\"https:\/\/blogsaverroes.juntadeandalucia.es\/colegiomarismillas\/wp-content\/uploads\/sites\/792\/nggallery\/instalaciones\/instalacion03.jpg\"\n\t\t\t\tdata-thumbnail=\"https:\/\/blogsaverroes.juntadeandalucia.es\/colegiomarismillas\/wp-content\/uploads\/sites\/792\/nggallery\/instalaciones\/thumbs\/thumbs_instalacion03.jpg\"\n\t\t\t\tdata-image-id=\"18\"\n\t\t\t\tdata-title=\"instalacion03\"\n\t\t\t\tdata-description=\"\"\n\t\t\t\tdata-image-slug=\"instalacion03\"\n\t\t\t\tclass=\"ngg-fancybox\" rel=\"7bd57b0a1e84a07a972d91eb4118437e\">\n\t\t\t\t<img\n\t\t\t\t\ttitle=\"instalacion03\"\n\t\t\t\t\talt=\"instalacion03\"\n\t\t\t\t\tsrc=\"https:\/\/blogsaverroes.juntadeandalucia.es\/colegiomarismillas\/wp-content\/uploads\/sites\/792\/nggallery\/instalaciones\/thumbs\/thumbs_instalacion03.jpg\"\n\t\t\t\t\twidth=\"120\"\n\t\t\t\t\theight=\"90\"\n\t\t\t\t\tstyle=\"max-width:100%;\"\n\t\t\t\t\/>\n\t\t\t<\/a>\n\t\t<\/div>\n\t\t\t\t\t\t\t<\/div>\n\t\t\t\n\t\t\t\t<div id=\"ngg-image-3\" class=\"ngg-gallery-thumbnail-box\n\t\t\t\t\t\t\t\t\t\t\t\"\n\t\t\t>\n\t\t\t\t\t\t<div class=\"ngg-gallery-thumbnail\">\n\t\t\t<a href=\"https:\/\/blogsaverroes.juntadeandalucia.es\/colegiomarismillas\/wp-content\/uploads\/sites\/792\/nggallery\/instalaciones\/instalacion04.jpg\"\n\t\t\t\ttitle=\"\"\n\t\t\t\tdata-src=\"https:\/\/blogsaverroes.juntadeandalucia.es\/colegiomarismillas\/wp-content\/uploads\/sites\/792\/nggallery\/instalaciones\/instalacion04.jpg\"\n\t\t\t\tdata-thumbnail=\"https:\/\/blogsaverroes.juntadeandalucia.es\/colegiomarismillas\/wp-content\/uploads\/sites\/792\/nggallery\/instalaciones\/thumbs\/thumbs_instalacion04.jpg\"\n\t\t\t\tdata-image-id=\"19\"\n\t\t\t\tdata-title=\"instalacion04\"\n\t\t\t\tdata-description=\"\"\n\t\t\t\tdata-image-slug=\"instalacion04\"\n\t\t\t\tclass=\"ngg-fancybox\" rel=\"7bd57b0a1e84a07a972d91eb4118437e\">\n\t\t\t\t<img\n\t\t\t\t\ttitle=\"instalacion04\"\n\t\t\t\t\talt=\"instalacion04\"\n\t\t\t\t\tsrc=\"https:\/\/blogsaverroes.juntadeandalucia.es\/colegiomarismillas\/wp-content\/uploads\/sites\/792\/nggallery\/instalaciones\/thumbs\/thumbs_instalacion04.jpg\"\n\t\t\t\t\twidth=\"120\"\n\t\t\t\t\theight=\"90\"\n\t\t\t\t\tstyle=\"max-width:100%;\"\n\t\t\t\t\/>\n\t\t\t<\/a>\n\t\t<\/div>\n\t\t\t\t\t\t\t<\/div>\n\t\t\t\n\t\n\t<br style=\"clear: both\" \/>\n\n\t\t<div class=\"slideshowlink\">\n\t\t<a href='https:\/\/blogsaverroes.juntadeandalucia.es\/colegiomarismillas\/el-centro-2\/nggallery\/slideshow'>[Mostrar presentaci\u00f3n de diapositivas]<\/a>\n\n\t<\/div>\n\t\n\t\t<!-- Pagination -->\n\t\t<div class='ngg-clear'><\/div>\t<\/div>\n<\/p>\n","protected":false},"excerpt":{"rendered":"<p>Direcci\u00f3n:&nbsp; Plaza Nueve de Mayo s\/n Tel\u00e9fono \/ FAX: 955 83 89 06 \/ 955 83 89 07 Email: 410095.edu@juntadeandalucia.es &nbsp; Director: Jos\u00e9 Manuel Salas Gonz\u00e1lez &nbsp; Horarios &#8211; Horario de secretar\u00eda: de 9:00&#46;&#46;&#46;<\/p>\n","protected":false},"author":1,"featured_media":0,"parent":0,"menu_order":0,"comment_status":"closed","ping_status":"open","template":"","meta":{"ngg_post_thumbnail":0,"footnotes":"","_mc_calendar":[]},"aioseo_notices":[],"_links":{"self":[{"href":"https:\/\/blogsaverroes.juntadeandalucia.es\/colegiomarismillas\/wp-json\/wp\/v2\/pages\/35"}],"collection":[{"href":"https:\/\/blogsaverroes.juntadeandalucia.es\/colegiomarismillas\/wp-json\/wp\/v2\/pages"}],"about":[{"href":"https:\/\/blogsaverroes.juntadeandalucia.es\/colegiomarismillas\/wp-json\/wp\/v2\/types\/page"}],"author":[{"embeddable":true,"href":"https:\/\/blogsaverroes.juntadeandalucia.es\/colegiomarismillas\/wp-json\/wp\/v2\/users\/1"}],"replies":[{"embeddable":true,"href":"https:\/\/blogsaverroes.juntadeandalucia.es\/colegiomarismillas\/wp-json\/wp\/v2\/comments?post=35"}],"version-history":[{"count":11,"href":"https:\/\/blogsaverroes.juntadeandalucia.es\/colegiomarismillas\/wp-json\/wp\/v2\/pages\/35\/revisions"}],"predecessor-version":[{"id":2988,"href":"https:\/\/blogsaverroes.juntadeandalucia.es\/colegiomarismillas\/wp-json\/wp\/v2\/pages\/35\/revisions\/2988"}],"wp:attachment":[{"href":"https:\/\/blogsaverroes.juntadeandalucia.es\/colegiomarismillas\/wp-json\/wp\/v2\/media?parent=35"}],"curies":[{"name":"wp","href":"https:\/\/api.w.org\/{rel}","templated":true}]}}