{"id":49,"date":"2015-03-13T08:47:05","date_gmt":"2015-03-13T08:47:05","guid":{"rendered":"http:\/\/blogsaverroes.juntadeandalucia.es\/pre\/ceip\/?page_id=49"},"modified":"2020-11-06T13:05:34","modified_gmt":"2020-11-06T12:05:34","slug":"proyecto-educativo","status":"publish","type":"page","link":"https:\/\/blogsaverroes.juntadeandalucia.es\/colegiomarismillas\/proyecto-educativo\/","title":{"rendered":"Proyecto Educativo"},"content":{"rendered":"<p>&nbsp;<\/p>\n<p>&nbsp;<\/p>\n<p>&nbsp;<\/p>\n<p>&nbsp;<\/p>\n<p>&nbsp;<\/p>\n<p>&nbsp;<\/p>\n<p><img loading=\"lazy\" decoding=\"async\" class=\"alignnone size-medium wp-image-1662\" src=\"http:\/\/blogsaverroes.juntadeandalucia.es\/colegiomarismillas\/files\/2015\/03\/proyecto-300x266.png\" alt=\"proyecto\" width=\"300\" height=\"266\" srcset=\"https:\/\/blogsaverroes.juntadeandalucia.es\/colegiomarismillas\/files\/2015\/03\/proyecto-300x266.png 300w, https:\/\/blogsaverroes.juntadeandalucia.es\/colegiomarismillas\/files\/2015\/03\/proyecto-332x295.png 332w, https:\/\/blogsaverroes.juntadeandalucia.es\/colegiomarismillas\/files\/2015\/03\/proyecto.png 640w\" sizes=\"(max-width: 300px) 100vw, 300px\" \/><\/p>\n<p><a href=\"https:\/\/blogsaverroes.juntadeandalucia.es\/colegiomarismillas\/files\/2020\/11\/1.PROYECTO-EDUCATIVO-DE-CENTRO.pdf\">PROYECTO EDUCATIVO DE CENTRO<\/a><\/p>\n<p><a href=\"https:\/\/blogsaverroes.juntadeandalucia.es\/colegiomarismillas\/files\/2020\/11\/2.-REGLAMANENTO-DE-ORGANIZACI\u00d3N-Y-FUNCIONAMIENTO.pdf\">REGLAMENTO DE ORGANIZACI\u00d3N Y FUNCIONAMIENTO<\/a><\/p>\n<p><a href=\"https:\/\/blogsaverroes.juntadeandalucia.es\/colegiomarismillas\/files\/2020\/11\/3.-PROYECTO-DE-GESTI\u00d3N-DE-CENTRO.pdf\">PROYECTO DE GESTI\u00d3N DE CENTRO<\/a><\/p>\n<p><a href=\"http:\/\/blogsaverroes.juntadeandalucia.es\/colegiomarismillas\/files\/2017\/01\/PLAN-DE-ORIENTACI\u00d3N-Y-ACCI\u00d3N-TUTORIAL.pdf\" target=\"_blank\" rel=\"noopener noreferrer\">PLAN DE ORIENTACI\u00d3N Y ACCI\u00d3N TUTORIAL<\/a><\/p>\n<p><a href=\"https:\/\/blogsaverroes.juntadeandalucia.es\/colegiomarismillas\/files\/2020\/11\/Anexo-II-Plan-de-Convivencia.pdf\">PLAN DE CONVIVENCIA<\/a><\/p>\n<p><a href=\"https:\/\/blogsaverroes.juntadeandalucia.es\/colegiomarismillas\/files\/2020\/11\/Anexo-III-Plan-de-Formaci\u00f3n-20-21.pdf\">PLAN DE FORMACI\u00d3N<\/a><\/p>\n<p><a href=\"https:\/\/blogsaverroes.juntadeandalucia.es\/colegiomarismillas\/files\/2020\/11\/PLAN-DE-ACTUACI\u00d3N-DIGITAL.pdf\">PLAN DE ACTUACI\u00d3N DIGITAL<\/a><\/p>\n<p><a href=\"https:\/\/blogsaverroes.juntadeandalucia.es\/colegiomarismillas\/files\/2020\/11\/PLAN-MEJORA-20-21.pdf\">PLAN DE MEJORA<\/a><\/p>\n<p>&nbsp;<\/p>\n","protected":false},"excerpt":{"rendered":"<p>&nbsp; &nbsp; &nbsp; &nbsp; &nbsp; &nbsp; PROYECTO EDUCATIVO DE CENTRO REGLAMENTO DE ORGANIZACI\u00d3N Y FUNCIONAMIENTO PROYECTO DE GESTI\u00d3N DE CENTRO PLAN DE ORIENTACI\u00d3N Y ACCI\u00d3N TUTORIAL PLAN DE CONVIVENCIA PLAN DE FORMACI\u00d3N PLAN DE&#46;&#46;&#46;<\/p>\n","protected":false},"author":1,"featured_media":0,"parent":0,"menu_order":0,"comment_status":"closed","ping_status":"open","template":"","meta":{"ngg_post_thumbnail":0,"footnotes":"","_mc_calendar":[]},"aioseo_notices":[],"_links":{"self":[{"href":"https:\/\/blogsaverroes.juntadeandalucia.es\/colegiomarismillas\/wp-json\/wp\/v2\/pages\/49"}],"collection":[{"href":"https:\/\/blogsaverroes.juntadeandalucia.es\/colegiomarismillas\/wp-json\/wp\/v2\/pages"}],"about":[{"href":"https:\/\/blogsaverroes.juntadeandalucia.es\/colegiomarismillas\/wp-json\/wp\/v2\/types\/page"}],"author":[{"embeddable":true,"href":"https:\/\/blogsaverroes.juntadeandalucia.es\/colegiomarismillas\/wp-json\/wp\/v2\/users\/1"}],"replies":[{"embeddable":true,"href":"https:\/\/blogsaverroes.juntadeandalucia.es\/colegiomarismillas\/wp-json\/wp\/v2\/comments?post=49"}],"version-history":[{"count":15,"href":"https:\/\/blogsaverroes.juntadeandalucia.es\/colegiomarismillas\/wp-json\/wp\/v2\/pages\/49\/revisions"}],"predecessor-version":[{"id":2791,"href":"https:\/\/blogsaverroes.juntadeandalucia.es\/colegiomarismillas\/wp-json\/wp\/v2\/pages\/49\/revisions\/2791"}],"wp:attachment":[{"href":"https:\/\/blogsaverroes.juntadeandalucia.es\/colegiomarismillas\/wp-json\/wp\/v2\/media?parent=49"}],"curies":[{"name":"wp","href":"https:\/\/api.w.org\/{rel}","templated":true}]}}