{"id":853,"date":"2020-12-18T08:50:47","date_gmt":"2020-12-18T07:50:47","guid":{"rendered":"https:\/\/blogsaverroes.juntadeandalucia.es\/pre\/plantilla-pencil\/?page_id=853"},"modified":"2022-10-07T13:35:38","modified_gmt":"2022-10-07T12:35:38","slug":"nuestra-historia","status":"publish","type":"page","link":"https:\/\/blogsaverroes.juntadeandalucia.es\/colegioninojesus\/nuestra-historia\/","title":{"rendered":"Nuestra Historia"},"content":{"rendered":"<p>[et_pb_section fb_built=&#8221;1&#8243; _builder_version=&#8221;3.22&#8243; global_colors_info=&#8221;{}&#8221;][et_pb_row _builder_version=&#8221;3.25&#8243; background_size=&#8221;initial&#8221; background_position=&#8221;top_left&#8221; background_repeat=&#8221;repeat&#8221; global_colors_info=&#8221;{}&#8221;][et_pb_column type=&#8221;4_4&#8243; _builder_version=&#8221;3.25&#8243; custom_padding=&#8221;|||&#8221; global_colors_info=&#8221;{}&#8221; custom_padding__hover=&#8221;|||&#8221;][et_pb_image src=&#8221;https:\/\/blogsaverroes.juntadeandalucia.es\/colegioninojesus\/files\/2022\/10\/NUESTRA-HISTORIA-BANNER-2.jpg&#8221; title_text=&#8221;NUESTRA HISTORIA BANNER&#8221; force_fullwidth=&#8221;on&#8221; admin_label=&#8221;Imagen de la portada&#8221; _builder_version=&#8221;4.14.5&#8243; hover_enabled=&#8221;0&#8243; z_index_tablet=&#8221;500&#8243; box_shadow_horizontal_tablet=&#8221;0px&#8221; box_shadow_vertical_tablet=&#8221;0px&#8221; box_shadow_blur_tablet=&#8221;40px&#8221; box_shadow_spread_tablet=&#8221;0px&#8221; global_colors_info=&#8221;{}&#8221; sticky_enabled=&#8221;0&#8243;][\/et_pb_image][et_pb_text admin_label=&#8221;Texto descriptivo&#8221; _builder_version=&#8221;4.14.5&#8243; custom_padding=&#8221;||0px|||&#8221; hover_enabled=&#8221;0&#8243; z_index_tablet=&#8221;500&#8243; text_text_shadow_horizontal_length_tablet=&#8221;0px&#8221; text_text_shadow_vertical_length_tablet=&#8221;0px&#8221; text_text_shadow_blur_strength_tablet=&#8221;1px&#8221; link_text_shadow_horizontal_length_tablet=&#8221;0px&#8221; link_text_shadow_vertical_length_tablet=&#8221;0px&#8221; link_text_shadow_blur_strength_tablet=&#8221;1px&#8221; ul_text_shadow_horizontal_length_tablet=&#8221;0px&#8221; ul_text_shadow_vertical_length_tablet=&#8221;0px&#8221; ul_text_shadow_blur_strength_tablet=&#8221;1px&#8221; ol_text_shadow_horizontal_length_tablet=&#8221;0px&#8221; ol_text_shadow_vertical_length_tablet=&#8221;0px&#8221; ol_text_shadow_blur_strength_tablet=&#8221;1px&#8221; quote_text_shadow_horizontal_length_tablet=&#8221;0px&#8221; quote_text_shadow_vertical_length_tablet=&#8221;0px&#8221; quote_text_shadow_blur_strength_tablet=&#8221;1px&#8221; header_text_shadow_horizontal_length_tablet=&#8221;0px&#8221; header_text_shadow_vertical_length_tablet=&#8221;0px&#8221; header_text_shadow_blur_strength_tablet=&#8221;1px&#8221; header_2_text_shadow_horizontal_length_tablet=&#8221;0px&#8221; header_2_text_shadow_vertical_length_tablet=&#8221;0px&#8221; header_2_text_shadow_blur_strength_tablet=&#8221;1px&#8221; header_3_text_shadow_horizontal_length_tablet=&#8221;0px&#8221; header_3_text_shadow_vertical_length_tablet=&#8221;0px&#8221; header_3_text_shadow_blur_strength_tablet=&#8221;1px&#8221; header_4_text_shadow_horizontal_length_tablet=&#8221;0px&#8221; header_4_text_shadow_vertical_length_tablet=&#8221;0px&#8221; header_4_text_shadow_blur_strength_tablet=&#8221;1px&#8221; header_5_text_shadow_horizontal_length_tablet=&#8221;0px&#8221; header_5_text_shadow_vertical_length_tablet=&#8221;0px&#8221; header_5_text_shadow_blur_strength_tablet=&#8221;1px&#8221; header_6_text_shadow_horizontal_length_tablet=&#8221;0px&#8221; header_6_text_shadow_vertical_length_tablet=&#8221;0px&#8221; header_6_text_shadow_blur_strength_tablet=&#8221;1px&#8221; box_shadow_horizontal_tablet=&#8221;0px&#8221; box_shadow_vertical_tablet=&#8221;0px&#8221; box_shadow_blur_tablet=&#8221;40px&#8221; box_shadow_spread_tablet=&#8221;0px&#8221; global_colors_info=&#8221;{}&#8221; sticky_enabled=&#8221;0&#8243;]<\/p>\n<h2 style=\"text-align: justify\"><\/h2>\n<p style=\"text-align: justify\"><span>Nos situamos en la zona sur de la provincia de C\u00f3rdoba, en la ciudad Cabra, centro geogr\u00e1fico de Andaluc\u00eda y puerta de las sierras subb\u00e9ticas. En este enclave se encuentra nuestro Centro de Educaci\u00f3n Especial \u201cNi\u00f1o Jes\u00fas\u201d.<\/span><br \/><span>La historia de este Centro se remonta a 1904, cuando las Hijas de la Caridad fundan una Escuela de p\u00e1rvulos en unos anexos del Hospital de San Juan de Dios de la localidad, regentado por ellas. Debido a las dificultades surgidas, finalmente las Hermanas tuvieron que cerrar dicha Escuela. Fue entonces, cuando, en 1934, la Sra. Vizcondesa de Termens, Do\u00f1a Carmen Gim\u00e9nez Flores, se hace cargo de la necesidad de estos ni\u00f1os, y compra una huerta donde ser\u00eda edificada la nueva Escuela, en la cual habr\u00edan de acogerse 50 ni\u00f1os y 50 ni\u00f1as, y volver\u00eda a ser regentada por las Hijas de la Caridad.<\/span><br \/><span>La Se\u00f1ora Vizcondesa dot\u00f3 de los recursos necesarios a las Hermanas para que, adem\u00e1s de poderse sustentar, pudieran impartir clases gratuitas a los ni\u00f1os pobres del pueblo. Durante la guerra se suspendieron las clases, y cuando \u00e9sta hubo terminado, volvieron las Hermanas y se reanudan las clases con un total de 200 ni\u00f1os. Posteriormente se continu\u00f3 con la ense\u00f1anza de la E.G.B. a los chicos y chicas de la localidad. Durante este periodo se formaron muchos alumnos y alumnas, y algunos de ellos llegaron a alcanzar destacado \u00e9xito acad\u00e9mico.<\/span><br \/><span>Por los a\u00f1os setenta, un m\u00e9dico sensible a la realidad de los pacientes que visitaba, advirti\u00f3 un numeroso grupo de ni\u00f1os no escolarizados debido a sus deficiencias f\u00edsicas, ps\u00edquicas o sensoriales, y quiso crear una escuela que acogiera y atendiera a estos ni\u00f1os discapacitados. Hizo part\u00edcipe de la situaci\u00f3n a la Visitadora de las Hijas de la Caridad, Sor Mar\u00eda Antonia del Amo, que, junto con Sor Mar\u00eda Luisa Rueda, hija del pueblo, tras hacer un estudio de la realidad, deciden optar por la ense\u00f1anza y la educaci\u00f3n de \u00e9ste nuevo tipo de alumnado m\u00e1s necesitado. Para ello remodelan totalmente el Centro con el fin de adecuarlo lo m\u00e1ximo posible a las nuevas necesidades de estos alumnos. Y fue en Octubre de 1972 cuando abre sus puertas el nuevo Centro denominado Centro de Educaci\u00f3n Especial ,Fundaci\u00f3n Termens, tal y como lo conocemos actualmente. Nuestro alumnado, comprendido entre los 3 y los 21 a\u00f1os, proviene de una amplia zona geogr\u00e1fica que abarca, no s\u00f3lo a la ciudad de Cabra y a los pueblos de la comarca de la Subb\u00e9tica cordobesa, sino tambi\u00e9n a ciudades y pueblos de provincias lim\u00edtrofes como Sevilla y Ja\u00e9n.<\/span><br \/><span>Los alumnos y alumnas, cuyo n\u00famero oscila entre 50 o 60, presentan distintas patolog\u00edas, asociadas a alteraciones tales como s\u00edndromes de espectro autista, cromosomopat\u00edas, deficiencias mentales, auditivas, par\u00e1lisis cerebral, plurideficiencias, etc., que requieren, debido a sus necesidades especiales, una ense\u00f1anza espec\u00edfica para su desarrollo. La ense\u00f1anza se le proporciona en las dos Etapas Educativas que impartimos:<\/span><br \/><span>\u2022 Formaci\u00f3n B\u00e1sica Obligatoria.<\/span><br \/><span>\u2022 Programas de Transici\u00f3n a la Vida Adulta y Laboral.<\/span><br \/><span>Para el curso actual ha entrado en funcionamiento un Aula de Atenci\u00f3n Infantil Temprana, que viene a completar todo el procedimiento a seguir en la atenci\u00f3n y educaci\u00f3n del alumnado con necesidades educativas especiales.<\/span><br \/><span>El Centro est\u00e1 constituido por un edificio moderno y funcional, formado por dos plantas con siete aulas, patio de recreo, zonas verdes y ajardinadas, pista de deportes, tres talleres para la etapa de Transici\u00f3n a la Vida Adulta (donde se imparte madera, fontaner\u00eda, electricidad, inform\u00e1tica, tareas de habilidades sociales, autonom\u00eda personal y tareas del hogar) gimnasio, aula multisensorial, biblioteca, sal\u00f3n de actos, cocina industrial y dos comedores, donde se sirven los men\u00fas diarios siguiendo criterios diet\u00e9ticos con el visto bueno de Sanidad, aula de logopedia, aula de orientaci\u00f3n psicopedag\u00f3gica, aula de m\u00fasica, sala de reuniones del profesorado y Capilla de gran valor art\u00edstico. El Centro adem\u00e1s se encuentra adaptado, sin barreras arquitect\u00f3nicas, dotado de rampas y ascensores para la planta alta y aseos espec\u00edficos para minusv\u00e1lidos. En el interior de dicha Capilla se encuentra el mausoleo con los restos de la Se\u00f1ora Vizcondesa, Do\u00f1a Carmen Gim\u00e9nez y de sus padres, como fue el deseo de ella. Fue construido por el importante escultor Mariano Benlluire. Tambi\u00e9n se halla en ella la valiosa imagen del Sant\u00edsimo Cristo de la Expiraci\u00f3n, obra del escultor valenciano Pio Mollar.<\/span><br \/><span>Gracias al esfuerzo y buen hacer de tantas Hermanas, profesores y personal cualificado que han pasado por este Centro, dando lo mejor de cada uno, al servicio de estos ni\u00f1os y siempre con esp\u00edritu vicenciano, el Colegio fue pionero en la Educaci\u00f3n Especial de toda la provincia de C\u00f3rdoba e incluso de toda Andaluc\u00eda, y hoy contin\u00faa la labor que ha estado realizando durante los \u00faltimos 43 a\u00f1os, siendo el \u00fanico Centro de estas caracter\u00edsticas que existe en toda la Provincia de Espa\u00f1a Sur.<\/span><\/p>\n<p>[\/et_pb_text][\/et_pb_column][\/et_pb_row][et_pb_row column_structure=&#8221;1_3,1_3,1_3&#8243; _builder_version=&#8221;3.25&#8243; background_size=&#8221;initial&#8221; background_position=&#8221;top_left&#8221; background_repeat=&#8221;repeat&#8221; global_colors_info=&#8221;{}&#8221;][et_pb_column type=&#8221;1_3&#8243; _builder_version=&#8221;3.25&#8243; custom_padding=&#8221;|||&#8221; global_colors_info=&#8221;{}&#8221; custom_padding__hover=&#8221;|||&#8221;][et_pb_blurb title=&#8221;Innovaci\u00f3n&#8221; use_icon=&#8221;on&#8221; font_icon=&#8221;&#xe01c;||divi||400&#8243; image_icon_background_color=&#8221;#5d58ef&#8221; image_icon_width=&#8221;48px&#8221; admin_label=&#8221;Informaci\u00f3n innovaci\u00f3n (icono, titulo y texto)&#8221; _builder_version=&#8221;4.13.0&#8243; image_icon_custom_padding=&#8221;25px|25px|25px|25px|false|false&#8221; text_orientation=&#8221;center&#8221; z_index_tablet=&#8221;500&#8243; header_text_shadow_horizontal_length_tablet=&#8221;0px&#8221; header_text_shadow_vertical_length_tablet=&#8221;0px&#8221; header_text_shadow_blur_strength_tablet=&#8221;1px&#8221; body_text_shadow_horizontal_length_tablet=&#8221;0px&#8221; body_text_shadow_vertical_length_tablet=&#8221;0px&#8221; body_text_shadow_blur_strength_tablet=&#8221;1px&#8221; body_link_text_shadow_horizontal_length_tablet=&#8221;0px&#8221; body_link_text_shadow_vertical_length_tablet=&#8221;0px&#8221; body_link_text_shadow_blur_strength_tablet=&#8221;1px&#8221; body_ul_text_shadow_horizontal_length_tablet=&#8221;0px&#8221; body_ul_text_shadow_vertical_length_tablet=&#8221;0px&#8221; body_ul_text_shadow_blur_strength_tablet=&#8221;1px&#8221; body_ol_text_shadow_horizontal_length_tablet=&#8221;0px&#8221; body_ol_text_shadow_vertical_length_tablet=&#8221;0px&#8221; body_ol_text_shadow_blur_strength_tablet=&#8221;1px&#8221; body_quote_text_shadow_horizontal_length_tablet=&#8221;0px&#8221; body_quote_text_shadow_vertical_length_tablet=&#8221;0px&#8221; body_quote_text_shadow_blur_strength_tablet=&#8221;1px&#8221; border_radii_image=&#8221;on|100%|100%|100%|100%&#8221; box_shadow_horizontal_tablet=&#8221;0px&#8221; box_shadow_vertical_tablet=&#8221;0px&#8221; box_shadow_blur_tablet=&#8221;40px&#8221; box_shadow_spread_tablet=&#8221;0px&#8221; box_shadow_horizontal_image_tablet=&#8221;0px&#8221; box_shadow_vertical_image_tablet=&#8221;0px&#8221; box_shadow_blur_image_tablet=&#8221;40px&#8221; box_shadow_spread_image_tablet=&#8221;0px&#8221; text_shadow_horizontal_length_tablet=&#8221;0px&#8221; text_shadow_vertical_length_tablet=&#8221;0px&#8221; text_shadow_blur_strength_tablet=&#8221;1px&#8221; use_circle=&#8221;on&#8221; circle_color=&#8221;#5d58ef&#8221; global_colors_info=&#8221;{}&#8221; image_icon_background_color__sticky_enabled=&#8221;#241f59&#8243; image_icon_background_color__sticky=&#8221;#241f59&#8243;]<\/p>\n<p>Nuevas tecnolog\u00edas en el centro<\/p>\n<p>[\/et_pb_blurb][\/et_pb_column][et_pb_column type=&#8221;1_3&#8243; _builder_version=&#8221;3.25&#8243; custom_padding=&#8221;|||&#8221; global_colors_info=&#8221;{}&#8221; custom_padding__hover=&#8221;|||&#8221;][et_pb_blurb title=&#8221;centro biling\u00fce&#8221; use_icon=&#8221;on&#8221; font_icon=&#8221;&#xe0de;||divi||400&#8243; image_icon_background_color=&#8221;#ff236c&#8221; image_icon_width=&#8221;48px&#8221; admin_label=&#8221;Informaci\u00f3n centro biling\u00fce (icono, titulo y texto)&#8221; _builder_version=&#8221;4.13.0&#8243; image_icon_custom_padding=&#8221;25px|25px|25px|25px|false|false&#8221; text_orientation=&#8221;center&#8221; z_index_tablet=&#8221;500&#8243; header_text_shadow_horizontal_length_tablet=&#8221;0px&#8221; header_text_shadow_vertical_length_tablet=&#8221;0px&#8221; header_text_shadow_blur_strength_tablet=&#8221;1px&#8221; body_text_shadow_horizontal_length_tablet=&#8221;0px&#8221; body_text_shadow_vertical_length_tablet=&#8221;0px&#8221; body_text_shadow_blur_strength_tablet=&#8221;1px&#8221; body_link_text_shadow_horizontal_length_tablet=&#8221;0px&#8221; body_link_text_shadow_vertical_length_tablet=&#8221;0px&#8221; body_link_text_shadow_blur_strength_tablet=&#8221;1px&#8221; body_ul_text_shadow_horizontal_length_tablet=&#8221;0px&#8221; body_ul_text_shadow_vertical_length_tablet=&#8221;0px&#8221; body_ul_text_shadow_blur_strength_tablet=&#8221;1px&#8221; body_ol_text_shadow_horizontal_length_tablet=&#8221;0px&#8221; body_ol_text_shadow_vertical_length_tablet=&#8221;0px&#8221; body_ol_text_shadow_blur_strength_tablet=&#8221;1px&#8221; body_quote_text_shadow_horizontal_length_tablet=&#8221;0px&#8221; body_quote_text_shadow_vertical_length_tablet=&#8221;0px&#8221; body_quote_text_shadow_blur_strength_tablet=&#8221;1px&#8221; border_radii_image=&#8221;on|100%|100%|100%|100%&#8221; box_shadow_horizontal_tablet=&#8221;0px&#8221; box_shadow_vertical_tablet=&#8221;0px&#8221; box_shadow_blur_tablet=&#8221;40px&#8221; box_shadow_spread_tablet=&#8221;0px&#8221; box_shadow_horizontal_image_tablet=&#8221;0px&#8221; box_shadow_vertical_image_tablet=&#8221;0px&#8221; box_shadow_blur_image_tablet=&#8221;40px&#8221; box_shadow_spread_image_tablet=&#8221;0px&#8221; text_shadow_horizontal_length_tablet=&#8221;0px&#8221; text_shadow_vertical_length_tablet=&#8221;0px&#8221; text_shadow_blur_strength_tablet=&#8221;1px&#8221; use_circle=&#8221;on&#8221; circle_color=&#8221;#ff236c&#8221; global_colors_info=&#8221;{}&#8221; image_icon_background_color__sticky_enabled=&#8221;#241f59&#8243; image_icon_background_color__sticky=&#8221;#241f59&#8243;]<\/p>\n<p>Impartimos las materias en Ingl\u00e9s y Castellano<\/p>\n<p>[\/et_pb_blurb][\/et_pb_column][et_pb_column type=&#8221;1_3&#8243; _builder_version=&#8221;3.25&#8243; custom_padding=&#8221;|||&#8221; global_colors_info=&#8221;{}&#8221; custom_padding__hover=&#8221;|||&#8221;][et_pb_blurb title=&#8221;Contacta&#8221; use_icon=&#8221;on&#8221; font_icon=&#8221;&#xe010;||divi||400&#8243; image_icon_background_color=&#8221;#ffc259&#8243; image_icon_width=&#8221;48px&#8221; admin_label=&#8221;Informaci\u00f3n de contacto (icono, titulo y texto)&#8221; _builder_version=&#8221;4.13.0&#8243; image_icon_custom_padding=&#8221;25px|25px|25px|25px|false|false&#8221; text_orientation=&#8221;center&#8221; z_index_tablet=&#8221;500&#8243; header_text_shadow_horizontal_length_tablet=&#8221;0px&#8221; header_text_shadow_vertical_length_tablet=&#8221;0px&#8221; header_text_shadow_blur_strength_tablet=&#8221;1px&#8221; body_text_shadow_horizontal_length_tablet=&#8221;0px&#8221; body_text_shadow_vertical_length_tablet=&#8221;0px&#8221; body_text_shadow_blur_strength_tablet=&#8221;1px&#8221; body_link_text_shadow_horizontal_length_tablet=&#8221;0px&#8221; body_link_text_shadow_vertical_length_tablet=&#8221;0px&#8221; body_link_text_shadow_blur_strength_tablet=&#8221;1px&#8221; body_ul_text_shadow_horizontal_length_tablet=&#8221;0px&#8221; body_ul_text_shadow_vertical_length_tablet=&#8221;0px&#8221; body_ul_text_shadow_blur_strength_tablet=&#8221;1px&#8221; body_ol_text_shadow_horizontal_length_tablet=&#8221;0px&#8221; body_ol_text_shadow_vertical_length_tablet=&#8221;0px&#8221; body_ol_text_shadow_blur_strength_tablet=&#8221;1px&#8221; body_quote_text_shadow_horizontal_length_tablet=&#8221;0px&#8221; body_quote_text_shadow_vertical_length_tablet=&#8221;0px&#8221; body_quote_text_shadow_blur_strength_tablet=&#8221;1px&#8221; border_radii_image=&#8221;on|100%|100%|100%|100%&#8221; box_shadow_horizontal_tablet=&#8221;0px&#8221; box_shadow_vertical_tablet=&#8221;0px&#8221; box_shadow_blur_tablet=&#8221;40px&#8221; box_shadow_spread_tablet=&#8221;0px&#8221; box_shadow_horizontal_image_tablet=&#8221;0px&#8221; box_shadow_vertical_image_tablet=&#8221;0px&#8221; box_shadow_blur_image_tablet=&#8221;40px&#8221; box_shadow_spread_image_tablet=&#8221;0px&#8221; text_shadow_horizontal_length_tablet=&#8221;0px&#8221; text_shadow_vertical_length_tablet=&#8221;0px&#8221; text_shadow_blur_strength_tablet=&#8221;1px&#8221; use_circle=&#8221;on&#8221; circle_color=&#8221;#ffc259&#8243; global_colors_info=&#8221;{}&#8221; image_icon_background_color__sticky_enabled=&#8221;#241f59&#8243; image_icon_background_color__sticky=&#8221;#241f59&#8243;]<\/p>\n<p>Tenemos abierto nuestro buz\u00f3n de sugerencias<\/p>\n<p>[\/et_pb_blurb][\/et_pb_column][\/et_pb_row][\/et_pb_section]<\/p>\n","protected":false},"excerpt":{"rendered":"<p>Nos situamos en la zona sur de la provincia de C\u00f3rdoba, en la ciudad Cabra, centro geogr\u00e1fico de Andaluc\u00eda y puerta de las sierras subb\u00e9ticas. En este enclave se encuentra nuestro Centro de Educaci\u00f3n Especial \u201cNi\u00f1o Jes\u00fas\u201d.La historia de este Centro se remonta a 1904, cuando las Hijas de la Caridad fundan una Escuela de [&hellip;]<\/p>\n","protected":false},"author":15633,"featured_media":0,"parent":0,"menu_order":0,"comment_status":"closed","ping_status":"closed","template":"","meta":{"_et_pb_use_builder":"on","_et_pb_old_content":"","_et_gb_content_width":"","ngg_post_thumbnail":0,"footnotes":""},"aioseo_notices":[],"_links":{"self":[{"href":"https:\/\/blogsaverroes.juntadeandalucia.es\/colegioninojesus\/wp-json\/wp\/v2\/pages\/853"}],"collection":[{"href":"https:\/\/blogsaverroes.juntadeandalucia.es\/colegioninojesus\/wp-json\/wp\/v2\/pages"}],"about":[{"href":"https:\/\/blogsaverroes.juntadeandalucia.es\/colegioninojesus\/wp-json\/wp\/v2\/types\/page"}],"author":[{"embeddable":true,"href":"https:\/\/blogsaverroes.juntadeandalucia.es\/colegioninojesus\/wp-json\/wp\/v2\/users\/15633"}],"replies":[{"embeddable":true,"href":"https:\/\/blogsaverroes.juntadeandalucia.es\/colegioninojesus\/wp-json\/wp\/v2\/comments?post=853"}],"version-history":[{"count":7,"href":"https:\/\/blogsaverroes.juntadeandalucia.es\/colegioninojesus\/wp-json\/wp\/v2\/pages\/853\/revisions"}],"predecessor-version":[{"id":1075,"href":"https:\/\/blogsaverroes.juntadeandalucia.es\/colegioninojesus\/wp-json\/wp\/v2\/pages\/853\/revisions\/1075"}],"wp:attachment":[{"href":"https:\/\/blogsaverroes.juntadeandalucia.es\/colegioninojesus\/wp-json\/wp\/v2\/media?parent=853"}],"curies":[{"name":"wp","href":"https:\/\/api.w.org\/{rel}","templated":true}]}}