{"id":1131,"date":"2025-03-11T13:15:05","date_gmt":"2025-03-11T12:15:05","guid":{"rendered":"https:\/\/blogsaverroes.juntadeandalucia.es\/colegiopadremanjon\/?page_id=1131"},"modified":"2025-03-11T13:31:25","modified_gmt":"2025-03-11T12:31:25","slug":"plan-de-centro","status":"publish","type":"page","link":"https:\/\/blogsaverroes.juntadeandalucia.es\/colegiopadremanjon\/plan-de-centro\/","title":{"rendered":"Plan de Centro"},"content":{"rendered":"<p>El proyecto educativo, el reglamento de organizaci\u00f3n y funcionamiento y el proyecto de gesti\u00f3n constituyen el Plan de Centro.<\/p>\n<p>El Plan de Centro ser\u00e1 elaborado por el equipo directivo y aprobado por el Consejo Escolar, sin perjuicio de las competencias atribuidas al Claustro de Profesorado. En su elaboraci\u00f3n el equipo directivo requerir\u00e1 la colaboraci\u00f3n e implicaci\u00f3n del equipo t\u00e9cnico de coordinaci\u00f3n pedag\u00f3gica y de otros \u00f3rganos de coordinaci\u00f3n docente.<\/p>\n<p style=\"text-align: left\">El Claustro de Profesorado formular\u00e1 propuestas al equipo directivo para la elaboraci\u00f3n del Plan de Centro, fijar\u00e1 criterios referentes a la orientaci\u00f3n y tutor\u00eda del alumnado, informar\u00e1 el reglamento de organizaci\u00f3n y funcionamiento y aprobar\u00e1 y evaluar\u00e1 los aspectos educativos del Plan de Centro a que se refieren las letras b), c), d), e), f), g), k), n) y \u00f1) del art\u00edculo 21.3, del Decreto 328\/2010, de 13 de julio, por el que se aprueba el Reglamento Org\u00e1nico de las escuelas infantiles de segundo grado, de los colegios de educaci\u00f3n primaria, de los colegios de educaci\u00f3n infantil y primaria, y de los centros p\u00fablicos espec\u00edficos de educaci\u00f3n especial.<\/p>\n<p>El Plan de Centro tendr\u00e1 un car\u00e1cter plurianual, obligar\u00e1 a todo el personal del centro y vincular\u00e1 a la comunidad educativa del mismo. Se podr\u00e1 actualizar o modificar, en su caso, tras los procesos de autoevaluaci\u00f3n a que se refiere el art\u00edculo 26 (Decreto 328) o a propuesta del director o directora en funci\u00f3n de su proyecto de direcci\u00f3n.<\/p>\n<p><a href=\"https:\/\/drive.google.com\/file\/d\/1BPrVbyPaBoTv_Wi_iGa66fx2tjOTFX_s\/view?usp=sharing\"><span style=\"color: #339966;font-size: 12pt\"><strong>Acceso al documento<\/strong><\/span><\/a><\/p>\n<p>&nbsp;<\/p>\n","protected":false},"excerpt":{"rendered":"<p>El proyecto educativo, el reglamento de organizaci\u00f3n y funcionamiento y el proyecto de gesti\u00f3n constituyen el Plan de Centro. El Plan de Centro ser\u00e1 elaborado por el equipo directivo y aprobado por el Consejo Escolar, sin perjuicio de las competencias atribuidas al Claustro de Profesorado. En su elaboraci\u00f3n el equipo directivo requerir\u00e1 la colaboraci\u00f3n e [&hellip;]<\/p>\n","protected":false},"author":18504,"featured_media":0,"parent":0,"menu_order":0,"comment_status":"closed","ping_status":"closed","template":"","meta":{"_et_pb_use_builder":"","_et_pb_old_content":"","_et_gb_content_width":"","ngg_post_thumbnail":0,"footnotes":""},"aioseo_notices":[],"_links":{"self":[{"href":"https:\/\/blogsaverroes.juntadeandalucia.es\/colegiopadremanjon\/wp-json\/wp\/v2\/pages\/1131"}],"collection":[{"href":"https:\/\/blogsaverroes.juntadeandalucia.es\/colegiopadremanjon\/wp-json\/wp\/v2\/pages"}],"about":[{"href":"https:\/\/blogsaverroes.juntadeandalucia.es\/colegiopadremanjon\/wp-json\/wp\/v2\/types\/page"}],"author":[{"embeddable":true,"href":"https:\/\/blogsaverroes.juntadeandalucia.es\/colegiopadremanjon\/wp-json\/wp\/v2\/users\/18504"}],"replies":[{"embeddable":true,"href":"https:\/\/blogsaverroes.juntadeandalucia.es\/colegiopadremanjon\/wp-json\/wp\/v2\/comments?post=1131"}],"version-history":[{"count":4,"href":"https:\/\/blogsaverroes.juntadeandalucia.es\/colegiopadremanjon\/wp-json\/wp\/v2\/pages\/1131\/revisions"}],"predecessor-version":[{"id":1136,"href":"https:\/\/blogsaverroes.juntadeandalucia.es\/colegiopadremanjon\/wp-json\/wp\/v2\/pages\/1131\/revisions\/1136"}],"wp:attachment":[{"href":"https:\/\/blogsaverroes.juntadeandalucia.es\/colegiopadremanjon\/wp-json\/wp\/v2\/media?parent=1131"}],"curies":[{"name":"wp","href":"https:\/\/api.w.org\/{rel}","templated":true}]}}