{"id":990,"date":"2024-05-05T09:43:15","date_gmt":"2024-05-05T08:43:15","guid":{"rendered":"https:\/\/blogsaverroes.juntadeandalucia.es\/colegiopadremanjon\/?page_id=990"},"modified":"2024-05-05T09:43:15","modified_gmt":"2024-05-05T08:43:15","slug":"extranjeria","status":"publish","type":"page","link":"https:\/\/blogsaverroes.juntadeandalucia.es\/colegiopadremanjon\/extranjeria\/","title":{"rendered":"EXTRANJER\u00cdA"},"content":{"rendered":"<p>En estos documentos puedes encontrar la informaci\u00f3n necesaria para acceder a las citas on-line en extranjer\u00eda tanto en nuestra comunidad aut\u00f3noma como en el resto de Espa\u00f1a.&nbsp;<\/p>\n<p><a href=\"https:\/\/blogsaverroes.juntadeandalucia.es\/colegiopadremanjon\/files\/2024\/05\/CITA_ONLINE_EXTRANJERIA_COMUNITARIO.pdf\">CITA_ONLINE_EXTRANJERIA_COMUNITARIO<\/a><\/p>\n<p><a href=\"https:\/\/blogsaverroes.juntadeandalucia.es\/colegiopadremanjon\/files\/2024\/05\/CITA_ONLINE_EXTRANJERIA_EXTRACOMUNITARIO.pdf\">CITA_ONLINE_EXTRANJERIA_EXTRACOMUNITARIO<\/a><\/p>\n<p>&nbsp;<\/p>\n","protected":false},"excerpt":{"rendered":"<p>En estos documentos puedes encontrar la informaci\u00f3n necesaria para acceder a las citas on-line en extranjer\u00eda tanto en nuestra comunidad aut\u00f3noma como en el resto de Espa\u00f1a.&nbsp; CITA_ONLINE_EXTRANJERIA_COMUNITARIO CITA_ONLINE_EXTRANJERIA_EXTRACOMUNITARIO &nbsp;<\/p>\n","protected":false},"author":18793,"featured_media":0,"parent":0,"menu_order":0,"comment_status":"closed","ping_status":"closed","template":"","meta":{"_et_pb_use_builder":"","_et_pb_old_content":"","_et_gb_content_width":"","ngg_post_thumbnail":0,"footnotes":""},"aioseo_notices":[],"_links":{"self":[{"href":"https:\/\/blogsaverroes.juntadeandalucia.es\/colegiopadremanjon\/wp-json\/wp\/v2\/pages\/990"}],"collection":[{"href":"https:\/\/blogsaverroes.juntadeandalucia.es\/colegiopadremanjon\/wp-json\/wp\/v2\/pages"}],"about":[{"href":"https:\/\/blogsaverroes.juntadeandalucia.es\/colegiopadremanjon\/wp-json\/wp\/v2\/types\/page"}],"author":[{"embeddable":true,"href":"https:\/\/blogsaverroes.juntadeandalucia.es\/colegiopadremanjon\/wp-json\/wp\/v2\/users\/18793"}],"replies":[{"embeddable":true,"href":"https:\/\/blogsaverroes.juntadeandalucia.es\/colegiopadremanjon\/wp-json\/wp\/v2\/comments?post=990"}],"version-history":[{"count":1,"href":"https:\/\/blogsaverroes.juntadeandalucia.es\/colegiopadremanjon\/wp-json\/wp\/v2\/pages\/990\/revisions"}],"predecessor-version":[{"id":993,"href":"https:\/\/blogsaverroes.juntadeandalucia.es\/colegiopadremanjon\/wp-json\/wp\/v2\/pages\/990\/revisions\/993"}],"wp:attachment":[{"href":"https:\/\/blogsaverroes.juntadeandalucia.es\/colegiopadremanjon\/wp-json\/wp\/v2\/media?parent=990"}],"curies":[{"name":"wp","href":"https:\/\/api.w.org\/{rel}","templated":true}]}}