{"id":720,"date":"2019-11-12T22:44:16","date_gmt":"2019-11-12T22:44:16","guid":{"rendered":"http:\/\/blogsaverroes.juntadeandalucia.es\/colegiopalomares\/?page_id=720"},"modified":"2026-03-16T18:21:13","modified_gmt":"2026-03-16T18:21:13","slug":"plan-de-centro","status":"publish","type":"page","link":"https:\/\/blogsaverroes.juntadeandalucia.es\/colegiopalomares\/colegio\/plan-de-centro\/","title":{"rendered":"Plan de Centro"},"content":{"rendered":"<h5 class=\"TyBUR\">Introducci\u00f3n<\/h5>\n<p id=\"h.p_ID_34\" class=\"zfr3Q\">Ajust\u00e1ndose a lo estipulado en la normativa correspondiente al Reglamento de Organizaci\u00f3n de Centros de Educaci\u00f3n Infantil y Primaria, se ofrece a la comunidad educativa en general la documentaci\u00f3n acad\u00e9mica de nuestra escuela, la cual usted podr\u00e1 consultar desde este sitio web.<\/p>\n<p id=\"h.p_ID_36\" class=\"zfr3Q\">Esperamos que sea de su inter\u00e9s.<\/p>\n<h3>Plan de Centro<\/h3>\n<ul>\n<li>\n<h4><a href=\"https:\/\/drive.google.com\/file\/d\/1uVh5Dz8Z0aDgreEl0tf2ny_xgN-M1MZU\/view?usp=drive_link\">1. Proyecto Educativo de Centro<\/a><\/h4>\n<ul>\n<li>\n<h6><a href=\"https:\/\/drive.google.com\/file\/d\/12_unmrMXUueVpugb4dOXUMCF5aL4QiVq\/view?usp=drive_link\" target=\"_blank\" rel=\"noopener noreferrer\">Anexo 2: Plan de Atenci\u00f3n a la Diversidad<\/a><\/h6>\n<p><a href=\"https:\/\/blogsaverroes.juntadeandalucia.es\/colegiopalomares\/files\/2021\/11\/Tutorial-Programa-de-Refuerzo-para-ACNEAE.pdf\" target=\"_blank\" rel=\"noopener noreferrer\">Tutorial para cumplimentar programa de refuerzo en S\u00e9neca (ACNEAE)<\/a><\/li>\n<li>\n<h6><a href=\"https:\/\/drive.google.com\/file\/d\/1qX3K318JnE8f45rNJHHZTGiFbzDuFmKA\/view?usp=drive_link\" target=\"_blank\" rel=\"noopener noreferrer\">Anexo 3: Plan de Orientaci\u00f3n y Acci\u00f3n Tutorial<\/a><\/h6>\n<\/li>\n<li>\n<h6><a href=\"https:\/\/drive.google.com\/file\/d\/1ge1IYP6mDksI1-FFbZI9ZxjqXmYS42rQ\/view?usp=drive_link\" target=\"_blank\" rel=\"noopener noreferrer\">Anexo 4: Plan de Convivencia<\/a><\/h6>\n<ul>\n<li><a href=\"https:\/\/drive.google.com\/file\/d\/1r-UK_YX2_9EFkkjtOJVSDgnlxMgYYcDk\/view?usp=sharing\" target=\"_blank\" rel=\"noopener noreferrer\">Compromiso de Convivencia<\/a><\/li>\n<\/ul>\n<\/li>\n<li>\n<h6><a href=\"https:\/\/drive.google.com\/file\/d\/174EY0yTsBlrC6kXmazSzI8ICJZXnxjUj\/view?usp=drive_link\" target=\"_blank\" rel=\"noopener noreferrer\">Anexo 5: Plan de Formaci\u00f3n del Profesorado<\/a><\/h6>\n<\/li>\n<li>\n<h6><a href=\"https:\/\/drive.google.com\/file\/d\/1rNoi_p0qbMW3xuSmUBPjcNBczythizyy\/view?usp=drive_link\" target=\"_blank\" rel=\"noopener noreferrer\">Anexo 6: Plan de Acogida<\/a><\/h6>\n<\/li>\n<li>\n<h6><a href=\"https:\/\/drive.google.com\/file\/d\/1ydKhxeBiPuK9aaegYzmIYuT1cO0GACpn\/view?usp=drive_link\" target=\"_blank\" rel=\"noopener noreferrer\">Anexo 7: Plan de Biblioteca<\/a><\/h6>\n<\/li>\n<li>\n<h6><a href=\"https:\/\/drive.google.com\/file\/d\/1lgCKhk3KMKjj_Nr4Okjy3xPUIF0X73wV\/view?usp=drive_link\" target=\"_blank\" rel=\"noopener noreferrer\">Anexo 8: Plan de Igualdad<\/a><\/h6>\n<\/li>\n<li>\n<h6><a href=\"https:\/\/drive.google.com\/file\/d\/1EtB1IGWKaEO7tcJKI2E4vy36fnY3wHUw\/view?usp=drive_link\" target=\"_blank\" rel=\"noopener noreferrer\">Anexo 9: Plan de Mejora<\/a><\/h6>\n<\/li>\n<li>\n<h6><a href=\"https:\/\/drive.google.com\/file\/d\/1l5OC_-bMQ_VQnIizRmPuUD-BWwXtP7Dw\/view?usp=drive_link\" target=\"_blank\" rel=\"noopener noreferrer\">Anexo 10: Plan General Anual<\/a><\/h6>\n<\/li>\n<li>\n<h6><a href=\"https:\/\/drive.google.com\/file\/d\/19L3r9OaQ4lynKdKgCeWbvlBZpyJIKm9b\/view?usp=drive_link\" target=\"_blank\" rel=\"noopener noreferrer\">Anexo 11: Plan&nbsp; Ecoescuela (Creciendo en Salud y Programa Aldea)<\/a><\/h6>\n<\/li>\n<li><a href=\"https:\/\/drive.google.com\/file\/d\/1DUuIc7-VI76W6sfEVh7jN1j8Q94a-Fl7\/view?usp=drive_link\"><strong>Anexo 12: Plan de Actuaci\u00f3n Digital. &nbsp;<\/strong><\/a><\/li>\n<li><a href=\"https:\/\/drive.google.com\/file\/d\/161zvi5qnYHOrAJ5RHdaxIK2TMLCAUlth\/view?usp=drive_link\"><strong>Proyecto REA-DUA. C\u00f3digo Escuela 4.0<\/strong><\/a><\/li>\n<li><a href=\"https:\/\/drive.google.com\/file\/d\/1dyBAyN-Q0Zgz7h8ntfIxCbrO0aXqMPP8\/view?usp=drive_link\"><strong>Plan de Autoprotecci\u00f3n.<\/strong><\/a><\/li>\n<\/ul>\n<\/li>\n<li>\n<h4><a href=\"https:\/\/drive.google.com\/file\/d\/1p6F9l_cGWakzVmjXmopA4dAbmP1ztxlL\/view?usp=drive_link\">2. Reglamento Org\u00e1nico de Funcionamiento<\/a><\/h4>\n<\/li>\n<li>\n<h4><a href=\"https:\/\/drive.google.com\/file\/d\/1E6BMMPC1AAalbcQbBJW8neY9KdAPXpSV\/view?usp=drive_link\">3. Plan de Gesti\u00f3n<\/a><\/h4>\n<\/li>\n<\/ul>\n","protected":false},"excerpt":{"rendered":"<p>Introducci\u00f3n Ajust\u00e1ndose a lo estipulado en la normativa correspondiente al Reglamento de Organizaci\u00f3n de Centros de Educaci\u00f3n Infantil y Primaria, se ofrece a la comunidad educativa en general la documentaci\u00f3n acad\u00e9mica de nuestra escuela, la cual usted podr\u00e1 consultar desde este sitio web. Esperamos que sea de su inter\u00e9s. Plan de Centro 1. Proyecto Educativo [&hellip;]<\/p>\n","protected":false},"author":2774,"featured_media":0,"parent":27,"menu_order":5,"comment_status":"closed","ping_status":"closed","template":"","meta":{"ngg_post_thumbnail":0,"footnotes":""},"aioseo_notices":[],"_links":{"self":[{"href":"https:\/\/blogsaverroes.juntadeandalucia.es\/colegiopalomares\/wp-json\/wp\/v2\/pages\/720"}],"collection":[{"href":"https:\/\/blogsaverroes.juntadeandalucia.es\/colegiopalomares\/wp-json\/wp\/v2\/pages"}],"about":[{"href":"https:\/\/blogsaverroes.juntadeandalucia.es\/colegiopalomares\/wp-json\/wp\/v2\/types\/page"}],"author":[{"embeddable":true,"href":"https:\/\/blogsaverroes.juntadeandalucia.es\/colegiopalomares\/wp-json\/wp\/v2\/users\/2774"}],"replies":[{"embeddable":true,"href":"https:\/\/blogsaverroes.juntadeandalucia.es\/colegiopalomares\/wp-json\/wp\/v2\/comments?post=720"}],"version-history":[{"count":36,"href":"https:\/\/blogsaverroes.juntadeandalucia.es\/colegiopalomares\/wp-json\/wp\/v2\/pages\/720\/revisions"}],"predecessor-version":[{"id":3522,"href":"https:\/\/blogsaverroes.juntadeandalucia.es\/colegiopalomares\/wp-json\/wp\/v2\/pages\/720\/revisions\/3522"}],"up":[{"embeddable":true,"href":"https:\/\/blogsaverroes.juntadeandalucia.es\/colegiopalomares\/wp-json\/wp\/v2\/pages\/27"}],"wp:attachment":[{"href":"https:\/\/blogsaverroes.juntadeandalucia.es\/colegiopalomares\/wp-json\/wp\/v2\/media?parent=720"}],"curies":[{"name":"wp","href":"https:\/\/api.w.org\/{rel}","templated":true}]}}