{"id":823,"date":"2020-12-16T09:58:58","date_gmt":"2020-12-16T08:58:58","guid":{"rendered":"https:\/\/blogsaverroes.juntadeandalucia.es\/pre\/plantilla-pencil\/?page_id=733"},"modified":"2024-01-29T16:34:33","modified_gmt":"2024-01-29T15:34:33","slug":"contactar-con-el-centro","status":"publish","type":"page","link":"https:\/\/blogsaverroes.juntadeandalucia.es\/colegiopicasso\/contactar-con-el-centro\/","title":{"rendered":"Equipo Directivo"},"content":{"rendered":"<p>Direcci\u00f3n: David C\u00e1rdenas Robles<\/p>\n<p>Jefatura de Estudios: Maricarmen P\u00e9rez Franco<\/p>\n<p>Secretario: Rafael Lara Gorreta<\/p>\n","protected":false},"excerpt":{"rendered":"<p>Direcci\u00f3n: David C\u00e1rdenas Robles Jefatura de Estudios: Maricarmen P\u00e9rez Franco Secretario: Rafael Lara Gorreta<\/p>\n","protected":false},"author":13622,"featured_media":0,"parent":0,"menu_order":0,"comment_status":"closed","ping_status":"closed","template":"","meta":{"ngg_post_thumbnail":0,"footnotes":""},"aioseo_notices":[],"_links":{"self":[{"href":"https:\/\/blogsaverroes.juntadeandalucia.es\/colegiopicasso\/wp-json\/wp\/v2\/pages\/823"}],"collection":[{"href":"https:\/\/blogsaverroes.juntadeandalucia.es\/colegiopicasso\/wp-json\/wp\/v2\/pages"}],"about":[{"href":"https:\/\/blogsaverroes.juntadeandalucia.es\/colegiopicasso\/wp-json\/wp\/v2\/types\/page"}],"author":[{"embeddable":true,"href":"https:\/\/blogsaverroes.juntadeandalucia.es\/colegiopicasso\/wp-json\/wp\/v2\/users\/13622"}],"replies":[{"embeddable":true,"href":"https:\/\/blogsaverroes.juntadeandalucia.es\/colegiopicasso\/wp-json\/wp\/v2\/comments?post=823"}],"version-history":[{"count":4,"href":"https:\/\/blogsaverroes.juntadeandalucia.es\/colegiopicasso\/wp-json\/wp\/v2\/pages\/823\/revisions"}],"predecessor-version":[{"id":1194,"href":"https:\/\/blogsaverroes.juntadeandalucia.es\/colegiopicasso\/wp-json\/wp\/v2\/pages\/823\/revisions\/1194"}],"wp:attachment":[{"href":"https:\/\/blogsaverroes.juntadeandalucia.es\/colegiopicasso\/wp-json\/wp\/v2\/media?parent=823"}],"curies":[{"name":"wp","href":"https:\/\/api.w.org\/{rel}","templated":true}]}}