{"id":982,"date":"2024-01-08T20:59:33","date_gmt":"2024-01-08T19:59:33","guid":{"rendered":"https:\/\/blogsaverroes.juntadeandalucia.es\/colegiopicasso\/?page_id=982"},"modified":"2024-01-30T13:13:25","modified_gmt":"2024-01-30T12:13:25","slug":"escolarizacion","status":"publish","type":"page","link":"https:\/\/blogsaverroes.juntadeandalucia.es\/colegiopicasso\/escolarizacion\/","title":{"rendered":"Escolarizaci\u00f3n"},"content":{"rendered":"<p>El proceso de escolarizaci\u00f3n ordinario se realiza durante el mes de marzo de cada a\u00f1o, e implica la entrada al&nbsp; centro al inicio del nuevo curso escolar.<\/p>\n<p>El alumnado de Educaci\u00f3n Infantil accede al centro en septiembre del a\u00f1o que cumple 3 a\u00f1os.<\/p>\n<p>El proceso extraordinario, cumpliendo los requisitos, conlleva el cambio de centro durante el curso escolar.<\/p>\n<p>&nbsp;<\/p>\n<p>&nbsp;<\/p>\n<p><a href=\"https:\/\/portales.ced.junta-andalucia.es\/educacion\/portales\/web\/escolarizacion\">https:\/\/portales.ced.junta-andalucia.es\/educacion\/portales\/web\/escolarizacion<\/a><\/p>\n<p>&nbsp;<\/p>\n","protected":false},"excerpt":{"rendered":"<p>El proceso de escolarizaci\u00f3n ordinario se realiza durante el mes de marzo de cada a\u00f1o, e implica la entrada al&nbsp; centro al inicio del nuevo curso escolar. El alumnado de Educaci\u00f3n Infantil accede al&#46;&#46;&#46;<\/p>\n","protected":false},"author":13622,"featured_media":0,"parent":0,"menu_order":0,"comment_status":"closed","ping_status":"closed","template":"","meta":{"ngg_post_thumbnail":0,"footnotes":""},"aioseo_notices":[],"_links":{"self":[{"href":"https:\/\/blogsaverroes.juntadeandalucia.es\/colegiopicasso\/wp-json\/wp\/v2\/pages\/982"}],"collection":[{"href":"https:\/\/blogsaverroes.juntadeandalucia.es\/colegiopicasso\/wp-json\/wp\/v2\/pages"}],"about":[{"href":"https:\/\/blogsaverroes.juntadeandalucia.es\/colegiopicasso\/wp-json\/wp\/v2\/types\/page"}],"author":[{"embeddable":true,"href":"https:\/\/blogsaverroes.juntadeandalucia.es\/colegiopicasso\/wp-json\/wp\/v2\/users\/13622"}],"replies":[{"embeddable":true,"href":"https:\/\/blogsaverroes.juntadeandalucia.es\/colegiopicasso\/wp-json\/wp\/v2\/comments?post=982"}],"version-history":[{"count":6,"href":"https:\/\/blogsaverroes.juntadeandalucia.es\/colegiopicasso\/wp-json\/wp\/v2\/pages\/982\/revisions"}],"predecessor-version":[{"id":1255,"href":"https:\/\/blogsaverroes.juntadeandalucia.es\/colegiopicasso\/wp-json\/wp\/v2\/pages\/982\/revisions\/1255"}],"wp:attachment":[{"href":"https:\/\/blogsaverroes.juntadeandalucia.es\/colegiopicasso\/wp-json\/wp\/v2\/media?parent=982"}],"curies":[{"name":"wp","href":"https:\/\/api.w.org\/{rel}","templated":true}]}}