{"id":143,"date":"2025-11-04T00:00:40","date_gmt":"2025-11-04T00:00:40","guid":{"rendered":"http:\/\/blogsaverroes.juntadeandalucia.es\/colegiopio12\/?page_id=143"},"modified":"2025-11-10T21:58:18","modified_gmt":"2025-11-10T21:58:18","slug":"plan-de-centro","status":"publish","type":"page","link":"https:\/\/blogsaverroes.juntadeandalucia.es\/colegiopio12\/plan-de-centro\/","title":{"rendered":"Plan de Centro"},"content":{"rendered":"<p><a href=\"https:\/\/blogsaverroes.juntadeandalucia.es\/colegiopio12\/files\/2025\/11\/2.-Plan-de-Convivencia-CEIP-Pio-XII-2025-26.pdf\"> Plan de Convivencia CEIP P\u00edo XII 2025-26<\/a><\/p>\n<p><a href=\"https:\/\/blogsaverroes.juntadeandalucia.es\/colegiopio12\/files\/2025\/11\/3.PLAN-DE-MEDIACION-CEIP-PIO-XII-2025-26-CON-ANEXOS.pdf\">PLAN DE MEDIACI\u00d3N CEIP P\u00cdO XII 2025-26 CON ANEXOS<\/a><\/p>\n<p><a href=\"https:\/\/blogsaverroes.juntadeandalucia.es\/colegiopio12\/files\/2025\/11\/4.-PLAN-PREVENCION-ACOSO-ESCOLAR-Y-ANEXOS.pdf\">PLAN PREVENCI\u00d3N ACOSO ESCOLAR Y ANEXOS<\/a><\/p>\n<p><a href=\"https:\/\/blogsaverroes.juntadeandalucia.es\/colegiopio12\/files\/2025\/11\/5.-Protocolo-de-prevencion-de-conductas-suicidas-y-autoliticas.pdf\">Protocolo de prevencion de conductas suicidas y autoliticas<\/a><\/p>\n<p><a href=\"https:\/\/blogsaverroes.juntadeandalucia.es\/colegiopio12\/files\/2025\/11\/6.Plan-de-lectura-2025-26-CEIP-PIO-XII.pdf\">Plan de lectura 2025-26 CEIP P\u00cdO XI<\/a><\/p>\n<p><a href=\"https:\/\/blogsaverroes.juntadeandalucia.es\/colegiopio12\/files\/2025\/11\/7.-ROF-2025-26.pdf\"> ROF 2025-26<\/a><\/p>\n<p><a href=\"https:\/\/blogsaverroes.juntadeandalucia.es\/colegiopio12\/files\/2025\/11\/Plan-autoproteccion_CEIP-Pio-XII_2025-26.pdf\">Plan autoprotecci\u00f3n_CEIP P\u00edo XII_2025-26<\/a><\/p>\n<p><a href=\"https:\/\/blogsaverroes.juntadeandalucia.es\/colegiopio12\/files\/2025\/11\/9.-PROYECTO-DE-GESTION-CEIP-PIO-XII-2025-26.pdf\">&nbsp;PROYECTO DE GESTI\u00d3N CEIP P\u00cdO XII 2025-26<\/a><\/p>\n<p><a href=\"https:\/\/blogsaverroes.juntadeandalucia.es\/colegiopio12\/files\/2025\/11\/PROYECTO-EDUCATIVO-CEIP-PIO-XII-2025-26.Bollullos-de-la-Mitacion.4100061.pdf\">PROYECTO EDUCATIVO CEIP P\u00cdO XII 2025-26.Bollullos de la Mitaci\u00f3n.4100061<\/a><\/p>\n<p>&nbsp;<\/p>\n<p>&nbsp;<\/p>\n<p>&nbsp;<\/p>\n","protected":false},"excerpt":{"rendered":"<p>Plan de Convivencia CEIP P\u00edo XII 2025-26 PLAN DE MEDIACI\u00d3N CEIP P\u00cdO XII 2025-26 CON ANEXOS PLAN PREVENCI\u00d3N ACOSO ESCOLAR Y ANEXOS Protocolo de prevencion de conductas suicidas y autoliticas Plan de lectura 2025-26&#46;&#46;&#46;<\/p>\n","protected":false},"author":1791,"featured_media":0,"parent":0,"menu_order":6,"comment_status":"closed","ping_status":"closed","template":"","meta":{"ngg_post_thumbnail":0,"footnotes":""},"aioseo_notices":[],"_links":{"self":[{"href":"https:\/\/blogsaverroes.juntadeandalucia.es\/colegiopio12\/wp-json\/wp\/v2\/pages\/143"}],"collection":[{"href":"https:\/\/blogsaverroes.juntadeandalucia.es\/colegiopio12\/wp-json\/wp\/v2\/pages"}],"about":[{"href":"https:\/\/blogsaverroes.juntadeandalucia.es\/colegiopio12\/wp-json\/wp\/v2\/types\/page"}],"author":[{"embeddable":true,"href":"https:\/\/blogsaverroes.juntadeandalucia.es\/colegiopio12\/wp-json\/wp\/v2\/users\/1791"}],"replies":[{"embeddable":true,"href":"https:\/\/blogsaverroes.juntadeandalucia.es\/colegiopio12\/wp-json\/wp\/v2\/comments?post=143"}],"version-history":[{"count":42,"href":"https:\/\/blogsaverroes.juntadeandalucia.es\/colegiopio12\/wp-json\/wp\/v2\/pages\/143\/revisions"}],"predecessor-version":[{"id":983,"href":"https:\/\/blogsaverroes.juntadeandalucia.es\/colegiopio12\/wp-json\/wp\/v2\/pages\/143\/revisions\/983"}],"wp:attachment":[{"href":"https:\/\/blogsaverroes.juntadeandalucia.es\/colegiopio12\/wp-json\/wp\/v2\/media?parent=143"}],"curies":[{"name":"wp","href":"https:\/\/api.w.org\/{rel}","templated":true}]}}