{"id":48,"date":"2021-08-30T09:00:28","date_gmt":"2021-08-30T09:00:28","guid":{"rendered":"http:\/\/blogsaverroes.juntadeandalucia.es\/colegiopio12\/?page_id=48"},"modified":"2022-08-16T07:58:38","modified_gmt":"2022-08-16T07:58:38","slug":"secretaria","status":"publish","type":"page","link":"https:\/\/blogsaverroes.juntadeandalucia.es\/colegiopio12\/secretaria\/","title":{"rendered":"Secretar\u00eda"},"content":{"rendered":"<p>Para cualquier gesti\u00f3n en secretar\u00eda presencial el horario es de 9:30 a 13:30 de lunes a viernes<\/p>\n<p>&nbsp;<\/p>\n<p>&nbsp;<\/p>\n","protected":false},"excerpt":{"rendered":"<p>Para cualquier gesti\u00f3n en secretar\u00eda presencial el horario es de 9:30 a 13:30 de lunes a viernes &nbsp; &nbsp;<\/p>\n","protected":false},"author":1791,"featured_media":0,"parent":0,"menu_order":4,"comment_status":"closed","ping_status":"closed","template":"","meta":{"ngg_post_thumbnail":0,"footnotes":""},"aioseo_notices":[],"_links":{"self":[{"href":"https:\/\/blogsaverroes.juntadeandalucia.es\/colegiopio12\/wp-json\/wp\/v2\/pages\/48"}],"collection":[{"href":"https:\/\/blogsaverroes.juntadeandalucia.es\/colegiopio12\/wp-json\/wp\/v2\/pages"}],"about":[{"href":"https:\/\/blogsaverroes.juntadeandalucia.es\/colegiopio12\/wp-json\/wp\/v2\/types\/page"}],"author":[{"embeddable":true,"href":"https:\/\/blogsaverroes.juntadeandalucia.es\/colegiopio12\/wp-json\/wp\/v2\/users\/1791"}],"replies":[{"embeddable":true,"href":"https:\/\/blogsaverroes.juntadeandalucia.es\/colegiopio12\/wp-json\/wp\/v2\/comments?post=48"}],"version-history":[{"count":20,"href":"https:\/\/blogsaverroes.juntadeandalucia.es\/colegiopio12\/wp-json\/wp\/v2\/pages\/48\/revisions"}],"predecessor-version":[{"id":730,"href":"https:\/\/blogsaverroes.juntadeandalucia.es\/colegiopio12\/wp-json\/wp\/v2\/pages\/48\/revisions\/730"}],"wp:attachment":[{"href":"https:\/\/blogsaverroes.juntadeandalucia.es\/colegiopio12\/wp-json\/wp\/v2\/media?parent=48"}],"curies":[{"name":"wp","href":"https:\/\/api.w.org\/{rel}","templated":true}]}}