{"id":32,"date":"2020-01-10T07:45:21","date_gmt":"2020-01-10T06:45:21","guid":{"rendered":"http:\/\/blogsaverroes.juntadeandalucia.es\/pre\/nuevoiesv2\/?page_id=32"},"modified":"2022-11-15T17:26:55","modified_gmt":"2022-11-15T16:26:55","slug":"ampa","status":"publish","type":"page","link":"https:\/\/blogsaverroes.juntadeandalucia.es\/colegioplatero\/ampa\/","title":{"rendered":"AMPA"},"content":{"rendered":"<p>[et_pb_section fb_built=&#8221;1&#8243; _builder_version=&#8221;3.23.3&#8243; custom_padding=&#8221;0px||0px|&#8221; hover_enabled=&#8221;0&#8243; z_index_tablet=&#8221;500&#8243; box_shadow_horizontal_tablet=&#8221;0px&#8221; box_shadow_vertical_tablet=&#8221;0px&#8221; box_shadow_blur_tablet=&#8221;40px&#8221; box_shadow_spread_tablet=&#8221;0px&#8221; global_colors_info=&#8221;{}&#8221; sticky_enabled=&#8221;0&#8243;][et_pb_row _builder_version=&#8221;3.25&#8243; background_size=&#8221;initial&#8221; background_position=&#8221;top_left&#8221; background_repeat=&#8221;repeat&#8221; global_colors_info=&#8221;{}&#8221;][et_pb_column type=&#8221;4_4&#8243; _builder_version=&#8221;3.0.47&#8243; custom_padding=&#8221;|||&#8221; global_colors_info=&#8221;{}&#8221; custom_padding__hover=&#8221;|||&#8221;][et_pb_image src=&#8221;https:\/\/blogsaverroes.juntadeandalucia.es\/colegioplatero\/files\/2020\/01\/cabecera-interior-ies-1.png&#8221; admin_label=&#8221;Imagen de la portada&#8221; _builder_version=&#8221;4.5.0&#8243; vertical_offset_tablet=&#8221;0&#8243; horizontal_offset_tablet=&#8221;0&#8243; hover_enabled=&#8221;0&#8243; z_index_tablet=&#8221;500&#8243; box_shadow_horizontal_tablet=&#8221;0px&#8221; box_shadow_vertical_tablet=&#8221;0px&#8221; box_shadow_blur_tablet=&#8221;40px&#8221; box_shadow_spread_tablet=&#8221;0px&#8221; global_colors_info=&#8221;{}&#8221; sticky_enabled=&#8221;0&#8243;][\/et_pb_image][et_pb_text admin_label=&#8221;Texto descriptivo&#8221; _builder_version=&#8221;4.14.5&#8243; hover_enabled=&#8221;0&#8243; z_index_tablet=&#8221;500&#8243; text_text_shadow_horizontal_length_tablet=&#8221;0px&#8221; text_text_shadow_vertical_length_tablet=&#8221;0px&#8221; text_text_shadow_blur_strength_tablet=&#8221;1px&#8221; link_text_shadow_horizontal_length_tablet=&#8221;0px&#8221; link_text_shadow_vertical_length_tablet=&#8221;0px&#8221; link_text_shadow_blur_strength_tablet=&#8221;1px&#8221; ul_text_shadow_horizontal_length_tablet=&#8221;0px&#8221; ul_text_shadow_vertical_length_tablet=&#8221;0px&#8221; ul_text_shadow_blur_strength_tablet=&#8221;1px&#8221; ol_text_shadow_horizontal_length_tablet=&#8221;0px&#8221; ol_text_shadow_vertical_length_tablet=&#8221;0px&#8221; ol_text_shadow_blur_strength_tablet=&#8221;1px&#8221; quote_text_shadow_horizontal_length_tablet=&#8221;0px&#8221; quote_text_shadow_vertical_length_tablet=&#8221;0px&#8221; quote_text_shadow_blur_strength_tablet=&#8221;1px&#8221; header_text_shadow_horizontal_length_tablet=&#8221;0px&#8221; header_text_shadow_vertical_length_tablet=&#8221;0px&#8221; header_text_shadow_blur_strength_tablet=&#8221;1px&#8221; header_2_text_shadow_horizontal_length_tablet=&#8221;0px&#8221; header_2_text_shadow_vertical_length_tablet=&#8221;0px&#8221; header_2_text_shadow_blur_strength_tablet=&#8221;1px&#8221; header_3_text_shadow_horizontal_length_tablet=&#8221;0px&#8221; header_3_text_shadow_vertical_length_tablet=&#8221;0px&#8221; header_3_text_shadow_blur_strength_tablet=&#8221;1px&#8221; header_4_text_shadow_horizontal_length_tablet=&#8221;0px&#8221; header_4_text_shadow_vertical_length_tablet=&#8221;0px&#8221; header_4_text_shadow_blur_strength_tablet=&#8221;1px&#8221; header_5_text_shadow_horizontal_length_tablet=&#8221;0px&#8221; header_5_text_shadow_vertical_length_tablet=&#8221;0px&#8221; header_5_text_shadow_blur_strength_tablet=&#8221;1px&#8221; header_6_text_shadow_horizontal_length_tablet=&#8221;0px&#8221; header_6_text_shadow_vertical_length_tablet=&#8221;0px&#8221; header_6_text_shadow_blur_strength_tablet=&#8221;1px&#8221; box_shadow_horizontal_tablet=&#8221;0px&#8221; box_shadow_vertical_tablet=&#8221;0px&#8221; box_shadow_blur_tablet=&#8221;40px&#8221; box_shadow_spread_tablet=&#8221;0px&#8221; global_colors_info=&#8221;{}&#8221; sticky_enabled=&#8221;0&#8243;]<\/p>\n<h2>AMPA<\/h2>\n<p><img loading=\"lazy\" decoding=\"async\" class=\"wp-image-593  alignright\" src=\"https:\/\/blogsaverroes.juntadeandalucia.es\/colegioplatero\/files\/2022\/11\/Logo-ampa-300x298.png\" alt=\"\" width=\"300\" height=\"298\" srcset=\"https:\/\/blogsaverroes.juntadeandalucia.es\/colegioplatero\/files\/2022\/11\/Logo-ampa-300x298.png 300w, https:\/\/blogsaverroes.juntadeandalucia.es\/colegioplatero\/files\/2022\/11\/Logo-ampa-150x150.png 150w, https:\/\/blogsaverroes.juntadeandalucia.es\/colegioplatero\/files\/2022\/11\/Logo-ampa.png 306w\" sizes=\"(max-width: 300px) 100vw, 300px\" \/><\/p>\n<p style=\"font-weight: 400\">En el Colegio Platero no podemos entender la educaci\u00f3n sin contar con las familias. La integraci\u00f3n, complementaci\u00f3n y trabajo conjunto es b\u00e1sica para la mejora tanto del Centro a nivel general, como de rendimiento de su hijo\/a a nivel particular.<br \/>La colaboraci\u00f3n con las familias en el Centro es total y tanto las aportaciones de los miembros o no de la Asociaci\u00f3n son esenciales para el buen funcionamiento del Centro.<\/p>\n<p style=\"font-weight: 400\"><strong>\u00bfQuie\u0301nes somos?<\/strong><\/p>\n<p style=\"font-weight: 400\">El \u201cAMPA LA SEMILLA\u201d es la asociacio\u0301n de padres, madres o tutores legales de alumnos del Colegio PLATERO. Si tienes alguna duda o quieres contactar con nosotros puedes hacerlo en el mail ampalasemilla.familiasplatero@gmail.com o bien en el tlf. 670 87 46 06.<\/p>\n<p style=\"font-weight: 400\"><strong>\u00bfPara que sirve la AMPA?<\/strong><br \/>Una AMPA numerosa hace que se represente m\u00e1s significativamente nuestro Centro dentro del Consejo Escolar Municipal y a nivel mas espec\u00edfico representa a todas las familias del Centro, trabaja y se reivindica por ellas, en el Consejo Escolar del Centro.<\/p>\n<p style=\"font-weight: 400\"><strong>\u00bfQu\u00e9 me aporta la AMPA?<\/strong><\/p>\n<p style=\"font-weight: 400\">El \u201cAMPA LA SEMILLA\u201d organiza las actividades extraescolares de nuestro centro y de otros centros en Marbella. Tambie\u0301n ofrece escuela de verano siempre que se puede.<\/p>\n<p style=\"font-weight: 400\">A nivel de Centro, tiene un papel esencial.<\/p>\n<ul>\n<li>Colabora de manera activa en todas celebraciones (compra y reparte el desayuno en navidad, D\u00eda de Andaluc\u00eda,\u2026)<\/li>\n<li>Colabora econ\u00f3micamente y en la organizaci\u00f3n de los grandes eventos (fiestas de Navidad, Fin de Curso, feria del juego, festivales musicales,\u2026)<\/li>\n<li>Sufraga el gasto del mantenimiento de los aires acondicionados de todas las aulas.<\/li>\n<li>Invierte en nuevas tecnolog\u00edas para el centro.<\/li>\n<li>Promueve ideas e iniciativas.<\/li>\n<\/ul>\n<p style=\"font-weight: 400\"><strong>\u00bfCu\u00e1nto cuesta hacerse socio de la AMPA?<\/strong><\/p>\n<p style=\"font-weight: 400\">S\u00f3lo 20 euros al a\u00f1o por familia. Por 1.67\/mes, se hacen posibles much\u00edsimos eventos y actividades.<\/p>\n<p>[\/et_pb_text][\/et_pb_column][\/et_pb_row][\/et_pb_section]<\/p>\n","protected":false},"excerpt":{"rendered":"<p>AMPA En el Colegio Platero no podemos entender la educaci\u00f3n sin contar con las familias. La integraci\u00f3n, complementaci\u00f3n y trabajo conjunto es b\u00e1sica para la mejora tanto del Centro a nivel general, como de rendimiento de su hijo\/a a nivel particular.La colaboraci\u00f3n con las familias en el Centro es total y tanto las aportaciones de [&hellip;]<\/p>\n","protected":false},"author":16469,"featured_media":0,"parent":0,"menu_order":0,"comment_status":"closed","ping_status":"closed","template":"","meta":{"_et_pb_use_builder":"on","_et_pb_old_content":"","_et_gb_content_width":"","ngg_post_thumbnail":0,"footnotes":""},"aioseo_notices":[],"_links":{"self":[{"href":"https:\/\/blogsaverroes.juntadeandalucia.es\/colegioplatero\/wp-json\/wp\/v2\/pages\/32"}],"collection":[{"href":"https:\/\/blogsaverroes.juntadeandalucia.es\/colegioplatero\/wp-json\/wp\/v2\/pages"}],"about":[{"href":"https:\/\/blogsaverroes.juntadeandalucia.es\/colegioplatero\/wp-json\/wp\/v2\/types\/page"}],"author":[{"embeddable":true,"href":"https:\/\/blogsaverroes.juntadeandalucia.es\/colegioplatero\/wp-json\/wp\/v2\/users\/16469"}],"replies":[{"embeddable":true,"href":"https:\/\/blogsaverroes.juntadeandalucia.es\/colegioplatero\/wp-json\/wp\/v2\/comments?post=32"}],"version-history":[{"count":2,"href":"https:\/\/blogsaverroes.juntadeandalucia.es\/colegioplatero\/wp-json\/wp\/v2\/pages\/32\/revisions"}],"predecessor-version":[{"id":594,"href":"https:\/\/blogsaverroes.juntadeandalucia.es\/colegioplatero\/wp-json\/wp\/v2\/pages\/32\/revisions\/594"}],"wp:attachment":[{"href":"https:\/\/blogsaverroes.juntadeandalucia.es\/colegioplatero\/wp-json\/wp\/v2\/media?parent=32"}],"curies":[{"name":"wp","href":"https:\/\/api.w.org\/{rel}","templated":true}]}}