{"id":352,"date":"2020-02-13T10:51:34","date_gmt":"2020-02-13T09:51:34","guid":{"rendered":"http:\/\/blogsaverroes.juntadeandalucia.es\/pre\/nuevoiesv2\/?page_id=352"},"modified":"2026-01-19T11:00:36","modified_gmt":"2026-01-19T10:00:36","slug":"planes-y-proyectos","status":"publish","type":"page","link":"https:\/\/blogsaverroes.juntadeandalucia.es\/colegioplatero\/planes-y-proyectos\/","title":{"rendered":"Planes y Proyectos"},"content":{"rendered":"<p>[et_pb_section fb_built=&#8221;1&#8243; _builder_version=&#8221;4.16&#8243; global_colors_info=&#8221;{}&#8221;][et_pb_row _builder_version=&#8221;4.16&#8243; custom_margin=&#8221;-20px|||&#8221; z_index_tablet=&#8221;500&#8243; box_shadow_horizontal_tablet=&#8221;0px&#8221; box_shadow_vertical_tablet=&#8221;0px&#8221; box_shadow_blur_tablet=&#8221;40px&#8221; box_shadow_spread_tablet=&#8221;0px&#8221; global_colors_info=&#8221;{}&#8221;][et_pb_column type=&#8221;4_4&#8243; _builder_version=&#8221;4.16&#8243; custom_padding=&#8221;|||&#8221; global_colors_info=&#8221;{}&#8221; custom_padding__hover=&#8221;|||&#8221;][et_pb_image src=&#8221;https:\/\/blogsaverroes.juntadeandalucia.es\/colegioplatero\/files\/2020\/02\/cabecera-interior-ies-3.png&#8221; admin_label=&#8221;Imagen de la portada&#8221; _builder_version=&#8221;4.16&#8243; vertical_offset_tablet=&#8221;0&#8243; horizontal_offset_tablet=&#8221;0&#8243; z_index_tablet=&#8221;500&#8243; box_shadow_horizontal_tablet=&#8221;0px&#8221; box_shadow_vertical_tablet=&#8221;0px&#8221; box_shadow_blur_tablet=&#8221;40px&#8221; box_shadow_spread_tablet=&#8221;0px&#8221; global_colors_info=&#8221;{}&#8221;][\/et_pb_image][et_pb_text admin_label=&#8221;Texto descriptivo&#8221; _builder_version=&#8221;4.24.2&#8243; hover_enabled=&#8221;0&#8243; z_index_tablet=&#8221;500&#8243; text_text_shadow_horizontal_length_tablet=&#8221;0px&#8221; text_text_shadow_vertical_length_tablet=&#8221;0px&#8221; text_text_shadow_blur_strength_tablet=&#8221;1px&#8221; link_text_shadow_horizontal_length_tablet=&#8221;0px&#8221; link_text_shadow_vertical_length_tablet=&#8221;0px&#8221; link_text_shadow_blur_strength_tablet=&#8221;1px&#8221; ul_text_shadow_horizontal_length_tablet=&#8221;0px&#8221; ul_text_shadow_vertical_length_tablet=&#8221;0px&#8221; ul_text_shadow_blur_strength_tablet=&#8221;1px&#8221; ol_text_shadow_horizontal_length_tablet=&#8221;0px&#8221; ol_text_shadow_vertical_length_tablet=&#8221;0px&#8221; ol_text_shadow_blur_strength_tablet=&#8221;1px&#8221; quote_text_shadow_horizontal_length_tablet=&#8221;0px&#8221; quote_text_shadow_vertical_length_tablet=&#8221;0px&#8221; quote_text_shadow_blur_strength_tablet=&#8221;1px&#8221; header_text_shadow_horizontal_length_tablet=&#8221;0px&#8221; header_text_shadow_vertical_length_tablet=&#8221;0px&#8221; header_text_shadow_blur_strength_tablet=&#8221;1px&#8221; header_2_text_shadow_horizontal_length_tablet=&#8221;0px&#8221; header_2_text_shadow_vertical_length_tablet=&#8221;0px&#8221; header_2_text_shadow_blur_strength_tablet=&#8221;1px&#8221; header_3_text_shadow_horizontal_length_tablet=&#8221;0px&#8221; header_3_text_shadow_vertical_length_tablet=&#8221;0px&#8221; header_3_text_shadow_blur_strength_tablet=&#8221;1px&#8221; header_4_text_shadow_horizontal_length_tablet=&#8221;0px&#8221; header_4_text_shadow_vertical_length_tablet=&#8221;0px&#8221; header_4_text_shadow_blur_strength_tablet=&#8221;1px&#8221; header_5_text_shadow_horizontal_length_tablet=&#8221;0px&#8221; header_5_text_shadow_vertical_length_tablet=&#8221;0px&#8221; header_5_text_shadow_blur_strength_tablet=&#8221;1px&#8221; header_6_text_shadow_horizontal_length_tablet=&#8221;0px&#8221; header_6_text_shadow_vertical_length_tablet=&#8221;0px&#8221; header_6_text_shadow_blur_strength_tablet=&#8221;1px&#8221; box_shadow_horizontal_tablet=&#8221;0px&#8221; box_shadow_vertical_tablet=&#8221;0px&#8221; box_shadow_blur_tablet=&#8221;40px&#8221; box_shadow_spread_tablet=&#8221;0px&#8221; global_colors_info=&#8221;{}&#8221; sticky_enabled=&#8221;0&#8243;]<\/p>\n<h2>Planes y Proyectos<\/h2>\n<table style=\"border-collapse: collapse;width: 100%\">\n<tbody>\n<tr>\n<td style=\"width: 30.261026%\">\n<p style=\"text-align: center\"><a href=\"https:\/\/drive.google.com\/file\/d\/1D1Bv94jjIQ8oHDVUIxtQIl6kCmfzNrii\/view?usp=sharing\"><img loading=\"lazy\" decoding=\"async\" class=\"aligncenter wp-image-574 size-full\" src=\"https:\/\/blogsaverroes.juntadeandalucia.es\/colegioplatero\/files\/2022\/11\/PlanCentro.png\" alt=\"\" width=\"405\" height=\"340\" srcset=\"https:\/\/blogsaverroes.juntadeandalucia.es\/colegioplatero\/files\/2022\/11\/PlanCentro.png 405w, https:\/\/blogsaverroes.juntadeandalucia.es\/colegioplatero\/files\/2022\/11\/PlanCentro-300x252.png 300w\" sizes=\"(max-width: 405px) 100vw, 405px\" \/><\/a><\/p>\n<\/td>\n<td style=\"width: 5.220522%\">&nbsp;<\/td>\n<td style=\"width: 31.251125%\">\n<p style=\"text-align: center\"><a href=\"https:\/\/blogsaverroes.juntadeandalucia.es\/colegioplatero\/aula-verde\/\"><img loading=\"lazy\" decoding=\"async\" class=\" wp-image-565 aligncenter\" src=\"https:\/\/blogsaverroes.juntadeandalucia.es\/colegioplatero\/files\/2022\/11\/AULA01-300x225.jpg\" alt=\"\" width=\"311\" height=\"233\"><\/a><strong style=\"text-align: center;font-family: inherit;font-size: inherit\">AULA VERDE<\/strong><\/p>\n<\/td>\n<td style=\"width: 4.608461%\">&nbsp;<\/td>\n<td style=\"width: 29.360936%\">\n<p style=\"text-align: center\"><img loading=\"lazy\" decoding=\"async\" class=\"wp-image-631 size-medium aligncenter\" src=\"https:\/\/blogsaverroes.juntadeandalucia.es\/colegioplatero\/files\/2022\/11\/245880686_324626942802066_1464450137763035687_n-300x225.jpg\" alt=\"\" width=\"300\" height=\"225\"><strong>BIBLIOTECA<\/strong><\/p>\n<\/td>\n<\/tr>\n<tr>\n<td style=\"width: 30.261026%\">&nbsp;<\/td>\n<td style=\"width: 5.220522%\">&nbsp;<\/td>\n<td style=\"width: 31.251125%\">&nbsp;<\/td>\n<td style=\"width: 4.608461%\">&nbsp;<\/td>\n<td style=\"width: 29.360936%\">&nbsp;<\/td>\n<\/tr>\n<tr>\n<td style=\"width: 30.261%;text-align: center\">\n<p><a href=\"https:\/\/blogsaverroes.juntadeandalucia.es\/colegioplatero\/platero-en-la-onda\/\"><img loading=\"lazy\" decoding=\"async\" class=\"size-medium wp-image-769 aligncenter\" src=\"https:\/\/blogsaverroes.juntadeandalucia.es\/colegioplatero\/files\/2023\/07\/microfono-cabina-bienal-de-radio-foto-especial.jpg_554688468-La-Brujula-ocio-y-cultura-300x169.jpg\" alt=\"\" width=\"300\" height=\"169\"><\/a><\/p>\n<p><strong>PLATERO EN LA ONDA<\/strong><\/p>\n<\/td>\n<td style=\"width: 5.220522%\">&nbsp;<\/td>\n<td style=\"width: 31.2511%;text-align: center\">\n<p><img loading=\"lazy\" decoding=\"async\" class=\"alignnone wp-image-821\" src=\"https:\/\/blogsaverroes.juntadeandalucia.es\/colegioplatero\/files\/2024\/03\/BIBLIOTECA-AUDIOVISUAL.jpg\" alt=\"\" width=\"169\" height=\"109\"><\/p>\n<p><strong>&nbsp;BIBLIOTECA AUDIOVISUAL<\/strong>&nbsp;<\/p>\n<\/td>\n<td style=\"width: 4.60846%;text-align: center\"><strong>&nbsp;<\/strong><\/td>\n<td style=\"width: 29.3609%;text-align: center\"><strong>&nbsp;PROA+ TR\u00c1NSFORMATE<\/strong><\/td>\n<\/tr>\n<tr>\n<td style=\"width: 30.261026%\">&nbsp;<\/td>\n<td style=\"width: 5.220522%\">&nbsp;<\/td>\n<td style=\"width: 31.251125%\">&nbsp;<\/td>\n<td style=\"width: 4.608461%\">&nbsp;<\/td>\n<td style=\"width: 29.360936%\">&nbsp;<\/td>\n<\/tr>\n<tr>\n<td style=\"width: 30.261%;text-align: center\">&nbsp;<\/td>\n<td style=\"width: 5.22052%;text-align: center\"><strong>&nbsp;<\/strong><\/td>\n<td style=\"width: 31.2511%;text-align: center\"><strong>&nbsp;RED ANDALUZA &#8220;ESCUELA ESPACIO DE PAZ&#8221;<\/strong><\/td>\n<td style=\"width: 4.60846%;text-align: center\"><strong>&nbsp;<\/strong><\/td>\n<td style=\"width: 29.3609%;text-align: center\"><strong>ALDEA: EDUCACI\u00d3N AMBIENTAL&nbsp;<\/strong><\/td>\n<\/tr>\n<tr>\n<td style=\"width: 30.261%;text-align: center\">\n<p><a title=\"PLATERO \u2013 EL COLEGIO ETERNO\" href=\"https:\/\/blogsaverroes.juntadeandalucia.es\/colegioplatero\/platero-el-colegio-eterno\/\"><img decoding=\"async\" class=\"aligncenter\" src=\"https:\/\/i9.ytimg.com\/vi\/udwYVzwLnyI\/mqdefault.jpg?sqp=CJTr_6gG-oaymwEmCMACELQB8quKqQMa8AEB-AH-CYAC0AWKAgwIABABGGUgTShUMA8=&amp;rs=AOn4CLBNHm4xtc_g7HDX-7MGvzdcead2MA\" alt=\"Miniatura del v\u00eddeo: Platero - El Colegio Eterno\"><\/a><\/p>\n<p><strong>PLATERO &#8211; EL COLEGIO ETERNO<\/strong><\/p>\n<\/td>\n<td style=\"width: 5.22052%;text-align: center\"><strong>&nbsp;<\/strong><\/td>\n<td style=\"width: 31.2511%;text-align: center\"><strong>STEAM: ROB\u00d3TICA&nbsp;<\/strong><\/td>\n<td style=\"width: 4.60846%;text-align: center\"><strong>&nbsp;<\/strong><\/td>\n<td style=\"width: 29.3609%;text-align: center\"><strong>PLAN DE IGUALDAD DE G\u00c9NERO<\/strong>&nbsp;<\/td>\n<\/tr>\n<\/tbody>\n<\/table>\n<p>&nbsp;<\/p>\n<p>[\/et_pb_text][\/et_pb_column][\/et_pb_row][\/et_pb_section]<\/p>\n","protected":false},"excerpt":{"rendered":"<p>Planes y Proyectos &nbsp; AULA VERDE &nbsp; BIBLIOTECA &nbsp; &nbsp; &nbsp; &nbsp; &nbsp; PLATERO EN LA ONDA &nbsp; &nbsp;BIBLIOTECA AUDIOVISUAL&nbsp; &nbsp; &nbsp;PROA+ TR\u00c1NSFORMATE &nbsp; &nbsp; &nbsp; &nbsp; &nbsp; &nbsp; &nbsp; &nbsp;RED ANDALUZA &#8220;ESCUELA ESPACIO DE PAZ&#8221; &nbsp; ALDEA: EDUCACI\u00d3N AMBIENTAL&nbsp; PLATERO &#8211; EL COLEGIO ETERNO &nbsp; STEAM: ROB\u00d3TICA&nbsp; &nbsp; PLAN DE IGUALDAD DE G\u00c9NERO&nbsp; &nbsp;<\/p>\n","protected":false},"author":16469,"featured_media":0,"parent":0,"menu_order":0,"comment_status":"closed","ping_status":"closed","template":"","meta":{"_et_pb_use_builder":"on","_et_pb_old_content":"","_et_gb_content_width":"","ngg_post_thumbnail":0,"footnotes":""},"aioseo_notices":[],"_links":{"self":[{"href":"https:\/\/blogsaverroes.juntadeandalucia.es\/colegioplatero\/wp-json\/wp\/v2\/pages\/352"}],"collection":[{"href":"https:\/\/blogsaverroes.juntadeandalucia.es\/colegioplatero\/wp-json\/wp\/v2\/pages"}],"about":[{"href":"https:\/\/blogsaverroes.juntadeandalucia.es\/colegioplatero\/wp-json\/wp\/v2\/types\/page"}],"author":[{"embeddable":true,"href":"https:\/\/blogsaverroes.juntadeandalucia.es\/colegioplatero\/wp-json\/wp\/v2\/users\/16469"}],"replies":[{"embeddable":true,"href":"https:\/\/blogsaverroes.juntadeandalucia.es\/colegioplatero\/wp-json\/wp\/v2\/comments?post=352"}],"version-history":[{"count":20,"href":"https:\/\/blogsaverroes.juntadeandalucia.es\/colegioplatero\/wp-json\/wp\/v2\/pages\/352\/revisions"}],"predecessor-version":[{"id":873,"href":"https:\/\/blogsaverroes.juntadeandalucia.es\/colegioplatero\/wp-json\/wp\/v2\/pages\/352\/revisions\/873"}],"wp:attachment":[{"href":"https:\/\/blogsaverroes.juntadeandalucia.es\/colegioplatero\/wp-json\/wp\/v2\/media?parent=352"}],"curies":[{"name":"wp","href":"https:\/\/api.w.org\/{rel}","templated":true}]}}