{"id":569,"date":"2022-11-14T22:41:23","date_gmt":"2022-11-14T21:41:23","guid":{"rendered":"https:\/\/blogsaverroes.juntadeandalucia.es\/colegioplatero\/?page_id=569"},"modified":"2022-11-24T22:36:58","modified_gmt":"2022-11-24T21:36:58","slug":"aula-verde","status":"publish","type":"page","link":"https:\/\/blogsaverroes.juntadeandalucia.es\/colegioplatero\/aula-verde\/","title":{"rendered":"Aula Verde"},"content":{"rendered":"<p>[et_pb_section][et_pb_row][et_pb_column type=&#8221;4_4&#8243;][et_pb_text]<\/p>\n<p>Aprovechando nuestro entorno id\u00edlico, rodeado de \u00e1rboles, con el sonido de los p\u00e1jaros, el verde del c\u00e9sped, respirando paz y tranquilidad, nuestro alumnado obtiene una vivencia especial en <strong>El Aula Verde.<\/strong><\/p>\n<p>&nbsp;<a href=\"http:\/\/www.plateromarbella.com\/wp-content\/uploads\/2015\/01\/AULA01.jpg\"><img loading=\"lazy\" decoding=\"async\" class=\"size-full wp-image-2300 aligncenter\" src=\"http:\/\/www.plateromarbella.com\/wp-content\/uploads\/2015\/01\/AULA01.jpg\" alt=\"AULA01\" width=\"600\" height=\"450\"><\/a><\/p>\n<p>Tumbados sobre esterillas leyendo bajo un \u00e1rbol, trabajando en las mesas de grupo al aire libre, comprobando in situ y en primera personas los cambios atmosf\u00e9ricos en nuestra estaci\u00f3n meteorol\u00f3gica, dialogando en la asamblea o estudiando en su tiempo libre, es como podemos encontrarnos a nuestro alumnado, a cualquier hora del d\u00eda, en El Aula Verde.<\/p>\n<p><a href=\"http:\/\/www.plateromarbella.com\/wp-content\/uploads\/2015\/01\/AULA02.jpg\"><img loading=\"lazy\" decoding=\"async\" class=\"size-full wp-image-2301 aligncenter\" src=\"http:\/\/www.plateromarbella.com\/wp-content\/uploads\/2015\/01\/AULA02.jpg\" alt=\"AULA02\" width=\"600\" height=\"450\"><\/a><\/p>\n<p>Las posibilidades que nuestro Centro nos permite en este aspecto hace que cualquier \u00e1rea sea susceptible de impartirse o, mejor dicho, vivenciarse en El Aula Verde, concienciando en el respeto al medio ambiente, entendemos que otra forma de aprender y de educar es formando parte ello.<\/p>\n<p><a href=\"http:\/\/www.plateromarbella.com\/wp-content\/uploads\/2015\/01\/AULA03.jpg\"><img loading=\"lazy\" decoding=\"async\" class=\"size-full wp-image-2302 aligncenter\" src=\"http:\/\/www.plateromarbella.com\/wp-content\/uploads\/2015\/01\/AULA03.jpg\" alt=\"AULA03\" width=\"600\" height=\"450\"><\/a><\/p>\n<p>[\/et_pb_text][\/et_pb_column][\/et_pb_row][\/et_pb_section]<\/p>\n","protected":false},"excerpt":{"rendered":"<p><div class=\"et_pb_section et_pb_section_0 et_section_regular\" >\n\t\t\t\t\n\t\t\t\t\n\t\t\t\t\n\t\t\t\t\n\t\t\t\t\n\t\t\t\t\n\t\t\t\t\n\t\t\t\t\n\t\t\t\t\n\t\t\t<\/div><div class=\"et_pb_row et_pb_row_0 et_pb_row_empty\">\n\t\t\t\t\n\t\t\t\t\n\t\t\t\t\n\t\t\t\t\n\t\t\t\t\n\t\t\t<\/div><div class=\"et_pb_module et_pb_text et_pb_text_0  et_pb_text_align_left et_pb_bg_layout_light\">\n\t\t\t\t\n\t\t\t\t\n\t\t\t\t\n\t\t\t\t\n\t\t\t\t\n\t\t\t<\/div> Aprovechando nuestro entorno id\u00edlico, rodeado de \u00e1rboles, con el sonido de los p\u00e1jaros, el verde del c\u00e9sped, respirando paz y tranquilidad, nuestro alumnado obtiene una vivencia especial en El Aula Verde. &nbsp; Tumbados sobre esterillas leyendo bajo un \u00e1rbol, trabajando en las mesas de grupo al aire libre, comprobando in situ y en primera [&hellip;]<\/p>\n","protected":false},"author":16233,"featured_media":0,"parent":0,"menu_order":0,"comment_status":"closed","ping_status":"closed","template":"","meta":{"_et_pb_use_builder":"on","_et_pb_old_content":"<p>Aprovechando nuestro entorno id\u00edlico, rodeado de \u00e1rboles, con el sonido de los p\u00e1jaros, el verde del c\u00e9sped, respirando paz y tranquilidad, nuestro alumnado obtiene una vivencia especial en <strong>El Aula Verde.<\/strong><\/p><p>&nbsp;<a href=\"http:\/\/www.plateromarbella.com\/wp-content\/uploads\/2015\/01\/AULA01.jpg\"><img class=\"size-full wp-image-2300 aligncenter\" src=\"http:\/\/www.plateromarbella.com\/wp-content\/uploads\/2015\/01\/AULA01.jpg\" alt=\"AULA01\" width=\"600\" height=\"450\"><\/a><\/p><p>Tumbados sobre esterillas leyendo bajo un \u00e1rbol, trabajando en las mesas de grupo al aire libre, comprobando in situ y en primera personas los cambios atmosf\u00e9ricos en nuestra estaci\u00f3n meteorol\u00f3gica, dialogando en la asamblea o estudiando en su tiempo libre, es como podemos encontrarnos a nuestro alumnado, a cualquier hora del d\u00eda, en El Aula Verde.<\/p><p><a href=\"http:\/\/www.plateromarbella.com\/wp-content\/uploads\/2015\/01\/AULA02.jpg\"><img class=\"size-full wp-image-2301 aligncenter\" src=\"http:\/\/www.plateromarbella.com\/wp-content\/uploads\/2015\/01\/AULA02.jpg\" alt=\"AULA02\" width=\"600\" height=\"450\"><\/a><\/p><p>Las posibilidades que nuestro Centro nos permite en este aspecto hace que cualquier \u00e1rea sea susceptible de impartirse o, mejor dicho, vivenciarse en El Aula Verde, concienciando en el respeto al medio ambiente, entendemos que otra forma de aprender y de educar es formando parte ello.<\/p><p><a href=\"http:\/\/www.plateromarbella.com\/wp-content\/uploads\/2015\/01\/AULA03.jpg\"><img class=\"size-full wp-image-2302 aligncenter\" src=\"http:\/\/www.plateromarbella.com\/wp-content\/uploads\/2015\/01\/AULA03.jpg\" alt=\"AULA03\" width=\"600\" height=\"450\"><\/a><\/p>","_et_gb_content_width":"","ngg_post_thumbnail":0,"footnotes":""},"aioseo_notices":[],"_links":{"self":[{"href":"https:\/\/blogsaverroes.juntadeandalucia.es\/colegioplatero\/wp-json\/wp\/v2\/pages\/569"}],"collection":[{"href":"https:\/\/blogsaverroes.juntadeandalucia.es\/colegioplatero\/wp-json\/wp\/v2\/pages"}],"about":[{"href":"https:\/\/blogsaverroes.juntadeandalucia.es\/colegioplatero\/wp-json\/wp\/v2\/types\/page"}],"author":[{"embeddable":true,"href":"https:\/\/blogsaverroes.juntadeandalucia.es\/colegioplatero\/wp-json\/wp\/v2\/users\/16233"}],"replies":[{"embeddable":true,"href":"https:\/\/blogsaverroes.juntadeandalucia.es\/colegioplatero\/wp-json\/wp\/v2\/comments?post=569"}],"version-history":[{"count":2,"href":"https:\/\/blogsaverroes.juntadeandalucia.es\/colegioplatero\/wp-json\/wp\/v2\/pages\/569\/revisions"}],"predecessor-version":[{"id":648,"href":"https:\/\/blogsaverroes.juntadeandalucia.es\/colegioplatero\/wp-json\/wp\/v2\/pages\/569\/revisions\/648"}],"wp:attachment":[{"href":"https:\/\/blogsaverroes.juntadeandalucia.es\/colegioplatero\/wp-json\/wp\/v2\/media?parent=569"}],"curies":[{"name":"wp","href":"https:\/\/api.w.org\/{rel}","templated":true}]}}