{"id":1085,"date":"2025-01-18T16:10:54","date_gmt":"2025-01-18T15:10:54","guid":{"rendered":"https:\/\/blogsaverroes.juntadeandalucia.es\/colegiopracticas\/?page_id=1085"},"modified":"2025-02-28T17:45:13","modified_gmt":"2025-02-28T16:45:13","slug":"documentos","status":"publish","type":"page","link":"https:\/\/blogsaverroes.juntadeandalucia.es\/colegiopracticas\/documentos\/","title":{"rendered":"Documentos"},"content":{"rendered":"<p>[et_pb_section fb_built=&#8221;1&#8243; _builder_version=&#8221;4.24.2&#8243; min_height=&#8221;1305.1px&#8221; custom_margin=&#8221;||30px||false|false&#8221; global_colors_info=&#8221;{}&#8221;][et_pb_row _builder_version=&#8221;4.16&#8243; background_size=&#8221;initial&#8221; background_position=&#8221;top_left&#8221; background_repeat=&#8221;repeat&#8221; global_colors_info=&#8221;{}&#8221;][et_pb_column type=&#8221;4_4&#8243; _builder_version=&#8221;4.16&#8243; custom_padding=&#8221;|||&#8221; global_colors_info=&#8221;{}&#8221; custom_padding__hover=&#8221;|||&#8221;][et_pb_image src=&#8221;https:\/\/blogsaverroes.juntadeandalucia.es\/colegiopracticas\/files\/2025\/01\/Documentos-Ceip-Practicas.jpg&#8221; alt=&#8221;Planes y Programas&#8221; title_text=&#8221;Documentos Ceip Pr\u00e1cticas&#8221; _builder_version=&#8221;4.24.2&#8243; vertical_offset_tablet=&#8221;0&#8243; horizontal_offset_tablet=&#8221;0&#8243; z_index_tablet=&#8221;500&#8243; box_shadow_horizontal_tablet=&#8221;0px&#8221; box_shadow_vertical_tablet=&#8221;0px&#8221; box_shadow_blur_tablet=&#8221;40px&#8221; box_shadow_spread_tablet=&#8221;0px&#8221; global_colors_info=&#8221;{}&#8221;][\/et_pb_image][et_pb_text admin_label=&#8221;Texto descriptivo&#8221; _builder_version=&#8221;4.24.2&#8243; min_height=&#8221;55.6px&#8221; custom_padding=&#8221;8px|||||&#8221; z_index_tablet=&#8221;500&#8243; text_text_shadow_horizontal_length_tablet=&#8221;0px&#8221; text_text_shadow_vertical_length_tablet=&#8221;0px&#8221; text_text_shadow_blur_strength_tablet=&#8221;1px&#8221; link_text_shadow_horizontal_length_tablet=&#8221;0px&#8221; link_text_shadow_vertical_length_tablet=&#8221;0px&#8221; link_text_shadow_blur_strength_tablet=&#8221;1px&#8221; ul_text_shadow_horizontal_length_tablet=&#8221;0px&#8221; ul_text_shadow_vertical_length_tablet=&#8221;0px&#8221; ul_text_shadow_blur_strength_tablet=&#8221;1px&#8221; ol_text_shadow_horizontal_length_tablet=&#8221;0px&#8221; ol_text_shadow_vertical_length_tablet=&#8221;0px&#8221; ol_text_shadow_blur_strength_tablet=&#8221;1px&#8221; quote_text_shadow_horizontal_length_tablet=&#8221;0px&#8221; quote_text_shadow_vertical_length_tablet=&#8221;0px&#8221; quote_text_shadow_blur_strength_tablet=&#8221;1px&#8221; header_text_shadow_horizontal_length_tablet=&#8221;0px&#8221; header_text_shadow_vertical_length_tablet=&#8221;0px&#8221; header_text_shadow_blur_strength_tablet=&#8221;1px&#8221; header_2_text_shadow_horizontal_length_tablet=&#8221;0px&#8221; header_2_text_shadow_vertical_length_tablet=&#8221;0px&#8221; header_2_text_shadow_blur_strength_tablet=&#8221;1px&#8221; header_3_text_shadow_horizontal_length_tablet=&#8221;0px&#8221; header_3_text_shadow_vertical_length_tablet=&#8221;0px&#8221; header_3_text_shadow_blur_strength_tablet=&#8221;1px&#8221; header_4_text_shadow_horizontal_length_tablet=&#8221;0px&#8221; header_4_text_shadow_vertical_length_tablet=&#8221;0px&#8221; header_4_text_shadow_blur_strength_tablet=&#8221;1px&#8221; header_5_text_shadow_horizontal_length_tablet=&#8221;0px&#8221; header_5_text_shadow_vertical_length_tablet=&#8221;0px&#8221; header_5_text_shadow_blur_strength_tablet=&#8221;1px&#8221; header_6_text_shadow_horizontal_length_tablet=&#8221;0px&#8221; header_6_text_shadow_vertical_length_tablet=&#8221;0px&#8221; header_6_text_shadow_blur_strength_tablet=&#8221;1px&#8221; box_shadow_horizontal_tablet=&#8221;0px&#8221; box_shadow_vertical_tablet=&#8221;0px&#8221; box_shadow_blur_tablet=&#8221;40px&#8221; box_shadow_spread_tablet=&#8221;0px&#8221; inline_fonts=&#8221;Acme,Abhaya Libre&#8221; global_colors_info=&#8221;{}&#8221;]<\/p>\n<p><span style=\"color: #99278d\"><strong><span style=\"font-size: xx-large\">Documentos del Plan de Centro<\/span><\/strong><\/span><span style=\"color: #99278d\"><strong><span style=\"font-size: xx-large\"><\/span><\/strong><\/span><\/p>\n<ul><\/ul>\n<p>[\/et_pb_text][\/et_pb_column][\/et_pb_row][et_pb_row column_structure=&#8221;1_3,1_3,1_3&#8243; _builder_version=&#8221;4.24.2&#8243; _module_preset=&#8221;default&#8221; background_color=&#8221;rgba(221,199,210,0.75)&#8221; custom_padding=&#8221;30px|20px|20px|20px|false|false&#8221; hover_enabled=&#8221;0&#8243; global_colors_info=&#8221;{}&#8221; sticky_enabled=&#8221;0&#8243;][et_pb_column type=&#8221;1_3&#8243; _builder_version=&#8221;4.24.2&#8243; _module_preset=&#8221;default&#8221; global_colors_info=&#8221;{}&#8221;][et_pb_image src=&#8221;https:\/\/blogsaverroes.juntadeandalucia.es\/colegiopracticas\/files\/2025\/01\/Portada-Proyecto-Educativo-1.jpg&#8221; title_text=&#8221;Portada Proyecto Educativo&#8221; url=&#8221;https:\/\/drive.google.com\/file\/d\/1ELI2c7og7UiMrWgVGQ7rLYmLGDDm6zwP\/view?usp=sharing&#8221; _builder_version=&#8221;4.24.2&#8243; _module_preset=&#8221;default&#8221; global_colors_info=&#8221;{}&#8221;][\/et_pb_image][\/et_pb_column][et_pb_column type=&#8221;1_3&#8243; _builder_version=&#8221;4.24.2&#8243; _module_preset=&#8221;default&#8221; global_colors_info=&#8221;{}&#8221;][et_pb_image src=&#8221;https:\/\/blogsaverroes.juntadeandalucia.es\/colegiopracticas\/files\/2025\/01\/Portada-ROF-2.jpg&#8221; title_text=&#8221;Portada ROF&#8221; url=&#8221;https:\/\/drive.google.com\/file\/d\/1-lB7CzB5Is-vXIn_C5tyihTdtv_mOH-D\/view?usp=sharing&#8221; _builder_version=&#8221;4.24.2&#8243; _module_preset=&#8221;default&#8221; global_colors_info=&#8221;{}&#8221;][\/et_pb_image][\/et_pb_column][et_pb_column type=&#8221;1_3&#8243; _builder_version=&#8221;4.24.2&#8243; _module_preset=&#8221;default&#8221; global_colors_info=&#8221;{}&#8221;][et_pb_image src=&#8221;https:\/\/blogsaverroes.juntadeandalucia.es\/colegiopracticas\/files\/2025\/01\/Portada-Proyecto-de-Gestion-2.jpg&#8221; title_text=&#8221;Portada Proyecto de Gesti\u00f3n&#8221; url=&#8221;https:\/\/drive.google.com\/file\/d\/13rGGd1M0021wj_mRGKteJpENr5BdpKUl\/view?usp=sharing&#8221; _builder_version=&#8221;4.24.2&#8243; _module_preset=&#8221;default&#8221; global_colors_info=&#8221;{}&#8221;][\/et_pb_image][\/et_pb_column][\/et_pb_row][et_pb_row _builder_version=&#8221;4.24.2&#8243; _module_preset=&#8221;default&#8221; global_colors_info=&#8221;{}&#8221;][et_pb_column type=&#8221;4_4&#8243; _builder_version=&#8221;4.24.2&#8243; _module_preset=&#8221;default&#8221; global_colors_info=&#8221;{}&#8221;][et_pb_text _builder_version=&#8221;4.24.2&#8243; _module_preset=&#8221;default&#8221; global_colors_info=&#8221;{}&#8221;]<\/p>\n<h1 style=\"text-align: center\"><strong>Otros Documentos del Centro<\/strong><\/h1>\n<p>[\/et_pb_text][\/et_pb_column][\/et_pb_row][et_pb_row column_structure=&#8221;1_4,1_4,1_4,1_4&#8243; _builder_version=&#8221;4.24.2&#8243; _module_preset=&#8221;default&#8221; background_color=&#8221;rgba(221,144,183,0.75)&#8221; custom_padding=&#8221;20px|20px|20px|20px|false|false&#8221; link_option_url=&#8221;https:\/\/blogsaverroes.juntadeandalucia.es\/colegiopracticas\/files\/2025\/01\/Programa-CIMA.pdf&#8221; link_option_url_new_window=&#8221;on&#8221; global_colors_info=&#8221;{}&#8221;][et_pb_column type=&#8221;1_4&#8243; _builder_version=&#8221;4.24.2&#8243; _module_preset=&#8221;default&#8221; global_colors_info=&#8221;{}&#8221;][et_pb_image src=&#8221;https:\/\/blogsaverroes.juntadeandalucia.es\/colegiopracticas\/files\/2025\/01\/Portada-Plan-de-Convivencia.jpg&#8221; title_text=&#8221;Portada Plan de Convivencia&#8221; url=&#8221;https:\/\/drive.google.com\/file\/d\/1ygEAV5utqfmyCDfydL53jpKcO3a_WQtA\/view?usp=sharing&#8221; _builder_version=&#8221;4.24.2&#8243; _module_preset=&#8221;default&#8221; global_colors_info=&#8221;{}&#8221;][\/et_pb_image][\/et_pb_column][et_pb_column type=&#8221;1_4&#8243; _builder_version=&#8221;4.24.2&#8243; _module_preset=&#8221;default&#8221; global_colors_info=&#8221;{}&#8221;][et_pb_image src=&#8221;https:\/\/blogsaverroes.juntadeandalucia.es\/colegiopracticas\/files\/2025\/01\/Portada-Plan-de-actuacion-de-la-lectura.jpg&#8221; title_text=&#8221;Portada Plan de actuaci\u00f3n de la lectura&#8221; url=&#8221;https:\/\/drive.google.com\/file\/d\/1rv6Yuvjpnr1P6PQL2lEisXg1BPUWCsbt\/view?usp=sharing&#8221; _builder_version=&#8221;4.24.2&#8243; _module_preset=&#8221;default&#8221; global_colors_info=&#8221;{}&#8221;][\/et_pb_image][\/et_pb_column][et_pb_column type=&#8221;1_4&#8243; _builder_version=&#8221;4.24.2&#8243; _module_preset=&#8221;default&#8221; global_colors_info=&#8221;{}&#8221;][et_pb_image src=&#8221;https:\/\/blogsaverroes.juntadeandalucia.es\/colegiopracticas\/files\/2025\/01\/Portada-Recreos-inclusivos.jpg&#8221; title_text=&#8221;Portada Recreos inclusivos&#8221; url=&#8221;https:\/\/drive.google.com\/file\/d\/1NMmJEyVK57wWa_z9qmyUcewDjXcxukCI\/view?usp=sharing&#8221; url_new_window=&#8221;on&#8221; _builder_version=&#8221;4.24.2&#8243; _module_preset=&#8221;default&#8221; global_colors_info=&#8221;{}&#8221;][\/et_pb_image][\/et_pb_column][et_pb_column type=&#8221;1_4&#8243; _builder_version=&#8221;4.24.2&#8243; _module_preset=&#8221;default&#8221; global_colors_info=&#8221;{}&#8221;][et_pb_image src=&#8221;https:\/\/blogsaverroes.juntadeandalucia.es\/colegiopracticas\/files\/2025\/01\/Portada-Protocolo-de-calor.jpg&#8221; title_text=&#8221;Portada Protocolo de calor&#8221; url=&#8221;https:\/\/drive.google.com\/file\/d\/1V4yRAC3XpESyLTYfGk9sousB3P16UIki\/view?usp=sharing&#8221; _builder_version=&#8221;4.24.2&#8243; _module_preset=&#8221;default&#8221; global_colors_info=&#8221;{}&#8221;][\/et_pb_image][\/et_pb_column][\/et_pb_row][et_pb_row column_structure=&#8221;1_4,1_4,1_4,1_4&#8243; _builder_version=&#8221;4.24.2&#8243; _module_preset=&#8221;default&#8221; background_color=&#8221;rgba(221,144,183,0.75)&#8221; custom_padding=&#8221;20px|20px|30px|20px|false|false&#8221; link_option_url=&#8221;https:\/\/blogsaverroes.juntadeandalucia.es\/colegiopracticas\/files\/2025\/01\/Programa-CIMA.pdf&#8221; link_option_url_new_window=&#8221;on&#8221; hover_enabled=&#8221;0&#8243; global_colors_info=&#8221;{}&#8221; sticky_enabled=&#8221;0&#8243;][et_pb_column type=&#8221;1_4&#8243; _builder_version=&#8221;4.24.2&#8243; _module_preset=&#8221;default&#8221; global_colors_info=&#8221;{}&#8221;][et_pb_image src=&#8221;https:\/\/blogsaverroes.juntadeandalucia.es\/colegiopracticas\/files\/2025\/02\/Protocolo-de-actuacion-ante-familias-en-situacion-de-separacion-o-divorcio.png&#8221; title_text=&#8221;Protocolo de actuaci\u00f3n ante familias en situaci\u00f3n de separaci\u00f3n o divorcio&#8221; url=&#8221;https:\/\/drive.google.com\/file\/d\/1hRurYhu-5G4TquzEIGMceWn0MrFvOTpn\/view?usp=sharing&#8221; _builder_version=&#8221;4.24.2&#8243; _module_preset=&#8221;default&#8221; global_colors_info=&#8221;{}&#8221;][\/et_pb_image][\/et_pb_column][et_pb_column type=&#8221;1_4&#8243; _builder_version=&#8221;4.24.2&#8243; _module_preset=&#8221;default&#8221; global_colors_info=&#8221;{}&#8221;][et_pb_image src=&#8221;https:\/\/blogsaverroes.juntadeandalucia.es\/colegiopracticas\/files\/2025\/01\/portada-atencion-a-la-diversidad.jpg&#8221; title_text=&#8221;portada atenci\u00f3n a la diversidad&#8221; url=&#8221;https:\/\/drive.google.com\/file\/d\/15TI-ICreUNYRJoRV5b84TpbqlQm80m2D\/view?usp=sharing&#8221; _builder_version=&#8221;4.24.2&#8243; _module_preset=&#8221;default&#8221; global_colors_info=&#8221;{}&#8221;][\/et_pb_image][\/et_pb_column][et_pb_column type=&#8221;1_4&#8243; _builder_version=&#8221;4.24.2&#8243; _module_preset=&#8221;default&#8221; global_colors_info=&#8221;{}&#8221;][et_pb_image src=&#8221;https:\/\/blogsaverroes.juntadeandalucia.es\/colegiopracticas\/files\/2025\/02\/PLAN-AUTOPROTECCION-DEL-CENTRO.png&#8221; title_text=&#8221;PLAN AUTOPROTECCI\u00d3N DEL CENTRO&#8221; url=&#8221;https:\/\/drive.google.com\/file\/d\/1mn25DLfh0e9Tk29DqMlRCvQRltprMJPD\/view?usp=sharing&#8221; _builder_version=&#8221;4.24.2&#8243; _module_preset=&#8221;default&#8221; global_colors_info=&#8221;{}&#8221;][\/et_pb_image][\/et_pb_column][et_pb_column type=&#8221;1_4&#8243; _builder_version=&#8221;4.24.2&#8243; _module_preset=&#8221;default&#8221; global_colors_info=&#8221;{}&#8221;][et_pb_image src=&#8221;https:\/\/blogsaverroes.juntadeandalucia.es\/colegiopracticas\/files\/2025\/02\/portada-presentacion-Plan-de-Autoproteccion-del-Centro.jpg&#8221; title_text=&#8221;portada presentaci\u00f3n Plan de Autoprotecci\u00f3n del Centro&#8221; url=&#8221;https:\/\/drive.google.com\/file\/d\/1k0jiuJ1ZK03wl3IKSf7Pz5pSc8SJgwn_\/view?usp=sharing&#8221; _builder_version=&#8221;4.24.2&#8243; _module_preset=&#8221;default&#8221; global_colors_info=&#8221;{}&#8221;][\/et_pb_image][\/et_pb_column][\/et_pb_row][\/et_pb_section]<\/p>\n","protected":false},"excerpt":{"rendered":"<p>Documentos del Plan de Centro Otros Documentos del Centro<\/p>\n","protected":false},"author":14487,"featured_media":1105,"parent":0,"menu_order":0,"comment_status":"closed","ping_status":"closed","template":"","meta":{"_et_pb_use_builder":"on","_et_pb_old_content":"","_et_gb_content_width":"","ngg_post_thumbnail":0,"footnotes":""},"aioseo_notices":[],"_links":{"self":[{"href":"https:\/\/blogsaverroes.juntadeandalucia.es\/colegiopracticas\/wp-json\/wp\/v2\/pages\/1085"}],"collection":[{"href":"https:\/\/blogsaverroes.juntadeandalucia.es\/colegiopracticas\/wp-json\/wp\/v2\/pages"}],"about":[{"href":"https:\/\/blogsaverroes.juntadeandalucia.es\/colegiopracticas\/wp-json\/wp\/v2\/types\/page"}],"author":[{"embeddable":true,"href":"https:\/\/blogsaverroes.juntadeandalucia.es\/colegiopracticas\/wp-json\/wp\/v2\/users\/14487"}],"replies":[{"embeddable":true,"href":"https:\/\/blogsaverroes.juntadeandalucia.es\/colegiopracticas\/wp-json\/wp\/v2\/comments?post=1085"}],"version-history":[{"count":66,"href":"https:\/\/blogsaverroes.juntadeandalucia.es\/colegiopracticas\/wp-json\/wp\/v2\/pages\/1085\/revisions"}],"predecessor-version":[{"id":2494,"href":"https:\/\/blogsaverroes.juntadeandalucia.es\/colegiopracticas\/wp-json\/wp\/v2\/pages\/1085\/revisions\/2494"}],"wp:featuredmedia":[{"embeddable":true,"href":"https:\/\/blogsaverroes.juntadeandalucia.es\/colegiopracticas\/wp-json\/wp\/v2\/media\/1105"}],"wp:attachment":[{"href":"https:\/\/blogsaverroes.juntadeandalucia.es\/colegiopracticas\/wp-json\/wp\/v2\/media?parent=1085"}],"curies":[{"name":"wp","href":"https:\/\/api.w.org\/{rel}","templated":true}]}}