{"id":33,"date":"2020-01-10T09:28:18","date_gmt":"2020-01-10T08:28:18","guid":{"rendered":"http:\/\/blogsaverroes.juntadeandalucia.es\/pre\/nuevoies2v2\/?page_id=33"},"modified":"2025-09-30T12:19:11","modified_gmt":"2025-09-30T11:19:11","slug":"ampa","status":"publish","type":"page","link":"https:\/\/blogsaverroes.juntadeandalucia.es\/colegiopracticas\/ampa\/","title":{"rendered":"AMPA"},"content":{"rendered":"<p>[et_pb_section fb_built=&#8221;1&#8243; _builder_version=&#8221;4.16&#8243; custom_padding=&#8221;0px||0px|&#8221; hover_enabled=&#8221;0&#8243; z_index_tablet=&#8221;500&#8243; box_shadow_horizontal_tablet=&#8221;0px&#8221; box_shadow_vertical_tablet=&#8221;0px&#8221; box_shadow_blur_tablet=&#8221;40px&#8221; box_shadow_spread_tablet=&#8221;0px&#8221; global_colors_info=&#8221;{}&#8221; sticky_enabled=&#8221;0&#8243;][et_pb_row _builder_version=&#8221;4.24.2&#8243; background_size=&#8221;initial&#8221; background_position=&#8221;top_left&#8221; background_repeat=&#8221;repeat&#8221; global_colors_info=&#8221;{}&#8221;][et_pb_column type=&#8221;4_4&#8243; _builder_version=&#8221;4.16&#8243; custom_padding=&#8221;|||&#8221; global_colors_info=&#8221;{}&#8221; custom_padding__hover=&#8221;|||&#8221;][et_pb_image src=&#8221;https:\/\/blogsaverroes.juntadeandalucia.es\/colegiopracticas\/files\/2025\/01\/ampa-Vicente-Benitez.jpg&#8221; alt=&#8221;Aula Matinal Ceip Pr\u00e1cticas&#8221; title_text=&#8221;ampa Vicente Ben\u00edtez&#8221; url=&#8221;https:\/\/ampavicentebenitez.wordpress.com\/&#8221; align=&#8221;center&#8221; admin_label=&#8221;Imagen de la portada&#8221; _builder_version=&#8221;4.24.2&#8243; vertical_offset_tablet=&#8221;0&#8243; horizontal_offset_tablet=&#8221;0&#8243; hover_enabled=&#8221;0&#8243; z_index_tablet=&#8221;500&#8243; box_shadow_horizontal_tablet=&#8221;0px&#8221; box_shadow_vertical_tablet=&#8221;0px&#8221; box_shadow_blur_tablet=&#8221;40px&#8221; box_shadow_spread_tablet=&#8221;0px&#8221; global_colors_info=&#8221;{}&#8221; sticky_enabled=&#8221;0&#8243;][\/et_pb_image][et_pb_text admin_label=&#8221;Texto descriptivo&#8221; _builder_version=&#8221;4.24.2&#8243; z_index_tablet=&#8221;500&#8243; text_text_shadow_horizontal_length_tablet=&#8221;0px&#8221; text_text_shadow_vertical_length_tablet=&#8221;0px&#8221; text_text_shadow_blur_strength_tablet=&#8221;1px&#8221; link_text_shadow_horizontal_length_tablet=&#8221;0px&#8221; link_text_shadow_vertical_length_tablet=&#8221;0px&#8221; link_text_shadow_blur_strength_tablet=&#8221;1px&#8221; ul_text_shadow_horizontal_length_tablet=&#8221;0px&#8221; ul_text_shadow_vertical_length_tablet=&#8221;0px&#8221; ul_text_shadow_blur_strength_tablet=&#8221;1px&#8221; ol_text_shadow_horizontal_length_tablet=&#8221;0px&#8221; ol_text_shadow_vertical_length_tablet=&#8221;0px&#8221; ol_text_shadow_blur_strength_tablet=&#8221;1px&#8221; quote_text_shadow_horizontal_length_tablet=&#8221;0px&#8221; quote_text_shadow_vertical_length_tablet=&#8221;0px&#8221; quote_text_shadow_blur_strength_tablet=&#8221;1px&#8221; header_text_shadow_horizontal_length_tablet=&#8221;0px&#8221; header_text_shadow_vertical_length_tablet=&#8221;0px&#8221; header_text_shadow_blur_strength_tablet=&#8221;1px&#8221; header_2_text_shadow_horizontal_length_tablet=&#8221;0px&#8221; header_2_text_shadow_vertical_length_tablet=&#8221;0px&#8221; header_2_text_shadow_blur_strength_tablet=&#8221;1px&#8221; header_3_text_shadow_horizontal_length_tablet=&#8221;0px&#8221; header_3_text_shadow_vertical_length_tablet=&#8221;0px&#8221; header_3_text_shadow_blur_strength_tablet=&#8221;1px&#8221; header_4_text_shadow_horizontal_length_tablet=&#8221;0px&#8221; header_4_text_shadow_vertical_length_tablet=&#8221;0px&#8221; header_4_text_shadow_blur_strength_tablet=&#8221;1px&#8221; header_5_text_shadow_horizontal_length_tablet=&#8221;0px&#8221; header_5_text_shadow_vertical_length_tablet=&#8221;0px&#8221; header_5_text_shadow_blur_strength_tablet=&#8221;1px&#8221; header_6_text_shadow_horizontal_length_tablet=&#8221;0px&#8221; header_6_text_shadow_vertical_length_tablet=&#8221;0px&#8221; header_6_text_shadow_blur_strength_tablet=&#8221;1px&#8221; box_shadow_horizontal_tablet=&#8221;0px&#8221; box_shadow_vertical_tablet=&#8221;0px&#8221; box_shadow_blur_tablet=&#8221;40px&#8221; box_shadow_spread_tablet=&#8221;0px&#8221; global_colors_info=&#8221;{}&#8221;]<\/p>\n<h1><\/h1>\n<h1 data-start=\"95\" data-end=\"154\" style=\"text-align: center\"><strong><span style=\"color: #993366\"><\/span><\/strong><\/h1>\n<h1 data-start=\"95\" data-end=\"154\" style=\"text-align: center\"><strong><span style=\"color: #993366\"><\/span><\/strong><\/h1>\n<h1 data-start=\"95\" data-end=\"154\" style=\"text-align: center\"><strong><span style=\"color: #993366\">\u00bfQu\u00e9 es un AMPA y cu\u00e1l es su papel en nuestro colegio?<\/span><\/strong><\/h1>\n<p>&nbsp;<\/p>\n<p data-start=\"156\" data-end=\"542\" style=\"text-align: justify\">La AMPA es una Asociaci\u00f3n de Madres y Padres del Alumnado que representa a las familias dentro de la comunidad educativa.<\/p>\n<p data-start=\"156\" data-end=\"542\" style=\"text-align: justify\">Su objetivo principal es favorecer la participaci\u00f3n de madres y padres en la vida escolar, colaborar con el centro en la mejora de la educaci\u00f3n y promover actividades que enriquezcan la formaci\u00f3n del alumnado.<\/p>\n<p data-start=\"156\" data-end=\"542\" style=\"text-align: justify\">\n<h2 style=\"text-align: center\"><strong><span style=\"font-size: 22px;color: #993366\">Presentaci\u00f3n del AMPA de nuestro centro<\/span><\/strong><\/h2>\n<p><span style=\"font-size: 22px;color: #993366\"><\/span><\/p>\n<p>La Ampa Vicente Ben\u00edtez est\u00e1 formada por familias comprometidas con la educaci\u00f3n de sus hijos e hijas y con el buen funcionamiento del centro. Nuestra asociaci\u00f3n trabaja de manera conjunta con el profesorado y el equipo directivo para impulsar proyectos, colaborar en celebraciones y proponer iniciativas que beneficien al alumnado.<span style=\"font-size: 22px\"><\/span><\/p>\n<p data-start=\"1227\" data-end=\"1422\">Para consultar la p\u00e1gina web de la AMPA solo ten\u00e9is que pinchar en la\u00a0imagen del logo de la misma.<\/p>\n<p data-start=\"1227\" data-end=\"1422\">Queremos animar a todas las familias a participar activamente en la AMPA. Vuestra implicaci\u00f3n es fundamental para seguir construyendo una comunidad educativa abierta, solidaria y participativa.<\/p>\n<p data-start=\"1227\" data-end=\"1422\">\n<p>[\/et_pb_text][\/et_pb_column][\/et_pb_row][\/et_pb_section]<\/p>\n","protected":false},"excerpt":{"rendered":"<p>\u00bfQu\u00e9 es un AMPA y cu\u00e1l es su papel en nuestro colegio? &nbsp; La AMPA es una Asociaci\u00f3n de Madres y Padres del Alumnado que representa a las familias dentro de la comunidad educativa. Su objetivo principal es favorecer la participaci\u00f3n de madres y padres en la vida escolar, colaborar con el centro en la [&hellip;]<\/p>\n","protected":false},"author":14487,"featured_media":0,"parent":0,"menu_order":0,"comment_status":"closed","ping_status":"closed","template":"","meta":{"_et_pb_use_builder":"on","_et_pb_old_content":"","_et_gb_content_width":"","ngg_post_thumbnail":0,"footnotes":""},"aioseo_notices":[],"_links":{"self":[{"href":"https:\/\/blogsaverroes.juntadeandalucia.es\/colegiopracticas\/wp-json\/wp\/v2\/pages\/33"}],"collection":[{"href":"https:\/\/blogsaverroes.juntadeandalucia.es\/colegiopracticas\/wp-json\/wp\/v2\/pages"}],"about":[{"href":"https:\/\/blogsaverroes.juntadeandalucia.es\/colegiopracticas\/wp-json\/wp\/v2\/types\/page"}],"author":[{"embeddable":true,"href":"https:\/\/blogsaverroes.juntadeandalucia.es\/colegiopracticas\/wp-json\/wp\/v2\/users\/14487"}],"replies":[{"embeddable":true,"href":"https:\/\/blogsaverroes.juntadeandalucia.es\/colegiopracticas\/wp-json\/wp\/v2\/comments?post=33"}],"version-history":[{"count":11,"href":"https:\/\/blogsaverroes.juntadeandalucia.es\/colegiopracticas\/wp-json\/wp\/v2\/pages\/33\/revisions"}],"predecessor-version":[{"id":2997,"href":"https:\/\/blogsaverroes.juntadeandalucia.es\/colegiopracticas\/wp-json\/wp\/v2\/pages\/33\/revisions\/2997"}],"wp:attachment":[{"href":"https:\/\/blogsaverroes.juntadeandalucia.es\/colegiopracticas\/wp-json\/wp\/v2\/media?parent=33"}],"curies":[{"name":"wp","href":"https:\/\/api.w.org\/{rel}","templated":true}]}}