{"id":40,"date":"2020-01-10T09:33:33","date_gmt":"2020-01-10T08:33:33","guid":{"rendered":"http:\/\/blogsaverroes.juntadeandalucia.es\/pre\/nuevoies2v2\/?page_id=40"},"modified":"2026-03-19T12:25:49","modified_gmt":"2026-03-19T11:25:49","slug":"comedor-escolar","status":"publish","type":"page","link":"https:\/\/blogsaverroes.juntadeandalucia.es\/colegiopracticas\/comedor-escolar\/","title":{"rendered":"Comedor escolar"},"content":{"rendered":"<p>[et_pb_section fb_built=&#8221;1&#8243; _builder_version=&#8221;4.16&#8243; custom_padding=&#8221;0px||0px|&#8221; z_index_tablet=&#8221;500&#8243; box_shadow_horizontal_tablet=&#8221;0px&#8221; box_shadow_vertical_tablet=&#8221;0px&#8221; box_shadow_blur_tablet=&#8221;40px&#8221; box_shadow_spread_tablet=&#8221;0px&#8221; global_colors_info=&#8221;{}&#8221;][et_pb_row _builder_version=&#8221;4.24.2&#8243; background_size=&#8221;initial&#8221; background_position=&#8221;top_left&#8221; background_repeat=&#8221;repeat&#8221; custom_margin=&#8221;||30px||false|false&#8221; global_colors_info=&#8221;{}&#8221;][et_pb_column type=&#8221;4_4&#8243; _builder_version=&#8221;4.16&#8243; custom_padding=&#8221;|||&#8221; global_colors_info=&#8221;{}&#8221; custom_padding__hover=&#8221;|||&#8221;][et_pb_image src=&#8221;https:\/\/blogsaverroes.juntadeandalucia.es\/colegiopracticas\/files\/2025\/01\/Comedor-CEIP-Practicas.png&#8221; alt=&#8221;Aula Matinal Ceip Pr\u00e1cticas&#8221; title_text=&#8221;Comedor CEIP Pr\u00e1cticas&#8221; admin_label=&#8221;Imagen de la portada&#8221; _builder_version=&#8221;4.24.2&#8243; vertical_offset_tablet=&#8221;0&#8243; horizontal_offset_tablet=&#8221;0&#8243; z_index_tablet=&#8221;500&#8243; box_shadow_horizontal_tablet=&#8221;0px&#8221; box_shadow_vertical_tablet=&#8221;0px&#8221; box_shadow_blur_tablet=&#8221;40px&#8221; box_shadow_spread_tablet=&#8221;0px&#8221; global_colors_info=&#8221;{}&#8221;][\/et_pb_image][et_pb_text admin_label=&#8221;Texto descriptivo&#8221; _builder_version=&#8221;4.24.2&#8243; custom_padding=&#8221;1px|||||&#8221; z_index_tablet=&#8221;500&#8243; text_text_shadow_horizontal_length_tablet=&#8221;0px&#8221; text_text_shadow_vertical_length_tablet=&#8221;0px&#8221; text_text_shadow_blur_strength_tablet=&#8221;1px&#8221; link_text_shadow_horizontal_length_tablet=&#8221;0px&#8221; link_text_shadow_vertical_length_tablet=&#8221;0px&#8221; link_text_shadow_blur_strength_tablet=&#8221;1px&#8221; ul_text_shadow_horizontal_length_tablet=&#8221;0px&#8221; ul_text_shadow_vertical_length_tablet=&#8221;0px&#8221; ul_text_shadow_blur_strength_tablet=&#8221;1px&#8221; ol_text_shadow_horizontal_length_tablet=&#8221;0px&#8221; ol_text_shadow_vertical_length_tablet=&#8221;0px&#8221; ol_text_shadow_blur_strength_tablet=&#8221;1px&#8221; quote_text_shadow_horizontal_length_tablet=&#8221;0px&#8221; quote_text_shadow_vertical_length_tablet=&#8221;0px&#8221; quote_text_shadow_blur_strength_tablet=&#8221;1px&#8221; header_text_shadow_horizontal_length_tablet=&#8221;0px&#8221; header_text_shadow_vertical_length_tablet=&#8221;0px&#8221; header_text_shadow_blur_strength_tablet=&#8221;1px&#8221; header_2_text_shadow_horizontal_length_tablet=&#8221;0px&#8221; header_2_text_shadow_vertical_length_tablet=&#8221;0px&#8221; header_2_text_shadow_blur_strength_tablet=&#8221;1px&#8221; header_3_text_shadow_horizontal_length_tablet=&#8221;0px&#8221; header_3_text_shadow_vertical_length_tablet=&#8221;0px&#8221; header_3_text_shadow_blur_strength_tablet=&#8221;1px&#8221; header_4_text_shadow_horizontal_length_tablet=&#8221;0px&#8221; header_4_text_shadow_vertical_length_tablet=&#8221;0px&#8221; header_4_text_shadow_blur_strength_tablet=&#8221;1px&#8221; header_5_text_shadow_horizontal_length_tablet=&#8221;0px&#8221; header_5_text_shadow_vertical_length_tablet=&#8221;0px&#8221; header_5_text_shadow_blur_strength_tablet=&#8221;1px&#8221; header_6_text_shadow_horizontal_length_tablet=&#8221;0px&#8221; header_6_text_shadow_vertical_length_tablet=&#8221;0px&#8221; header_6_text_shadow_blur_strength_tablet=&#8221;1px&#8221; box_shadow_horizontal_tablet=&#8221;0px&#8221; box_shadow_vertical_tablet=&#8221;0px&#8221; box_shadow_blur_tablet=&#8221;40px&#8221; box_shadow_spread_tablet=&#8221;0px&#8221; global_colors_info=&#8221;{}&#8221;]<\/p>\n<h2><span style=\"color: #5153e8;font-size: x-large\"><strong>Comedor escolar<\/strong><\/span><\/h2>\n<p>&nbsp;<\/p>\n<p>Disponemos de servicio de comedor en modalidad catering, actualmente con la empresa <strong>HERMANOS GONZ\u00c1LEZ<\/strong>.<\/p>\n<p>En esta secci\u00f3n encontrar\u00e1s todos los men\u00fas mensuales.<\/p>\n<p>[\/et_pb_text][et_pb_button button_url=&#8221;https:\/\/blogsaverroes.juntadeandalucia.es\/colegiopracticas\/files\/2026\/03\/comedor-escolar-Planilla-7-Mar-Abr.pdf&#8221; button_text=&#8221;MEN\u00daS 23 MARZO a 24 de ABRIL de 2026&#8243; _builder_version=&#8221;4.24.2&#8243; _module_preset=&#8221;default&#8221; box_shadow_style=&#8221;preset1&#8243; box_shadow_horizontal=&#8221;-9px&#8221; global_colors_info=&#8221;{}&#8221;][\/et_pb_button][et_pb_button button_text=&#8221;Recomendaciones sobre alimentaci\u00f3n MES DE MARZO&#8221; _builder_version=&#8221;4.24.2&#8243; _module_preset=&#8221;default&#8221; hover_enabled=&#8221;0&#8243; box_shadow_style=&#8221;preset1&#8243; box_shadow_horizontal=&#8221;-9px&#8221; global_colors_info=&#8221;{}&#8221; button_url=&#8221;https:\/\/blogsaverroes.juntadeandalucia.es\/colegiopracticas\/files\/2026\/03\/comedor-infografias-mes-de-marzo.pdf&#8221; sticky_enabled=&#8221;0&#8243;][\/et_pb_button][et_pb_button button_url=&#8221;https:\/\/blogsaverroes.juntadeandalucia.es\/colegiopracticas\/files\/2026\/01\/Planilla-26-Ene-20-Feb.pdf&#8221; button_text=&#8221;MEN\u00daS 26 ENERO a 20 de FEBRERO de 2026&#8243; _builder_version=&#8221;4.24.2&#8243; _module_preset=&#8221;default&#8221; box_shadow_style=&#8221;preset1&#8243; box_shadow_horizontal=&#8221;-9px&#8221; global_colors_info=&#8221;{}&#8221;][\/et_pb_button][et_pb_button button_url=&#8221;https:\/\/blogsaverroes.juntadeandalucia.es\/colegiopracticas\/files\/2026\/01\/Recomendaciones-alimentacion-febrero.pdf&#8221; button_text=&#8221;Recomendaciones sobre alimentaci\u00f3n MES DE FEBRERO&#8221; _builder_version=&#8221;4.24.2&#8243; _module_preset=&#8221;default&#8221; box_shadow_style=&#8221;preset1&#8243; box_shadow_horizontal=&#8221;-9px&#8221; global_colors_info=&#8221;{}&#8221;][\/et_pb_button][et_pb_button button_url=&#8221;https:\/\/blogsaverroes.juntadeandalucia.es\/colegiopracticas\/files\/2025\/11\/Planilla-3-Nov-Dic-def.pdf&#8221; button_text=&#8221;MEN\u00daS 10 NOVIEMBRE a 5 de DICIEMBRE de 2025&#8243; _builder_version=&#8221;4.24.2&#8243; _module_preset=&#8221;default&#8221; box_shadow_style=&#8221;preset1&#8243; box_shadow_horizontal=&#8221;-9px&#8221; global_colors_info=&#8221;{}&#8221;][\/et_pb_button][et_pb_button button_url=&#8221;https:\/\/blogsaverroes.juntadeandalucia.es\/colegiopracticas\/files\/2025\/11\/Planilla-2-Oct-Nov.pdf&#8221; button_text=&#8221;MEN\u00daS 13 OCTUBRE a 7 de NOVIEMBRE de 2025&#8243; _builder_version=&#8221;4.24.2&#8243; _module_preset=&#8221;default&#8221; box_shadow_style=&#8221;preset1&#8243; box_shadow_horizontal=&#8221;-9px&#8221; global_colors_info=&#8221;{}&#8221;][\/et_pb_button][et_pb_button button_url=&#8221;https:\/\/blogsaverroes.juntadeandalucia.es\/colegiopracticas\/files\/2025\/11\/INFOGRAFIAS-OCTUBRE.pdf&#8221; button_text=&#8221;Recomendaciones sobre alimentaci\u00f3n mes de OCTUBRE&#8221; _builder_version=&#8221;4.24.2&#8243; _module_preset=&#8221;default&#8221; box_shadow_style=&#8221;preset1&#8243; box_shadow_horizontal=&#8221;-9px&#8221; global_colors_info=&#8221;{}&#8221;][\/et_pb_button][et_pb_button button_url=&#8221;https:\/\/blogsaverroes.juntadeandalucia.es\/colegiopracticas\/files\/2025\/11\/Infografias-Noviembre.pdf&#8221; button_text=&#8221;Recomendaciones sobre alimentaci\u00f3n MES DE NOVIEMBRE&#8221; _builder_version=&#8221;4.24.2&#8243; _module_preset=&#8221;default&#8221; box_shadow_style=&#8221;preset1&#8243; box_shadow_horizontal=&#8221;-9px&#8221; global_colors_info=&#8221;{}&#8221;][\/et_pb_button][et_pb_button button_url=&#8221;https:\/\/blogsaverroes.juntadeandalucia.es\/colegiopracticas\/files\/2025\/09\/Planilla-1-Sep-Oct.pdf&#8221; button_text=&#8221;MEN\u00daS mes de SEPTIEMBRE de 2025&#8243; _builder_version=&#8221;4.24.2&#8243; _module_preset=&#8221;default&#8221; box_shadow_style=&#8221;preset1&#8243; box_shadow_horizontal=&#8221;-9px&#8221; global_colors_info=&#8221;{}&#8221;][\/et_pb_button][\/et_pb_column][\/et_pb_row][\/et_pb_section]<\/p>\n","protected":false},"excerpt":{"rendered":"<p>Comedor escolar &nbsp; Disponemos de servicio de comedor en modalidad catering, actualmente con la empresa HERMANOS GONZ\u00c1LEZ. En esta secci\u00f3n encontrar\u00e1s todos los men\u00fas mensuales.<\/p>\n","protected":false},"author":14487,"featured_media":0,"parent":0,"menu_order":0,"comment_status":"closed","ping_status":"closed","template":"","meta":{"_et_pb_use_builder":"on","_et_pb_old_content":"","_et_gb_content_width":"","ngg_post_thumbnail":0,"footnotes":""},"aioseo_notices":[],"_links":{"self":[{"href":"https:\/\/blogsaverroes.juntadeandalucia.es\/colegiopracticas\/wp-json\/wp\/v2\/pages\/40"}],"collection":[{"href":"https:\/\/blogsaverroes.juntadeandalucia.es\/colegiopracticas\/wp-json\/wp\/v2\/pages"}],"about":[{"href":"https:\/\/blogsaverroes.juntadeandalucia.es\/colegiopracticas\/wp-json\/wp\/v2\/types\/page"}],"author":[{"embeddable":true,"href":"https:\/\/blogsaverroes.juntadeandalucia.es\/colegiopracticas\/wp-json\/wp\/v2\/users\/14487"}],"replies":[{"embeddable":true,"href":"https:\/\/blogsaverroes.juntadeandalucia.es\/colegiopracticas\/wp-json\/wp\/v2\/comments?post=40"}],"version-history":[{"count":33,"href":"https:\/\/blogsaverroes.juntadeandalucia.es\/colegiopracticas\/wp-json\/wp\/v2\/pages\/40\/revisions"}],"predecessor-version":[{"id":3370,"href":"https:\/\/blogsaverroes.juntadeandalucia.es\/colegiopracticas\/wp-json\/wp\/v2\/pages\/40\/revisions\/3370"}],"wp:attachment":[{"href":"https:\/\/blogsaverroes.juntadeandalucia.es\/colegiopracticas\/wp-json\/wp\/v2\/media?parent=40"}],"curies":[{"name":"wp","href":"https:\/\/api.w.org\/{rel}","templated":true}]}}