{"id":2174,"date":"2016-02-02T20:38:43","date_gmt":"2016-02-02T20:38:43","guid":{"rendered":"http:\/\/blogsaverroes.juntadeandalucia.es\/colegiorafaelaldehuela\/?page_id=2174"},"modified":"2020-11-23T12:32:42","modified_gmt":"2020-11-23T12:32:42","slug":"consejo-escolar","status":"publish","type":"page","link":"https:\/\/blogsaverroes.juntadeandalucia.es\/colegiorafaelaldehuela\/consejo-escolar\/","title":{"rendered":"Consejo Escolar"},"content":{"rendered":"<p>El actual Consejo Escolar del Centro se constituy\u00f3 el 03\/11\/2018, y lo conforman los siguientes miembros:<\/p>\n<p><strong>EQUIPO DIRECTIVO.<\/strong><\/p>\n<ul>\n<li>Directora: D\u00aa. M\u00aa \u00c1ngeles Funes Vill\u00e9n.<\/li>\n<li>Jefa de Estudios: D\u00aa. Cristobalina Guti\u00e9rrez Gonz\u00e1lez.<\/li>\n<li>Secretaria: D. Manuel Tapiador Carillo.<\/li>\n<\/ul>\n<p><strong>REPRESENTANTES DEL PROFESORADO.<\/strong><\/p>\n<ul>\n<li>D\u00aa. Berbel Olmo, Natividad.<\/li>\n<li>D. Granados Betancourt, Manuel.<\/li>\n<li>D\u00aa. Navajas Cordob\u00e9s, Beatriz.<\/li>\n<\/ul>\n<p><strong>REPRESENTANTES DE LOS PADRES Y MADRES.<\/strong><\/p>\n<ul>\n<li>D. Aranda Aguilera, Jos\u00e9 Carlos.<\/li>\n<li>D.&nbsp; Francisco Luis L\u00f3pez Cabrera.<\/li>\n<li>D\u00aa. Antonia Gonz\u00e1lez Exp\u00f3sito<\/li>\n<li>D\u00aa. M\u00aa Jos\u00e9 Garc\u00eda Mu\u00f1oz (AMPA).<\/li>\n<\/ul>\n<p><strong>REPRESENTANTE DEL AYUNTAMIENTO.<\/strong><\/p>\n<ul>\n<li>D\u00aa. Laura Ca\u00f1o Gonz\u00e1lez.<\/li>\n<\/ul>\n<p><strong>REPRESENTANTE DEL P.A.E.<\/strong><\/p>\n<ul>\n<li>D\u00aa. Josefa Montoya L\u00f3pez.<\/li>\n<\/ul>\n<p><strong>REPRESENTANTE DEL P.A.S.<\/strong><\/p>\n<ul>\n<li>D\u00aa Isabel M\u00e9rida Ceballos<\/li>\n<\/ul>\n<p>&nbsp;<\/p>\n<p><strong>OTRAS ESTRUCTURAS:<\/strong><\/p>\n<p>\u2022 <span style=\"text-decoration: underline\">Comisi\u00f3n Permanente<\/span>:<\/p>\n<ul style=\"list-style-type: circle\">\n<li>D\u00aa. M\u00aa \u00c1ngeles Funes Vill\u00e9n, como Directora<\/li>\n<li>D\u00aa. Cristobalina Guti\u00e9rrez Gonz\u00e1lez, como Jefa de Estudios<\/li>\n<li>D. Fco. Luis L\u00f3pez Cabrera, como padre.<\/li>\n<li>D\u00aa. Natividad Berbel Olmo, como profesora.<\/li>\n<\/ul>\n<p>\u2022 <span style=\"text-decoration: underline\">Comisi\u00f3n de convivencia<\/span>:<\/p>\n<ul style=\"list-style-type: circle\">\n<li>D\u00aa. M\u00aa \u00c1ngeles Funes Vill\u00e9n, como Directora<\/li>\n<li>D\u00aa. Cristobalina Guti\u00e9rrez Gonz\u00e1lez, como Jefa de Estudios<\/li>\n<li>D. Jos\u00e9 Carlos Aranda Aguilera, como padre.<\/li>\n<li>D\u00aa. M\u00aa Jos\u00e9 Garc\u00eda Mu\u00f1oz, como AMPA<\/li>\n<li>D\u00aa. Beatriz Navajas Cordob\u00e9s, como profesora.<\/li>\n<\/ul>\n<p>\u2022 <span style=\"text-decoration: underline\">Equipo de Evaluaci\u00f3n<\/span>:<\/p>\n<ul style=\"list-style-type: circle\">\n<li>D\u00aa. M\u00aa \u00c1ngeles Funes Vill\u00e9n, como Directora<\/li>\n<li>D\u00aa. Cristobalina Guti\u00e9rrez Gonz\u00e1lez, como Jefa de Estudios<\/li>\n<li>D. Manuel Granados Betancourt, como profesor.<\/li>\n<li>D. Jos\u00e9 Carlos Aranda Aguilera, como padre.<\/li>\n<\/ul>\n<p>\u2022 <span style=\"text-decoration: underline\">Comisi\u00f3n de libros de texto<\/span>:<\/p>\n<p>\u25e6 Directora: D\u00aa. M\u00aa \u00c1ngeles Funes Vill\u00e9n.<br \/>\n\u25e6 Secretario: D. Manuel Tapiador Carrillo.<br \/>\n\u25e6 Representante padres y madres: D\u00aa. Antonia Gonz\u00e1lez Exp\u00f3sito<\/p>\n<p>\u25e6 Representante del profesorado: D\u00aa. Natividad Berbel Olmo.<\/p>\n<p>\u2022 <span style=\"text-decoration: underline\">Comisi\u00f3n de salud y prevenci\u00f3n de riesgos laborales<\/span>:<\/p>\n<p>\u25e6 Directora: D\u00aa. M\u00aa \u00c1ngeles Funes Vill\u00e9n.<br \/>\n\u25e6 Secretario: D. Manuel Tapiador Carrillo.<br \/>\n\u25e6 Representante padres y madres: D. Fco. Luis L\u00f3pez Cabrera.<br \/>\n\u25e6 Representante del profesorado: D. Manuel Granados Betancourt.<br \/>\n\u25e6 Representante P.A.E: D\u00aa. Josefa Montoya L\u00f3pez.<\/p>\n<p>&nbsp;<\/p>\n","protected":false},"excerpt":{"rendered":"<p>El actual Consejo Escolar del Centro se constituy\u00f3 el 03\/11\/2018, y lo conforman los siguientes miembros: EQUIPO DIRECTIVO. Directora: D\u00aa. M\u00aa \u00c1ngeles Funes Vill\u00e9n. Jefa de Estudios: D\u00aa. Cristobalina Guti\u00e9rrez Gonz\u00e1lez. Secretaria: D. Manuel Tapiador Carillo. REPRESENTANTES DEL PROFESORADO. D\u00aa. Berbel Olmo, Natividad. D. Granados Betancourt, Manuel. D\u00aa. Navajas Cordob\u00e9s, Beatriz. REPRESENTANTES DE LOS PADRES &hellip; <a href=\"https:\/\/blogsaverroes.juntadeandalucia.es\/colegiorafaelaldehuela\/consejo-escolar\/\" class=\"more-link\">Seguir leyendo <span class=\"screen-reader-text\">Consejo Escolar<\/span> <span class=\"meta-nav\">&rarr;<\/span><\/a><\/p>\n","protected":false},"author":2742,"featured_media":0,"parent":0,"menu_order":0,"comment_status":"open","ping_status":"open","template":"","meta":{"ngg_post_thumbnail":0,"footnotes":"","_mc_calendar":[]},"aioseo_notices":[],"_links":{"self":[{"href":"https:\/\/blogsaverroes.juntadeandalucia.es\/colegiorafaelaldehuela\/wp-json\/wp\/v2\/pages\/2174"}],"collection":[{"href":"https:\/\/blogsaverroes.juntadeandalucia.es\/colegiorafaelaldehuela\/wp-json\/wp\/v2\/pages"}],"about":[{"href":"https:\/\/blogsaverroes.juntadeandalucia.es\/colegiorafaelaldehuela\/wp-json\/wp\/v2\/types\/page"}],"author":[{"embeddable":true,"href":"https:\/\/blogsaverroes.juntadeandalucia.es\/colegiorafaelaldehuela\/wp-json\/wp\/v2\/users\/2742"}],"replies":[{"embeddable":true,"href":"https:\/\/blogsaverroes.juntadeandalucia.es\/colegiorafaelaldehuela\/wp-json\/wp\/v2\/comments?post=2174"}],"version-history":[{"count":17,"href":"https:\/\/blogsaverroes.juntadeandalucia.es\/colegiorafaelaldehuela\/wp-json\/wp\/v2\/pages\/2174\/revisions"}],"predecessor-version":[{"id":2583,"href":"https:\/\/blogsaverroes.juntadeandalucia.es\/colegiorafaelaldehuela\/wp-json\/wp\/v2\/pages\/2174\/revisions\/2583"}],"wp:attachment":[{"href":"https:\/\/blogsaverroes.juntadeandalucia.es\/colegiorafaelaldehuela\/wp-json\/wp\/v2\/media?parent=2174"}],"curies":[{"name":"wp","href":"https:\/\/api.w.org\/{rel}","templated":true}]}}