{"id":2215,"date":"2016-02-07T13:29:32","date_gmt":"2016-02-07T13:29:32","guid":{"rendered":"http:\/\/blogsaverroes.juntadeandalucia.es\/colegiorafaelaldehuela\/?page_id=2215"},"modified":"2016-02-07T13:45:29","modified_gmt":"2016-02-07T13:45:29","slug":"actividades-ampa","status":"publish","type":"page","link":"https:\/\/blogsaverroes.juntadeandalucia.es\/colegiorafaelaldehuela\/actividades-ampa\/","title":{"rendered":"Actividades AMPA"},"content":{"rendered":"<p style=\"text-align: justify\">Desde sus inicios, nuestra AMPA se ha caracterizado por ofrecer a los alumnos\/as del Centro diversas actividades extraescolares con el \u00e1nimo de completar la educaci\u00f3n que reciben. Especialmente, desde que con fecha 13\/06\/01 fue autorizado por el Servicio de Ordenaci\u00f3n Educativa el cambio de jornada del Centro al modelo \u201cA\u201d se han multiplicado las iniciativas que en este sentido venimos realizando.<\/p>\n<p style=\"text-align: justify\">Adem\u00e1s de estas actividades, mantenemos con el Centro unas estrechas relaciones de colaboraci\u00f3n, que quedan plasmadas en diversas actividades que se realizan por el mismo: Fiesta de Oto\u00f1o, Carnaval, D\u00eda de Andaluc\u00eda, D\u00eda del libro, Fiesta fin de curso&#8230; A trav\u00e9s de esta p\u00e1gina os mantendremos puntualmente informados de las actividades que desarrollemos en el futuro.<\/p>\n<p style=\"text-align: justify\">Cuantas madres\/padres lo deseen pueden colaborar en las distintas actividades que realizamos. Para ello s\u00f3lo tienen que dirigirse a cualquiera de los miembros de la Junta Directiva de la misma.<\/p>\n<p style=\"text-align: justify\">\n<h2 style=\"text-align: justify\">Carnaval<\/h2>\n<p style=\"text-align: justify\">En colaboraci\u00f3n con el profesorado del Centro, el pr\u00f3ximo lunes 8 de Febrero se celebrar\u00e1 el Carnaval del colegio.<\/p>\n<p style=\"text-align: justify\">Desde aqu\u00ed animamos a toda la comunidad educativa a participar, pasaremos una tarde alegre y divertida en compa\u00f1\u00eda de nuestr@s hij@s.<\/p>\n<p style=\"text-align: justify\">Como viene siendo habitual, desde el AMPA organizaremos juegos, desfiles, merienda para el alumnado y se entregar\u00e1n diversos premios por categor\u00edas de disfraces.<\/p>\n<p style=\"text-align: justify\">\n","protected":false},"excerpt":{"rendered":"<p>Desde sus inicios, nuestra AMPA se ha caracterizado por ofrecer a los alumnos\/as del Centro diversas actividades extraescolares con el \u00e1nimo de completar la educaci\u00f3n que reciben. Especialmente, desde que con fecha 13\/06\/01 fue autorizado por el Servicio de Ordenaci\u00f3n Educativa el cambio de jornada del Centro al modelo \u201cA\u201d se han multiplicado las iniciativas &hellip; <a href=\"https:\/\/blogsaverroes.juntadeandalucia.es\/colegiorafaelaldehuela\/actividades-ampa\/\" class=\"more-link\">Seguir leyendo <span class=\"screen-reader-text\">Actividades AMPA<\/span> <span class=\"meta-nav\">&rarr;<\/span><\/a><\/p>\n","protected":false},"author":2742,"featured_media":0,"parent":0,"menu_order":0,"comment_status":"open","ping_status":"open","template":"page-templates\/child-menu.php","meta":{"ngg_post_thumbnail":0,"footnotes":"","_mc_calendar":[]},"aioseo_notices":[],"_links":{"self":[{"href":"https:\/\/blogsaverroes.juntadeandalucia.es\/colegiorafaelaldehuela\/wp-json\/wp\/v2\/pages\/2215"}],"collection":[{"href":"https:\/\/blogsaverroes.juntadeandalucia.es\/colegiorafaelaldehuela\/wp-json\/wp\/v2\/pages"}],"about":[{"href":"https:\/\/blogsaverroes.juntadeandalucia.es\/colegiorafaelaldehuela\/wp-json\/wp\/v2\/types\/page"}],"author":[{"embeddable":true,"href":"https:\/\/blogsaverroes.juntadeandalucia.es\/colegiorafaelaldehuela\/wp-json\/wp\/v2\/users\/2742"}],"replies":[{"embeddable":true,"href":"https:\/\/blogsaverroes.juntadeandalucia.es\/colegiorafaelaldehuela\/wp-json\/wp\/v2\/comments?post=2215"}],"version-history":[{"count":4,"href":"https:\/\/blogsaverroes.juntadeandalucia.es\/colegiorafaelaldehuela\/wp-json\/wp\/v2\/pages\/2215\/revisions"}],"predecessor-version":[{"id":2221,"href":"https:\/\/blogsaverroes.juntadeandalucia.es\/colegiorafaelaldehuela\/wp-json\/wp\/v2\/pages\/2215\/revisions\/2221"}],"wp:attachment":[{"href":"https:\/\/blogsaverroes.juntadeandalucia.es\/colegiorafaelaldehuela\/wp-json\/wp\/v2\/media?parent=2215"}],"curies":[{"name":"wp","href":"https:\/\/api.w.org\/{rel}","templated":true}]}}