{"id":49,"date":"2015-03-13T08:47:05","date_gmt":"2015-03-13T08:47:05","guid":{"rendered":"http:\/\/blogsaverroes.juntadeandalucia.es\/pre\/ceip\/?page_id=49"},"modified":"2022-12-07T12:39:33","modified_gmt":"2022-12-07T12:39:33","slug":"plan-de-centro","status":"publish","type":"page","link":"https:\/\/blogsaverroes.juntadeandalucia.es\/colegiorafaelaldehuela\/plan-de-centro\/","title":{"rendered":"Plan de Centro"},"content":{"rendered":"<p>&nbsp;<\/p>\n<h2 style=\"text-align: left\"><span style=\"color: #3366ff\"><strong><span style=\"color: #993300\">INTRODUCCI\u00d3N<\/span><a href=\"https:\/\/blogsaverroes.juntadeandalucia.es\/colegiorafaelaldehuela\/files\/2015\/05\/Escudo-colegio.png\"><img decoding=\"async\" class=\" wp-image-2164 alignright\" src=\"https:\/\/blogsaverroes.juntadeandalucia.es\/colegiorafaelaldehuela\/files\/2015\/05\/Escudo-colegio-300x294.png\" alt=\"\" width=\"193\" height=\"189\" srcset=\"https:\/\/blogsaverroes.juntadeandalucia.es\/colegiorafaelaldehuela\/files\/2015\/05\/Escudo-colegio-300x294.png 300w, https:\/\/blogsaverroes.juntadeandalucia.es\/colegiorafaelaldehuela\/files\/2015\/05\/Escudo-colegio.png 337w\" sizes=\"(max-width: 193px) 100vw, 193px\" \/><\/a><\/strong><\/span><\/h2>\n<p style=\"text-align: justify\">Tal y como recoge la normativa actual correspondiente al <em><strong>Reglamento de Organizaci\u00f3n de Centros de Educaci\u00f3n Infantil y Primaria<\/strong><\/em>, se hace p\u00fablica la documentaci\u00f3n acad\u00e9mica de nuestro centro. Estos documentos quedan a disposici\u00f3n de toda la comunidad educativa para su consulta.&nbsp;<\/p>\n<h2>&nbsp;<\/h2>\n<h2><span style=\"color: #993300\"><strong>PLAN DE CENTRO<\/strong><\/span><\/h2>\n<figure style=\"width: 315px\" class=\"wp-caption alignleft\"><img fetchpriority=\"high\" decoding=\"async\" src=\"https:\/\/isabelcatolica.com\/wp-content\/uploads\/2019\/10\/plancentro.jpg\" alt=\"\" width=\"315\" height=\"190\"\/><figcaption class=\"wp-caption-text\">Documentos que componen el Plan de Centro<\/figcaption><\/figure>\n<p>&nbsp;<\/p>\n<p>&nbsp;<\/p>\n<p>&nbsp;<\/p>\n<p>&nbsp;<\/p>\n<p>&nbsp;<\/p>\n<p>&nbsp;<\/p>\n<h3>&nbsp;<\/h3>\n<h3><span style=\"color: #9c880b\">PROYECTO EDUCATIVO<\/span><\/h3>\n<p>El <strong>Proyecto Educativo&nbsp;<\/strong> plasma el modelo educativo y la concreci\u00f3n de la normativa que un centro realiza respecto a las ense\u00f1anzas que imparte. Aspectos tales como los fines educativos, objetivos, atenci\u00f3n a la diversidad, etc.<\/p>\n<ol>\n<li><a href=\"https:\/\/blogsaverroes.juntadeandalucia.es\/colegiorafaelaldehuela\/files\/2020\/11\/Proyecto-Educativo-Aldehuela.pdf\">Proyecto Educativo Aldehuela<\/a><\/li>\n<li><a href=\"https:\/\/blogsaverroes.juntadeandalucia.es\/colegiorafaelaldehuela\/files\/2020\/11\/Modificacio\u0301n-Realidad-Social-Centro.pdf\">Modificacio\u0301n Realidad Social Centro<\/a><\/li>\n<li><a href=\"https:\/\/blogsaverroes.juntadeandalucia.es\/colegiorafaelaldehuela\/files\/2022\/10\/Proyecto-educativo.-Evaluaci\u00f3n-en-Ed.-Primaria-lomloe-modif-1.pdf\">Evaluaci\u00f3n en Ed. Primaria <\/a><\/li>\n<li><a href=\"https:\/\/blogsaverroes.juntadeandalucia.es\/colegiorafaelaldehuela\/files\/2020\/11\/Plan-de-mejora-Aldehuela.pdf\">Plan de mejora Aldehuela<\/a><\/li>\n<li><a href=\"https:\/\/blogsaverroes.juntadeandalucia.es\/colegiorafaelaldehuela\/files\/2022\/10\/Plan-de-Actuaci\u00f3n-TDE.pdf\">Plan de Actuaci\u00f3n TDE<\/a><\/li>\n<li><a href=\"https:\/\/blogsaverroes.juntadeandalucia.es\/colegiorafaelaldehuela\/files\/2022\/10\/Plan-de-igualdad-Aldehuela-21-22.pdf\">Plan de igualdad Aldehuela 21-22<\/a><\/li>\n<li><a href=\"https:\/\/blogsaverroes.juntadeandalucia.es\/colegiorafaelaldehuela\/files\/2022\/10\/PLan-de-formaci\u00f3n-21.22-Aldehuela-modificado.pdf\">Plan de formaci\u00f3n 21.22 Aldehuela<\/a><\/li>\n<li><a href=\"https:\/\/blogsaverroes.juntadeandalucia.es\/colegiorafaelaldehuela\/files\/2020\/11\/Plan-de-convivencia-actualizacio\u0301n-2019.pdf\">Plan de convivencia<\/a><\/li>\n<li><a href=\"https:\/\/blogsaverroes.juntadeandalucia.es\/colegiorafaelaldehuela\/files\/2020\/11\/PROTOCOLO-ABSENTISMO.pdf\">PROTOCOLO ABSENTISMO<\/a><\/li>\n<li><a href=\"https:\/\/blogsaverroes.juntadeandalucia.es\/colegiorafaelaldehuela\/files\/2020\/11\/PROCEDIMIENTO-DE-RECLAMACIO\u0301N-A-LAS-CALIFICACIONES-FINALES.pdf\">PROCEDIMIENTO DE RECLAMACIO\u0301N A LAS CALIFICACIONES FINALES<\/a><\/li>\n<li><a href=\"https:\/\/blogsaverroes.juntadeandalucia.es\/colegiorafaelaldehuela\/files\/2020\/11\/PLAN-PRA\u0301\u0081CTICUM-ALDEHUELA.pdf\">PLAN PRA\u0301CTICUM ALDEHUELA<\/a>&nbsp;<\/li>\n<li><a href=\"https:\/\/blogsaverroes.juntadeandalucia.es\/colegiorafaelaldehuela\/files\/2022\/10\/PROTOCOLO-UNIFICADO-DOCENCIA-TELEM\u00c1TICA-2021.pdf\">PROTOCOLO UNIFICADO DOCENCIA TELEM\u00c1TICA<\/a><\/li>\n<li><a href=\"https:\/\/blogsaverroes.juntadeandalucia.es\/colegiorafaelaldehuela\/files\/2020\/11\/POAT-Aldehuela-2017.pdf\">Plan de Orientaci\u00f3n y Acci\u00f3n Tutorial. Aldehuela <\/a>\n<ul>\n<li style=\"list-style-type: none\">\n<ul>\n<li><a href=\"https:\/\/blogsaverroes.juntadeandalucia.es\/colegiorafaelaldehuela\/files\/2020\/11\/Programa-de-tra\u0301nsito-Aldehuela.pdf\">Programa de tra\u0301nsito Aldehuela<\/a><\/li>\n<li><a href=\"https:\/\/blogsaverroes.juntadeandalucia.es\/colegiorafaelaldehuela\/files\/2020\/11\/PROTOCOLO-DE-ACTUACIO\u0301N-EN-CASO-DE-ASISTENCIA-ME\u0301DICA-Aldehuela.pdf\">PROTOCOLO DE ACTUACIO\u0301N EN CASO DE ASISTENCIA ME\u0301DICA<\/a><\/li>\n<li><a href=\"https:\/\/blogsaverroes.juntadeandalucia.es\/colegiorafaelaldehuela\/files\/2020\/11\/Protocolo-de-actuacio\u0301n-sobre-identidad-de-ge\u0301nero-Aldehuela.pdf\">Protocolo de actuacio\u0301n sobre identidad de ge\u0301nero Aldehuela<\/a><\/li>\n<li><a href=\"https:\/\/blogsaverroes.juntadeandalucia.es\/colegiorafaelaldehuela\/files\/2020\/11\/Protocolo-de-enfermedades-cro\u0301nicas-Aldehuela.pdf\">Protocolo de enfermedades cro\u0301nicas Aldehuela<\/a><\/li>\n<li><a href=\"https:\/\/blogsaverroes.juntadeandalucia.es\/colegiorafaelaldehuela\/files\/2020\/11\/Protocolo-padres-separados-Aldehuela.pdf\">Protocolo padres separados Aldehuela<\/a><\/li>\n<\/ul>\n<\/li>\n<\/ul>\n<\/li>\n<li><strong>Contenidos imprescindibles. CEPR. Rafael Aldehuela:<\/strong>\n<ul>\n<li style=\"list-style-type: none\">\n<ul>\n<li><strong>Lengua<\/strong>:\n<ul style=\"list-style-type: circle\">\n<li><a href=\"https:\/\/blogsaverroes.juntadeandalucia.es\/colegiorafaelaldehuela\/files\/2020\/11\/Seguimiento-IMP-LCL-EP1.pdf\">Seguimiento IMP LCL EP1<\/a><\/li>\n<li><a href=\"https:\/\/blogsaverroes.juntadeandalucia.es\/colegiorafaelaldehuela\/files\/2020\/11\/Seguimiento-IMP-LCL-EP2.pdf\">Seguimiento IMP LCL EP2<\/a><\/li>\n<li><a href=\"https:\/\/blogsaverroes.juntadeandalucia.es\/colegiorafaelaldehuela\/files\/2020\/11\/Seguimiento-IMP-LCL-EP3.pdf\">Seguimiento IMP LCL EP3<\/a><\/li>\n<li><a href=\"https:\/\/blogsaverroes.juntadeandalucia.es\/colegiorafaelaldehuela\/files\/2020\/12\/Seguimiento-IMP-LCL-EP4.pdf\">Seguimiento IMP LCL EP4<\/a><\/li>\n<li><a href=\"https:\/\/blogsaverroes.juntadeandalucia.es\/colegiorafaelaldehuela\/files\/2020\/11\/Seguimiento-IMP-LCL-EP5.pdf\">Seguimiento IMP LCL EP5<\/a><\/li>\n<li><a href=\"https:\/\/blogsaverroes.juntadeandalucia.es\/colegiorafaelaldehuela\/files\/2020\/11\/Seguimiento-IMP-LCL-EP6.pdf\">Seguimiento IMP LCL EP6<\/a><\/li>\n<\/ul>\n<\/li>\n<li><strong>Matem\u00e1ticas:<\/strong>\n<ul style=\"list-style-type: circle\">\n<li><a href=\"https:\/\/blogsaverroes.juntadeandalucia.es\/colegiorafaelaldehuela\/files\/2020\/11\/Seguimiento-IMP-MAT-EP1.pdf\">Seguimiento IMP MAT EP1<\/a><\/li>\n<li><a href=\"https:\/\/blogsaverroes.juntadeandalucia.es\/colegiorafaelaldehuela\/files\/2020\/11\/Seguimiento-IMP-MAT-EP2.pdf\">Seguimiento IMP MAT EP2<\/a><\/li>\n<li><a href=\"https:\/\/blogsaverroes.juntadeandalucia.es\/colegiorafaelaldehuela\/files\/2020\/11\/Seguimiento-IMP-MAT-EP3.pdf\">Seguimiento IMP MAT EP3<\/a><\/li>\n<li><a href=\"https:\/\/blogsaverroes.juntadeandalucia.es\/colegiorafaelaldehuela\/files\/2020\/11\/Seguimiento-IMP-MAT-EP4.pdf\">Seguimiento IMP MAT EP4<\/a><\/li>\n<li><a href=\"https:\/\/blogsaverroes.juntadeandalucia.es\/colegiorafaelaldehuela\/files\/2020\/11\/Seguimiento-IMP-MAT-EP5.pdf\">Seguimiento IMP MAT EP5<\/a><\/li>\n<li><a href=\"https:\/\/blogsaverroes.juntadeandalucia.es\/colegiorafaelaldehuela\/files\/2020\/11\/Seguimiento-IMP-MAT-EP6.pdf\">Seguimiento IMP MAT EP6<\/a><\/li>\n<\/ul>\n<\/li>\n<li><strong>Ciencias Naturales:<\/strong>\n<ul style=\"list-style-type: circle\">\n<li><a href=\"https:\/\/blogsaverroes.juntadeandalucia.es\/colegiorafaelaldehuela\/files\/2020\/11\/Seguimiento-IMP-CNA-EP1.pdf\">Seguimiento IMP CNA EP1<\/a><\/li>\n<li><a href=\"https:\/\/blogsaverroes.juntadeandalucia.es\/colegiorafaelaldehuela\/files\/2020\/11\/Seguimiento-IMP-CNA-EP2.pdf\">Seguimiento IMP CNA EP2<\/a><\/li>\n<li><a href=\"https:\/\/blogsaverroes.juntadeandalucia.es\/colegiorafaelaldehuela\/files\/2020\/11\/Seguimiento-IMP-CNA-EP3-1.pdf\">Seguimiento IMP CNA EP3<\/a><\/li>\n<li><a href=\"https:\/\/blogsaverroes.juntadeandalucia.es\/colegiorafaelaldehuela\/files\/2020\/11\/Seguimiento-IMP-CNA-EP4.pdf\">Seguimiento IMP CNA EP4<\/a><\/li>\n<li><a href=\"https:\/\/blogsaverroes.juntadeandalucia.es\/colegiorafaelaldehuela\/files\/2020\/11\/Seguimiento-IMP-CNA-EP5.pdf\">Seguimiento IMP CNA EP5<\/a><\/li>\n<li><a href=\"https:\/\/blogsaverroes.juntadeandalucia.es\/colegiorafaelaldehuela\/files\/2020\/11\/Seguimiento-IMP-CNA-EP6-1.pdf\">Seguimiento IMP CNA EP6 <\/a><\/li>\n<\/ul>\n<\/li>\n<li><strong>Ciencias Sociales:<\/strong>\n<ul style=\"list-style-type: circle\">\n<li><a href=\"https:\/\/blogsaverroes.juntadeandalucia.es\/colegiorafaelaldehuela\/files\/2020\/11\/Seguimiento-IMP-CSO-EP1.pdf\">Seguimiento IMP CSO EP1<\/a><\/li>\n<li><a href=\"https:\/\/blogsaverroes.juntadeandalucia.es\/colegiorafaelaldehuela\/files\/2020\/11\/Seguimiento-IMP-CSO-EP2-2.pdf\">Seguimiento IMP CSO EP2 <\/a><\/li>\n<li><a href=\"https:\/\/blogsaverroes.juntadeandalucia.es\/colegiorafaelaldehuela\/files\/2020\/11\/Seguimiento-IMP-CSO-EP3.pdf\">Seguimiento IMP CSO EP3<\/a><\/li>\n<li><a href=\"https:\/\/blogsaverroes.juntadeandalucia.es\/colegiorafaelaldehuela\/files\/2020\/11\/Seguimiento-IMP-CSO-EP4.pdf\">Seguimiento IMP CSO EP4<\/a><\/li>\n<li><a href=\"https:\/\/blogsaverroes.juntadeandalucia.es\/colegiorafaelaldehuela\/files\/2020\/11\/Seguimiento-IMP-CSO-EP5-1.pdf\">Seguimiento IMP CSO EP5<\/a><\/li>\n<li><a href=\"https:\/\/blogsaverroes.juntadeandalucia.es\/colegiorafaelaldehuela\/files\/2020\/11\/Seguimiento-IMP-CSO-EP6.pdf\">Seguimiento IMP CSO EP6<\/a><\/li>\n<\/ul>\n<\/li>\n<\/ul>\n<\/li>\n<\/ul>\n<\/li>\n<li><strong>Plan de atenci\u00f3n a la diversidad:<\/strong><\/li>\n<\/ol>\n<ul>\n<li style=\"list-style-type: none\">\n<ul>\n<li style=\"list-style-type: none\">\n<ul>\n<li><a href=\"https:\/\/blogsaverroes.juntadeandalucia.es\/colegiorafaelaldehuela\/files\/2020\/11\/Plan-de-Refuerzo-y-Atencio\u0301n-a-la-Diversidad-Aldehuela-2020.pdf\">Plan de Refuerzo y Atencio\u0301n a la Diversidad Aldehuela 2020<\/a><\/li>\n<li><a href=\"https:\/\/blogsaverroes.juntadeandalucia.es\/colegiorafaelaldehuela\/files\/2020\/11\/Programa-de-Enriquecimiento-Curricular-.pdf\">Programa de Enriquecimiento Curricular<\/a><\/li>\n<li><a href=\"https:\/\/blogsaverroes.juntadeandalucia.es\/colegiorafaelaldehuela\/files\/2020\/11\/PROGRAMA-ESPECI\u0301FICO-ALUMNADO-NO-PROMOCIONA-CURSO2018.pdf\">PROGRAMA ESPECI\u0301FICO ALUMNADO NO PROMOCIONA<\/a><\/li>\n<li><a href=\"https:\/\/blogsaverroes.juntadeandalucia.es\/colegiorafaelaldehuela\/files\/2020\/11\/PROGRAMA_REFUERZO_RANA-aldehuela.pdf\">PROGRAMA_REFUERZO_RANA-aldehuela<\/a><\/li>\n<li><a href=\"https:\/\/blogsaverroes.juntadeandalucia.es\/colegiorafaelaldehuela\/files\/2020\/11\/SEGUIMIENTO-PLAN-ATEN.-DIVERSIDAD2019.pdf\">SEGUIMIENTO PLAN ATEN. DIVERSIDAD2019<\/a><\/li>\n<li><a href=\"https:\/\/blogsaverroes.juntadeandalucia.es\/colegiorafaelaldehuela\/files\/2020\/11\/Prog.-Ref.-Areas-instrumentales-Rafael-Aldehuela1\u00ba-primaria.pdf\">Prog. Ref. Areas instrumentales Rafael Aldehuela1\u00ba primaria<\/a><\/li>\n<li><a href=\"https:\/\/blogsaverroes.juntadeandalucia.es\/colegiorafaelaldehuela\/files\/2020\/11\/Prog.-Ref.-Areas-instrumentales-Rafael-Aldehuela2\u00ba-primaria.pdf\">Prog. Ref. Areas instrumentales Rafael Aldehuela2\u00ba primaria<\/a><\/li>\n<li><a href=\"https:\/\/blogsaverroes.juntadeandalucia.es\/colegiorafaelaldehuela\/files\/2020\/11\/Prog.-Ref.-Areas-instrumentales-Rafael-Aldehuela3\u00ba-primaria.pdf\">Prog. Ref. Areas instrumentales Rafael Aldehuela3\u00ba primaria<\/a><\/li>\n<li><a href=\"https:\/\/blogsaverroes.juntadeandalucia.es\/colegiorafaelaldehuela\/files\/2020\/11\/Prog.-Ref.-Areas-instrumentales-Rafael-Aldehuela-4\u00ba-primaria.pdf\">Prog. Ref. Areas instrumentales Rafael Aldehuela 4\u00ba primaria<\/a><\/li>\n<li><a href=\"https:\/\/blogsaverroes.juntadeandalucia.es\/colegiorafaelaldehuela\/files\/2020\/11\/Prog.-Ref.-Areas-instrumentales-Rafael-Aldehuela-5\u00ba-primaria.pdf\">Prog. Ref. Areas instrumentales Rafael Aldehuela 5\u00ba primaria<\/a><\/li>\n<li><a href=\"https:\/\/blogsaverroes.juntadeandalucia.es\/colegiorafaelaldehuela\/files\/2020\/11\/Prog.-Ref.-Areas-instrumentales-Rafael-Aldehuela6\u00ba-primaria.pdf\">Prog. Ref. Areas instrumentales Rafael Aldehuela6\u00ba primaria<\/a><\/li>\n<\/ul>\n<\/li>\n<\/ul>\n<\/li>\n<\/ul>\n<p>&nbsp;<\/p>\n<h3><span style=\"color: #9c880b\">PROYECTO DE GESTI\u00d3N <\/span><\/h3>\n<div class=\"UtePc RCETm yxgWrb\" dir=\"ltr\" role=\"main\" aria-hidden=\"false\">\n<section id=\"h.77a8d4a8f5db41ef_1344\" class=\"yaqOZd\">\n<div class=\"mYVXT\">\n<div class=\"LS81yb VICjCf\">\n<div class=\"hJDwNd-AhqUyc-uQSCkd purZT-AhqUyc-II5mzb pSzOP-AhqUyc-qWD73c JNdkSc\">\n<div class=\"JNdkSc-SmKAyb\">\n<div class=\"\">\n<div class=\"oKdM2c Kzv0Me\">\n<div id=\"h.77a8d4a8f5db41ef_1347\" class=\"hJDwNd-AhqUyc-uQSCkd jXK9ad D2fZ2 OjCsFc wHaque GNzUNc\">\n<div class=\"jXK9ad-SmKAyb\">\n<div class=\"tyJCtd mGzaTb baZpAe\">\n<p class=\"CDt4Ke zfr3Q\" dir=\"ltr\" style=\"text-align: justify\">El <strong>Proyecto de Gesti\u00f3n<\/strong> es el que recoge la ordenaci\u00f3n y utilizaci\u00f3n de los recursos del centro. Se trata del instrumento que debe establecer los criterios a seguir en las decisiones relativas a la gesti\u00f3n de los recursos humanos, materiales y econ\u00f3micos del nuestro centro, favoreciendo el uso responsable de los mismos.<\/p>\n<p dir=\"ltr\"><a href=\"https:\/\/blogsaverroes.juntadeandalucia.es\/colegiorafaelaldehuela\/files\/2020\/11\/Proyecto-gestio\u0301n-Aldehuela.pdf\">Proyecto gestio\u0301n Aldehuela<\/a><\/p>\n<\/div>\n<h3><span style=\"color: #9c880b\">REGLAMENTO DE ORGANIZACI\u00d3N Y FUNCIONAMIENTO<\/span><\/h3>\n<p>El <strong>R.O.F<\/strong> o documento que regula la organizaci\u00f3n y funcionamiento del centro, lo debemos considerar como una gu\u00eda que anima y orienta la actividad educativa en sus m\u00faltiples facetas. Dicho documento facilita la consecuci\u00f3n de las finalidades educativas y el desarrollo del proyecto curricular del nuestro centro.&nbsp;<\/p>\n<ol>\n<li><a href=\"https:\/\/blogsaverroes.juntadeandalucia.es\/colegiorafaelaldehuela\/files\/2020\/11\/ROF.-Actualizado.pdf\">ROF. Actualizado<\/a><\/li>\n<li><a href=\"https:\/\/blogsaverroes.juntadeandalucia.es\/colegiorafaelaldehuela\/files\/2020\/11\/Modificacio\u0301n-ROF-24-11-2014.pdf\">Modificacio\u0301n ROF 24-11-2014<\/a><\/li>\n<li><a href=\"https:\/\/blogsaverroes.juntadeandalucia.es\/colegiorafaelaldehuela\/files\/2020\/11\/Plan-de-lectura-y-uso-de-biblioteca.pdf\">Plan de lectura y uso de biblioteca<\/a><\/li>\n<li><a href=\"https:\/\/blogsaverroes.juntadeandalucia.es\/colegiorafaelaldehuela\/files\/2020\/11\/Tareas-escolares-en-casa.pdf\">Tareas escolares en casa<\/a><\/li>\n<li><a href=\"https:\/\/blogsaverroes.juntadeandalucia.es\/colegiorafaelaldehuela\/files\/2020\/11\/Normas-del-Comedor-escolar.pdf\">Normas del Comedor escolar<\/a><\/li>\n<li><a href=\"https:\/\/blogsaverroes.juntadeandalucia.es\/colegiorafaelaldehuela\/files\/2022\/12\/Plan_de_Autoproteccion_Escolar-2022__Actualizaci\u00f3n.pdf\">Actualizaci\u00f3n del <\/a><a href=\"https:\/\/blogsaverroes.juntadeandalucia.es\/colegiorafaelaldehuela\/files\/2022\/12\/Plan_de_Autoproteccion_Escolar-2022__Actualizaci\u00f3n.pdf\">Plan de Autoproteccion Escolar 2022<\/a><\/li>\n<li><a href=\"https:\/\/blogsaverroes.juntadeandalucia.es\/colegiorafaelaldehuela\/files\/2022\/10\/Protocolo-Covid-actualizado-2021.pdf\">Protocolo Covid actualizado 2021<\/a><\/li>\n<li><a href=\"https:\/\/blogsaverroes.juntadeandalucia.es\/colegiorafaelaldehuela\/files\/2022\/10\/ASEOS1.pdf\">ASEOS1-<\/a><a href=\"https:\/\/blogsaverroes.juntadeandalucia.es\/colegiorafaelaldehuela\/files\/2022\/10\/ASEOS.pdf\">ASEOS-<\/a><a href=\"https:\/\/blogsaverroes.juntadeandalucia.es\/colegiorafaelaldehuela\/files\/2022\/10\/ASEO2.pdf\">ASEO2<\/a>&#8211;<a href=\"https:\/\/blogsaverroes.juntadeandalucia.es\/colegiorafaelaldehuela\/files\/2022\/10\/ASEO.pdf\">ASEO<\/a>&#8211;<a href=\"https:\/\/blogsaverroes.juntadeandalucia.es\/colegiorafaelaldehuela\/files\/2022\/10\/AULA-5-COMEDOR.pdf\">AULA 5 COMEDOR<\/a>&#8211;<a href=\"https:\/\/blogsaverroes.juntadeandalucia.es\/colegiorafaelaldehuela\/files\/2022\/10\/AULA-4.pdf\">AULA 4-<\/a><a href=\"https:\/\/blogsaverroes.juntadeandalucia.es\/colegiorafaelaldehuela\/files\/2022\/10\/AULA-3.pdf\">AULA 3<\/a>&#8211;<a href=\"https:\/\/blogsaverroes.juntadeandalucia.es\/colegiorafaelaldehuela\/files\/2022\/10\/AULA-2-1.pdf\">AULA 2-1<\/a>&#8211;<a href=\"https:\/\/blogsaverroes.juntadeandalucia.es\/colegiorafaelaldehuela\/files\/2022\/10\/AULA-2.pdf\">AULA 2<\/a>&#8211;<a href=\"https:\/\/blogsaverroes.juntadeandalucia.es\/colegiorafaelaldehuela\/files\/2022\/10\/AULA-1.pdf\">AULA 1<\/a>&#8211;<a href=\"https:\/\/blogsaverroes.juntadeandalucia.es\/colegiorafaelaldehuela\/files\/2022\/10\/07-EVACUACI\u00d3N-Y-ZONIFICACI\u00d3N.-EDIFICIO-PRINCIPAL.PLANTA-ALTA.pdf\">07 EVACUACI\u00d3N Y ZONIFICACI\u00d3N. EDIFICIO PRINCIPAL.PLANTA ALTA<\/a>&#8211;<a href=\"https:\/\/blogsaverroes.juntadeandalucia.es\/colegiorafaelaldehuela\/files\/2022\/10\/06-EVACUACI\u00d3N-Y-ZONIFICACI\u00d3N.-EDIFICIO-PRINCIPAL.PLANTA-BAJA.pdf\">06 EVACUACI\u00d3N Y ZONIFICACI\u00d3N. EDIFICIO PRINCIPAL.PLANTA BAJA<\/a>&#8211;<a href=\"https:\/\/blogsaverroes.juntadeandalucia.es\/colegiorafaelaldehuela\/files\/2022\/10\/05-MEDIOS-DE-EMERGENCIAS.-EDIFICIO-GIMNASIO.PLANTA-BAJA.pdf\">05 MEDIOS DE EMERGENCIAS. EDIFICIO GIMNASIO.PLANTA BAJA<\/a>&#8211;<a href=\"https:\/\/blogsaverroes.juntadeandalucia.es\/colegiorafaelaldehuela\/files\/2022\/10\/04-MEDIOS-DE-EMERGENCIAS.-EDIFICIO-PRINCIPAL.PLANTA-ALTA.pdf\">04 MEDIOS DE EMERGENCIAS. EDIFICIO PRINCIPAL.PLANTA ALTA<\/a>&#8211;<a href=\"https:\/\/blogsaverroes.juntadeandalucia.es\/colegiorafaelaldehuela\/files\/2022\/10\/03-MEDIOS-DE-EMERGENCIAS.-EDIFICIO-PRINCIPAL.PLANTA-BAJA.pdf\">03 MEDIOS DE EMERGENCIAS. EDIFICIO PRINCIPAL.PLANTA BAJA<\/a>&#8211;<a href=\"https:\/\/blogsaverroes.juntadeandalucia.es\/colegiorafaelaldehuela\/files\/2022\/10\/02-EVACUACI\u00d3N-GENERAL.pdf\">02 EVACUACI\u00d3N GENERAL<\/a>&#8211;<a href=\"https:\/\/blogsaverroes.juntadeandalucia.es\/colegiorafaelaldehuela\/files\/2022\/10\/01-SITUACI\u00d3N-Y-EMPLAZAMIENTO.pdf\">01 SITUACI\u00d3N Y EMPLAZAMIENTO<\/a><\/li>\n<\/ol>\nngg_shortcode_0_placeholder\n<\/div>\n<\/div>\n<\/div>\n<\/div>\n<\/div>\n<\/div>\n<\/div>\n<\/div>\n<\/section>\n<\/div>\n<div class=\"Xpil1b\">&nbsp;<\/div>\n","protected":false},"excerpt":{"rendered":"<p>&nbsp; INTRODUCCI\u00d3N Tal y como recoge la normativa actual correspondiente al Reglamento de Organizaci\u00f3n de Centros de Educaci\u00f3n Infantil y Primaria, se hace p\u00fablica la documentaci\u00f3n acad\u00e9mica de nuestro centro. Estos documentos quedan a disposici\u00f3n de toda la comunidad educativa para su consulta.&nbsp; &nbsp; PLAN DE CENTRO &nbsp; &nbsp; &nbsp; &nbsp; &nbsp; &nbsp; &nbsp; PROYECTO &hellip; <a href=\"https:\/\/blogsaverroes.juntadeandalucia.es\/colegiorafaelaldehuela\/plan-de-centro\/\" class=\"more-link\">Seguir leyendo <span class=\"screen-reader-text\">Plan de Centro<\/span> <span class=\"meta-nav\">&rarr;<\/span><\/a><\/p>\n","protected":false},"author":1,"featured_media":0,"parent":0,"menu_order":0,"comment_status":"open","ping_status":"open","template":"page-templates\/child-menu.php","meta":{"ngg_post_thumbnail":0,"footnotes":"","_mc_calendar":[]},"aioseo_notices":[],"_links":{"self":[{"href":"https:\/\/blogsaverroes.juntadeandalucia.es\/colegiorafaelaldehuela\/wp-json\/wp\/v2\/pages\/49"}],"collection":[{"href":"https:\/\/blogsaverroes.juntadeandalucia.es\/colegiorafaelaldehuela\/wp-json\/wp\/v2\/pages"}],"about":[{"href":"https:\/\/blogsaverroes.juntadeandalucia.es\/colegiorafaelaldehuela\/wp-json\/wp\/v2\/types\/page"}],"author":[{"embeddable":true,"href":"https:\/\/blogsaverroes.juntadeandalucia.es\/colegiorafaelaldehuela\/wp-json\/wp\/v2\/users\/1"}],"replies":[{"embeddable":true,"href":"https:\/\/blogsaverroes.juntadeandalucia.es\/colegiorafaelaldehuela\/wp-json\/wp\/v2\/comments?post=49"}],"version-history":[{"count":26,"href":"https:\/\/blogsaverroes.juntadeandalucia.es\/colegiorafaelaldehuela\/wp-json\/wp\/v2\/pages\/49\/revisions"}],"predecessor-version":[{"id":4425,"href":"https:\/\/blogsaverroes.juntadeandalucia.es\/colegiorafaelaldehuela\/wp-json\/wp\/v2\/pages\/49\/revisions\/4425"}],"wp:attachment":[{"href":"https:\/\/blogsaverroes.juntadeandalucia.es\/colegiorafaelaldehuela\/wp-json\/wp\/v2\/media?parent=49"}],"curies":[{"name":"wp","href":"https:\/\/api.w.org\/{rel}","templated":true}]}}