{"id":1168,"date":"2022-03-31T23:13:25","date_gmt":"2022-03-31T21:13:25","guid":{"rendered":"https:\/\/blogsaverroes.juntadeandalucia.es\/colegioramongarcia\/?page_id=1168"},"modified":"2022-04-08T10:42:16","modified_gmt":"2022-04-08T08:42:16","slug":"auxiliares-de-conversacion","status":"publish","type":"page","link":"https:\/\/blogsaverroes.juntadeandalucia.es\/colegioramongarcia\/auxiliares-de-conversacion\/","title":{"rendered":"Auxiliares de conversaci\u00f3n"},"content":{"rendered":"<p>&nbsp;<\/p>\n<p>&nbsp;<\/p>\n<p>Pincha en el siguiente enlace para descargarte la ficha informativa&nbsp; &nbsp;<\/p>\n<p>Click on the link below to download the information&nbsp;<\/p>\n<p><a href=\"https:\/\/blogsaverroes.juntadeandalucia.es\/colegioramongarcia\/files\/2022\/04\/Information-Sheet-for-LANGUAGE-Assistants.odt\">Information Sheet for LANGUAGE Assistants<\/a><\/p>\n<p><a href=\"https:\/\/blogsaverroes.juntadeandalucia.es\/colegioramongarcia\/files\/2022\/04\/Ficha-de-INFORMACI\u00d3N-PARA-Auxiliares-de-Conversaci\u00f3n.odt\">Ficha de INFORMACI\u00d3N PARA Auxiliares de Conversaci\u00f3n&nbsp;<\/a><\/p>\n<p><img loading=\"lazy\" decoding=\"async\" class=\"\" src=\"https:\/\/www.turismomarinero.com\/wp-content\/uploads\/2015\/07\/Playa_en_Estepona1.jpg\" alt=\"10 mejores playas de Estepona, Turismo Marinero - Turismo Marinero\" width=\"279\" height=\"186\"><img loading=\"lazy\" decoding=\"async\" class=\"\" src=\"https:\/\/blog.fuertehoteles.com\/wp-content\/uploads\/2016\/07\/costa-natura.jpg\" alt=\"Las Mejores Playas en Estepona, las playas de Estepona, Costa del Sol\" width=\"280\" height=\"184\"><img loading=\"lazy\" decoding=\"async\" class=\"\" src=\"https:\/\/live.staticflickr.com\/1873\/44342141862_17be58a538_b.jpg\" alt=\"Estepona | Casco antiguo de Estepona, Andalucia, Espa\u00f1a. | Antonio Cha | Flickr\" width=\"246\" height=\"184\"><\/p>\n<p><img loading=\"lazy\" decoding=\"async\" class=\"\" src=\"https:\/\/turismo.estepona.es\/wp-content\/uploads\/2018\/08\/235_Plaza-de-las-Flores-60.jpg\" alt=\"Plaza de las Flores | Turismo Estepona\" width=\"280\" height=\"145\"><img loading=\"lazy\" decoding=\"async\" class=\"\" src=\"https:\/\/www.terrameridiana.com\/cms\/wp-content\/uploads\/2019\/08\/estepona-1920x968.jpg\" alt=\"Guia de Estepona | Vivir en Estepona\" width=\"283\" height=\"143\"><img loading=\"lazy\" decoding=\"async\" class=\"\" src=\"https:\/\/d17umfmk0e27oh.cloudfront.net\/articulos\/articulos-578556.jpg\" alt=\"Licencia para el primer hotel junto al Parque Bot\u00e1nico-Orquidario | Andaluc\u00eda Informaci\u00f3n. Todas las noticias de Estepona\" width=\"235\" height=\"141\"><\/p>\n","protected":false},"excerpt":{"rendered":"<p>&nbsp; &nbsp; Pincha en el siguiente enlace para descargarte la ficha informativa&nbsp; &nbsp; Click on the link below to download the information&nbsp; Information Sheet for LANGUAGE Assistants Ficha de INFORMACI\u00d3N PARA Auxiliares de Conversaci\u00f3n&nbsp;<\/p>\n","protected":false},"author":4815,"featured_media":0,"parent":0,"menu_order":0,"comment_status":"closed","ping_status":"closed","template":"","meta":{"ngg_post_thumbnail":0,"footnotes":"","_mc_calendar":[]},"aioseo_notices":[],"_links":{"self":[{"href":"https:\/\/blogsaverroes.juntadeandalucia.es\/colegioramongarcia\/wp-json\/wp\/v2\/pages\/1168"}],"collection":[{"href":"https:\/\/blogsaverroes.juntadeandalucia.es\/colegioramongarcia\/wp-json\/wp\/v2\/pages"}],"about":[{"href":"https:\/\/blogsaverroes.juntadeandalucia.es\/colegioramongarcia\/wp-json\/wp\/v2\/types\/page"}],"author":[{"embeddable":true,"href":"https:\/\/blogsaverroes.juntadeandalucia.es\/colegioramongarcia\/wp-json\/wp\/v2\/users\/4815"}],"replies":[{"embeddable":true,"href":"https:\/\/blogsaverroes.juntadeandalucia.es\/colegioramongarcia\/wp-json\/wp\/v2\/comments?post=1168"}],"version-history":[{"count":7,"href":"https:\/\/blogsaverroes.juntadeandalucia.es\/colegioramongarcia\/wp-json\/wp\/v2\/pages\/1168\/revisions"}],"predecessor-version":[{"id":1190,"href":"https:\/\/blogsaverroes.juntadeandalucia.es\/colegioramongarcia\/wp-json\/wp\/v2\/pages\/1168\/revisions\/1190"}],"wp:attachment":[{"href":"https:\/\/blogsaverroes.juntadeandalucia.es\/colegioramongarcia\/wp-json\/wp\/v2\/media?parent=1168"}],"curies":[{"name":"wp","href":"https:\/\/api.w.org\/{rel}","templated":true}]}}