{"id":1565,"date":"2024-02-08T18:11:38","date_gmt":"2024-02-08T17:11:38","guid":{"rendered":"https:\/\/blogsaverroes.juntadeandalucia.es\/colegioramongarcia\/?page_id=1565"},"modified":"2024-02-08T21:08:57","modified_gmt":"2024-02-08T20:08:57","slug":"ipasen","status":"publish","type":"page","link":"https:\/\/blogsaverroes.juntadeandalucia.es\/colegioramongarcia\/ipasen\/","title":{"rendered":"iPasen"},"content":{"rendered":"<h1><span style=\"font-family: verdana, geneva, sans-serif\"><span style=\"font-size: 18.6667px\">Pinchando sobre la imagen puede obtener informaci\u00f3n sobre c\u00f3mo descargar la App y c\u00f3mo obtener su usario de iPasen.<\/span><\/span><\/h1>\n<p>ngg_shortcode_0_placeholder<iframe loading=\"lazy\" src=\"\/\/www.youtube.com\/embed\/Gywfd_XncSA?si=PV0em-lGnFOey3Ms\" width=\"280\" height=\"157\"><\/iframe><\/p>\n","protected":false},"excerpt":{"rendered":"<p>Pinchando sobre la imagen puede obtener informaci\u00f3n sobre c\u00f3mo descargar la App y c\u00f3mo obtener su usario de iPasen.<\/p>\n","protected":false},"author":4815,"featured_media":0,"parent":0,"menu_order":0,"comment_status":"closed","ping_status":"closed","template":"","meta":{"ngg_post_thumbnail":0,"footnotes":"","_mc_calendar":[]},"aioseo_notices":[],"_links":{"self":[{"href":"https:\/\/blogsaverroes.juntadeandalucia.es\/colegioramongarcia\/wp-json\/wp\/v2\/pages\/1565"}],"collection":[{"href":"https:\/\/blogsaverroes.juntadeandalucia.es\/colegioramongarcia\/wp-json\/wp\/v2\/pages"}],"about":[{"href":"https:\/\/blogsaverroes.juntadeandalucia.es\/colegioramongarcia\/wp-json\/wp\/v2\/types\/page"}],"author":[{"embeddable":true,"href":"https:\/\/blogsaverroes.juntadeandalucia.es\/colegioramongarcia\/wp-json\/wp\/v2\/users\/4815"}],"replies":[{"embeddable":true,"href":"https:\/\/blogsaverroes.juntadeandalucia.es\/colegioramongarcia\/wp-json\/wp\/v2\/comments?post=1565"}],"version-history":[{"count":4,"href":"https:\/\/blogsaverroes.juntadeandalucia.es\/colegioramongarcia\/wp-json\/wp\/v2\/pages\/1565\/revisions"}],"predecessor-version":[{"id":1583,"href":"https:\/\/blogsaverroes.juntadeandalucia.es\/colegioramongarcia\/wp-json\/wp\/v2\/pages\/1565\/revisions\/1583"}],"wp:attachment":[{"href":"https:\/\/blogsaverroes.juntadeandalucia.es\/colegioramongarcia\/wp-json\/wp\/v2\/media?parent=1565"}],"curies":[{"name":"wp","href":"https:\/\/api.w.org\/{rel}","templated":true}]}}