{"id":299,"date":"2020-01-27T16:25:56","date_gmt":"2020-01-27T15:25:56","guid":{"rendered":"https:\/\/blogsaverroes.juntadeandalucia.es\/colegioramongarcia\/?page_id=299"},"modified":"2020-01-27T16:54:09","modified_gmt":"2020-01-27T15:54:09","slug":"d-ramon-garcia","status":"publish","type":"page","link":"https:\/\/blogsaverroes.juntadeandalucia.es\/colegioramongarcia\/d-ramon-garcia\/","title":{"rendered":"D. Ram\u00f3n Garc\u00eda"},"content":{"rendered":"<p><img loading=\"lazy\" decoding=\"async\" class=\" wp-image-306 aligncenter\" src=\"https:\/\/blogsaverroes.juntadeandalucia.es\/colegioramongarcia\/files\/2020\/01\/fotoramongarcia-300x225.jpg\" alt=\"\" width=\"524\" height=\"392\" srcset=\"https:\/\/blogsaverroes.juntadeandalucia.es\/colegioramongarcia\/files\/2020\/01\/fotoramongarcia-300x225.jpg 300w, https:\/\/blogsaverroes.juntadeandalucia.es\/colegioramongarcia\/files\/2020\/01\/fotoramongarcia-768x576.jpg 768w, https:\/\/blogsaverroes.juntadeandalucia.es\/colegioramongarcia\/files\/2020\/01\/fotoramongarcia-1024x768.jpg 1024w, https:\/\/blogsaverroes.juntadeandalucia.es\/colegioramongarcia\/files\/2020\/01\/fotoramongarcia-24x18.jpg 24w, https:\/\/blogsaverroes.juntadeandalucia.es\/colegioramongarcia\/files\/2020\/01\/fotoramongarcia-36x27.jpg 36w, https:\/\/blogsaverroes.juntadeandalucia.es\/colegioramongarcia\/files\/2020\/01\/fotoramongarcia-48x36.jpg 48w, https:\/\/blogsaverroes.juntadeandalucia.es\/colegioramongarcia\/files\/2020\/01\/fotoramongarcia.jpg 1632w\" sizes=\"(max-width: 524px) 100vw, 524px\" \/><\/p>\n<p>Nace el 9 de junio de 1.904 en Hu\u00e9scar (Granada). Hijo de Ram\u00f3n y Mar\u00eda. Su padre es ebanista y regenta un taller de carpinter\u00eda. De su infancia, destaca el cari\u00f1o que siente por su maestro D. Pascual, del que recuerda su generosidad y el amor hac\u00eda su profesi\u00f3n. Estudia Bachillerato y Magisterio en Granada. Obtiene el t\u00edtulo de Maestro en 1.923 y aprueba las oposiciones en 1.925. Se casa con Julia y son padres de cuatro hijos.<\/p>\n<p>Defiende los principios de solidaridad, justicia social, derecho a la educaci\u00f3n de todos sin distinci\u00f3n de clase social y la educaci\u00f3n p\u00fablica como instrumento contra la ignorancia y la marginaci\u00f3n social.<\/p>\n<p>Al comenzar la Guerra Civil (1.936) ejerce en su pueblo natal. All\u00ed es detenido. En abril de 1.939 es acusado de ser republicano, encarcelado y condenado a muerte. La pena capital le es conmutada por diecis\u00e9is a\u00f1os de prisi\u00f3n, de los que cumple cuatro. Es liberado en 1.943 y desterrado. Despose\u00eddo de su t\u00edtulo de Maestro, viene con su familia a Estepona. Reinicia su actividad docente en la escuela privada, m\u00e1s tarde crea la suya propia, formando a generaciones de esteponeros de toda clase social y condici\u00f3n.<\/p>\n<p>Rehabilitado en 1.962, es homenajeado por el Ayuntamiento de Estepona en 1.974 y m\u00e1s tarde declarado Hijo Adoptivo. En 1980 el Pleno Municipal otorga su nombre a nuestro Centro. Muere el 27 de junio de 1.982.<\/p>\n<p style=\"text-align: center\">Es tu risa la espada<br \/>\nm\u00e1s victoriosa,<br \/>\nvencedor de las flores<br \/>\ny las alondras.<\/p>\n<p style=\"text-align: center\">Rival del sol.<br \/>\nPorvenir de mis huesos<br \/>\ny de mi amor.<\/p>\n<p style=\"text-align: right\">Miguel Hern\u00e1ndez. \u201cNanas de la Cebolla\u201d<\/p>\n<p style=\"text-align: right\">\u201cCancionero y romancero de ausencias\u201d. 1939\u201d<\/p>\n","protected":false},"excerpt":{"rendered":"<p>Nace el 9 de junio de 1.904 en Hu\u00e9scar (Granada). Hijo de Ram\u00f3n y Mar\u00eda. Su padre es ebanista y regenta un taller de carpinter\u00eda. De su infancia, destaca el cari\u00f1o que siente por&#46;&#46;&#46;<\/p>\n","protected":false},"author":4815,"featured_media":0,"parent":0,"menu_order":0,"comment_status":"closed","ping_status":"closed","template":"","meta":{"ngg_post_thumbnail":0,"footnotes":"","_mc_calendar":[]},"aioseo_notices":[],"_links":{"self":[{"href":"https:\/\/blogsaverroes.juntadeandalucia.es\/colegioramongarcia\/wp-json\/wp\/v2\/pages\/299"}],"collection":[{"href":"https:\/\/blogsaverroes.juntadeandalucia.es\/colegioramongarcia\/wp-json\/wp\/v2\/pages"}],"about":[{"href":"https:\/\/blogsaverroes.juntadeandalucia.es\/colegioramongarcia\/wp-json\/wp\/v2\/types\/page"}],"author":[{"embeddable":true,"href":"https:\/\/blogsaverroes.juntadeandalucia.es\/colegioramongarcia\/wp-json\/wp\/v2\/users\/4815"}],"replies":[{"embeddable":true,"href":"https:\/\/blogsaverroes.juntadeandalucia.es\/colegioramongarcia\/wp-json\/wp\/v2\/comments?post=299"}],"version-history":[{"count":5,"href":"https:\/\/blogsaverroes.juntadeandalucia.es\/colegioramongarcia\/wp-json\/wp\/v2\/pages\/299\/revisions"}],"predecessor-version":[{"id":308,"href":"https:\/\/blogsaverroes.juntadeandalucia.es\/colegioramongarcia\/wp-json\/wp\/v2\/pages\/299\/revisions\/308"}],"wp:attachment":[{"href":"https:\/\/blogsaverroes.juntadeandalucia.es\/colegioramongarcia\/wp-json\/wp\/v2\/media?parent=299"}],"curies":[{"name":"wp","href":"https:\/\/api.w.org\/{rel}","templated":true}]}}