{"id":309,"date":"2020-01-27T16:57:36","date_gmt":"2020-01-27T15:57:36","guid":{"rendered":"https:\/\/blogsaverroes.juntadeandalucia.es\/colegioramongarcia\/?page_id=309"},"modified":"2024-01-19T20:03:31","modified_gmt":"2024-01-19T19:03:31","slug":"un-poco-de-historia","status":"publish","type":"page","link":"https:\/\/blogsaverroes.juntadeandalucia.es\/colegioramongarcia\/un-poco-de-historia\/","title":{"rendered":"Un poco de historia&#8230;"},"content":{"rendered":"<h4 style=\"text-align: center;color: green\"><strong>Primer Claustro de Profesores\/as &#8211; Curso 1.980\/81<\/strong><\/h4>\n<p><img loading=\"lazy\" decoding=\"async\" class=\" wp-image-310 aligncenter\" src=\"https:\/\/blogsaverroes.juntadeandalucia.es\/colegioramongarcia\/files\/2020\/01\/Image6-300x187.jpg\" alt=\"\" width=\"404\" height=\"253\" srcset=\"https:\/\/blogsaverroes.juntadeandalucia.es\/colegioramongarcia\/files\/2020\/01\/Image6-300x187.jpg 300w, https:\/\/blogsaverroes.juntadeandalucia.es\/colegioramongarcia\/files\/2020\/01\/Image6-24x15.jpg 24w, https:\/\/blogsaverroes.juntadeandalucia.es\/colegioramongarcia\/files\/2020\/01\/Image6-36x22.jpg 36w, https:\/\/blogsaverroes.juntadeandalucia.es\/colegioramongarcia\/files\/2020\/01\/Image6-48x30.jpg 48w, https:\/\/blogsaverroes.juntadeandalucia.es\/colegioramongarcia\/files\/2020\/01\/Image6.jpg 315w\" sizes=\"(max-width: 404px) 100vw, 404px\" \/><\/p>\n<p style=\"font-weight: 400;text-align: center\">&nbsp;Teodoro Mart\u00edn,&nbsp;<br \/>\nMar\u00eda Jos\u00e9 Zamora,&nbsp;<br \/>\nManuel Garc\u00eda,&nbsp;<br \/>\n\u00c1ngel Fern\u00e1ndez,&nbsp;<br \/>\nJos\u00e9 Antonio G\u00f3mez,&nbsp;<br \/>\nManuel Ortiz,&nbsp;<br \/>\nTom\u00e1s Tejedor,&nbsp;<br \/>\nRaquel Gonz\u00e1lez,&nbsp;<br \/>\nC\u00e1ndido C\u00f3rcoles,&nbsp;<br \/>\nManuel Molt\u00f3,&nbsp;<br \/>\nLeonor Rom\u00e1n ,&nbsp;<br \/>\nM\u00aa Carmen Ortega,&nbsp;<br \/>\nRafaela S\u00e1nchez,&nbsp;<br \/>\nAngeles S\u00e1nchez,&nbsp;<br \/>\nMar\u00eda Ruiz,&nbsp;<br \/>\nT\u00e1rsila Benavides,&nbsp;<br \/>\nMar\u00eda Collado<\/p>\n<p>&nbsp;<\/p>\n<h4 style=\"font-weight: 400;color: green;text-align: center\"><strong>Directores del&nbsp;<em>CEIP Ram\u00f3n Garc\u00eda<\/em>&nbsp;desde su fundaci\u00f3n en 1.980<\/strong><\/h4>\n<p style=\"text-align: center\">D\u00aa Mar\u00eda Carmen Ortega (1.980-1.984)<br \/>\nJuan Moral (1.984-1.991)<br \/>\nManuel Ortiz (1.992-1.993)<br \/>\nManuel Molt\u00f3 (1.993-2.000)<br \/>\nD\u00aa. F\u00e1tima Rivas (2.000-2.005)<br \/>\nD\u00aa. M\u00aa Auxiliadora Navarro (2.005-2.012)<br \/>\nJuan Ignacio P\u00e9rez Palomares (2.012-2.013)<br \/>\nGonzalo Maldonado Pe\u00f1as (2.013)<\/p>\n<p style=\"text-align: center\">Rafael Duarte Mena (2.013 &#8211; 2.023)<\/p>\n<p style=\"text-align: center\">Lorena Holgado Benitez (2.023)<\/p>\n<p>&nbsp;<\/p>\n","protected":false},"excerpt":{"rendered":"<p>Primer Claustro de Profesores\/as &#8211; Curso 1.980\/81 &nbsp;Teodoro Mart\u00edn,&nbsp; Mar\u00eda Jos\u00e9 Zamora,&nbsp; Manuel Garc\u00eda,&nbsp; \u00c1ngel Fern\u00e1ndez,&nbsp; Jos\u00e9 Antonio G\u00f3mez,&nbsp; Manuel Ortiz,&nbsp; Tom\u00e1s Tejedor,&nbsp; Raquel Gonz\u00e1lez,&nbsp; C\u00e1ndido C\u00f3rcoles,&nbsp; Manuel Molt\u00f3,&nbsp; Leonor Rom\u00e1n ,&nbsp; M\u00aa Carmen&#46;&#46;&#46;<\/p>\n","protected":false},"author":4815,"featured_media":0,"parent":0,"menu_order":0,"comment_status":"closed","ping_status":"closed","template":"","meta":{"ngg_post_thumbnail":0,"footnotes":"","_mc_calendar":[]},"aioseo_notices":[],"_links":{"self":[{"href":"https:\/\/blogsaverroes.juntadeandalucia.es\/colegioramongarcia\/wp-json\/wp\/v2\/pages\/309"}],"collection":[{"href":"https:\/\/blogsaverroes.juntadeandalucia.es\/colegioramongarcia\/wp-json\/wp\/v2\/pages"}],"about":[{"href":"https:\/\/blogsaverroes.juntadeandalucia.es\/colegioramongarcia\/wp-json\/wp\/v2\/types\/page"}],"author":[{"embeddable":true,"href":"https:\/\/blogsaverroes.juntadeandalucia.es\/colegioramongarcia\/wp-json\/wp\/v2\/users\/4815"}],"replies":[{"embeddable":true,"href":"https:\/\/blogsaverroes.juntadeandalucia.es\/colegioramongarcia\/wp-json\/wp\/v2\/comments?post=309"}],"version-history":[{"count":6,"href":"https:\/\/blogsaverroes.juntadeandalucia.es\/colegioramongarcia\/wp-json\/wp\/v2\/pages\/309\/revisions"}],"predecessor-version":[{"id":1524,"href":"https:\/\/blogsaverroes.juntadeandalucia.es\/colegioramongarcia\/wp-json\/wp\/v2\/pages\/309\/revisions\/1524"}],"wp:attachment":[{"href":"https:\/\/blogsaverroes.juntadeandalucia.es\/colegioramongarcia\/wp-json\/wp\/v2\/media?parent=309"}],"curies":[{"name":"wp","href":"https:\/\/api.w.org\/{rel}","templated":true}]}}