{"id":337,"date":"2020-01-28T11:58:38","date_gmt":"2020-01-28T10:58:38","guid":{"rendered":"https:\/\/blogsaverroes.juntadeandalucia.es\/colegioramongarcia\/?page_id=337"},"modified":"2024-01-18T20:13:08","modified_gmt":"2024-01-18T19:13:08","slug":"consejo-escolar","status":"publish","type":"page","link":"https:\/\/blogsaverroes.juntadeandalucia.es\/colegioramongarcia\/consejo-escolar\/","title":{"rendered":"Consejo Escolar"},"content":{"rendered":"<p style=\"text-align: center\"><strong>MIEMBROS DEL CONSEJO ESCOLAR 2019-2020<\/strong><\/p>\n<table class=\" aligncenter\" style=\"width: 85.9394%;height: 601px\">\n<tbody>\n<tr style=\"height: 66px\">\n<td style=\"text-align: center;width: 505px;height: 66px\">\n<h4>Miembro<\/h4>\n<\/td>\n<td style=\"text-align: center;width: 189px;height: 66px\">\n<h4>Sector<\/h4>\n<\/td>\n<\/tr>\n<tr style=\"height: 24px\">\n<td style=\"width: 505px;text-align: left;height: 24px\">Holgado Ben\u00edtez, Lorena (DIRECTORA)<\/td>\n<td style=\"width: 189px;text-align: left;height: 24px\">Equipo directivo<\/td>\n<\/tr>\n<tr style=\"height: 24px\">\n<td style=\"width: 505px;text-align: left;height: 24px\">Garc\u00eda Peralta, Sara Mar\u00eda (JEFE\/A DE ESTUDIOS)<\/td>\n<td style=\"width: 189px;text-align: left;height: 24px\">Equipo Directivo<\/td>\n<\/tr>\n<tr style=\"height: 24px\">\n<td style=\"width: 505px;text-align: left;height: 38px\">Lorente Mac\u00edas, Rosa Mar\u00eda (SECRETARIO\/A)<\/td>\n<td style=\"width: 189px;text-align: left;height: 38px\">Equipo Directivo<\/td>\n<\/tr>\n<tr style=\"height: 24px\">\n<td style=\"width: 505px;text-align: left;height: 10px\">Bautista Salido, Inmaculada<\/p>\n<p>Carrasco L\u00f3pez, Josefa<\/p>\n<p>Segura Poveda, Virginia<\/td>\n<td style=\"width: 189px;text-align: left;height: 10px\">Profesorado<\/td>\n<\/tr>\n<tr style=\"height: 24px\">\n<td style=\"width: 505px;text-align: left;height: 24px\">Torres Cabas, Amparo<\/td>\n<td style=\"width: 189px;text-align: left;height: 24px\">Profesorado<\/td>\n<\/tr>\n<tr style=\"height: 24px\">\n<td style=\"width: 505px;text-align: left;height: 24px\">Hidalgo Alba, Marina<\/td>\n<td style=\"width: 189px;text-align: left;height: 24px\">Profesorado<\/td>\n<\/tr>\n<tr style=\"height: 24px\">\n<td style=\"width: 505px;text-align: left;height: 24px\">Linares Le\u00f3n, Inmaculada<\/td>\n<td style=\"width: 189px;text-align: left;height: 24px\">Profesorado<\/td>\n<\/tr>\n<tr style=\"height: 24px\">\n<td style=\"width: 505px;text-align: left;height: 24px\">Gir\u00f3n Jim\u00e9nez , Cristina&nbsp;<\/td>\n<td style=\"width: 189px;text-align: left;height: 24px\">Profesorado<\/td>\n<\/tr>\n<tr style=\"height: 24px\">\n<td style=\"width: 505px;text-align: left;height: 24px\">Gonz\u00e1lez Corral, Eduardo&nbsp;<\/td>\n<td style=\"width: 189px;text-align: left;height: 24px\">Profesorado<\/td>\n<\/tr>\n<tr style=\"height: 24px\">\n<td style=\"width: 505px;text-align: left;height: 24px\">Ben\u00edtez Navarro, Isabel<\/td>\n<td style=\"width: 189px;text-align: left;height: 24px\">Madres\/Padres\/Tutores<\/td>\n<\/tr>\n<tr style=\"height: 24px\">\n<td style=\"width: 505px;text-align: left;height: 24px\">Costa Mart\u00edn, V\u00edctor Manuel<\/td>\n<td style=\"width: 189px;text-align: left;height: 24px\">Madres\/Padres\/Tutores<\/td>\n<\/tr>\n<tr style=\"height: 24px\">\n<td style=\"width: 505px;text-align: left;height: 24px\">El Khadi, Rachida<\/td>\n<td style=\"width: 189px;text-align: left;height: 24px\">Madres\/Padres\/Tutores<\/td>\n<\/tr>\n<tr style=\"height: 24px\">\n<td style=\"width: 505px;text-align: left;height: 24px\">Jim\u00e9nez Perea, Crist\u00f3bal<\/td>\n<td style=\"width: 189px;text-align: left;height: 24px\">Madres\/Padres\/Tutores<\/td>\n<\/tr>\n<tr style=\"height: 24px\">\n<td style=\"width: 505px;text-align: left;height: 24px\">Mena S\u00e1nchez, Antonia Jes\u00fas<\/td>\n<td style=\"width: 189px;text-align: left;height: 24px\">Madres\/Padres\/Tutores<\/td>\n<\/tr>\n<tr style=\"height: 24px\">\n<td style=\"width: 505px;text-align: left;height: 24px\">Molina Arias, Mar\u00eda Victoria<\/td>\n<td style=\"width: 189px;text-align: left;height: 24px\">Madres\/Padres\/Tutores<\/td>\n<\/tr>\n<tr style=\"height: 24px\">\n<td style=\"width: 505px;text-align: left;height: 24px\">Pereyra, Georgina Soledad<\/td>\n<td style=\"width: 189px;text-align: left;height: 24px\">Madres\/Padres\/Tutores<\/td>\n<\/tr>\n<tr style=\"height: 24px\">\n<td style=\"width: 505px;text-align: left;height: 31px\">Olivares Vergara, Ruth<\/p>\n<p>Serret L\u00f3pez, Mireia<\/td>\n<td style=\"width: 189px;text-align: left;height: 31px\">Madres\/Padres\/Tutores<\/td>\n<\/tr>\n<tr style=\"height: 24px\">\n<td style=\"width: 505px;text-align: left;height: 24px\">&nbsp;(REPRESENTANTE DE LA A.M.P.A. MAYORITARIA)<\/td>\n<td style=\"width: 189px;text-align: left;height: 24px\">Madres\/Padres\/Tutores<\/td>\n<\/tr>\n<tr style=\"height: 24px\">\n<td style=\"width: 505px;text-align: left;height: 24px\">Bustillo Rosado, Jos\u00e9<\/td>\n<td style=\"width: 189px;text-align: left;height: 24px\">Personal Adm\u00f3n. y Servicios<\/td>\n<\/tr>\n<tr style=\"height: 24px\">\n<td style=\"width: 505px;text-align: left;height: 24px\">Herrera, Paula (CONCEJAL O REPRESENTANTE DEL AYUNTAMIENTO)<\/td>\n<td style=\"width: 189px;text-align: left;height: 24px\">Ayuntamiento<\/td>\n<\/tr>\n<tr style=\"height: 48px\">\n<td style=\"width: 505px;text-align: left;height: 48px\">&nbsp;(IMPULSOR DE MEDIDAS PARA EL FOMENTO DE LA IGUALDAD ENTRE HOMBRES Y MUJERES)&nbsp; &nbsp; &nbsp; &nbsp; Cristina Ru\u00edz L\u00f3pez<\/td>\n<td style=\"width: 189px;text-align: left;height: 48px\">Fomento Igualdad<\/td>\n<\/tr>\n<\/tbody>\n<\/table>\n<p>&nbsp;<\/p>\n","protected":false},"excerpt":{"rendered":"<p>MIEMBROS DEL CONSEJO ESCOLAR 2019-2020 Miembro Sector Holgado Ben\u00edtez, Lorena (DIRECTORA) Equipo directivo Garc\u00eda Peralta, Sara Mar\u00eda (JEFE\/A DE ESTUDIOS) Equipo Directivo Lorente Mac\u00edas, Rosa Mar\u00eda (SECRETARIO\/A) Equipo Directivo Bautista Salido, Inmaculada Carrasco L\u00f3pez,&#46;&#46;&#46;<\/p>\n","protected":false},"author":4815,"featured_media":0,"parent":0,"menu_order":0,"comment_status":"closed","ping_status":"closed","template":"","meta":{"ngg_post_thumbnail":0,"footnotes":"","_mc_calendar":[]},"aioseo_notices":[],"_links":{"self":[{"href":"https:\/\/blogsaverroes.juntadeandalucia.es\/colegioramongarcia\/wp-json\/wp\/v2\/pages\/337"}],"collection":[{"href":"https:\/\/blogsaverroes.juntadeandalucia.es\/colegioramongarcia\/wp-json\/wp\/v2\/pages"}],"about":[{"href":"https:\/\/blogsaverroes.juntadeandalucia.es\/colegioramongarcia\/wp-json\/wp\/v2\/types\/page"}],"author":[{"embeddable":true,"href":"https:\/\/blogsaverroes.juntadeandalucia.es\/colegioramongarcia\/wp-json\/wp\/v2\/users\/4815"}],"replies":[{"embeddable":true,"href":"https:\/\/blogsaverroes.juntadeandalucia.es\/colegioramongarcia\/wp-json\/wp\/v2\/comments?post=337"}],"version-history":[{"count":7,"href":"https:\/\/blogsaverroes.juntadeandalucia.es\/colegioramongarcia\/wp-json\/wp\/v2\/pages\/337\/revisions"}],"predecessor-version":[{"id":363,"href":"https:\/\/blogsaverroes.juntadeandalucia.es\/colegioramongarcia\/wp-json\/wp\/v2\/pages\/337\/revisions\/363"}],"wp:attachment":[{"href":"https:\/\/blogsaverroes.juntadeandalucia.es\/colegioramongarcia\/wp-json\/wp\/v2\/media?parent=337"}],"curies":[{"name":"wp","href":"https:\/\/api.w.org\/{rel}","templated":true}]}}