{"id":36,"date":"2019-11-18T18:14:34","date_gmt":"2019-11-18T17:14:34","guid":{"rendered":"https:\/\/blogsaverroes.juntadeandalucia.es\/colegioramongarcia\/?page_id=36"},"modified":"2024-01-18T20:15:00","modified_gmt":"2024-01-18T19:15:00","slug":"tutorias","status":"publish","type":"page","link":"https:\/\/blogsaverroes.juntadeandalucia.es\/colegioramongarcia\/tutorias\/","title":{"rendered":"Tutor\u00edas"},"content":{"rendered":"<p>Durante el presente curso las tutor\u00edas con las familias se realizar\u00e1n de manera presencial.<\/p>\n<p>Con <strong>cita previa<\/strong>, concertada a trav\u00e9s de la agenda del alumno o mediante un correo al tutor o tutora , los l<strong>unes de 16.00 a 17.00 horas<\/strong> los tutores est\u00e1n disponibles para atender a las familias .&nbsp; Si por alg\u00fan motivo no se pudiera concertar la cita presencia, las tutor\u00edas&nbsp; podr\u00e1n hacerse de manera telem\u00e1tica .&nbsp;<\/p>\n","protected":false},"excerpt":{"rendered":"<p>Durante el presente curso las tutor\u00edas con las familias se realizar\u00e1n de manera presencial. Con cita previa, concertada a trav\u00e9s de la agenda del alumno o mediante un correo al tutor o tutora ,&#46;&#46;&#46;<\/p>\n","protected":false},"author":4815,"featured_media":0,"parent":0,"menu_order":0,"comment_status":"closed","ping_status":"closed","template":"","meta":{"ngg_post_thumbnail":0,"footnotes":"","_mc_calendar":[]},"aioseo_notices":[],"_links":{"self":[{"href":"https:\/\/blogsaverroes.juntadeandalucia.es\/colegioramongarcia\/wp-json\/wp\/v2\/pages\/36"}],"collection":[{"href":"https:\/\/blogsaverroes.juntadeandalucia.es\/colegioramongarcia\/wp-json\/wp\/v2\/pages"}],"about":[{"href":"https:\/\/blogsaverroes.juntadeandalucia.es\/colegioramongarcia\/wp-json\/wp\/v2\/types\/page"}],"author":[{"embeddable":true,"href":"https:\/\/blogsaverroes.juntadeandalucia.es\/colegioramongarcia\/wp-json\/wp\/v2\/users\/4815"}],"replies":[{"embeddable":true,"href":"https:\/\/blogsaverroes.juntadeandalucia.es\/colegioramongarcia\/wp-json\/wp\/v2\/comments?post=36"}],"version-history":[{"count":4,"href":"https:\/\/blogsaverroes.juntadeandalucia.es\/colegioramongarcia\/wp-json\/wp\/v2\/pages\/36\/revisions"}],"predecessor-version":[{"id":1510,"href":"https:\/\/blogsaverroes.juntadeandalucia.es\/colegioramongarcia\/wp-json\/wp\/v2\/pages\/36\/revisions\/1510"}],"wp:attachment":[{"href":"https:\/\/blogsaverroes.juntadeandalucia.es\/colegioramongarcia\/wp-json\/wp\/v2\/media?parent=36"}],"curies":[{"name":"wp","href":"https:\/\/api.w.org\/{rel}","templated":true}]}}