{"id":415,"date":"2020-02-17T16:54:02","date_gmt":"2020-02-17T15:54:02","guid":{"rendered":"https:\/\/blogsaverroes.juntadeandalucia.es\/colegioramongarcia\/?page_id=415"},"modified":"2021-03-17T10:25:15","modified_gmt":"2021-03-17T09:25:15","slug":"normativa-eleccion-biliinguismo","status":"publish","type":"page","link":"https:\/\/blogsaverroes.juntadeandalucia.es\/colegioramongarcia\/normativa-eleccion-biliinguismo\/","title":{"rendered":"Normativa Elecci\u00f3n Biling\u00fcismo"},"content":{"rendered":"<h3 style=\"text-align: center\"><strong>NORMATIVA BILING\u00dcISMO&nbsp;<\/strong>(RECOGIDO EN EL REGLAMENTO DE ORGANIZACI\u00d3N DEL CENTRO)<\/h3>\n<p>Art\u00edculo 3. Adscripci\u00f3n del alumnado a las Secciones Biling\u00fces.<\/p>\n<ol>\n<li>a)El centro posee dos l\u00edneas, organizadas en dos Secciones Biling\u00fces: Una de Franc\u00e9s, la otra de Ingl\u00e9s, con el mismo n\u00famero de alumnos en cada una de ellas.<\/li>\n<li>b)En caso de que el n\u00famero de vacantes disponibles, en una de las Secciones, sea inferior al n\u00famero de alumnos y alumnas interesados en formar parte de la misma, se realizar\u00e1 un sorteo p\u00fablico para adscribirlos&nbsp;&nbsp;y equiparar ambas Secciones.<\/li>\n<li>c)Se contempla la posibilidad de cambiar de una secci\u00f3n a otra de manera excepcional y solamente por motivos organizativos y de comportamiento de los alumnos\/as. Podr\u00e1 tomar la decisi\u00f3n el Equipo Directivo, escuchado el Equipo Docente y el Equipo T\u00e9cnico de Coordinaci\u00f3n Pedag\u00f3gica.<\/li>\n<li>d)Las vacantes que pudieran producirse en alguna de las Secciones, se ir\u00e1n cubriendo con el alumnado de nueva inscripci\u00f3n en el Centro.<\/li>\n<li>El alumnado con dictamen de escolarizaci\u00f3n no se incluir\u00e1 en las listas a que se refiere n los apartados anteriores, su distribuci\u00f3n se har\u00e1 teniendo en cuenta que ser\u00e1 asignado a los grupos con una menor ratio de alumnos\/as&nbsp; y atendiendo a los criterios establecidos por el Equipo de Orientaci\u00f3n.<\/li>\n<li>En caso de alumnos\/as mellizos o gemelos se consultar\u00e1 a la familia para tener en cuenta su opini\u00f3n a la hora de incluirlos en los grupos .<\/li>\n<\/ol>\n","protected":false},"excerpt":{"rendered":"<p>NORMATIVA BILING\u00dcISMO&nbsp;(RECOGIDO EN EL REGLAMENTO DE ORGANIZACI\u00d3N DEL CENTRO) Art\u00edculo 3. Adscripci\u00f3n del alumnado a las Secciones Biling\u00fces. a)El centro posee dos l\u00edneas, organizadas en dos Secciones Biling\u00fces: Una de Franc\u00e9s, la otra de&#46;&#46;&#46;<\/p>\n","protected":false},"author":4815,"featured_media":0,"parent":0,"menu_order":0,"comment_status":"closed","ping_status":"closed","template":"","meta":{"ngg_post_thumbnail":0,"footnotes":"","_mc_calendar":[]},"aioseo_notices":[],"_links":{"self":[{"href":"https:\/\/blogsaverroes.juntadeandalucia.es\/colegioramongarcia\/wp-json\/wp\/v2\/pages\/415"}],"collection":[{"href":"https:\/\/blogsaverroes.juntadeandalucia.es\/colegioramongarcia\/wp-json\/wp\/v2\/pages"}],"about":[{"href":"https:\/\/blogsaverroes.juntadeandalucia.es\/colegioramongarcia\/wp-json\/wp\/v2\/types\/page"}],"author":[{"embeddable":true,"href":"https:\/\/blogsaverroes.juntadeandalucia.es\/colegioramongarcia\/wp-json\/wp\/v2\/users\/4815"}],"replies":[{"embeddable":true,"href":"https:\/\/blogsaverroes.juntadeandalucia.es\/colegioramongarcia\/wp-json\/wp\/v2\/comments?post=415"}],"version-history":[{"count":5,"href":"https:\/\/blogsaverroes.juntadeandalucia.es\/colegioramongarcia\/wp-json\/wp\/v2\/pages\/415\/revisions"}],"predecessor-version":[{"id":658,"href":"https:\/\/blogsaverroes.juntadeandalucia.es\/colegioramongarcia\/wp-json\/wp\/v2\/pages\/415\/revisions\/658"}],"wp:attachment":[{"href":"https:\/\/blogsaverroes.juntadeandalucia.es\/colegioramongarcia\/wp-json\/wp\/v2\/media?parent=415"}],"curies":[{"name":"wp","href":"https:\/\/api.w.org\/{rel}","templated":true}]}}