{"id":693,"date":"2021-03-18T10:32:55","date_gmt":"2021-03-18T09:32:55","guid":{"rendered":"https:\/\/blogsaverroes.juntadeandalucia.es\/colegioramongarcia\/?page_id=693"},"modified":"2021-03-22T21:38:09","modified_gmt":"2021-03-22T20:38:09","slug":"protocolo-covid","status":"publish","type":"page","link":"https:\/\/blogsaverroes.juntadeandalucia.es\/colegioramongarcia\/covid\/protocolo-covid\/","title":{"rendered":"Protocolo COVID"},"content":{"rendered":"<p>En el siguiente enlace &nbsp;<a href=\"https:\/\/drive.google.com\/file\/d\/1auZOYJxwR-vyag9Ds74LfdpVfWYGKUr7\/view?usp=sharing\" target=\"_blank\" rel=\"noopener noreferrer\">PROTOCOLO DE ACTUACI\u00d3N COVID 19<\/a>&nbsp;&nbsp; se encuentra alojado el Protocolo de actuaci\u00f3n frente al COVID19 de nuestro centro. En \u00e9l se detallan todas las medidas y actuaciones llevadas a cabo para que el proceso de ense\u00f1anza aprendizaje se desarrolle con seguridad durante el curso escolar 2020\/2021.<\/p>\n<p>En esta presentaci\u00f3n \u21d3 se recogen los principales aspectos a tener en cuenta.<\/p>\n<p><iframe class=\"wp-embedded-content\" sandbox=\"allow-scripts\" security=\"restricted\" title=\"Protocolo Covid compartdio\" frameborder='0' width='1200' height='675' src='https:\/\/view.genial.ly\/5f4b875ae784e30d71863859#?secret=kWXxmxPTff' data-secret='kWXxmxPTff' scrolling='yes'><\/iframe><\/p>\n","protected":false},"excerpt":{"rendered":"<p>En el siguiente enlace &nbsp;PROTOCOLO DE ACTUACI\u00d3N COVID 19&nbsp;&nbsp; se encuentra alojado el Protocolo de actuaci\u00f3n frente al COVID19 de nuestro centro. En \u00e9l se detallan todas las medidas y actuaciones llevadas a cabo&#46;&#46;&#46;<\/p>\n","protected":false},"author":4815,"featured_media":0,"parent":659,"menu_order":0,"comment_status":"closed","ping_status":"closed","template":"","meta":{"ngg_post_thumbnail":0,"footnotes":"","_mc_calendar":[]},"aioseo_notices":[],"_links":{"self":[{"href":"https:\/\/blogsaverroes.juntadeandalucia.es\/colegioramongarcia\/wp-json\/wp\/v2\/pages\/693"}],"collection":[{"href":"https:\/\/blogsaverroes.juntadeandalucia.es\/colegioramongarcia\/wp-json\/wp\/v2\/pages"}],"about":[{"href":"https:\/\/blogsaverroes.juntadeandalucia.es\/colegioramongarcia\/wp-json\/wp\/v2\/types\/page"}],"author":[{"embeddable":true,"href":"https:\/\/blogsaverroes.juntadeandalucia.es\/colegioramongarcia\/wp-json\/wp\/v2\/users\/4815"}],"replies":[{"embeddable":true,"href":"https:\/\/blogsaverroes.juntadeandalucia.es\/colegioramongarcia\/wp-json\/wp\/v2\/comments?post=693"}],"version-history":[{"count":8,"href":"https:\/\/blogsaverroes.juntadeandalucia.es\/colegioramongarcia\/wp-json\/wp\/v2\/pages\/693\/revisions"}],"predecessor-version":[{"id":724,"href":"https:\/\/blogsaverroes.juntadeandalucia.es\/colegioramongarcia\/wp-json\/wp\/v2\/pages\/693\/revisions\/724"}],"up":[{"embeddable":true,"href":"https:\/\/blogsaverroes.juntadeandalucia.es\/colegioramongarcia\/wp-json\/wp\/v2\/pages\/659"}],"wp:attachment":[{"href":"https:\/\/blogsaverroes.juntadeandalucia.es\/colegioramongarcia\/wp-json\/wp\/v2\/media?parent=693"}],"curies":[{"name":"wp","href":"https:\/\/api.w.org\/{rel}","templated":true}]}}