{"id":2746,"date":"2020-05-26T23:48:26","date_gmt":"2020-05-26T23:48:26","guid":{"rendered":"https:\/\/blogsaverroes.juntadeandalucia.es\/colegiosantateresa\/?page_id=2746"},"modified":"2023-05-24T09:08:25","modified_gmt":"2023-05-24T09:08:25","slug":"matriculacion","status":"publish","type":"page","link":"https:\/\/blogsaverroes.juntadeandalucia.es\/colegiosantateresa\/matriculacion\/","title":{"rendered":"Matriculaci\u00f3n"},"content":{"rendered":"<p>Informaci\u00f3n acerca de la matriculaci\u00f3n del alumnado.<\/p>\n<h1>&nbsp;<span style=\"font-size: 14pt\"><strong>IMPRESOS:<\/strong><\/span><\/h1>\n<blockquote><p><span style=\"font-size: 14pt\"><strong>EN P\u00c1GINA WEB CONSEJER\u00cdA:<\/strong><\/span><\/p><\/blockquote>\n<p><a href=\"https:\/\/www.juntadeandalucia.es\/educacion\/portals\/web\/escolarizacion\/infantil-a-bachillerato\/impresos\">ENLACE A IMPRESOS ADMISI\u00d3N Y MATR\u00cdCULA,<\/a><\/p>\n<p>&nbsp;<\/p>\n<blockquote><p><span style=\"font-size: 14pt\"><strong>MATRICULA:<\/strong><\/span><\/p><\/blockquote>\n<p><a href=\"https:\/\/blogsaverroes.juntadeandalucia.es\/colegiosantateresa\/files\/2020\/05\/N-MATR\u00cdCULA-E.-INF.pdf\">N &#8211; MATR\u00cdCULA E. INF<\/a><\/p>\n<p><a href=\"https:\/\/blogsaverroes.juntadeandalucia.es\/colegiosantateresa\/files\/2020\/05\/N-MATR\u00cdCULA-PRIM.pdf\">N &#8211; MATR\u00cdCULA PRIM<\/a><\/p>\n<p><a href=\"https:\/\/blogsaverroes.juntadeandalucia.es\/colegiosantateresa\/files\/2020\/05\/N-Matr\u00edcula-Aula-Espec\u00edfica.pdf\">N &#8211; MATR\u00cdCULA A. ESP.<\/a><\/p>\n<p><a href=\"https:\/\/blogsaverroes.juntadeandalucia.es\/colegiosantateresa\/files\/2020\/05\/N-ANEXO_RELIGION.pdf\">N &#8211; ANEXO_RELIGION<\/a><\/p>\n<p>&nbsp;<\/p>\n<blockquote><p><span style=\"font-size: 14pt\"><strong>OTROS DOCUMENTOS A PRESENTAR:<\/strong><\/span><\/p><\/blockquote>\n<p><a href=\"https:\/\/blogsaverroes.juntadeandalucia.es\/colegiosantateresa\/files\/2021\/06\/AUTORIZACION-IMAGEN.pdf\" target=\"_blank\" rel=\"noopener noreferrer\">AUTORIZACION IMAGEN<\/a><\/p>\n<p><a href=\"https:\/\/blogsaverroes.juntadeandalucia.es\/colegiosantateresa\/files\/2021\/06\/AUTORIZACION-RECOGIDA.pdf\" target=\"_blank\" rel=\"noopener noreferrer\">AUTORIZACION RECOGIDA<\/a><\/p>\n<p>&nbsp;<\/p>\n<blockquote><p><span style=\"font-size: 14pt\"><strong>SOLICITUD PLAN APERTURA <\/strong><\/span><strong style=\"font-size: 14pt\">(aula matinal, comedor escolar y actividades extraescolares):<\/strong><\/p><\/blockquote>\n<p><a href=\"https:\/\/blogsaverroes.juntadeandalucia.es\/colegiosantateresa\/files\/2020\/05\/10-PAC-ANEXO-II-Solicitud-plan-apertura.pdf\" target=\"_blank\" rel=\"noopener noreferrer\">10 &#8211; PAC &#8211; ANEXO II Solicitud plan apertura<\/a><\/p>\n<p><a href=\"https:\/\/blogsaverroes.juntadeandalucia.es\/colegiosantateresa\/files\/2020\/05\/11-PAC-ANEXO-V-solicitud-bonificacion.pdf\" target=\"_blank\" rel=\"noopener noreferrer\">11 &#8211; PAC &#8211; ANEXO V solicitud bonificaci\u00f3n<\/a><\/p>\n<p>&nbsp;<\/p>\n<p><span style=\"color: #ff0000\"><strong>ACTIVIDADES EXTRAESCOLARES PROPUESTAS PARA EL CURSO 2023\/24:<\/strong><\/span><\/p>\n<p><img loading=\"lazy\" decoding=\"async\" class=\" wp-image-9762 aligncenter\" src=\"https:\/\/blogsaverroes.juntadeandalucia.es\/colegiosantateresa\/files\/2023\/05\/screenshot_874-300x109.jpg\" alt=\"\" width=\"391\" height=\"142\" srcset=\"https:\/\/blogsaverroes.juntadeandalucia.es\/colegiosantateresa\/files\/2023\/05\/screenshot_874-300x109.jpg 300w, https:\/\/blogsaverroes.juntadeandalucia.es\/colegiosantateresa\/files\/2023\/05\/screenshot_874-768x279.jpg 768w, https:\/\/blogsaverroes.juntadeandalucia.es\/colegiosantateresa\/files\/2023\/05\/screenshot_874-600x220.jpg 600w, https:\/\/blogsaverroes.juntadeandalucia.es\/colegiosantateresa\/files\/2023\/05\/screenshot_874.jpg 822w\" sizes=\"(max-width: 391px) 100vw, 391px\" \/><\/p>\n","protected":false},"excerpt":{"rendered":"<p>Informaci\u00f3n acerca de la matriculaci\u00f3n del alumnado. &nbsp;IMPRESOS: EN P\u00c1GINA WEB CONSEJER\u00cdA: ENLACE A IMPRESOS ADMISI\u00d3N Y MATR\u00cdCULA, &nbsp; MATRICULA: N &#8211; MATR\u00cdCULA E. INF N &#8211; MATR\u00cdCULA PRIM N &#8211; MATR\u00cdCULA A. ESP.&#46;&#46;&#46;<\/p>\n","protected":false},"author":8390,"featured_media":0,"parent":0,"menu_order":0,"comment_status":"closed","ping_status":"closed","template":"","meta":{"ngg_post_thumbnail":0,"footnotes":"","_mc_calendar":[]},"aioseo_notices":[],"_links":{"self":[{"href":"https:\/\/blogsaverroes.juntadeandalucia.es\/colegiosantateresa\/wp-json\/wp\/v2\/pages\/2746"}],"collection":[{"href":"https:\/\/blogsaverroes.juntadeandalucia.es\/colegiosantateresa\/wp-json\/wp\/v2\/pages"}],"about":[{"href":"https:\/\/blogsaverroes.juntadeandalucia.es\/colegiosantateresa\/wp-json\/wp\/v2\/types\/page"}],"author":[{"embeddable":true,"href":"https:\/\/blogsaverroes.juntadeandalucia.es\/colegiosantateresa\/wp-json\/wp\/v2\/users\/8390"}],"replies":[{"embeddable":true,"href":"https:\/\/blogsaverroes.juntadeandalucia.es\/colegiosantateresa\/wp-json\/wp\/v2\/comments?post=2746"}],"version-history":[{"count":6,"href":"https:\/\/blogsaverroes.juntadeandalucia.es\/colegiosantateresa\/wp-json\/wp\/v2\/pages\/2746\/revisions"}],"predecessor-version":[{"id":9767,"href":"https:\/\/blogsaverroes.juntadeandalucia.es\/colegiosantateresa\/wp-json\/wp\/v2\/pages\/2746\/revisions\/9767"}],"wp:attachment":[{"href":"https:\/\/blogsaverroes.juntadeandalucia.es\/colegiosantateresa\/wp-json\/wp\/v2\/media?parent=2746"}],"curies":[{"name":"wp","href":"https:\/\/api.w.org\/{rel}","templated":true}]}}