{"id":44,"date":"2015-03-13T08:42:15","date_gmt":"2015-03-13T08:42:15","guid":{"rendered":"http:\/\/blogsaverroes.juntadeandalucia.es\/pre\/ceip\/?page_id=44"},"modified":"2022-11-12T13:38:36","modified_gmt":"2022-11-12T13:38:36","slug":"planes-y-proyectos","status":"publish","type":"page","link":"https:\/\/blogsaverroes.juntadeandalucia.es\/colegiosantateresa\/planes-y-proyectos\/","title":{"rendered":"Planes y Programas"},"content":{"rendered":"<p><img loading=\"lazy\" decoding=\"async\" class=\"size-medium wp-image-1667 aligncenter\" src=\"https:\/\/blogsaverroes.juntadeandalucia.es\/colegiosantateresa\/files\/2015\/03\/planes-300x150.png\" alt=\"planes\" width=\"300\" height=\"150\" srcset=\"https:\/\/blogsaverroes.juntadeandalucia.es\/colegiosantateresa\/files\/2015\/03\/planes-300x150.png 300w, https:\/\/blogsaverroes.juntadeandalucia.es\/colegiosantateresa\/files\/2015\/03\/planes.png 640w\" sizes=\"(max-width: 300px) 100vw, 300px\" \/><\/p>\n<p style=\"text-align: justify\">Cada centro personaliza y adapta su Proyecto Educativo adhiri\u00e9ndose a diferentes <strong>Planes y Programas<\/strong> promovidos desde la Consejer\u00eda de Educaci\u00f3n, Cultura y Deporte y otros promovidos por el propio Centro.<\/p>\n<p style=\"text-align: justify\">Este apartado recoge las l\u00edneas de actuaci\u00f3n de estos Planes y Programas desarrollados por el centro. A continuaci\u00f3n se muestran algunos de ellos.<\/p>\n<p style=\"text-align: justify\">Adem\u00e1s de los planes con entidad propia, como el plan de apertura, que comprende los servicios de aula matinal, comedor escolar y actividades extraescolares, y el plan de autoprotecci\u00f3n, se relacionan los siguientes:<\/p>\n<ul>\n<li style=\"text-align: justify\"><strong><a href=\"https:\/\/blogsaverroes.juntadeandalucia.es\/colegiosantateresa\/files\/2020\/11\/3.1-PLAN-FOMENTO-Y-TRATAMIENTO-LECTURA.pdf\" target=\"_blank\" rel=\"noopener noreferrer\">PLAN<\/a><strong style=\"color: #333333\"><img loading=\"lazy\" decoding=\"async\" class=\"alignright wp-image-3787\" src=\"https:\/\/blogsaverroes.juntadeandalucia.es\/colegiosantateresa\/files\/2020\/11\/PORTADA-RESUMEN-212x300.jpg\" alt=\"\" width=\"244\" height=\"345\" srcset=\"https:\/\/blogsaverroes.juntadeandalucia.es\/colegiosantateresa\/files\/2020\/11\/PORTADA-RESUMEN-212x300.jpg 212w, https:\/\/blogsaverroes.juntadeandalucia.es\/colegiosantateresa\/files\/2020\/11\/PORTADA-RESUMEN-724x1024.jpg 724w, https:\/\/blogsaverroes.juntadeandalucia.es\/colegiosantateresa\/files\/2020\/11\/PORTADA-RESUMEN-768x1086.jpg 768w, https:\/\/blogsaverroes.juntadeandalucia.es\/colegiosantateresa\/files\/2020\/11\/PORTADA-RESUMEN-1086x1536.jpg 1086w, https:\/\/blogsaverroes.juntadeandalucia.es\/colegiosantateresa\/files\/2020\/11\/PORTADA-RESUMEN-1448x2048.jpg 1448w, https:\/\/blogsaverroes.juntadeandalucia.es\/colegiosantateresa\/files\/2020\/11\/PORTADA-RESUMEN-17x24.jpg 17w, https:\/\/blogsaverroes.juntadeandalucia.es\/colegiosantateresa\/files\/2020\/11\/PORTADA-RESUMEN-25x36.jpg 25w, https:\/\/blogsaverroes.juntadeandalucia.es\/colegiosantateresa\/files\/2020\/11\/PORTADA-RESUMEN-34x48.jpg 34w, https:\/\/blogsaverroes.juntadeandalucia.es\/colegiosantateresa\/files\/2020\/11\/PORTADA-RESUMEN.jpg 1132w\" sizes=\"(max-width: 244px) 100vw, 244px\" \/><\/strong><a href=\"https:\/\/blogsaverroes.juntadeandalucia.es\/colegiosantateresa\/files\/2020\/11\/3.1-PLAN-FOMENTO-Y-TRATAMIENTO-LECTURA.pdf\" target=\"_blank\" rel=\"noopener noreferrer\">&nbsp;FOMENTO Y TRATAMIENTO LECTURA<\/a><\/strong><\/li>\n<li><strong><a href=\"https:\/\/blogsaverroes.juntadeandalucia.es\/colegiosantateresa\/files\/2020\/11\/3.2-PLAN-LECTOR.pdf\" target=\"_blank\" rel=\"noopener noreferrer\">PLAN LECTOR<\/a><\/strong><\/li>\n<li><strong><a href=\"https:\/\/blogsaverroes.juntadeandalucia.es\/colegiosantateresa\/files\/2020\/11\/07-PROYECTO-LING\u00dc\u00cdSTICO-2020-21.pdf\" target=\"_blank\" rel=\"noopener noreferrer\">PROYECTO LING\u00dc\u00cdSTICO<\/a><\/strong><\/li>\n<li><strong><a href=\"https:\/\/blogsaverroes.juntadeandalucia.es\/colegiosantateresa\/files\/2020\/11\/20-PLAN-DE-IGUALDAD-2020-2021.pdf\" target=\"_blank\" rel=\"noopener noreferrer\">PLAN DE IGUALDAD<\/a><\/strong><\/li>\n<li><strong><a href=\"https:\/\/blogsaverroes.juntadeandalucia.es\/colegiosantateresa\/files\/2020\/11\/21-PLAN-DE-TRABAJO-BIBLIOTECA-2020-21.pdf\" target=\"_blank\" rel=\"noopener noreferrer\">PLAN DE TRABAJO BIBLIOTECA<\/a><\/strong><\/li>\n<li><strong><a href=\"https:\/\/blogsaverroes.juntadeandalucia.es\/colegiosantateresa\/files\/2020\/11\/22-PLAN-DE-ACTUACI\u00d3N-PROYECTO-MATEMORFOSIS-20-21.pdf\" target=\"_blank\" rel=\"noopener noreferrer\">PLAN DE ACTUACI\u00d3N PROYECTO MATEMORFOSIS<\/a><\/strong><\/li>\n<li><strong><a href=\"https:\/\/blogsaverroes.juntadeandalucia.es\/colegiosantateresa\/files\/2020\/11\/23-Plan-de-trabajo-AULADJAQUE-20-21.pdf\" target=\"_blank\" rel=\"noopener noreferrer\">PROGRAMA AULADJAQUE<\/a><\/strong><\/li>\n<li><strong><a href=\"https:\/\/blogsaverroes.juntadeandalucia.es\/colegiosantateresa\/files\/2020\/11\/24-PLAN-DE-AUTOPROTECCI\u00d3N-20-21.pdf\" target=\"_blank\" rel=\"noopener noreferrer\">PLAN DE AUTOPROTECCI\u00d3N<\/a><\/strong><\/li>\n<li><strong><a href=\"https:\/\/blogsaverroes.juntadeandalucia.es\/colegiosantateresa\/files\/2020\/11\/26-PLAN-DE-ACTUACI\u00d3N-CRECIENDO-EN-SALUD-20-21.pdf\" target=\"_blank\" rel=\"noopener noreferrer\">PLAN DE ACTUACI\u00d3N CRECIENDO EN SALUD<\/a><\/strong><\/li>\n<li><strong><a href=\"https:\/\/blogsaverroes.juntadeandalucia.es\/colegiosantateresa\/files\/2020\/11\/27-PLAN-DE-ACTUACI\u00d3N-DIGITAL-20-21.pdf\" target=\"_blank\" rel=\"noopener noreferrer\">PLAN DE ACTUACI\u00d3N DIGITAL<\/a><\/strong><\/li>\n<li><strong><a href=\"https:\/\/blogsaverroes.juntadeandalucia.es\/colegiosantateresa\/files\/2020\/11\/28-PLAN-DE-TRABAJO-P\u00c1G.-WEB-20-21.pdf\" target=\"_blank\" rel=\"noopener noreferrer\">PLAN DE TRABAJO P\u00c1G. WEB<\/a><\/strong><\/li>\n<\/ul>\n<p>&nbsp;<\/p>\n","protected":false},"excerpt":{"rendered":"<p>Cada centro personaliza y adapta su Proyecto Educativo adhiri\u00e9ndose a diferentes Planes y Programas promovidos desde la Consejer\u00eda de Educaci\u00f3n, Cultura y Deporte y otros promovidos por el propio Centro. Este apartado recoge las&#46;&#46;&#46;<\/p>\n","protected":false},"author":1,"featured_media":0,"parent":0,"menu_order":0,"comment_status":"closed","ping_status":"closed","template":"","meta":{"ngg_post_thumbnail":0,"footnotes":"","_mc_calendar":[]},"aioseo_notices":[],"_links":{"self":[{"href":"https:\/\/blogsaverroes.juntadeandalucia.es\/colegiosantateresa\/wp-json\/wp\/v2\/pages\/44"}],"collection":[{"href":"https:\/\/blogsaverroes.juntadeandalucia.es\/colegiosantateresa\/wp-json\/wp\/v2\/pages"}],"about":[{"href":"https:\/\/blogsaverroes.juntadeandalucia.es\/colegiosantateresa\/wp-json\/wp\/v2\/types\/page"}],"author":[{"embeddable":true,"href":"https:\/\/blogsaverroes.juntadeandalucia.es\/colegiosantateresa\/wp-json\/wp\/v2\/users\/1"}],"replies":[{"embeddable":true,"href":"https:\/\/blogsaverroes.juntadeandalucia.es\/colegiosantateresa\/wp-json\/wp\/v2\/comments?post=44"}],"version-history":[{"count":12,"href":"https:\/\/blogsaverroes.juntadeandalucia.es\/colegiosantateresa\/wp-json\/wp\/v2\/pages\/44\/revisions"}],"predecessor-version":[{"id":8296,"href":"https:\/\/blogsaverroes.juntadeandalucia.es\/colegiosantateresa\/wp-json\/wp\/v2\/pages\/44\/revisions\/8296"}],"wp:attachment":[{"href":"https:\/\/blogsaverroes.juntadeandalucia.es\/colegiosantateresa\/wp-json\/wp\/v2\/media?parent=44"}],"curies":[{"name":"wp","href":"https:\/\/api.w.org\/{rel}","templated":true}]}}