{"id":35,"date":"2020-01-09T12:42:54","date_gmt":"2020-01-09T11:42:54","guid":{"rendered":"http:\/\/blogsaverroes.juntadeandalucia.es\/pre\/nuevoceip2v2\/?page_id=35"},"modified":"2025-09-08T15:36:58","modified_gmt":"2025-09-08T14:36:58","slug":"biblioteca","status":"publish","type":"page","link":"https:\/\/blogsaverroes.juntadeandalucia.es\/colegiovelazquez\/biblioteca\/","title":{"rendered":"Biblioteca"},"content":{"rendered":"<p>[et_pb_section fb_built=&#8221;1&#8243; admin_label=&#8221;Header&#8221; _builder_version=&#8221;4.24.2&#8243; _module_preset=&#8221;default&#8221; custom_margin=&#8221;||-6px|||&#8221; hover_enabled=&#8221;0&#8243; locked=&#8221;off&#8221; global_colors_info=&#8221;{}&#8221; background_color=&#8221;#cce7ff&#8221; background_enable_pattern_style=&#8221;on&#8221; background_pattern_style=&#8221;scallops&#8221; background_pattern_blend_mode=&#8221;overlay&#8221; bottom_divider_style=&#8221;waves2&#8243; sticky_enabled=&#8221;0&#8243; next_background_color=&#8221;#ffffff&#8221;][et_pb_row _builder_version=&#8221;4.16&#8243; _module_preset=&#8221;default&#8221; global_colors_info=&#8221;{}&#8221;][et_pb_column type=&#8221;4_4&#8243; _builder_version=&#8221;4.16&#8243; _module_preset=&#8221;default&#8221; global_colors_info=&#8221;{}&#8221;][et_pb_text _builder_version=&#8221;4.24.2&#8243; _module_preset=&#8221;d5dbb5d4-7ec7-4306-b6c5-1435f277faf4&#8243; header_font=&#8221;Candal||||||||&#8221; header_text_color=&#8221;#000000&#8243; header_font_size=&#8221;60px&#8221; header_line_height=&#8221;1.2em&#8221; custom_margin=&#8221;||16px||false|false&#8221; header_font_size_tablet=&#8221;36px&#8221; header_font_size_phone=&#8221;24px&#8221; header_font_size_last_edited=&#8221;on|phone&#8221; global_colors_info=&#8221;{}&#8221;]<\/p>\n<h1 style=\"text-align: center\" data-sider-select-id=\"e5306292-eb53-4a81-86b4-d24bc448c5b9\"><span style=\"color: #020269\" data-sider-select-id=\"976599c2-257f-41b4-885b-b0900e94b492\">Biblioteca escolar<\/span><\/h1>\n<p>[\/et_pb_text][\/et_pb_column][\/et_pb_row][et_pb_row _builder_version=&#8221;4.24.2&#8243; _module_preset=&#8221;default&#8221; global_colors_info=&#8221;{}&#8221;][et_pb_column type=&#8221;4_4&#8243; _builder_version=&#8221;4.24.2&#8243; _module_preset=&#8221;default&#8221; global_colors_info=&#8221;{}&#8221;][et_pb_divider show_divider=&#8221;off&#8221; _builder_version=&#8221;4.24.2&#8243; _module_preset=&#8221;default&#8221; global_colors_info=&#8221;{}&#8221;][\/et_pb_divider][\/et_pb_column][\/et_pb_row][\/et_pb_section][et_pb_section fb_built=&#8221;1&#8243; next_background_color=&#8221;#cce7ff&#8221; admin_label=&#8221;Biblioteca&#8221; _builder_version=&#8221;4.24.2&#8243; _module_preset=&#8221;default&#8221; background_enable_image=&#8221;off&#8221; parallax=&#8221;on&#8221; bottom_divider_style=&#8221;none&#8221; global_colors_info=&#8221;{}&#8221;][et_pb_row admin_label=&#8221;Fila&#8221; _builder_version=&#8221;4.24.2&#8243; _module_preset=&#8221;default&#8221; global_colors_info=&#8221;{}&#8221;][et_pb_column type=&#8221;4_4&#8243; _builder_version=&#8221;4.24.2&#8243; _module_preset=&#8221;default&#8221; background_enable_color=&#8221;off&#8221; global_colors_info=&#8221;{}&#8221;][et_pb_text _builder_version=&#8221;4.24.2&#8243; _module_preset=&#8221;37ecd0c5-bb26-4380-8165-01e95e02d8be&#8221; header_3_font=&#8221;Candal||||||||&#8221; header_3_text_color=&#8221;#000000&#8243; header_3_line_height=&#8221;1.2em&#8221; custom_margin=&#8221;||10px||false|false&#8221; animation_style=&#8221;bounce&#8221; animation_direction=&#8221;bottom&#8221; header_3_font_size_tablet=&#8221;20px&#8221; header_3_font_size_phone=&#8221;16px&#8221; header_3_font_size_last_edited=&#8221;on|desktop&#8221; header_3_line_height_tablet=&#8221;&#8221; header_3_line_height_phone=&#8221;1.4em&#8221; header_3_line_height_last_edited=&#8221;on|phone&#8221; global_colors_info=&#8221;{}&#8221;]<\/p>\n<h3 style=\"text-align: center\"><span style=\"color: #ff0000;font-size: 24pt\" data-sider-select-id=\"3e7bac92-8793-4518-9681-b14639c7b88b\">\u00a1Bienvenidos a la biblioteca escolar!<\/span><\/h3>\n<p>[\/et_pb_text][\/et_pb_column][\/et_pb_row][et_pb_row column_structure=&#8221;1_2,1_2&#8243; _builder_version=&#8221;4.24.2&#8243; _module_preset=&#8221;default&#8221; background_image=&#8221;https:\/\/blogsaverroes.juntadeandalucia.es\/colegiovelazquez\/files\/2024\/05\/1716214027292-scaled.jpg&#8221; global_colors_info=&#8221;{}&#8221;][et_pb_column type=&#8221;1_2&#8243; _builder_version=&#8221;4.24.2&#8243; _module_preset=&#8221;default&#8221; global_colors_info=&#8221;{}&#8221;][\/et_pb_column][et_pb_column type=&#8221;1_2&#8243; _builder_version=&#8221;4.24.2&#8243; _module_preset=&#8221;default&#8221; custom_padding=&#8221;8px|8px|8px|8px|false|false&#8221; global_colors_info=&#8221;{}&#8221;][et_pb_text _builder_version=&#8221;4.24.2&#8243; _module_preset=&#8221;37ecd0c5-bb26-4380-8165-01e95e02d8be&#8221; header_3_font=&#8221;Candal||||||||&#8221; header_3_text_color=&#8221;#000000&#8243; header_3_line_height=&#8221;1.2em&#8221; background_color=&#8221;rgba(255,255,255,0.65)&#8221; custom_margin=&#8221;||||false|false&#8221; custom_padding=&#8221;5px|5px|4px|5px|false|false&#8221; animation_style=&#8221;zoom&#8221; animation_direction=&#8221;right&#8221; header_3_font_size_tablet=&#8221;20px&#8221; header_3_font_size_phone=&#8221;16px&#8221; header_3_font_size_last_edited=&#8221;on|desktop&#8221; header_3_line_height_tablet=&#8221;&#8221; header_3_line_height_phone=&#8221;1.4em&#8221; header_3_line_height_last_edited=&#8221;on|phone&#8221; global_colors_info=&#8221;{}&#8221;]<\/p>\n<h3 style=\"text-align: center\"><span style=\"color: #333399;font-size: 14pt\">Biblioteca escolar <img loading=\"lazy\" decoding=\"async\" class=\"wp-image-1117  aligncenter\" src=\"https:\/\/blogsaverroes.juntadeandalucia.es\/colegiovelazquez\/files\/2024\/05\/Nuevo_logo_de_biblioteca.png\" alt=\"\" width=\"62\" height=\"60\" \/><\/span><\/h3>\n<p style=\"text-align: justify\"><span style=\"font-size: 12pt;color: #000000\" data-sider-select-id=\"35aeecf4-51a0-4ab3-90f3-687e9982469b\"><strong data-sider-select-id=\"9198a274-123f-4dcc-80f7-cab1751fc70c\">Finalidad de la biblioteca escolar.\u00a0<\/strong><\/span><\/p>\n<p style=\"text-align: justify\"><span style=\"font-size: 16px;color: #000000\">La biblioteca escolar tiene como objetivo fundamental fomentar el h\u00e1bito de la lectura y el inter\u00e9s por los libros entre el alumnado y el profesorado, convirti\u00e9ndose en un recurso esencial para el aprendizaje y el desarrollo personal.<\/span><\/p>\n<p style=\"text-align: justify\">[\/et_pb_text][\/et_pb_column][\/et_pb_row][et_pb_row column_structure=&#8221;3_5,2_5&#8243; admin_label=&#8221;Fila&#8221; _builder_version=&#8221;4.24.2&#8243; _module_preset=&#8221;default&#8221; background_image=&#8221;https:\/\/blogsaverroes.juntadeandalucia.es\/colegiovelazquez\/files\/2025\/03\/home-improvement-52-1-e1742671913937.png&#8221; background_position=&#8221;bottom_right&#8221; custom_margin=&#8221;||||false|false&#8221; global_colors_info=&#8221;{}&#8221;][et_pb_column type=&#8221;3_5&#8243; _builder_version=&#8221;4.16&#8243; _module_preset=&#8221;default&#8221; global_colors_info=&#8221;{}&#8221;][et_pb_video src=&#8221;https:\/\/blogsaverroes.juntadeandalucia.es\/colegiovelazquez\/files\/2024\/05\/Video-para-la-biblioteca.mp4&#8243; _builder_version=&#8221;4.24.2&#8243; _module_preset=&#8221;default&#8221; border_radii=&#8221;on|17px|17px|17px|17px&#8221; global_colors_info=&#8221;{}&#8221;][\/et_pb_video][et_pb_image src=&#8221;https:\/\/blogsaverroes.juntadeandalucia.es\/colegiovelazquez\/files\/2023\/04\/biblioweb.png&#8221; title_text=&#8221;biblioweb&#8221; align=&#8221;center&#8221; _builder_version=&#8221;4.24.2&#8243; _module_preset=&#8221;default&#8221; animation_style=&#8221;fold&#8221; global_colors_info=&#8221;{}&#8221;][\/et_pb_image][\/et_pb_column][et_pb_column type=&#8221;2_5&#8243; _builder_version=&#8221;4.24.2&#8243; _module_preset=&#8221;default&#8221; global_colors_info=&#8221;{}&#8221;][et_pb_text _builder_version=&#8221;4.24.2&#8243; _module_preset=&#8221;37ecd0c5-bb26-4380-8165-01e95e02d8be&#8221; header_3_font=&#8221;Candal||||||||&#8221; header_3_text_color=&#8221;#000000&#8243; header_3_line_height=&#8221;1.2em&#8221; background_color=&#8221;rgba(255,255,255,0.76)&#8221; custom_margin=&#8221;||||false|false&#8221; custom_padding=&#8221;5px|5px|4px|5px|false|false&#8221; animation_style=&#8221;bounce&#8221; header_3_font_size_tablet=&#8221;20px&#8221; header_3_font_size_phone=&#8221;16px&#8221; header_3_font_size_last_edited=&#8221;on|desktop&#8221; header_3_line_height_tablet=&#8221;&#8221; header_3_line_height_phone=&#8221;1.4em&#8221; header_3_line_height_last_edited=&#8221;on|phone&#8221; global_colors_info=&#8221;{}&#8221;]<\/p>\n<p style=\"text-align: justify\"><span style=\"font-size: 12pt;color: #000000\" data-sider-select-id=\"35aeecf4-51a0-4ab3-90f3-687e9982469b\"><strong data-sider-select-id=\"9198a274-123f-4dcc-80f7-cab1751fc70c\">Nuestro cat\u00e1logo.\u00a0<\/strong><\/span><\/p>\n<p style=\"text-align: justify\"><span style=\"font-size: 16px;color: #000000\">Nuestro cat\u00e1logo est\u00e1 disponible a trav\u00e9s del portal de biblioweb S\u00e9neca:<\/span><\/p>\n<p><span style=\"color: #000000\"><a style=\"color: #000000\" href=\"https:\/\/www.juntadeandalucia.es\/educacion\/senecav2\/seneca\/biblioweb\/portal\/04000213\" target=\"_blank\" rel=\"noopener\"><img loading=\"lazy\" decoding=\"async\" class=\"aligncenter wp-image-994\" src=\"https:\/\/blogsaverroes.juntadeandalucia.es\/colegiovelazquez\/files\/2024\/05\/hacer-clic-300x300.png\" alt=\"\" width=\"71\" height=\"71\" \/><\/a><\/span><\/p>\n<p>&nbsp;<\/p>\n<p style=\"text-align: justify\"><span style=\"font-size: 16px;color: #000000\">Tambi\u00e9n se puede acceder a nuestro cat\u00e1logo a trav\u00e9s de la aplicaci\u00f3n de Ipasen, que est\u00e1 disponible para los sistemas operativos Android e iOS.<\/span><\/p>\n<p>[\/et_pb_text][\/et_pb_column][\/et_pb_row][et_pb_row _builder_version=&#8221;4.24.2&#8243; _module_preset=&#8221;default&#8221; global_colors_info=&#8221;{}&#8221;][et_pb_column type=&#8221;4_4&#8243; _builder_version=&#8221;4.24.2&#8243; _module_preset=&#8221;default&#8221; global_colors_info=&#8221;{}&#8221;][\/et_pb_column][\/et_pb_row][\/et_pb_section][et_pb_section fb_built=&#8221;1&#8243; prev_background_color=&#8221;#ffffff&#8221; next_background_color=&#8221;#ffffff&#8221; _builder_version=&#8221;4.24.2&#8243; _module_preset=&#8221;default&#8221; background_color=&#8221;#cce7ff&#8221; top_divider_style=&#8221;mountains&#8221; bottom_divider_style=&#8221;none&#8221; global_colors_info=&#8221;{}&#8221;][et_pb_row _builder_version=&#8221;4.24.2&#8243; _module_preset=&#8221;default&#8221; global_colors_info=&#8221;{}&#8221;][et_pb_column type=&#8221;4_4&#8243; _builder_version=&#8221;4.24.2&#8243; _module_preset=&#8221;default&#8221; global_colors_info=&#8221;{}&#8221;][\/et_pb_column][\/et_pb_row][\/et_pb_section]<\/p>\n","protected":false},"excerpt":{"rendered":"<p>Biblioteca escolar\u00a1Bienvenidos a la biblioteca escolar!Biblioteca escolar Finalidad de la biblioteca escolar.\u00a0 La biblioteca escolar tiene como objetivo fundamental fomentar el h\u00e1bito de la lectura y el inter\u00e9s por los libros entre el alumnado y el profesorado, convirti\u00e9ndose en un recurso esencial para el aprendizaje y el desarrollo personal. Nuestro cat\u00e1logo.\u00a0 Nuestro cat\u00e1logo est\u00e1 disponible [&hellip;]<\/p>\n","protected":false},"author":7051,"featured_media":0,"parent":0,"menu_order":0,"comment_status":"closed","ping_status":"closed","template":"","meta":{"_et_pb_use_builder":"on","_et_pb_old_content":"","_et_gb_content_width":"","ngg_post_thumbnail":0,"footnotes":""},"aioseo_notices":[],"_links":{"self":[{"href":"https:\/\/blogsaverroes.juntadeandalucia.es\/colegiovelazquez\/wp-json\/wp\/v2\/pages\/35"}],"collection":[{"href":"https:\/\/blogsaverroes.juntadeandalucia.es\/colegiovelazquez\/wp-json\/wp\/v2\/pages"}],"about":[{"href":"https:\/\/blogsaverroes.juntadeandalucia.es\/colegiovelazquez\/wp-json\/wp\/v2\/types\/page"}],"author":[{"embeddable":true,"href":"https:\/\/blogsaverroes.juntadeandalucia.es\/colegiovelazquez\/wp-json\/wp\/v2\/users\/7051"}],"replies":[{"embeddable":true,"href":"https:\/\/blogsaverroes.juntadeandalucia.es\/colegiovelazquez\/wp-json\/wp\/v2\/comments?post=35"}],"version-history":[{"count":27,"href":"https:\/\/blogsaverroes.juntadeandalucia.es\/colegiovelazquez\/wp-json\/wp\/v2\/pages\/35\/revisions"}],"predecessor-version":[{"id":2683,"href":"https:\/\/blogsaverroes.juntadeandalucia.es\/colegiovelazquez\/wp-json\/wp\/v2\/pages\/35\/revisions\/2683"}],"wp:attachment":[{"href":"https:\/\/blogsaverroes.juntadeandalucia.es\/colegiovelazquez\/wp-json\/wp\/v2\/media?parent=35"}],"curies":[{"name":"wp","href":"https:\/\/api.w.org\/{rel}","templated":true}]}}