{"id":198,"date":"2015-03-17T09:55:36","date_gmt":"2015-03-17T09:55:36","guid":{"rendered":"http:\/\/blogsaverroes.juntadeandalucia.es\/pre\/ceip\/?page_id=198"},"modified":"2019-05-08T17:19:54","modified_gmt":"2019-05-08T17:19:54","slug":"que-es-el-ampa","status":"publish","type":"page","link":"https:\/\/blogsaverroes.juntadeandalucia.es\/colegiovicentealeixandre\/que-es-el-ampa\/","title":{"rendered":"\u00bfQu\u00e9 es el AMPA?"},"content":{"rendered":"<p style=\"text-align: left\"><a href=\"https:\/\/blogsaverroes.juntadeandalucia.es\/colegiovicentealeixandre\/files\/2015\/03\/familia.png\"><img loading=\"lazy\" decoding=\"async\" class=\"aligncenter wp-image-243 size-medium\" src=\"https:\/\/blogsaverroes.juntadeandalucia.es\/colegiovicentealeixandre\/files\/2015\/03\/familia-300x193.png\" alt=\"\" width=\"300\" height=\"193\" srcset=\"https:\/\/blogsaverroes.juntadeandalucia.es\/colegiovicentealeixandre\/files\/2015\/03\/familia-300x193.png 300w, https:\/\/blogsaverroes.juntadeandalucia.es\/colegiovicentealeixandre\/files\/2015\/03\/familia-1024x661.png 1024w, https:\/\/blogsaverroes.juntadeandalucia.es\/colegiovicentealeixandre\/files\/2015\/03\/familia.png 1280w\" sizes=\"(max-width: 300px) 100vw, 300px\" \/><\/a>El <strong>AMPA<\/strong> es una asociaci\u00f3n sin \u00e1nimo de lucro que formada por los padres y madres de todo el alumnado del Colegio.<\/p>\n<p>Es un punto de encuentro y de trabajo independiente, abierto y plural.<\/p>\n<p>Desde el AMPA podemos contribuir a la mejora de la calidad de la educaci\u00f3n, la convivencia del centro y de las instalaciones.<\/p>\n<h3>\u00bfpor qu\u00e9 es importante vuestra participaci\u00f3n?<\/h3>\n<p>En el colegio existen espacios de participaci\u00f3n, siendo el AMPA &nbsp;el \u00fanico espacio de participaci\u00f3n aut\u00f3nomo de padres y madres. El AMPA es importante porque:<\/p>\n<ul>\n<li>Somos corresponsables de la educaci\u00f3n que nuestros hijos\/as reciben en el colegio.<\/li>\n<li>Es un espacio para aportar iniciativas y trabajar con la direcci\u00f3n del Centro, sin depender de esta.<\/li>\n<\/ul>\n<h3>\u00bfc\u00f3mo puedes participar?<\/h3>\n<p>Participar en el AMPA es muy f\u00e1cil y cada uno decide el nivel de implicaci\u00f3n.<\/p>\n<ul>\n<li>Podemos asociarnos en cualquier momento, aunque se entrega a las familias una ficha de inscripci\u00f3n con la matr\u00edcula en la que se indica la cuota anual por cada familia (la cuota es por familia no por ni\u00f1o\/a)<\/li>\n<li>Podemos tambi\u00e9n participar a trav\u00e9s de las asambleas, incorpor\u00e1ndote a las reuniones&nbsp;abiertas que se convoquen.<\/li>\n<li>Podemos colaborar en los diferentes grupos de trabajo o&nbsp;en actividades puntuales que se organizan desde el AMPA a lo largo del curso.<\/li>\n<li>Podemos proponer iniciativas, plantear temas de debate, organizar actividades, etc., &nbsp;dirigi\u00e9ndote a cualquier miembro de la junta directiva o a trav\u00e9s del blog.<\/li>\n<\/ul>\n<p>Como ves, hay muchas formas de participar y es muy importante que m\u00e1s padres y madres pasemos a la participa-ACCI\u00d3N,&nbsp;&nbsp;de forma activa y colectiva.<\/p>\n<h3>\u00bfpara qu\u00e9 sirve?<\/h3>\n<ul>\n<li>Para defender y velar por el derecho a una educaci\u00f3n de calidad, democr\u00e1tica, atendiendo a las necesidades de todos los ni\u00f1os\/as &nbsp;y cr\u00edtica.<\/li>\n<li>Para promover la participaci\u00f3n de padres y madres en la vida del centro, defendiendo los intereses del alumnado y de toda la comunidad educativa.<\/li>\n<li>Para buscar soluciones de forma colectiva a temas relacionados con la ense\u00f1anza y educaci\u00f3n de nuestros hijos\/as.<\/li>\n<li>Para crear espacios de encuentro y trabajo en el resto de la comunidad educativa y con el entorno.<\/li>\n<li>Para crear espacios de reflexi\u00f3n y participaci\u00f3n compartida sobre la educaci\u00f3n de nuestros hijos\/as<br \/>\nPara participar en la gesti\u00f3n del colegio.<\/li>\n<\/ul>\n<h3>\u00bfc\u00f3mo se financia?<\/h3>\n<p>El AMPA &nbsp;se financia a trav\u00e9s de las cuotas de socios\/as.<br \/>\nLa cuota de socios\/as es el \u00fanico pago que realizan las familias y que gestiona el AMPA para el beneficio exclusivo de la comunidad educativa y en definitiva de la educaci\u00f3n que reciben&nbsp; nuestros hijos\/as en el centro.<\/p>\n<p>Para poder inscribiros nos pod\u00e9is encontrar hasta el viernes 28 de septiembre de 9:00 a 10:00 horas en la puerta principal del centro.<\/p>\n<p>\u00abPorque con tu ayuda no s\u00f3lo mejoras la educaci\u00f3n de tus hijos e hijas, sino la de todos\u00bb<\/p>\n<p>&nbsp;<\/p>\n<p>Aqu\u00ed os dejamos el formulario para formar parte de nuestro AMPA:&nbsp;<a href=\"https:\/\/blogsaverroes.juntadeandalucia.es\/colegiovicentealeixandre\/files\/2015\/03\/INSCRIPCION-2018-2019.pdf\">INSCRIPCION 2018-2019<\/a><\/p>\n<p>&nbsp;Y aqu\u00ed pod\u00e9is ver algunas de las ventajas de ser socio\/a:&nbsp;<a href=\"https:\/\/blogsaverroes.juntadeandalucia.es\/colegiovicentealeixandre\/files\/2015\/03\/folleto-A.P.A.pdf\">folleto A.P.A<\/a><\/p>\n<p>MUCHAS GRACIAS.<\/p>\n<p>&nbsp;<\/p>\n<p>A continuaci\u00f3n os dejamos algunas de las actividades que se han realizado a lo largo de este curso:<\/p>\n<p><a href=\"https:\/\/blogsaverroes.juntadeandalucia.es\/colegiovicentealeixandre\/files\/2015\/03\/DESAYUNO-ANDALUZ-2019.jpg\"><img loading=\"lazy\" decoding=\"async\" class=\"alignnone size-medium wp-image-2401\" src=\"https:\/\/blogsaverroes.juntadeandalucia.es\/colegiovicentealeixandre\/files\/2015\/03\/DESAYUNO-ANDALUZ-2019-300x100.jpg\" alt=\"\" width=\"300\" height=\"100\" srcset=\"https:\/\/blogsaverroes.juntadeandalucia.es\/colegiovicentealeixandre\/files\/2015\/03\/DESAYUNO-ANDALUZ-2019-300x100.jpg 300w, https:\/\/blogsaverroes.juntadeandalucia.es\/colegiovicentealeixandre\/files\/2015\/03\/DESAYUNO-ANDALUZ-2019-1024x342.jpg 1024w, https:\/\/blogsaverroes.juntadeandalucia.es\/colegiovicentealeixandre\/files\/2015\/03\/DESAYUNO-ANDALUZ-2019-24x8.jpg 24w, https:\/\/blogsaverroes.juntadeandalucia.es\/colegiovicentealeixandre\/files\/2015\/03\/DESAYUNO-ANDALUZ-2019-36x12.jpg 36w, https:\/\/blogsaverroes.juntadeandalucia.es\/colegiovicentealeixandre\/files\/2015\/03\/DESAYUNO-ANDALUZ-2019-48x16.jpg 48w, https:\/\/blogsaverroes.juntadeandalucia.es\/colegiovicentealeixandre\/files\/2015\/03\/DESAYUNO-ANDALUZ-2019.jpg 1596w\" sizes=\"(max-width: 300px) 100vw, 300px\" \/><\/a> <a href=\"https:\/\/blogsaverroes.juntadeandalucia.es\/colegiovicentealeixandre\/files\/2015\/03\/ORDENADORES-2019.jpg\"><img loading=\"lazy\" decoding=\"async\" class=\"alignnone size-medium wp-image-2402\" src=\"https:\/\/blogsaverroes.juntadeandalucia.es\/colegiovicentealeixandre\/files\/2015\/03\/ORDENADORES-2019-300x178.jpg\" alt=\"\" width=\"300\" height=\"178\" srcset=\"https:\/\/blogsaverroes.juntadeandalucia.es\/colegiovicentealeixandre\/files\/2015\/03\/ORDENADORES-2019-300x178.jpg 300w, https:\/\/blogsaverroes.juntadeandalucia.es\/colegiovicentealeixandre\/files\/2015\/03\/ORDENADORES-2019-1024x608.jpg 1024w, https:\/\/blogsaverroes.juntadeandalucia.es\/colegiovicentealeixandre\/files\/2015\/03\/ORDENADORES-2019-24x14.jpg 24w, https:\/\/blogsaverroes.juntadeandalucia.es\/colegiovicentealeixandre\/files\/2015\/03\/ORDENADORES-2019-36x21.jpg 36w, https:\/\/blogsaverroes.juntadeandalucia.es\/colegiovicentealeixandre\/files\/2015\/03\/ORDENADORES-2019-48x28.jpg 48w, https:\/\/blogsaverroes.juntadeandalucia.es\/colegiovicentealeixandre\/files\/2015\/03\/ORDENADORES-2019.jpg 1308w\" sizes=\"(max-width: 300px) 100vw, 300px\" \/><\/a> <a href=\"https:\/\/blogsaverroes.juntadeandalucia.es\/colegiovicentealeixandre\/files\/2015\/03\/T\u00d3MBOLA-2018.jpg\"><img loading=\"lazy\" decoding=\"async\" class=\"alignnone size-medium wp-image-2403\" src=\"https:\/\/blogsaverroes.juntadeandalucia.es\/colegiovicentealeixandre\/files\/2015\/03\/T\u00d3MBOLA-2018-300x164.jpg\" alt=\"\" width=\"300\" height=\"164\" srcset=\"https:\/\/blogsaverroes.juntadeandalucia.es\/colegiovicentealeixandre\/files\/2015\/03\/T\u00d3MBOLA-2018-300x164.jpg 300w, https:\/\/blogsaverroes.juntadeandalucia.es\/colegiovicentealeixandre\/files\/2015\/03\/T\u00d3MBOLA-2018-24x13.jpg 24w, https:\/\/blogsaverroes.juntadeandalucia.es\/colegiovicentealeixandre\/files\/2015\/03\/T\u00d3MBOLA-2018-36x20.jpg 36w, https:\/\/blogsaverroes.juntadeandalucia.es\/colegiovicentealeixandre\/files\/2015\/03\/T\u00d3MBOLA-2018-48x26.jpg 48w, https:\/\/blogsaverroes.juntadeandalucia.es\/colegiovicentealeixandre\/files\/2015\/03\/T\u00d3MBOLA-2018.jpg 1006w\" sizes=\"(max-width: 300px) 100vw, 300px\" \/><\/a> <a href=\"https:\/\/blogsaverroes.juntadeandalucia.es\/colegiovicentealeixandre\/files\/2015\/03\/CARROS-CESTA-NAVIDAD-2018.jpg\"><img loading=\"lazy\" decoding=\"async\" class=\"alignnone size-medium wp-image-2404\" src=\"https:\/\/blogsaverroes.juntadeandalucia.es\/colegiovicentealeixandre\/files\/2015\/03\/CARROS-CESTA-NAVIDAD-2018-300x169.jpg\" alt=\"\" width=\"300\" height=\"169\" srcset=\"https:\/\/blogsaverroes.juntadeandalucia.es\/colegiovicentealeixandre\/files\/2015\/03\/CARROS-CESTA-NAVIDAD-2018-300x169.jpg 300w, https:\/\/blogsaverroes.juntadeandalucia.es\/colegiovicentealeixandre\/files\/2015\/03\/CARROS-CESTA-NAVIDAD-2018-1024x575.jpg 1024w, https:\/\/blogsaverroes.juntadeandalucia.es\/colegiovicentealeixandre\/files\/2015\/03\/CARROS-CESTA-NAVIDAD-2018-24x13.jpg 24w, https:\/\/blogsaverroes.juntadeandalucia.es\/colegiovicentealeixandre\/files\/2015\/03\/CARROS-CESTA-NAVIDAD-2018-36x20.jpg 36w, https:\/\/blogsaverroes.juntadeandalucia.es\/colegiovicentealeixandre\/files\/2015\/03\/CARROS-CESTA-NAVIDAD-2018-48x27.jpg 48w, https:\/\/blogsaverroes.juntadeandalucia.es\/colegiovicentealeixandre\/files\/2015\/03\/CARROS-CESTA-NAVIDAD-2018.jpg 1280w\" sizes=\"(max-width: 300px) 100vw, 300px\" \/><\/a> <a href=\"https:\/\/blogsaverroes.juntadeandalucia.es\/colegiovicentealeixandre\/files\/2015\/03\/CARTERO-REAL-2018.jpg\"><img loading=\"lazy\" decoding=\"async\" class=\"alignnone size-medium wp-image-2405\" src=\"https:\/\/blogsaverroes.juntadeandalucia.es\/colegiovicentealeixandre\/files\/2015\/03\/CARTERO-REAL-2018-244x300.jpg\" alt=\"\" width=\"244\" height=\"300\" srcset=\"https:\/\/blogsaverroes.juntadeandalucia.es\/colegiovicentealeixandre\/files\/2015\/03\/CARTERO-REAL-2018-244x300.jpg 244w, https:\/\/blogsaverroes.juntadeandalucia.es\/colegiovicentealeixandre\/files\/2015\/03\/CARTERO-REAL-2018-834x1024.jpg 834w, https:\/\/blogsaverroes.juntadeandalucia.es\/colegiovicentealeixandre\/files\/2015\/03\/CARTERO-REAL-2018-20x24.jpg 20w, https:\/\/blogsaverroes.juntadeandalucia.es\/colegiovicentealeixandre\/files\/2015\/03\/CARTERO-REAL-2018-29x36.jpg 29w, https:\/\/blogsaverroes.juntadeandalucia.es\/colegiovicentealeixandre\/files\/2015\/03\/CARTERO-REAL-2018-39x48.jpg 39w, https:\/\/blogsaverroes.juntadeandalucia.es\/colegiovicentealeixandre\/files\/2015\/03\/CARTERO-REAL-2018.jpg 847w\" sizes=\"(max-width: 244px) 100vw, 244px\" \/><\/a> <a href=\"https:\/\/blogsaverroes.juntadeandalucia.es\/colegiovicentealeixandre\/files\/2015\/03\/COLOQUIOS-SOBRE-ALIMENTACI\u00d3N.jpg\"><img loading=\"lazy\" decoding=\"async\" class=\"alignnone size-medium wp-image-2406\" src=\"https:\/\/blogsaverroes.juntadeandalucia.es\/colegiovicentealeixandre\/files\/2015\/03\/COLOQUIOS-SOBRE-ALIMENTACI\u00d3N-300x225.jpg\" alt=\"\" width=\"300\" height=\"225\" srcset=\"https:\/\/blogsaverroes.juntadeandalucia.es\/colegiovicentealeixandre\/files\/2015\/03\/COLOQUIOS-SOBRE-ALIMENTACI\u00d3N-300x225.jpg 300w, https:\/\/blogsaverroes.juntadeandalucia.es\/colegiovicentealeixandre\/files\/2015\/03\/COLOQUIOS-SOBRE-ALIMENTACI\u00d3N-1024x768.jpg 1024w, https:\/\/blogsaverroes.juntadeandalucia.es\/colegiovicentealeixandre\/files\/2015\/03\/COLOQUIOS-SOBRE-ALIMENTACI\u00d3N-24x18.jpg 24w, https:\/\/blogsaverroes.juntadeandalucia.es\/colegiovicentealeixandre\/files\/2015\/03\/COLOQUIOS-SOBRE-ALIMENTACI\u00d3N-36x27.jpg 36w, https:\/\/blogsaverroes.juntadeandalucia.es\/colegiovicentealeixandre\/files\/2015\/03\/COLOQUIOS-SOBRE-ALIMENTACI\u00d3N-48x36.jpg 48w, https:\/\/blogsaverroes.juntadeandalucia.es\/colegiovicentealeixandre\/files\/2015\/03\/COLOQUIOS-SOBRE-ALIMENTACI\u00d3N.jpg 1280w\" sizes=\"(max-width: 300px) 100vw, 300px\" \/><\/a> <a href=\"https:\/\/blogsaverroes.juntadeandalucia.es\/colegiovicentealeixandre\/files\/2015\/03\/CORTINAS-BIBLIOTECA.jpg\"><img loading=\"lazy\" decoding=\"async\" class=\"alignnone size-medium wp-image-2407\" src=\"https:\/\/blogsaverroes.juntadeandalucia.es\/colegiovicentealeixandre\/files\/2015\/03\/CORTINAS-BIBLIOTECA-169x300.jpg\" alt=\"\" width=\"169\" height=\"300\" srcset=\"https:\/\/blogsaverroes.juntadeandalucia.es\/colegiovicentealeixandre\/files\/2015\/03\/CORTINAS-BIBLIOTECA-169x300.jpg 169w, https:\/\/blogsaverroes.juntadeandalucia.es\/colegiovicentealeixandre\/files\/2015\/03\/CORTINAS-BIBLIOTECA-576x1024.jpg 576w, https:\/\/blogsaverroes.juntadeandalucia.es\/colegiovicentealeixandre\/files\/2015\/03\/CORTINAS-BIBLIOTECA-14x24.jpg 14w, https:\/\/blogsaverroes.juntadeandalucia.es\/colegiovicentealeixandre\/files\/2015\/03\/CORTINAS-BIBLIOTECA-20x36.jpg 20w, https:\/\/blogsaverroes.juntadeandalucia.es\/colegiovicentealeixandre\/files\/2015\/03\/CORTINAS-BIBLIOTECA-27x48.jpg 27w, https:\/\/blogsaverroes.juntadeandalucia.es\/colegiovicentealeixandre\/files\/2015\/03\/CORTINAS-BIBLIOTECA.jpg 900w\" sizes=\"(max-width: 169px) 100vw, 169px\" \/><\/a> <a href=\"https:\/\/blogsaverroes.juntadeandalucia.es\/colegiovicentealeixandre\/files\/2015\/03\/CORTINAS-COMEDOR.jpg\"><img loading=\"lazy\" decoding=\"async\" class=\"alignnone size-medium wp-image-2408\" src=\"https:\/\/blogsaverroes.juntadeandalucia.es\/colegiovicentealeixandre\/files\/2015\/03\/CORTINAS-COMEDOR-300x161.jpg\" alt=\"\" width=\"300\" height=\"161\" srcset=\"https:\/\/blogsaverroes.juntadeandalucia.es\/colegiovicentealeixandre\/files\/2015\/03\/CORTINAS-COMEDOR-300x161.jpg 300w, https:\/\/blogsaverroes.juntadeandalucia.es\/colegiovicentealeixandre\/files\/2015\/03\/CORTINAS-COMEDOR-1024x550.jpg 1024w, https:\/\/blogsaverroes.juntadeandalucia.es\/colegiovicentealeixandre\/files\/2015\/03\/CORTINAS-COMEDOR-24x13.jpg 24w, https:\/\/blogsaverroes.juntadeandalucia.es\/colegiovicentealeixandre\/files\/2015\/03\/CORTINAS-COMEDOR-36x19.jpg 36w, https:\/\/blogsaverroes.juntadeandalucia.es\/colegiovicentealeixandre\/files\/2015\/03\/CORTINAS-COMEDOR-48x26.jpg 48w, https:\/\/blogsaverroes.juntadeandalucia.es\/colegiovicentealeixandre\/files\/2015\/03\/CORTINAS-COMEDOR.jpg 1200w\" sizes=\"(max-width: 300px) 100vw, 300px\" \/><\/a><\/p>\n","protected":false},"excerpt":{"rendered":"<p>El AMPA es una asociaci\u00f3n sin \u00e1nimo de lucro que formada por los padres y madres de todo el alumnado&#46;&#46;&#46;<\/p>\n","protected":false},"author":1,"featured_media":0,"parent":0,"menu_order":0,"comment_status":"open","ping_status":"open","template":"page-templates\/child-menu.php","meta":{"ngg_post_thumbnail":0,"footnotes":"","_mc_calendar":[]},"aioseo_notices":[],"_links":{"self":[{"href":"https:\/\/blogsaverroes.juntadeandalucia.es\/colegiovicentealeixandre\/wp-json\/wp\/v2\/pages\/198"}],"collection":[{"href":"https:\/\/blogsaverroes.juntadeandalucia.es\/colegiovicentealeixandre\/wp-json\/wp\/v2\/pages"}],"about":[{"href":"https:\/\/blogsaverroes.juntadeandalucia.es\/colegiovicentealeixandre\/wp-json\/wp\/v2\/types\/page"}],"author":[{"embeddable":true,"href":"https:\/\/blogsaverroes.juntadeandalucia.es\/colegiovicentealeixandre\/wp-json\/wp\/v2\/users\/1"}],"replies":[{"embeddable":true,"href":"https:\/\/blogsaverroes.juntadeandalucia.es\/colegiovicentealeixandre\/wp-json\/wp\/v2\/comments?post=198"}],"version-history":[{"count":6,"href":"https:\/\/blogsaverroes.juntadeandalucia.es\/colegiovicentealeixandre\/wp-json\/wp\/v2\/pages\/198\/revisions"}],"predecessor-version":[{"id":2409,"href":"https:\/\/blogsaverroes.juntadeandalucia.es\/colegiovicentealeixandre\/wp-json\/wp\/v2\/pages\/198\/revisions\/2409"}],"wp:attachment":[{"href":"https:\/\/blogsaverroes.juntadeandalucia.es\/colegiovicentealeixandre\/wp-json\/wp\/v2\/media?parent=198"}],"curies":[{"name":"wp","href":"https:\/\/api.w.org\/{rel}","templated":true}]}}