{"id":77,"date":"2015-03-16T06:54:56","date_gmt":"2015-03-16T06:54:56","guid":{"rendered":"http:\/\/blogsaverroes.juntadeandalucia.es\/pre\/ceip\/?page_id=77"},"modified":"2024-10-21T15:45:44","modified_gmt":"2024-10-21T15:45:44","slug":"secretaria","status":"publish","type":"page","link":"https:\/\/blogsaverroes.juntadeandalucia.es\/colegiovicentealeixandre\/secretaria\/","title":{"rendered":"Secretar\u00eda"},"content":{"rendered":"<p>Horario de Atenci\u00f3n de Secretar\u00eda:<\/p>\n<ul>\n<li>SERVICIOS ADMINISTRATIVOS (Concha): Lunes a Viernes de 9:00 a 11:30h.<\/li>\n<li>SECRETAR\u00cdA (Virtudes): Lunes de 11:00 a 12:00h.&nbsp;<\/li>\n<\/ul>\n<p>&nbsp;<\/p>\n<p>FUERA DE ESTE HORARIO NO SE ATENDER\u00c1. SI LO DESEA, PUEDE PEDIR CITA PARA SER ATENDIDO CORRECTAMENTE. GRACIAS.<\/p>\n<p>&nbsp;<\/p>\n<p>&nbsp;<\/p>\n<p>&nbsp;<\/p>\n","protected":false},"excerpt":{"rendered":"<p>Horario de Atenci\u00f3n de Secretar\u00eda: SERVICIOS ADMINISTRATIVOS (Concha): Lunes a Viernes de 9:00 a 11:30h. SECRETAR\u00cdA (Virtudes): Lunes de 11:00&#46;&#46;&#46;<\/p>\n","protected":false},"author":1,"featured_media":0,"parent":0,"menu_order":0,"comment_status":"open","ping_status":"open","template":"page-templates\/child-menu.php","meta":{"ngg_post_thumbnail":0,"footnotes":"","_mc_calendar":[]},"aioseo_notices":[],"_links":{"self":[{"href":"https:\/\/blogsaverroes.juntadeandalucia.es\/colegiovicentealeixandre\/wp-json\/wp\/v2\/pages\/77"}],"collection":[{"href":"https:\/\/blogsaverroes.juntadeandalucia.es\/colegiovicentealeixandre\/wp-json\/wp\/v2\/pages"}],"about":[{"href":"https:\/\/blogsaverroes.juntadeandalucia.es\/colegiovicentealeixandre\/wp-json\/wp\/v2\/types\/page"}],"author":[{"embeddable":true,"href":"https:\/\/blogsaverroes.juntadeandalucia.es\/colegiovicentealeixandre\/wp-json\/wp\/v2\/users\/1"}],"replies":[{"embeddable":true,"href":"https:\/\/blogsaverroes.juntadeandalucia.es\/colegiovicentealeixandre\/wp-json\/wp\/v2\/comments?post=77"}],"version-history":[{"count":10,"href":"https:\/\/blogsaverroes.juntadeandalucia.es\/colegiovicentealeixandre\/wp-json\/wp\/v2\/pages\/77\/revisions"}],"predecessor-version":[{"id":2737,"href":"https:\/\/blogsaverroes.juntadeandalucia.es\/colegiovicentealeixandre\/wp-json\/wp\/v2\/pages\/77\/revisions\/2737"}],"wp:attachment":[{"href":"https:\/\/blogsaverroes.juntadeandalucia.es\/colegiovicentealeixandre\/wp-json\/wp\/v2\/media?parent=77"}],"curies":[{"name":"wp","href":"https:\/\/api.w.org\/{rel}","templated":true}]}}