{"id":82,"date":"2015-03-16T06:59:55","date_gmt":"2015-03-16T06:59:55","guid":{"rendered":"http:\/\/blogsaverroes.juntadeandalucia.es\/pre\/ceip\/?page_id=82"},"modified":"2020-11-17T12:31:57","modified_gmt":"2020-11-17T12:31:57","slug":"horarios","status":"publish","type":"page","link":"https:\/\/blogsaverroes.juntadeandalucia.es\/colegiovicentealeixandre\/horarios\/","title":{"rendered":"Horarios"},"content":{"rendered":"<p><img loading=\"lazy\" decoding=\"async\" class=\"alignnone size-medium wp-image-1675\" src=\"https:\/\/blogsaverroes.juntadeandalucia.es\/colegiovicentealeixandre\/files\/2015\/03\/horario2-300x211.jpg\" alt=\"horario2\" width=\"300\" height=\"211\" srcset=\"https:\/\/blogsaverroes.juntadeandalucia.es\/colegiovicentealeixandre\/files\/2015\/03\/horario2-300x211.jpg 300w, https:\/\/blogsaverroes.juntadeandalucia.es\/colegiovicentealeixandre\/files\/2015\/03\/horario2.jpg 640w\" sizes=\"(max-width: 300px) 100vw, 300px\" \/><\/p>\n<p style=\"text-align: center\"><strong>HORARIOS DEL CENTRO<\/strong><\/p>\n<ul>\n<li>Aula Matinal: Lunes a viernes de 7:30 a 9:00 horas.&nbsp;<\/li>\n<li>Actividades Lectivas: Lunes a viernes de 9:00 a 14:00 horas.<\/li>\n<li>Comedor Escolar: Lunes a viernes de 14:00 a 16:00 horas. Se establecen dos turnos de recogida, uno a las 15:00 y otro a las 15:45 horas. Habr\u00e1 que comunicar a la encargada del comedor para indicarle en qu\u00e9 horario se va a recoger al alumnado, respet\u00e1ndose el mismo para todo el curso.<\/li>\n<\/ul>\n<p>&nbsp;<\/p>\n","protected":false},"excerpt":{"rendered":"<p>HORARIOS DEL CENTRO Aula Matinal: Lunes a viernes de 7:30 a 9:00 horas.&nbsp; Actividades Lectivas: Lunes a viernes de 9:00&#46;&#46;&#46;<\/p>\n","protected":false},"author":1,"featured_media":0,"parent":0,"menu_order":0,"comment_status":"open","ping_status":"open","template":"page-templates\/child-menu.php","meta":{"ngg_post_thumbnail":0,"footnotes":"","_mc_calendar":[]},"aioseo_notices":[],"_links":{"self":[{"href":"https:\/\/blogsaverroes.juntadeandalucia.es\/colegiovicentealeixandre\/wp-json\/wp\/v2\/pages\/82"}],"collection":[{"href":"https:\/\/blogsaverroes.juntadeandalucia.es\/colegiovicentealeixandre\/wp-json\/wp\/v2\/pages"}],"about":[{"href":"https:\/\/blogsaverroes.juntadeandalucia.es\/colegiovicentealeixandre\/wp-json\/wp\/v2\/types\/page"}],"author":[{"embeddable":true,"href":"https:\/\/blogsaverroes.juntadeandalucia.es\/colegiovicentealeixandre\/wp-json\/wp\/v2\/users\/1"}],"replies":[{"embeddable":true,"href":"https:\/\/blogsaverroes.juntadeandalucia.es\/colegiovicentealeixandre\/wp-json\/wp\/v2\/comments?post=82"}],"version-history":[{"count":6,"href":"https:\/\/blogsaverroes.juntadeandalucia.es\/colegiovicentealeixandre\/wp-json\/wp\/v2\/pages\/82\/revisions"}],"predecessor-version":[{"id":2663,"href":"https:\/\/blogsaverroes.juntadeandalucia.es\/colegiovicentealeixandre\/wp-json\/wp\/v2\/pages\/82\/revisions\/2663"}],"wp:attachment":[{"href":"https:\/\/blogsaverroes.juntadeandalucia.es\/colegiovicentealeixandre\/wp-json\/wp\/v2\/media?parent=82"}],"curies":[{"name":"wp","href":"https:\/\/api.w.org\/{rel}","templated":true}]}}