{"id":99,"date":"2015-03-16T07:22:54","date_gmt":"2015-03-16T07:22:54","guid":{"rendered":"http:\/\/blogsaverroes.juntadeandalucia.es\/pre\/ceip\/?page_id=99"},"modified":"2024-10-21T10:15:24","modified_gmt":"2024-10-21T10:15:24","slug":"comedor-escolar","status":"publish","type":"page","link":"https:\/\/blogsaverroes.juntadeandalucia.es\/colegiovicentealeixandre\/comedor-escolar\/","title":{"rendered":"Comedor escolar"},"content":{"rendered":"<p>Los comedores escolares son un servicio complementario que resulta de gran utilidad a padres y madres para ayudarles a&nbsp;conciliar la vida laboral y familiar. Tienen una duraci\u00f3n de hasta dos horas desde que acaba la jornada escolar de la ma\u00f1ana (de 14.00 a 16.00 horas). El horario de recogida del alumnado de comedor es&nbsp;<\/p>\n<p>Los comedores son adem\u00e1s una pieza importante&nbsp;en todas las medidas dirigidas a mejorar los h\u00e1bitos alimenticios de los ni\u00f1os y ni\u00f1as y prevenir problemas de salud como la obesidad.<\/p>\n<p>Los comedores escolares de los centros p\u00fablicos andaluces promueven una alimentaci\u00f3n saludable que est\u00e1 supervisada por nutricionistas y que, entre otros aspectos, se caracteriza por:<\/p>\n<ul style=\"list-style-type: circle\">\n<li>Una mayor proporci\u00f3n de verdura en los men\u00fas<\/li>\n<li>Fruta fresca como postre al menos cuatro d\u00edas a la semana<\/li>\n<li>Uso de aceite de oliva virgen extra<\/li>\n<li>M\u00e1s pescado que carne, que debe ser magra<\/li>\n<li>Prohibici\u00f3n de los alimentos precocinados y limitaci\u00f3n de los fritos<\/li>\n<li>Apuesta por la dieta mediterr\u00e1nea y los productos ecol\u00f3gicos<\/li>\n<\/ul>\n<p>&nbsp;<\/p>\n<p>&nbsp;<\/p>\n<p><strong>Solicitudes: En estos momentos tenemos el cupo completo. Recuerda que debes solicitarlo, para el curso pr\u00f3ximo, junto a la matriculaci\u00f3n en junio. M\u00e1s adelante subiremos el impreso de solicitud.<\/strong><\/p>\n<p><strong>Normativa:&nbsp;<a href=\"https:\/\/blogsaverroes.juntadeandalucia.es\/colegiovicentealeixandre\/files\/2015\/03\/DECRETO-6-2017-PLAN-APERTURA.pdf\">DECRETO 6 2017 PLAN APERTURA<\/a><\/strong><\/p>\n<p><strong>Empresa catering : Catering Hermanos Gonz\u00e1lez. <\/strong><\/p>\n<p><strong>Men\u00fas: en esta secci\u00f3n iremos incluyendo los diferentes men\u00fas para cada uno de los meses.<\/strong><\/p>\n<ul style=\"list-style-type: disc\">\n<li>Men\u00fa noviembre:<\/li>\n<li>Men\u00fa diciembre:<\/li>\n<li>Men\u00fa enero:<\/li>\n<li>Men\u00fa febrero:<\/li>\n<li>Men\u00fa marzo:<\/li>\n<li>Men\u00fa abril:<\/li>\n<li>Men\u00fa mayo:<\/li>\n<li>Men\u00fa junio:<\/li>\n<\/ul>\n<p>&nbsp;<\/p>\n","protected":false},"excerpt":{"rendered":"<p>Los comedores escolares son un servicio complementario que resulta de gran utilidad a padres y madres para ayudarles a&nbsp;conciliar la&#46;&#46;&#46;<\/p>\n","protected":false},"author":1,"featured_media":0,"parent":0,"menu_order":0,"comment_status":"open","ping_status":"open","template":"page-templates\/child-menu.php","meta":{"ngg_post_thumbnail":0,"footnotes":"","_mc_calendar":[]},"aioseo_notices":[],"_links":{"self":[{"href":"https:\/\/blogsaverroes.juntadeandalucia.es\/colegiovicentealeixandre\/wp-json\/wp\/v2\/pages\/99"}],"collection":[{"href":"https:\/\/blogsaverroes.juntadeandalucia.es\/colegiovicentealeixandre\/wp-json\/wp\/v2\/pages"}],"about":[{"href":"https:\/\/blogsaverroes.juntadeandalucia.es\/colegiovicentealeixandre\/wp-json\/wp\/v2\/types\/page"}],"author":[{"embeddable":true,"href":"https:\/\/blogsaverroes.juntadeandalucia.es\/colegiovicentealeixandre\/wp-json\/wp\/v2\/users\/1"}],"replies":[{"embeddable":true,"href":"https:\/\/blogsaverroes.juntadeandalucia.es\/colegiovicentealeixandre\/wp-json\/wp\/v2\/comments?post=99"}],"version-history":[{"count":8,"href":"https:\/\/blogsaverroes.juntadeandalucia.es\/colegiovicentealeixandre\/wp-json\/wp\/v2\/pages\/99\/revisions"}],"predecessor-version":[{"id":2736,"href":"https:\/\/blogsaverroes.juntadeandalucia.es\/colegiovicentealeixandre\/wp-json\/wp\/v2\/pages\/99\/revisions\/2736"}],"wp:attachment":[{"href":"https:\/\/blogsaverroes.juntadeandalucia.es\/colegiovicentealeixandre\/wp-json\/wp\/v2\/media?parent=99"}],"curies":[{"name":"wp","href":"https:\/\/api.w.org\/{rel}","templated":true}]}}