{"id":2228,"date":"2015-10-26T21:51:09","date_gmt":"2015-10-26T21:51:09","guid":{"rendered":"http:\/\/blogsaverroes.juntadeandalucia.es\/colegiovirgendeloreto\/?page_id=2228"},"modified":"2025-11-14T11:53:03","modified_gmt":"2025-11-14T11:53:03","slug":"claustro-de-profesores","status":"publish","type":"page","link":"https:\/\/blogsaverroes.juntadeandalucia.es\/colegiovirgendeloreto\/claustro-de-profesores\/","title":{"rendered":"Claustro de profesores Curso 25-26"},"content":{"rendered":"<h2><em><strong>Infantil<\/strong><\/em><\/h2>\n<p><strong>3 a\u00f1os:<\/strong><\/p>\n<p>Tutora: M\u00aa Eugenia Robles Garc\u00eda<\/p>\n<p><strong>4 a\u00f1os:<\/strong><\/p>\n<p>Tutora: Estefania Castillo \u00c1vila<\/p>\n<p><strong>5 a\u00f1os:<\/strong><\/p>\n<p>Tutora: Mercedes de la Maza de la Cruz<\/p>\n<h2><em><strong>Primaria<\/strong><\/em><\/h2>\n<p>1\u00ba curso:&nbsp;<\/p>\n<p>Tutora: Noelia Palacios L\u00f3pez<\/p>\n<p>2\u00ba curso:&nbsp;<\/p>\n<p>Tutora: Juana Mar\u00eda Jim\u00e9nez Ruiz<\/p>\n<p>3\u00ba curso:&nbsp;<\/p>\n<p>Tutora: Maria Isabel Pino Pulido<\/p>\n<p>4\u00bacurso<\/p>\n<p>Tutora: Yasmina Hern\u00e1ndez Triguero<\/p>\n<p>5\u00ba &nbsp;curso<\/p>\n<p>Tutora: M\u00aa \u00c1ngeles Pareja S\u00e1nchez<\/p>\n<p>6\u00ba A curso<\/p>\n<p>Tutor: Mar\u00eda Castillo Blanco<\/p>\n<p>&nbsp;<\/p>\n<h2>Especialistas:<\/h2>\n<p>Ingl\u00e9s: Carmen cruz Delgado<\/p>\n<p>Franc\u00e9s: M\u00aa \u00c1ngeles Pareja S\u00e1nchez<\/p>\n<p>AE: M\u00aa Francisca Guirado Mart\u00ednez<\/p>\n<p>PT.: Alba Soto Meg\u00edas<\/p>\n<p>Compensatoria: Amor Bel\u00e9n Romero Becerro<\/p>\n<p>Educaci\u00f3n F\u00edsica: Sergio De Haro Hern\u00e1ndez<\/p>\n<p>AL: Laura Cejudo G\u00f3mez<\/p>\n<p>Apoyo competencia lectora: M\u00f3nica Fern\u00e1ndez Hernandez<\/p>\n<p>Apoyo competencia matem\u00e1tica: Jos\u00e9 Antonio Ruiz Matas<\/p>\n<p>&nbsp;<\/p>\n","protected":false},"excerpt":{"rendered":"<p>Infantil 3 a\u00f1os: Tutora: M\u00aa Eugenia Robles Garc\u00eda 4 a\u00f1os: Tutora: Estefania Castillo \u00c1vila 5 a\u00f1os: Tutora: Mercedes de la Maza de la Cruz Primaria 1\u00ba curso:&nbsp; Tutora: Noelia Palacios L\u00f3pez 2\u00ba curso:&nbsp; Tutora:&#46;&#46;&#46;<\/p>\n","protected":false},"author":2051,"featured_media":0,"parent":0,"menu_order":0,"comment_status":"open","ping_status":"open","template":"","meta":{"ngg_post_thumbnail":0,"footnotes":"","_mc_calendar":[]},"aioseo_notices":[],"_links":{"self":[{"href":"https:\/\/blogsaverroes.juntadeandalucia.es\/colegiovirgendeloreto\/wp-json\/wp\/v2\/pages\/2228"}],"collection":[{"href":"https:\/\/blogsaverroes.juntadeandalucia.es\/colegiovirgendeloreto\/wp-json\/wp\/v2\/pages"}],"about":[{"href":"https:\/\/blogsaverroes.juntadeandalucia.es\/colegiovirgendeloreto\/wp-json\/wp\/v2\/types\/page"}],"author":[{"embeddable":true,"href":"https:\/\/blogsaverroes.juntadeandalucia.es\/colegiovirgendeloreto\/wp-json\/wp\/v2\/users\/2051"}],"replies":[{"embeddable":true,"href":"https:\/\/blogsaverroes.juntadeandalucia.es\/colegiovirgendeloreto\/wp-json\/wp\/v2\/comments?post=2228"}],"version-history":[{"count":12,"href":"https:\/\/blogsaverroes.juntadeandalucia.es\/colegiovirgendeloreto\/wp-json\/wp\/v2\/pages\/2228\/revisions"}],"predecessor-version":[{"id":2577,"href":"https:\/\/blogsaverroes.juntadeandalucia.es\/colegiovirgendeloreto\/wp-json\/wp\/v2\/pages\/2228\/revisions\/2577"}],"wp:attachment":[{"href":"https:\/\/blogsaverroes.juntadeandalucia.es\/colegiovirgendeloreto\/wp-json\/wp\/v2\/media?parent=2228"}],"curies":[{"name":"wp","href":"https:\/\/api.w.org\/{rel}","templated":true}]}}