{"id":2353,"date":"2021-03-04T12:53:01","date_gmt":"2021-03-04T12:53:01","guid":{"rendered":"http:\/\/blogsaverroes.juntadeandalucia.es\/colegiovirgendeloreto\/?page_id=2353"},"modified":"2025-12-03T12:37:55","modified_gmt":"2025-12-03T12:37:55","slug":"plan-impulsa","status":"publish","type":"page","link":"https:\/\/blogsaverroes.juntadeandalucia.es\/colegiovirgendeloreto\/plan-impulsa\/","title":{"rendered":"PLAN MAS EQUIDAD"},"content":{"rendered":"<p>El Programa M\u00e1s Equidad una acci\u00f3n conjunta de la Junta de Andaluc\u00eda, el Ministerio de Educaci\u00f3n y la Uni\u00f3n Europea a trav\u00e9s del Fondo Social Europeo.<\/p>\n<p>En nuestro centro se est\u00e1 desarrollando en este curso 25-26.<\/p>\n<p>El Programa M\u00e1s Equidad se concibe como un conjunto de actuaciones dirigidas a mejorar la&nbsp;formaci\u00f3n del profesorado, as\u00ed como el grado de adquisici\u00f3n de las competencias clave y la&nbsp;motivaci\u00f3n del alumnado en riesgo de abandono escolar. Todas las actuaciones se desarrollar\u00e1n&nbsp;a trav\u00e9s de experiencias innovadoras, activas y experimentales que promuevan el saber hacer&nbsp;del alumnado partiendo de sus conocimientos y fomentando actitudes como la autonom\u00eda, la&nbsp;responsabilidad, el respeto, el trabajo en equipo, la igualdad de g\u00e9nero y la atenci\u00f3n a la&nbsp;diversidad y en especial al alumnado con necesidades espec\u00edficas de apoyo educativo (NEAE).<\/p>\n<p>Este Programa se dirige a profesorado y alumnado de Educaci\u00f3n Primaria y de&nbsp;Educaci\u00f3n Secundaria Obligatoria de centros docentes p\u00fablicos dependientes de la Consejer\u00eda de&nbsp;Educaci\u00f3n y Deporte en las zonas ERACIS.<\/p>\n<p>Hemos contratado los servicios con la empresa EducaconArte, donde se est\u00e1n haciendo talleres de educaci\u00f3n art\u00edstica, rob\u00f3tica y talleres de navidad.<\/p>\n","protected":false},"excerpt":{"rendered":"<p>El Programa M\u00e1s Equidad una acci\u00f3n conjunta de la Junta de Andaluc\u00eda, el Ministerio de Educaci\u00f3n y la Uni\u00f3n Europea a trav\u00e9s del Fondo Social Europeo. En nuestro centro se est\u00e1 desarrollando en este&#46;&#46;&#46;<\/p>\n","protected":false},"author":2051,"featured_media":0,"parent":0,"menu_order":0,"comment_status":"closed","ping_status":"closed","template":"","meta":{"ngg_post_thumbnail":0,"footnotes":"","_mc_calendar":[]},"aioseo_notices":[],"_links":{"self":[{"href":"https:\/\/blogsaverroes.juntadeandalucia.es\/colegiovirgendeloreto\/wp-json\/wp\/v2\/pages\/2353"}],"collection":[{"href":"https:\/\/blogsaverroes.juntadeandalucia.es\/colegiovirgendeloreto\/wp-json\/wp\/v2\/pages"}],"about":[{"href":"https:\/\/blogsaverroes.juntadeandalucia.es\/colegiovirgendeloreto\/wp-json\/wp\/v2\/types\/page"}],"author":[{"embeddable":true,"href":"https:\/\/blogsaverroes.juntadeandalucia.es\/colegiovirgendeloreto\/wp-json\/wp\/v2\/users\/2051"}],"replies":[{"embeddable":true,"href":"https:\/\/blogsaverroes.juntadeandalucia.es\/colegiovirgendeloreto\/wp-json\/wp\/v2\/comments?post=2353"}],"version-history":[{"count":7,"href":"https:\/\/blogsaverroes.juntadeandalucia.es\/colegiovirgendeloreto\/wp-json\/wp\/v2\/pages\/2353\/revisions"}],"predecessor-version":[{"id":2587,"href":"https:\/\/blogsaverroes.juntadeandalucia.es\/colegiovirgendeloreto\/wp-json\/wp\/v2\/pages\/2353\/revisions\/2587"}],"wp:attachment":[{"href":"https:\/\/blogsaverroes.juntadeandalucia.es\/colegiovirgendeloreto\/wp-json\/wp\/v2\/media?parent=2353"}],"curies":[{"name":"wp","href":"https:\/\/api.w.org\/{rel}","templated":true}]}}