{"id":836,"date":"2020-12-18T08:37:22","date_gmt":"2020-12-18T07:37:22","guid":{"rendered":"https:\/\/blogsaverroes.juntadeandalucia.es\/pre\/plantilla-pencil\/?page_id=836"},"modified":"2025-09-08T09:53:57","modified_gmt":"2025-09-08T08:53:57","slug":"actividades-extraescolares","status":"publish","type":"page","link":"https:\/\/blogsaverroes.juntadeandalucia.es\/coleinfanta\/actividades-extraescolares\/","title":{"rendered":"Actividades extraescolares"},"content":{"rendered":"<p>[et_pb_section fb_built=&#8221;1&#8243; _builder_version=&#8221;4.16&#8243; custom_padding=&#8221;0px||0px|&#8221; z_index_tablet=&#8221;500&#8243; box_shadow_horizontal_tablet=&#8221;0px&#8221; box_shadow_vertical_tablet=&#8221;0px&#8221; box_shadow_blur_tablet=&#8221;40px&#8221; box_shadow_spread_tablet=&#8221;0px&#8221; global_colors_info=&#8221;{}&#8221;][et_pb_row _builder_version=&#8221;4.16&#8243; background_size=&#8221;initial&#8221; background_position=&#8221;top_left&#8221; background_repeat=&#8221;repeat&#8221; global_colors_info=&#8221;{}&#8221;][et_pb_column type=&#8221;4_4&#8243; _builder_version=&#8221;4.16&#8243; custom_padding=&#8221;|||&#8221; global_colors_info=&#8221;{}&#8221; custom_padding__hover=&#8221;|||&#8221;][et_pb_image src=&#8221;https:\/\/blogsaverroes.juntadeandalucia.es\/coleinfanta\/files\/2021\/04\/actividades-extraexcolares.png&#8221; title_text=&#8221;actividades-extraexcolares&#8221; admin_label=&#8221;Imagen de la portada&#8221; _builder_version=&#8221;4.24.2&#8243; z_index_tablet=&#8221;500&#8243; box_shadow_horizontal_tablet=&#8221;0px&#8221; box_shadow_vertical_tablet=&#8221;0px&#8221; box_shadow_blur_tablet=&#8221;40px&#8221; box_shadow_spread_tablet=&#8221;0px&#8221; global_colors_info=&#8221;{}&#8221;][\/et_pb_image][et_pb_button button_url=&#8221;https:\/\/docs.google.com\/document\/d\/1jSnsvUBx3lfaodB73i0WCS-dVRwEYLLVZXKmCQKBl6I\/edit?tab=t.0&#8243; url_new_window=&#8221;on&#8221; button_text=&#8221;Actividades Extraescolares del Centro 2025-2026&#8243; _builder_version=&#8221;4.24.2&#8243; _module_preset=&#8221;default&#8221; global_colors_info=&#8221;{}&#8221;][\/et_pb_button][et_pb_button button_url=&#8221;https:\/\/docs.google.com\/document\/d\/1ZLWRgluPVL4LHD12ogfX2c-ovOuOeCGnx8KYWDSMh64\/edit?tab=t.0&#8243; url_new_window=&#8221;on&#8221; button_text=&#8221;Actividades Extraescolares del AMPA y Aula del Medio D\u00eda&#8221; _builder_version=&#8221;4.24.2&#8243; _module_preset=&#8221;default&#8221; global_colors_info=&#8221;{}&#8221;][\/et_pb_button][et_pb_text admin_label=&#8221;Texto descriptivo&#8221; _builder_version=&#8221;4.24.2&#8243; hover_enabled=&#8221;0&#8243; z_index_tablet=&#8221;500&#8243; text_text_shadow_horizontal_length_tablet=&#8221;0px&#8221; text_text_shadow_vertical_length_tablet=&#8221;0px&#8221; text_text_shadow_blur_strength_tablet=&#8221;1px&#8221; link_text_shadow_horizontal_length_tablet=&#8221;0px&#8221; link_text_shadow_vertical_length_tablet=&#8221;0px&#8221; link_text_shadow_blur_strength_tablet=&#8221;1px&#8221; ul_text_shadow_horizontal_length_tablet=&#8221;0px&#8221; ul_text_shadow_vertical_length_tablet=&#8221;0px&#8221; ul_text_shadow_blur_strength_tablet=&#8221;1px&#8221; ol_text_shadow_horizontal_length_tablet=&#8221;0px&#8221; ol_text_shadow_vertical_length_tablet=&#8221;0px&#8221; ol_text_shadow_blur_strength_tablet=&#8221;1px&#8221; quote_text_shadow_horizontal_length_tablet=&#8221;0px&#8221; quote_text_shadow_vertical_length_tablet=&#8221;0px&#8221; quote_text_shadow_blur_strength_tablet=&#8221;1px&#8221; header_text_shadow_horizontal_length_tablet=&#8221;0px&#8221; header_text_shadow_vertical_length_tablet=&#8221;0px&#8221; header_text_shadow_blur_strength_tablet=&#8221;1px&#8221; header_2_text_shadow_horizontal_length_tablet=&#8221;0px&#8221; header_2_text_shadow_vertical_length_tablet=&#8221;0px&#8221; header_2_text_shadow_blur_strength_tablet=&#8221;1px&#8221; header_3_text_shadow_horizontal_length_tablet=&#8221;0px&#8221; header_3_text_shadow_vertical_length_tablet=&#8221;0px&#8221; header_3_text_shadow_blur_strength_tablet=&#8221;1px&#8221; header_4_text_shadow_horizontal_length_tablet=&#8221;0px&#8221; header_4_text_shadow_vertical_length_tablet=&#8221;0px&#8221; header_4_text_shadow_blur_strength_tablet=&#8221;1px&#8221; header_5_text_shadow_horizontal_length_tablet=&#8221;0px&#8221; header_5_text_shadow_vertical_length_tablet=&#8221;0px&#8221; header_5_text_shadow_blur_strength_tablet=&#8221;1px&#8221; header_6_text_shadow_horizontal_length_tablet=&#8221;0px&#8221; header_6_text_shadow_vertical_length_tablet=&#8221;0px&#8221; header_6_text_shadow_blur_strength_tablet=&#8221;1px&#8221; box_shadow_horizontal_tablet=&#8221;0px&#8221; box_shadow_vertical_tablet=&#8221;0px&#8221; box_shadow_blur_tablet=&#8221;40px&#8221; box_shadow_spread_tablet=&#8221;0px&#8221; global_colors_info=&#8221;{}&#8221; sticky_enabled=&#8221;0&#8243;]<\/p>\n<div>&nbsp;<\/div>\n<div>&nbsp;&nbsp;<\/div>\n<p><span style=\"font-size: 14pt\"><b>INSCRIPCIONES DE ALTA Y BAJAS EN&nbsp; ACTIVIDADES EXTRAESCOLARES:<\/b><\/span><\/p>\n<ul>\n<li>Para&nbsp;<b>darse de ALTA:<\/b><\/li>\n<li>Debe enviar previamente&nbsp; el impreso y la documentaci\u00f3n necesaria, al correo de la Secretar\u00eda del Centro:&nbsp;&nbsp;<a href=\"mailto:secretaria@colegioinfanta.org\" target=\"_blank\" rel=\"noopener noreferrer\">secretaria@colegioinfanta.org<\/a>&nbsp;.&nbsp;<b>Debe esperar la confirmaci\u00f3n de plaza por parte del Centro<\/b>.<\/li>\n<li>Puede solicitar&nbsp;<b>BONIFICACI\u00d3N<\/b>&nbsp;con el siguiente documento:&nbsp;<a href=\"https:\/\/drive.google.com\/file\/d\/1xh44WDRflgO3U5iDKM-j1sC6LDGw6cWg\/view?usp=sharing\" target=\"_blank\" rel=\"noopener noreferrer\" data-saferedirecturl=\"https:\/\/www.google.com\/url?q=https:\/\/drive.google.com\/file\/d\/1xh44WDRflgO3U5iDKM-j1sC6LDGw6cWg\/view?usp%3Dsharing&amp;source=gmail&amp;ust=1620316590682000&amp;usg=AFQjCNEG51WX86d49I7xTFbqd9BEj91k1Q\">Solicitud de bonificaci\u00f3n<\/a>&nbsp;y enviarlo al correo de Secretar\u00eda:&nbsp;<a href=\"mailto:secretaria@colegioinfanta.org\" target=\"_blank\" rel=\"noopener noreferrer\">secretaria@colegioinfanta.org<\/a>. El plazo para presentar el impreso de bonificaci\u00f3n es de tres d\u00edas a partir de la confirmaci\u00f3n de plaza.<\/li>\n<li><b>La solicitud puede realizarse durante todo el curso escolar. En el caso de presentarla en junio para el curso escolar siguiente, se emitir\u00e1n dos listados en junio (provisionales y definitivos) y todo el alumnado que resulte admitido, deber\u00e1 presentar la bonificaci\u00f3n, si as\u00ed lo desea, del 1 al 8 de septiembre.<\/b><\/li>\n<li>Para&nbsp;<b>JUSTIFICAR AUSENCIAS PUNTUALES<\/b><b>:<\/b>\n<div class=\"gmail_default\">&nbsp;&#8211; Se justifican por escrito y se entregan, el primer d\u00eda que se incorpore al Servicio, al monitor\/a de la actividad extraescolar..<\/div>\n<\/li>\n<li>\n<div class=\"gmail_default\">Para <b>darse de BAJA: <\/b>Debe enviar la Ficha de cambios o baja:<\/div>\n<ul>\n<li>\n<div class=\"gmail_default\">a la Secretar\u00eda del Centro: <a href=\"mailto:secretaria@colegioinfanta.org\" target=\"_blank\" rel=\"noopener noreferrer\">secretaria@colegioinfanta.org<\/a><\/div>\n<\/li>\n<\/ul>\n<\/li>\n<li>\n<div>Para cualquier incidencia de recibos o modificaciones en las cuentas corrientes, se pueden poner en contacto con FORPER en la direcci\u00f3n:&nbsp;<a href=\"mailto:info@forper.es\" target=\"_blank\" rel=\"noopener noreferrer\">info@forper.es<\/a><\/div>\n<\/li>\n<\/ul>\n<p>&nbsp;<\/p>\n<p><span style=\"font-size: 14pt\"><strong>DOCUMENTOS:<\/strong><\/span><\/p>\n<p>Para darse de alta:&nbsp;<a href=\"https:\/\/drive.google.com\/file\/d\/1-XqLnUWEvIhxURt8gwPI7x64eWGMIJlm\/view\" target=\"_blank\" rel=\"noopener noreferrer\" data-saferedirecturl=\"https:\/\/www.google.com\/url?q=https:\/\/drive.google.com\/file\/d\/1-XqLnUWEvIhxURt8gwPI7x64eWGMIJlm\/view&amp;source=gmail&amp;ust=1620316590682000&amp;usg=AFQjCNH2RcWnsyuBetUAArahb8AG974NfQ\">Anexo II<\/a><\/p>\n<p><a href=\"https:\/\/drive.google.com\/file\/d\/1xh44WDRflgO3U5iDKM-j1sC6LDGw6cWg\/view?usp=sharing\" target=\"_blank\" rel=\"noopener noreferrer\" data-saferedirecturl=\"https:\/\/www.google.com\/url?q=https:\/\/drive.google.com\/file\/d\/1xh44WDRflgO3U5iDKM-j1sC6LDGw6cWg\/view?usp%3Dsharing&amp;source=gmail&amp;ust=1620316590682000&amp;usg=AFQjCNEG51WX86d49I7xTFbqd9BEj91k1Q\">Solicitud de bonificaci\u00f3n<\/a><\/p>\n<p>Para solicitar&nbsp; baja: <a href=\"https:\/\/drive.google.com\/file\/d\/1TjBT1N6sYHWGKQsp59GBaUtNOLdU_3rD\/view\" target=\"_blank\" rel=\"noopener noreferrer\" data-saferedirecturl=\"https:\/\/www.google.com\/url?q=https:\/\/drive.google.com\/file\/d\/1TjBT1N6sYHWGKQsp59GBaUtNOLdU_3rD\/view&amp;source=gmail&amp;ust=1620316590682000&amp;usg=AFQjCNGmJG8cI5AFO8wgs_TVSQgAciKh2Q\">Ficha de cambios o baja<\/a><\/p>\n<p><a href=\"https:\/\/academiaaprendejugando.playoffinformatica.com\/preinscripcion\/9\/IL-INFANTA-LEONOR\/\">Enlace para Inscripci\u00f3n en Actividades Extraescolares de los viernes (del AMPA)<\/a><\/p>\n<p>Nota informativa:&nbsp;De acuerdo con lo dispuesto en los art\u00edculos 6.3, 8.5 y 16.5 de la Orden de 17 de abril de 2017 (BOJA n\u00fam. 78, de 16 de abril de 2017), la solicitud de baja en el servicio correspondiente debe comunicarse antes del \u00faltimo d\u00eda lectivo de la semana anterior a aquella en la que se pretenda hacer efectiva la baja en el caso de los servicios de aula matinal y comedor escolar, y con una antelaci\u00f3n de, al menos, una semana al inicio del mes en que se pretenda hacer efectiva la baja en el caso de las actividades extraescolares.<\/p>\n<p>[\/et_pb_text][et_pb_button button_url=&#8221;https:\/\/drive.google.com\/file\/d\/1-MYL2PMnXuOOLvazlYGYNM8OBYHvoart\/view?usp=sharing&#8221; url_new_window=&#8221;on&#8221; button_text=&#8221;Solicitud de bonificaci\u00f3n&#8221; _builder_version=&#8221;4.24.2&#8243; _module_preset=&#8221;default&#8221; global_colors_info=&#8221;{}&#8221;][\/et_pb_button][et_pb_button button_url=&#8221;https:\/\/drive.google.com\/file\/d\/1-XqLnUWEvIhxURt8gwPI7x64eWGMIJlm\/view&#8221; url_new_window=&#8221;on&#8221; button_text=&#8221;Solicitud de alta&#8221; _builder_version=&#8221;4.16&#8243; _module_preset=&#8221;default&#8221; global_colors_info=&#8221;{}&#8221;][\/et_pb_button][et_pb_button button_url=&#8221;https:\/\/drive.google.com\/file\/d\/1TjBT1N6sYHWGKQsp59GBaUtNOLdU_3rD\/view&#8221; url_new_window=&#8221;on&#8221; button_text=&#8221;Ficha de baja de Actividades Extraescolares&#8221; _builder_version=&#8221;4.16&#8243; _module_preset=&#8221;default&#8221; global_colors_info=&#8221;{}&#8221;][\/et_pb_button][et_pb_blurb title=&#8221;Normativa&#8221; url=&#8221;http:\/\/www.juntadeandalucia.es\/educacion\/portals\/web\/ced\/actividades-extraescolares&#8221; url_new_window=&#8221;on&#8221; use_icon=&#8221;on&#8221; font_icon=&#8221;&#xe101;||divi||400&#8243; _builder_version=&#8221;4.16&#8243; _module_preset=&#8221;default&#8221; global_colors_info=&#8221;{}&#8221;][\/et_pb_blurb][\/et_pb_column][\/et_pb_row][\/et_pb_section]<\/p>\n","protected":false},"excerpt":{"rendered":"<p>&nbsp; &nbsp;&nbsp; INSCRIPCIONES DE ALTA Y BAJAS EN&nbsp; ACTIVIDADES EXTRAESCOLARES: Para&nbsp;darse de ALTA: Debe enviar previamente&nbsp; el impreso y la documentaci\u00f3n necesaria, al correo de la Secretar\u00eda del Centro:&nbsp;&nbsp;secretaria@colegioinfanta.org&nbsp;.&nbsp;Debe esperar la confirmaci\u00f3n de plaza por parte del Centro. Puede solicitar&nbsp;BONIFICACI\u00d3N&nbsp;con el siguiente documento:&nbsp;Solicitud de bonificaci\u00f3n&nbsp;y enviarlo al correo de Secretar\u00eda:&nbsp;secretaria@colegioinfanta.org. El plazo para presentar el [&hellip;]<\/p>\n","protected":false},"author":7051,"featured_media":0,"parent":0,"menu_order":0,"comment_status":"closed","ping_status":"closed","template":"","meta":{"_et_pb_use_builder":"on","_et_pb_old_content":"","_et_gb_content_width":"","ngg_post_thumbnail":0,"footnotes":""},"aioseo_notices":[],"_links":{"self":[{"href":"https:\/\/blogsaverroes.juntadeandalucia.es\/coleinfanta\/wp-json\/wp\/v2\/pages\/836"}],"collection":[{"href":"https:\/\/blogsaverroes.juntadeandalucia.es\/coleinfanta\/wp-json\/wp\/v2\/pages"}],"about":[{"href":"https:\/\/blogsaverroes.juntadeandalucia.es\/coleinfanta\/wp-json\/wp\/v2\/types\/page"}],"author":[{"embeddable":true,"href":"https:\/\/blogsaverroes.juntadeandalucia.es\/coleinfanta\/wp-json\/wp\/v2\/users\/7051"}],"replies":[{"embeddable":true,"href":"https:\/\/blogsaverroes.juntadeandalucia.es\/coleinfanta\/wp-json\/wp\/v2\/comments?post=836"}],"version-history":[{"count":66,"href":"https:\/\/blogsaverroes.juntadeandalucia.es\/coleinfanta\/wp-json\/wp\/v2\/pages\/836\/revisions"}],"predecessor-version":[{"id":23655,"href":"https:\/\/blogsaverroes.juntadeandalucia.es\/coleinfanta\/wp-json\/wp\/v2\/pages\/836\/revisions\/23655"}],"wp:attachment":[{"href":"https:\/\/blogsaverroes.juntadeandalucia.es\/coleinfanta\/wp-json\/wp\/v2\/media?parent=836"}],"curies":[{"name":"wp","href":"https:\/\/api.w.org\/{rel}","templated":true}]}}