{"id":840,"date":"2020-12-18T08:38:52","date_gmt":"2020-12-18T07:38:52","guid":{"rendered":"https:\/\/blogsaverroes.juntadeandalucia.es\/pre\/plantilla-pencil\/?page_id=840"},"modified":"2025-09-02T12:22:25","modified_gmt":"2025-09-02T11:22:25","slug":"ampa","status":"publish","type":"page","link":"https:\/\/blogsaverroes.juntadeandalucia.es\/coleinfanta\/ampa\/","title":{"rendered":"AMPA JOLCA"},"content":{"rendered":"<p>[et_pb_section fb_built=&#8221;1&#8243; _builder_version=&#8221;4.16&#8243; custom_padding=&#8221;0px||0px|&#8221; z_index_tablet=&#8221;500&#8243; box_shadow_horizontal_tablet=&#8221;0px&#8221; box_shadow_vertical_tablet=&#8221;0px&#8221; box_shadow_blur_tablet=&#8221;40px&#8221; box_shadow_spread_tablet=&#8221;0px&#8221; global_colors_info=&#8221;{}&#8221;][et_pb_row _builder_version=&#8221;4.16&#8243; background_size=&#8221;initial&#8221; background_position=&#8221;top_left&#8221; background_repeat=&#8221;repeat&#8221; global_colors_info=&#8221;{}&#8221;][et_pb_column type=&#8221;4_4&#8243; _builder_version=&#8221;4.16&#8243; custom_padding=&#8221;|||&#8221; global_colors_info=&#8221;{}&#8221; custom_padding__hover=&#8221;|||&#8221;][et_pb_image src=&#8221;https:\/\/blogsaverroes.juntadeandalucia.es\/coleinfanta\/files\/2021\/04\/AMPA.jpg&#8221; title_text=&#8221;AMPA&#8221; admin_label=&#8221;Imagen de la portada&#8221; _builder_version=&#8221;4.16&#8243; z_index_tablet=&#8221;500&#8243; box_shadow_horizontal_tablet=&#8221;0px&#8221; box_shadow_vertical_tablet=&#8221;0px&#8221; box_shadow_blur_tablet=&#8221;40px&#8221; box_shadow_spread_tablet=&#8221;0px&#8221; global_colors_info=&#8221;{}&#8221;][\/et_pb_image][et_pb_text admin_label=&#8221;Texto descriptivo&#8221; _builder_version=&#8221;4.24.2&#8243; z_index_tablet=&#8221;500&#8243; text_text_shadow_horizontal_length_tablet=&#8221;0px&#8221; text_text_shadow_vertical_length_tablet=&#8221;0px&#8221; text_text_shadow_blur_strength_tablet=&#8221;1px&#8221; link_text_shadow_horizontal_length_tablet=&#8221;0px&#8221; link_text_shadow_vertical_length_tablet=&#8221;0px&#8221; link_text_shadow_blur_strength_tablet=&#8221;1px&#8221; ul_text_shadow_horizontal_length_tablet=&#8221;0px&#8221; ul_text_shadow_vertical_length_tablet=&#8221;0px&#8221; ul_text_shadow_blur_strength_tablet=&#8221;1px&#8221; ol_text_shadow_horizontal_length_tablet=&#8221;0px&#8221; ol_text_shadow_vertical_length_tablet=&#8221;0px&#8221; ol_text_shadow_blur_strength_tablet=&#8221;1px&#8221; quote_text_shadow_horizontal_length_tablet=&#8221;0px&#8221; quote_text_shadow_vertical_length_tablet=&#8221;0px&#8221; quote_text_shadow_blur_strength_tablet=&#8221;1px&#8221; header_text_shadow_horizontal_length_tablet=&#8221;0px&#8221; header_text_shadow_vertical_length_tablet=&#8221;0px&#8221; header_text_shadow_blur_strength_tablet=&#8221;1px&#8221; header_2_text_shadow_horizontal_length_tablet=&#8221;0px&#8221; header_2_text_shadow_vertical_length_tablet=&#8221;0px&#8221; header_2_text_shadow_blur_strength_tablet=&#8221;1px&#8221; header_3_text_shadow_horizontal_length_tablet=&#8221;0px&#8221; header_3_text_shadow_vertical_length_tablet=&#8221;0px&#8221; header_3_text_shadow_blur_strength_tablet=&#8221;1px&#8221; header_4_text_shadow_horizontal_length_tablet=&#8221;0px&#8221; header_4_text_shadow_vertical_length_tablet=&#8221;0px&#8221; header_4_text_shadow_blur_strength_tablet=&#8221;1px&#8221; header_5_text_shadow_horizontal_length_tablet=&#8221;0px&#8221; header_5_text_shadow_vertical_length_tablet=&#8221;0px&#8221; header_5_text_shadow_blur_strength_tablet=&#8221;1px&#8221; header_6_text_shadow_horizontal_length_tablet=&#8221;0px&#8221; header_6_text_shadow_vertical_length_tablet=&#8221;0px&#8221; header_6_text_shadow_blur_strength_tablet=&#8221;1px&#8221; box_shadow_horizontal_tablet=&#8221;0px&#8221; box_shadow_vertical_tablet=&#8221;0px&#8221; box_shadow_blur_tablet=&#8221;40px&#8221; box_shadow_spread_tablet=&#8221;0px&#8221; global_colors_info=&#8221;{}&#8221;]<\/p>\n<h2>AMPA JOLCA<\/h2>\n<p>Presidenta del AMPA: Raquel Gonz\u00e1lez Bolea<\/p>\n<p>Correo del AMPA: ampajolcainfanta@gmail.com<\/p>\n<p>BENEFICIOS SOCIOS<\/p>\n<ul>\n<li>COMERCIOS AMIGOS: Acuerdos con empresas locales que ofrecen descuentos o beneficios a los socios de nuestra AMPA.<\/li>\n<li>Descuentos en aula de mediod\u00eda (3\u20ac\/mes) y en actividades extraescolares del AMPA (2\u20ac\/mes).<\/li>\n<li>Precios especiales en la adquisici\u00f3n de: uniformes, en la agenda escolar y tambi\u00e9n en los calendarios anuales.<\/li>\n<li>Regalo de una agenda escolar.<\/li>\n<li>Acceso prioritario a actividades formativas en caso de superar aforo.<\/li>\n<li>Prioridad para colaborar con las actividades realizadas en el cole y organizadas por el AMPA: paje real, desayuno andaluz, etc<\/li>\n<li>Recepci\u00f3n de informaci\u00f3n de inter\u00e9s por correo electr\u00f3nico.<\/li>\n<li>Saber que est\u00e1s colaborando para tener un cole mejor para tus hijos.<\/li>\n<\/ul>\n<p>&nbsp;<\/p>\n<p>RESUMEN ACTIVIDADES AMPA<\/p>\n<ul>\n<li>Aula de mediod\u00eda<\/li>\n<li>Paje Real<\/li>\n<li>Desayuno Andaluz<\/li>\n<li>Fiesta de fin de curso<\/li>\n<li>Concurso de dibujo &#8220;Tu desayuno andaluz&#8221; (el d\u00eda de Andaluc\u00eda)<\/li>\n<li>Concurso de relatos (con motivo del d\u00eda del libro)&nbsp;<\/li>\n<li>Calendarios de cada clase<\/li>\n<li>Compra y reparto de helados a todo el alumnado en la fiesta del agua.<\/li>\n<li>Colaboraci\u00f3n en todas las actividades y en todo lo que nos ha solicitado el centro.<\/li>\n<li>Diversas actividades formativas en materia de COEDUCACI\u00d3N: ( var\u00eda cada curso, conforme al proyecto de coeducaci\u00f3n)<br \/>* Talleres de gesti\u00f3n de las emociones a trav\u00e9s de la m\u00fasica para el alumnado de 1\u00b0 y 2\u00b0.<br \/>* Talleres de comunicaci\u00f3n positiva y resoluci\u00f3n de conflictos para el alumnado de 4\u00b0.<br \/>* Sesiones de psicoesc\u00e9nica para el alumnado de 6\u00b0 (colaboraci\u00f3n con el Ayuntamiento).<br \/>* Taller de comunicaci\u00f3n positiva para las familias.<br \/>* Taller de comunicaci\u00f3n positiva y resoluci\u00f3n de conflictos dentro del aula para el profesorado.<br \/>* Jornadas de familias: &#8220;La familia a escena&#8221; (&#8220;Afectividad en el conflicto&#8221;, &#8220;Uso y buen uso de la tecnolog\u00eda&#8221;, &#8220;La higiene mental y emocional de nuestros hijos e hijas&#8221;)<\/li>\n<li>Charla sobre los riesgos de Internet y las redes sociales, impartida por la Guardia Civil.<\/li>\n<li>Agendas<\/li>\n<li>Gesti\u00f3n de uniformes<\/li>\n<li>Colaboraci\u00f3n con las familias de 6\u00b0 para el viaje de fin de curso y la graduaci\u00f3n, tanto en las gestiones y organizaci\u00f3n como econ\u00f3micamente.<\/li>\n<li>Gesti\u00f3n de la informaci\u00f3n entre el centro y las familias delegadas de clase: resoluci\u00f3n de dudas, facilitar informaci\u00f3n, transmitir propuestas&#8230; Administraci\u00f3n grupo de Delegados de WhatsApp.<\/li>\n<li>Representar a todas las familias en Consejo Escolar, Consejo Escolar Municipal, Comisiones de escolarizaci\u00f3n, Comisiones de absentismo, etc.<\/li>\n<li>Defender los intereses y derechos de las familias.<\/li>\n<li>Atenci\u00f3n a todas las familias del centro.<\/li>\n<li>En proyecto: huerto escolar, roc\u00f3dromo.<\/li>\n<\/ul>\n<p>&nbsp;<\/p>\n<p>[\/et_pb_text][et_pb_button url_new_window=&#8221;on&#8221; button_text=&#8221;Documento de inscripci\u00f3n&#8221; _builder_version=&#8221;4.24.2&#8243; _module_preset=&#8221;default&#8221; custom_button=&#8221;on&#8221; button_text_color=&#8221;#000000&#8243; button_bg_color=&#8221;#7cda24&#8243; hover_enabled=&#8221;0&#8243; global_colors_info=&#8221;{}&#8221; button_url=&#8221;https:\/\/drive.google.com\/file\/d\/1izRRgRcnthVThiystQCTrwlnMEJRKRkL\/view?usp=sharing&#8221; sticky_enabled=&#8221;0&#8243;][\/et_pb_button][et_pb_image src=&#8221;https:\/\/blogsaverroes.juntadeandalucia.es\/coleinfanta\/files\/2023\/09\/Asamblea-AMPA.jpg&#8221; title_text=&#8221;Asamblea AMPA&#8221; url=&#8221;https:\/\/www.canva.com\/design\/DAFloQ9SVzQ\/V3un5fvZ0yEZI_58Ar32FA\/view?utm_content=DAFloQ9SVzQ&amp;utm_campaign=designshare&amp;utm_medium=link&amp;utm_source=viewer&#8221; url_new_window=&#8221;on&#8221; _builder_version=&#8221;4.16&#8243; _module_preset=&#8221;default&#8221; global_colors_info=&#8221;{}&#8221;][\/et_pb_image][\/et_pb_column][\/et_pb_row][\/et_pb_section]<\/p>\n","protected":false},"excerpt":{"rendered":"<p>AMPA JOLCA Presidenta del AMPA: Raquel Gonz\u00e1lez Bolea Correo del AMPA: ampajolcainfanta@gmail.com BENEFICIOS SOCIOS COMERCIOS AMIGOS: Acuerdos con empresas locales que ofrecen descuentos o beneficios a los socios de nuestra AMPA. Descuentos en aula de mediod\u00eda (3\u20ac\/mes) y en actividades extraescolares del AMPA (2\u20ac\/mes). Precios especiales en la adquisici\u00f3n de: uniformes, en la agenda escolar [&hellip;]<\/p>\n","protected":false},"author":7051,"featured_media":0,"parent":0,"menu_order":0,"comment_status":"closed","ping_status":"closed","template":"","meta":{"_et_pb_use_builder":"on","_et_pb_old_content":"","_et_gb_content_width":"","ngg_post_thumbnail":0,"footnotes":""},"aioseo_notices":[],"_links":{"self":[{"href":"https:\/\/blogsaverroes.juntadeandalucia.es\/coleinfanta\/wp-json\/wp\/v2\/pages\/840"}],"collection":[{"href":"https:\/\/blogsaverroes.juntadeandalucia.es\/coleinfanta\/wp-json\/wp\/v2\/pages"}],"about":[{"href":"https:\/\/blogsaverroes.juntadeandalucia.es\/coleinfanta\/wp-json\/wp\/v2\/types\/page"}],"author":[{"embeddable":true,"href":"https:\/\/blogsaverroes.juntadeandalucia.es\/coleinfanta\/wp-json\/wp\/v2\/users\/7051"}],"replies":[{"embeddable":true,"href":"https:\/\/blogsaverroes.juntadeandalucia.es\/coleinfanta\/wp-json\/wp\/v2\/comments?post=840"}],"version-history":[{"count":20,"href":"https:\/\/blogsaverroes.juntadeandalucia.es\/coleinfanta\/wp-json\/wp\/v2\/pages\/840\/revisions"}],"predecessor-version":[{"id":23641,"href":"https:\/\/blogsaverroes.juntadeandalucia.es\/coleinfanta\/wp-json\/wp\/v2\/pages\/840\/revisions\/23641"}],"wp:attachment":[{"href":"https:\/\/blogsaverroes.juntadeandalucia.es\/coleinfanta\/wp-json\/wp\/v2\/media?parent=840"}],"curies":[{"name":"wp","href":"https:\/\/api.w.org\/{rel}","templated":true}]}}