{"id":845,"date":"2020-12-18T08:40:01","date_gmt":"2020-12-18T07:40:01","guid":{"rendered":"https:\/\/blogsaverroes.juntadeandalucia.es\/pre\/plantilla-pencil\/?page_id=845"},"modified":"2025-09-08T12:39:59","modified_gmt":"2025-09-08T11:39:59","slug":"aula-matinal","status":"publish","type":"page","link":"https:\/\/blogsaverroes.juntadeandalucia.es\/coleinfanta\/aula-matinal\/","title":{"rendered":"Aula matinal"},"content":{"rendered":"<p>[et_pb_section fb_built=&#8221;1&#8243; _builder_version=&#8221;4.16&#8243; custom_padding=&#8221;0px||0px|&#8221; z_index_tablet=&#8221;500&#8243; box_shadow_horizontal_tablet=&#8221;0px&#8221; box_shadow_vertical_tablet=&#8221;0px&#8221; box_shadow_blur_tablet=&#8221;40px&#8221; box_shadow_spread_tablet=&#8221;0px&#8221; global_colors_info=&#8221;{}&#8221;][et_pb_row _builder_version=&#8221;4.16&#8243; background_size=&#8221;initial&#8221; background_position=&#8221;top_left&#8221; background_repeat=&#8221;repeat&#8221; global_colors_info=&#8221;{}&#8221;][et_pb_column type=&#8221;4_4&#8243; _builder_version=&#8221;4.16&#8243; custom_padding=&#8221;|||&#8221; global_colors_info=&#8221;{}&#8221; custom_padding__hover=&#8221;|||&#8221;][et_pb_image src=&#8221;https:\/\/blogsaverroes.juntadeandalucia.es\/coleinfanta\/files\/2021\/04\/Aula-Matinal.jpg&#8221; title_text=&#8221;Aula Matinal&#8221; admin_label=&#8221;Imagen de la portada&#8221; _builder_version=&#8221;4.16&#8243; animation_style=&#8221;zoom&#8221; z_index_tablet=&#8221;500&#8243; box_shadow_horizontal_tablet=&#8221;0px&#8221; box_shadow_vertical_tablet=&#8221;0px&#8221; box_shadow_blur_tablet=&#8221;40px&#8221; box_shadow_spread_tablet=&#8221;0px&#8221; global_colors_info=&#8221;{}&#8221;][\/et_pb_image][et_pb_text admin_label=&#8221;Texto descriptivo&#8221; _builder_version=&#8221;4.24.2&#8243; hover_enabled=&#8221;0&#8243; z_index_tablet=&#8221;500&#8243; text_text_shadow_horizontal_length_tablet=&#8221;0px&#8221; text_text_shadow_vertical_length_tablet=&#8221;0px&#8221; text_text_shadow_blur_strength_tablet=&#8221;1px&#8221; link_text_shadow_horizontal_length_tablet=&#8221;0px&#8221; link_text_shadow_vertical_length_tablet=&#8221;0px&#8221; link_text_shadow_blur_strength_tablet=&#8221;1px&#8221; ul_text_shadow_horizontal_length_tablet=&#8221;0px&#8221; ul_text_shadow_vertical_length_tablet=&#8221;0px&#8221; ul_text_shadow_blur_strength_tablet=&#8221;1px&#8221; ol_text_shadow_horizontal_length_tablet=&#8221;0px&#8221; ol_text_shadow_vertical_length_tablet=&#8221;0px&#8221; ol_text_shadow_blur_strength_tablet=&#8221;1px&#8221; quote_text_shadow_horizontal_length_tablet=&#8221;0px&#8221; quote_text_shadow_vertical_length_tablet=&#8221;0px&#8221; quote_text_shadow_blur_strength_tablet=&#8221;1px&#8221; header_text_shadow_horizontal_length_tablet=&#8221;0px&#8221; header_text_shadow_vertical_length_tablet=&#8221;0px&#8221; header_text_shadow_blur_strength_tablet=&#8221;1px&#8221; header_2_text_shadow_horizontal_length_tablet=&#8221;0px&#8221; header_2_text_shadow_vertical_length_tablet=&#8221;0px&#8221; header_2_text_shadow_blur_strength_tablet=&#8221;1px&#8221; header_3_text_shadow_horizontal_length_tablet=&#8221;0px&#8221; header_3_text_shadow_vertical_length_tablet=&#8221;0px&#8221; header_3_text_shadow_blur_strength_tablet=&#8221;1px&#8221; header_4_text_shadow_horizontal_length_tablet=&#8221;0px&#8221; header_4_text_shadow_vertical_length_tablet=&#8221;0px&#8221; header_4_text_shadow_blur_strength_tablet=&#8221;1px&#8221; header_5_text_shadow_horizontal_length_tablet=&#8221;0px&#8221; header_5_text_shadow_vertical_length_tablet=&#8221;0px&#8221; header_5_text_shadow_blur_strength_tablet=&#8221;1px&#8221; header_6_text_shadow_horizontal_length_tablet=&#8221;0px&#8221; header_6_text_shadow_vertical_length_tablet=&#8221;0px&#8221; header_6_text_shadow_blur_strength_tablet=&#8221;1px&#8221; box_shadow_horizontal_tablet=&#8221;0px&#8221; box_shadow_vertical_tablet=&#8221;0px&#8221; box_shadow_blur_tablet=&#8221;40px&#8221; box_shadow_spread_tablet=&#8221;0px&#8221; global_colors_info=&#8221;{}&#8221; sticky_enabled=&#8221;0&#8243;]<\/p>\n<h2>Aula matinal<\/h2>\n<p>\u200bComienza el 10 de septiembre de 2025<\/p>\n<ul>\n<li style=\"font-weight: 400\"><span style=\"font-weight: 400\">Este curso escolar continuamos con la empresa <\/span><b>Ludociencia.<\/b><span style=\"font-weight: 400\">&nbsp; El precio de este servicio por <\/span><b>d\u00eda suelto<\/b><span style=\"font-weight: 400\"> es de 1,33 euros, y por <\/span><b>meses completos<\/b><span style=\"font-weight: 400\"> de 17,51 euros.<\/span><\/li>\n<li style=\"font-weight: 400\"><span style=\"font-weight: 400\">A cada monitor se le asignar\u00e1 un grupo de alumnos. Cada grupo se ubicar\u00e1 en una zona del patio diferenciada ( los d\u00edas de lluvia se ubicar\u00e1n en techado, gimnasio).<\/span><\/li>\n<li style=\"font-weight: 400\"><span style=\"font-weight: 400\">Acceso al Centro por la puerta situada en la <\/span><b>calle Ram\u00f3n y Cajal.<\/b><\/li>\n<li style=\"font-weight: 400\"><span style=\"font-weight: 400\">La puerta de entrada al Colegio para el alumnado de Aula Matinal, se abrir\u00e1 a las <\/span><b>7:30 horas<\/b><span style=\"font-weight: 400\"> y se cerrar\u00e1 a las <strong>9:00<\/strong><\/span><b>&nbsp;horas<\/b><span style=\"font-weight: 400\">. Por seguridad, y siguiendo el protocolo Covid-19, un monitor ser\u00e1 el encargado de abrir y cerrar esta puerta.<\/span><\/li>\n<li style=\"font-weight: 400\"><b>Actividad no reglada<\/b><span style=\"font-weight: 400\">. Las actividades que realiza el alumnado en el tiempo de permanencia en el Aula Matinal ser\u00e1n l\u00fadicas e individuales.<\/span><\/li>\n<li style=\"font-weight: 400\"><span style=\"font-weight: 400\">En todo momento, se respetar\u00e1 y obedecer\u00e1 a las indicaciones de los monitores.<\/span><\/li>\n<li style=\"font-weight: 400\"><span style=\"font-weight: 400\">Al t\u00e9rmino de la jornada del Aula Matinal, los monitores acompa\u00f1ar\u00e1n al alumnado a sus correspondientes filas.<\/span><\/li>\n<\/ul>\n<p>&nbsp;<\/p>\n<p><span style=\"font-size: 14pt\"><b>INSCRIPCIONES DE ALTA, CAMBIOS Y BAJAS EN&nbsp; AULA MATINAL:<\/b><\/span><\/p>\n<ul>\n<li>Para&nbsp;<b>darse de ALTA:<\/b><\/li>\n<li>Debe enviar previamente&nbsp; el impreso y la documentaci\u00f3n necesaria, al correo de la Secretar\u00eda del Centro:&nbsp; <a href=\"mailto:secretaria@colegioinfanta.org\" target=\"_blank\" rel=\"noopener noreferrer\">secretaria@colegioinfanta.org<\/a>&nbsp;.&nbsp;<b>Debe esperar la confirmaci\u00f3n de plaza por parte del Centro<\/b>.<\/li>\n<li>Puede solicitar&nbsp;<b>BONIFICACI\u00d3N<\/b>&nbsp;con el siguiente documento:&nbsp;<a href=\"https:\/\/drive.google.com\/file\/d\/1xh44WDRflgO3U5iDKM-j1sC6LDGw6cWg\/view?usp=sharing\" target=\"_blank\" rel=\"noopener noreferrer\" data-saferedirecturl=\"https:\/\/www.google.com\/url?q=https:\/\/drive.google.com\/file\/d\/1xh44WDRflgO3U5iDKM-j1sC6LDGw6cWg\/view?usp%3Dsharing&amp;source=gmail&amp;ust=1620316590680000&amp;usg=AFQjCNG1wOvJOWnNWXDzN8RrQM034W67rg\">Solicitud de bonificaci\u00f3n<\/a>&nbsp;y enviarlo al correo de Secretar\u00eda:&nbsp;<a href=\"mailto:secretaria@colegioinfanta.org\" target=\"_blank\" rel=\"noopener noreferrer\">secretaria@colegioinfanta.org<\/a>. El plazo para presentar el impreso de bonificaci\u00f3n es de tres d\u00edas a partir de la confirmaci\u00f3n de plaza.<\/li>\n<li>El acceso a este servicio podr\u00e1 solicitarse para d\u00edas determinados o con car\u00e1cter continuado.<\/li>\n<li><b>La solicitud puede realizarse durante todo el curso escolar. En el caso de presentarla en junio para el curso escolar siguiente, se emitir\u00e1n dos listados en junio (provisionales y definitivos) y todo el alumnado que resulte admitido, deber\u00e1 presentar la bonificaci\u00f3n, si as\u00ed lo desea, del 1 al 8 de septiembre.<\/b><\/li>\n<\/ul>\n<ul>\n<li>Para comunicar <b>CAMBIOS<\/b> en la opci\u00f3n inicialmente elegida:&nbsp; La opci\u00f3n inicialmente elegida en la solicitud de alta, podr\u00e1 modificarse a lo largo de todo el curso. Deber\u00e1 enviar la Ficha de cambios o baja:&nbsp; &nbsp; &#8211; a la Secretar\u00eda del Centro: <a href=\"mailto:secretaria@colegioinfanta.org\" target=\"_blank\" rel=\"noopener noreferrer\">secretaria@colegioinfanta.org<\/a><\/li>\n<li>Para <b>JUSTIFICAR AUSENCIAS PUNTUALES:&nbsp; <\/b>Se justifican por escrito y se entregan, el primer d\u00eda que se incorpore al Servicio, al monitor\/a del Aula Matinal.<\/li>\n<li>Para <b>darse de BAJA: <\/b>Debe enviar la Ficha de cambios o baja&nbsp; a la Secretar\u00eda del Centro: <a href=\"mailto:secretaria@colegioinfanta.org\" target=\"_blank\" rel=\"noopener noreferrer\">secretaria@colegioinfanta.org<\/a><\/li>\n<\/ul>\n<p><strong>Tel\u00e9fono de contacto de Ludociencia: 954151096<\/strong><\/p>\n<p><span style=\"font-size: 14pt\"><strong>DOCUMENTOS:<\/strong><\/span><\/p>\n<p>Para darse de alta:&nbsp;<span style=\"color: #ff6600\"><strong><span style=\"font-size: 14pt\"><a style=\"color: #ff6600\" href=\"https:\/\/drive.google.com\/file\/d\/1-XqLnUWEvIhxURt8gwPI7x64eWGMIJlm\/view\" target=\"_blank\" rel=\"noopener noreferrer\" data-saferedirecturl=\"https:\/\/www.google.com\/url?q=https:\/\/drive.google.com\/file\/d\/1-XqLnUWEvIhxURt8gwPI7x64eWGMIJlm\/view&amp;source=gmail&amp;ust=1620316590681000&amp;usg=AFQjCNH2rbTTOon-ORTy2X4Y_IwNv9xL1w\">Anexo II<\/a><\/span><\/strong><\/span><\/p>\n<p><span style=\"color: #ff6600\"><strong><span style=\"font-size: 14pt\"><a style=\"color: #ff6600\" href=\"https:\/\/drive.google.com\/file\/d\/1-MYL2PMnXuOOLvazlYGYNM8OBYHvoart\/view?usp=sharing\" target=\"_blank\" rel=\"noopener noreferrer\" data-saferedirecturl=\"https:\/\/www.google.com\/url?q=https:\/\/drive.google.com\/file\/d\/1xh44WDRflgO3U5iDKM-j1sC6LDGw6cWg\/view?usp%3Dsharing&amp;source=gmail&amp;ust=1620316590681000&amp;usg=AFQjCNF641DY53nCa6GZqR5lmAe9YwqGKQ\">Solicitud de bonificaci\u00f3n<\/a><\/span><\/strong><\/span><\/p>\n<p>Para solicitar cambios o baja:&nbsp;<span style=\"color: #ff6600\"><strong><span style=\"font-size: 14pt\"><a style=\"color: #ff6600\" href=\"https:\/\/drive.google.com\/file\/d\/1TjBT1N6sYHWGKQsp59GBaUtNOLdU_3rD\/view\" target=\"_blank\" rel=\"noopener noreferrer\" data-saferedirecturl=\"https:\/\/www.google.com\/url?q=https:\/\/drive.google.com\/file\/d\/1TjBT1N6sYHWGKQsp59GBaUtNOLdU_3rD\/view&amp;source=gmail&amp;ust=1620316590681000&amp;usg=AFQjCNHCWYcraITF-_u5nW4wIugRqqnaFQ\">Ficha de cambios o baja<\/a><\/span><\/strong><\/span><\/p>\n<p>Nota informativa:&nbsp;De acuerdo con lo dispuesto en los art\u00edculos 6.3, 8.5 y 16.5 de la Orden de 17 de abril de 2017 (BOJA n\u00fam. 78, de 16 de abril de 2017), la solicitud de baja en el servicio correspondiente debe comunicarse antes del \u00faltimo d\u00eda lectivo de la semana anterior a aquella en la que se pretenda hacer efectiva la baja en el caso de los servicios de aula matinal y comedor escolar, y con una antelaci\u00f3n de, al menos, una semana al inicio del mes en que se pretenda hacer efectiva la baja en el caso de las actividades extraescolares.<\/p>\n<p>[\/et_pb_text][et_pb_blurb title=&#8221;Normativa&#8221; url=&#8221;http:\/\/www.juntadeandalucia.es\/educacion\/portals\/web\/ced\/aula-matinal&#8221; url_new_window=&#8221;on&#8221; use_icon=&#8221;on&#8221; font_icon=&#8221;&#xe101;||divi||400&#8243; _builder_version=&#8221;4.16&#8243; _module_preset=&#8221;default&#8221; global_colors_info=&#8221;{}&#8221;][\/et_pb_blurb][\/et_pb_column][\/et_pb_row][\/et_pb_section]<\/p>\n","protected":false},"excerpt":{"rendered":"<p>Aula matinal \u200bComienza el 10 de septiembre de 2025 Este curso escolar continuamos con la empresa Ludociencia.&nbsp; El precio de este servicio por d\u00eda suelto es de 1,33 euros, y por meses completos de 17,51 euros. A cada monitor se le asignar\u00e1 un grupo de alumnos. Cada grupo se ubicar\u00e1 en una zona del patio [&hellip;]<\/p>\n","protected":false},"author":7051,"featured_media":0,"parent":0,"menu_order":0,"comment_status":"closed","ping_status":"closed","template":"","meta":{"_et_pb_use_builder":"on","_et_pb_old_content":"","_et_gb_content_width":"","ngg_post_thumbnail":0,"footnotes":""},"aioseo_notices":[],"_links":{"self":[{"href":"https:\/\/blogsaverroes.juntadeandalucia.es\/coleinfanta\/wp-json\/wp\/v2\/pages\/845"}],"collection":[{"href":"https:\/\/blogsaverroes.juntadeandalucia.es\/coleinfanta\/wp-json\/wp\/v2\/pages"}],"about":[{"href":"https:\/\/blogsaverroes.juntadeandalucia.es\/coleinfanta\/wp-json\/wp\/v2\/types\/page"}],"author":[{"embeddable":true,"href":"https:\/\/blogsaverroes.juntadeandalucia.es\/coleinfanta\/wp-json\/wp\/v2\/users\/7051"}],"replies":[{"embeddable":true,"href":"https:\/\/blogsaverroes.juntadeandalucia.es\/coleinfanta\/wp-json\/wp\/v2\/comments?post=845"}],"version-history":[{"count":17,"href":"https:\/\/blogsaverroes.juntadeandalucia.es\/coleinfanta\/wp-json\/wp\/v2\/pages\/845\/revisions"}],"predecessor-version":[{"id":23661,"href":"https:\/\/blogsaverroes.juntadeandalucia.es\/coleinfanta\/wp-json\/wp\/v2\/pages\/845\/revisions\/23661"}],"wp:attachment":[{"href":"https:\/\/blogsaverroes.juntadeandalucia.es\/coleinfanta\/wp-json\/wp\/v2\/media?parent=845"}],"curies":[{"name":"wp","href":"https:\/\/api.w.org\/{rel}","templated":true}]}}