{"id":850,"date":"2020-12-18T08:41:27","date_gmt":"2020-12-18T07:41:27","guid":{"rendered":"https:\/\/blogsaverroes.juntadeandalucia.es\/pre\/plantilla-pencil\/?page_id=850"},"modified":"2024-11-08T10:38:33","modified_gmt":"2024-11-08T09:38:33","slug":"planes-y-proyectos","status":"publish","type":"page","link":"https:\/\/blogsaverroes.juntadeandalucia.es\/coleinfanta\/planes-y-proyectos\/","title":{"rendered":"Plan de Centro. Planes y Proyectos"},"content":{"rendered":"<p>[et_pb_section fb_built=&#8221;1&#8243; _builder_version=&#8221;4.16&#8243; global_colors_info=&#8221;{}&#8221;][et_pb_row _builder_version=&#8221;4.16&#8243; background_size=&#8221;initial&#8221; background_position=&#8221;top_left&#8221; background_repeat=&#8221;repeat&#8221; custom_padding=&#8221;|2px||||&#8221; global_colors_info=&#8221;{}&#8221;][et_pb_column type=&#8221;4_4&#8243; _builder_version=&#8221;4.16&#8243; custom_padding=&#8221;|||&#8221; global_colors_info=&#8221;{}&#8221; custom_padding__hover=&#8221;|||&#8221;][et_pb_image src=&#8221;https:\/\/blogsaverroes.juntadeandalucia.es\/coleinfanta\/files\/2021\/04\/Plan-de-Centro-2.jpg&#8221; title_text=&#8221;Plan de Centro 2&#8243; admin_label=&#8221;Imagen de la portada&#8221; _builder_version=&#8221;4.16&#8243; z_index_tablet=&#8221;500&#8243; box_shadow_horizontal_tablet=&#8221;0px&#8221; box_shadow_vertical_tablet=&#8221;0px&#8221; box_shadow_blur_tablet=&#8221;40px&#8221; box_shadow_spread_tablet=&#8221;0px&#8221; global_colors_info=&#8221;{}&#8221;][\/et_pb_image][et_pb_text admin_label=&#8221;Texto descriptivo&#8221; _builder_version=&#8221;4.16&#8243; z_index_tablet=&#8221;500&#8243; text_text_shadow_horizontal_length_tablet=&#8221;0px&#8221; text_text_shadow_vertical_length_tablet=&#8221;0px&#8221; text_text_shadow_blur_strength_tablet=&#8221;1px&#8221; link_text_shadow_horizontal_length_tablet=&#8221;0px&#8221; link_text_shadow_vertical_length_tablet=&#8221;0px&#8221; link_text_shadow_blur_strength_tablet=&#8221;1px&#8221; ul_text_shadow_horizontal_length_tablet=&#8221;0px&#8221; ul_text_shadow_vertical_length_tablet=&#8221;0px&#8221; ul_text_shadow_blur_strength_tablet=&#8221;1px&#8221; ol_text_shadow_horizontal_length_tablet=&#8221;0px&#8221; ol_text_shadow_vertical_length_tablet=&#8221;0px&#8221; ol_text_shadow_blur_strength_tablet=&#8221;1px&#8221; quote_text_shadow_horizontal_length_tablet=&#8221;0px&#8221; quote_text_shadow_vertical_length_tablet=&#8221;0px&#8221; quote_text_shadow_blur_strength_tablet=&#8221;1px&#8221; header_text_shadow_horizontal_length_tablet=&#8221;0px&#8221; header_text_shadow_vertical_length_tablet=&#8221;0px&#8221; header_text_shadow_blur_strength_tablet=&#8221;1px&#8221; header_2_text_shadow_horizontal_length_tablet=&#8221;0px&#8221; header_2_text_shadow_vertical_length_tablet=&#8221;0px&#8221; header_2_text_shadow_blur_strength_tablet=&#8221;1px&#8221; header_3_text_shadow_horizontal_length_tablet=&#8221;0px&#8221; header_3_text_shadow_vertical_length_tablet=&#8221;0px&#8221; header_3_text_shadow_blur_strength_tablet=&#8221;1px&#8221; header_4_text_shadow_horizontal_length_tablet=&#8221;0px&#8221; header_4_text_shadow_vertical_length_tablet=&#8221;0px&#8221; header_4_text_shadow_blur_strength_tablet=&#8221;1px&#8221; header_5_text_shadow_horizontal_length_tablet=&#8221;0px&#8221; header_5_text_shadow_vertical_length_tablet=&#8221;0px&#8221; header_5_text_shadow_blur_strength_tablet=&#8221;1px&#8221; header_6_text_shadow_horizontal_length_tablet=&#8221;0px&#8221; header_6_text_shadow_vertical_length_tablet=&#8221;0px&#8221; header_6_text_shadow_blur_strength_tablet=&#8221;1px&#8221; box_shadow_horizontal_tablet=&#8221;0px&#8221; box_shadow_vertical_tablet=&#8221;0px&#8221; box_shadow_blur_tablet=&#8221;40px&#8221; box_shadow_spread_tablet=&#8221;0px&#8221; global_colors_info=&#8221;{}&#8221;]<\/p>\n<h2>PROYECTO EDUCATIVO<\/h2>\n<h3><span style=\"font-weight: 400\">Objetivos Generales del Centro.<\/span><span style=\"font-weight: 400\">&nbsp;<\/span><\/h3>\n<ul>\n<li style=\"font-weight: 400\"><span style=\"font-weight: 400\">Fomentar un clima escolar que <\/span><span style=\"font-weight: 400\">favorezca el esfuerzo y el trabajo<\/span><span style=\"font-weight: 400\">, as\u00ed como el desarrollo de actuaciones que propicien una formaci\u00f3n integral en conocimientos y valores de los alumnos, con el fin de <\/span><span style=\"font-weight: 400\">contribuir a la formaci\u00f3n de ciudadanos libres, cr\u00edticos y democr\u00e1ticos.<\/span><\/li>\n<li style=\"font-weight: 400\"><span style=\"font-weight: 400\">Potenciar la participaci\u00f3n y colaboraci\u00f3n de los distintos sectores de la comunidad educativa en la vida del Centro para conseguir una formaci\u00f3n b\u00e1sica, solidaria y que contribuya a la efectiva igualdad entre hombres y mujeres en nuestro Centro.<\/span><\/li>\n<li style=\"font-weight: 400\"><span style=\"font-weight: 400\">Desarrollar el <\/span><span style=\"font-weight: 400\">plan lector<\/span><span style=\"font-weight: 400\"> para la mejora de la competencia en comunicaci\u00f3n ling\u00fc\u00edstica, haci\u00e9ndolo extensivo a las familias.<\/span><\/li>\n<li style=\"font-weight: 400\"><span style=\"font-weight: 400\">Propiciar y desarrollar el razonamiento y el c\u00e1lculo mental<\/span><\/li>\n<li style=\"font-weight: 400\"><span style=\"font-weight: 400\">Impulsar la colaboraci\u00f3n con las instituciones, organismos&nbsp; de nuestro entorno para enriquecer el desarrollo integral de nuestro alumnado.<\/span><\/li>\n<li style=\"font-weight: 400\"><span style=\"font-weight: 400\">Adoptar las medidas educativas, organizativas y curriculares pertinentes que permitan coordinar las actuaciones entre las etapas de infantil a primaria y de primaria a secundaria<\/span><\/li>\n<li style=\"font-weight: 400\"><span style=\"font-weight: 400\">Establecer medidas organizativas de prevenci\u00f3n y actuaci\u00f3n para que todo el alumnado alcance el m\u00e1ximo nivel de logro en el desarrollo de las competencias claves definidas en los perfiles de salida de la Etapa<\/span><\/li>\n<li style=\"font-weight: 400\"><span style=\"font-weight: 400\">Establecer medidas claras y concretas, que propicien la mejora de los resultados escolares del alumnado con dificultades en el aprendizaje.<\/span><\/li>\n<li style=\"font-weight: 400\"><span style=\"font-weight: 400\">Garantizar una gesti\u00f3n transparente, \u00e1gil y eficaz del presupuesto, de la gesti\u00f3n y organizaci\u00f3n del Centro.<\/span><\/li>\n<li style=\"font-weight: 400\"><span style=\"font-weight: 400\">Favorecer los cauces de comunicaci\u00f3n e informaci\u00f3n en el Centro, tanto entre los miembros y \u00f3rganos internos del Centro como entre \u00e9stos y las familias, para conseguir que las relaciones sean fluidas y cordiales.<\/span><\/li>\n<li style=\"font-weight: 400\"><span style=\"font-weight: 400\">Reforzar la seguridad de todos los miembros de la comunidad educativa mediante la actualizaci\u00f3n permanente del Plan de Autoprotecci\u00f3n.<\/span><\/li>\n<li style=\"font-weight: 400\"><span style=\"font-weight: 400\">Continuar con el Plan de Apertura del Centro y las actividades deportivas y culturales ofrecidas por el Ayuntamiento.&nbsp;&nbsp;<\/span><\/li>\n<\/ul>\n<h3><span style=\"font-weight: 400\">Valores.<\/span><span style=\"font-weight: 400\">&nbsp;<\/span><\/h3>\n<ol>\n<li style=\"font-weight: 400\"><span style=\"font-weight: 400\">\u201cEl <\/span><b>principio del esfuerzo<\/b><span style=\"font-weight: 400\">&nbsp; aplicable a todos los miembros de la comunidad educativa. Cada uno de ellos tendr\u00e1 que realizar una contribuci\u00f3n espec\u00edfica. Las familias habr\u00e1n de colaborar estrechamente y deber\u00e1n comprometerse con el trabajo cotidiano de sus hijos y con la vida de los centros docentes. Los centros y el profesorado deber\u00e1n esforzarse por construir entornos de aprendizaje rico, motivador y exigente. El alumnado tendr\u00e1 que realizar un esfuerzo importante para conseguir una educaci\u00f3n de calidad. Por ello exigimos a nuestro alumnado el m\u00e1ximo empe\u00f1o para conseguir una formaci\u00f3n plena y de calidad.<\/span><\/li>\n<li style=\"font-weight: 400\"><span style=\"font-weight: 400\">Conseguir una <\/span><b>formaci\u00f3n integral <\/b><span style=\"font-weight: 400\">de los ni\u00f1os y ni\u00f1as. Formaci\u00f3n que contribuya a que sean ciudadanas y ciudadanos cr\u00edticos, libres y responsables.<\/span><\/li>\n<li style=\"font-weight: 400\"><b>Equidad<\/b><span style=\"font-weight: 400\">, hemos de procurar que todos y todas consigan una formaci\u00f3n de calidad e igualdad.<\/span><\/li>\n<li style=\"font-weight: 400\"><b>Diversidad<\/b><span style=\"font-weight: 400\"> de capacidades, intereses y cultural del alumnado y el profesorado. La inclusi\u00f3n social y la igualdad ser\u00e1n el marco en el que pueda tratarse y reconocerse la diferencia.<\/span><\/li>\n<li style=\"font-weight: 400\"><span style=\"font-weight: 400\">Estas cuatro l\u00edneas de actuaci\u00f3n necesitan, como meta y condici\u00f3n necesaria para su completo desenvolvimiento, un clima de <\/span><b>respeto y convivencia<\/b><span style=\"font-weight: 400\"> que faciliten el trabajo del alumnado y el profesorado y \u00e9sta constituye otra de las l\u00edneas b\u00e1sicas de actuaci\u00f3n. Deber\u00e1 completarse y extenderse esta actuaci\u00f3n a todas las personas que formamos parte de esta comunidad educativa. En este sentido es preciso favorecer, crear y mantener un buen clima de trabajo y unas relaciones humanas afectivas, c\u00e1lidas, francas y respetuosamente quienes formamos esta comunidad educadora. Especial atenci\u00f3n habr\u00e1n de recibir el trabajo y las pr\u00e1cticas que favorezcan y promuevan las relaciones de igualdad entre hombres y mujeres.<\/span><\/li>\n<li style=\"font-weight: 400\"><b>Participaci\u00f3n en Planes y Programas, <\/b><span style=\"font-weight: 400\">para contribuir a la conciliaci\u00f3n de la vida laboral y familiar y potenciar la innovaci\u00f3n y modernizaci\u00f3n del proceso de ense\u00f1anza- aprendizaje.<\/span><\/li>\n<li style=\"font-weight: 400\"><span style=\"font-weight: 400\">&nbsp;<\/span><span style=\"font-weight: 400\">Asumir la <\/span><b>autonom\u00eda<\/b><span style=\"font-weight: 400\"> de organizaci\u00f3n que las normas nos ofrecen, fomentar la <\/span><b>participaci\u00f3n<\/b><span style=\"font-weight: 400\"> en la gesti\u00f3n y funcionamiento del Centro de los distintos elementos de la comunidad educativa, actuar de manera <\/span><b>responsable<\/b><span style=\"font-weight: 400\"> en estos cometidos y admitir el <\/span><b>control<\/b><span style=\"font-weight: 400\"> social e institucional del centro que constituyen la \u00faltima de las l\u00edneas de trabajo.<\/span><\/li>\n<\/ol>\n<p><span style=\"font-weight: 400\">&nbsp;<\/span><b>En nuestro Centro pretendemos formar al alumnado para que lleguen a ser:<\/b><\/p>\n<ul>\n<li style=\"font-weight: 400\"><span style=\"font-weight: 400\">Personas con <\/span><b>curiosidad<\/b><span style=\"font-weight: 400\"> por lo que les rodea y con <\/span><b>motivaci\u00f3<\/b><span style=\"font-weight: 400\">n por aprender.<\/span><\/li>\n<li style=\"font-weight: 400\"><span style=\"font-weight: 400\">Personas <\/span><b>participativas<\/b><span style=\"font-weight: 400\">,&nbsp; abiertas al di\u00e1logo y a la reflexi\u00f3n, aut\u00f3nomas y responsables.<\/span><\/li>\n<li style=\"font-weight: 400\"><span style=\"font-weight: 400\">Personas <\/span><b>pac\u00edficas y tolerantes<\/b><span style=\"font-weight: 400\"> capaces de resolver conflictos mediante el di\u00e1logo.<\/span><\/li>\n<li style=\"font-weight: 400\"><span style=\"font-weight: 400\">Personas <\/span><b>asertivas<\/b><span style=\"font-weight: 400\"> que sepan expresar sentimientos y opiniones sin herir a los dem\u00e1s, que sean capaces de expresar las cr\u00edticas y de aceptarlas.<\/span><\/li>\n<li style=\"font-weight: 400\"><span style=\"font-weight: 400\">Personas <\/span><b>sensibles<\/b><span style=\"font-weight: 400\"> que necesitan querer y ser queridos.<\/span><\/li>\n<li style=\"font-weight: 400\"><span style=\"font-weight: 400\">Personas capaces de <\/span><b>afrontar las contrariedades<\/b><span style=\"font-weight: 400\"> con entereza y positivismo.<\/span><\/li>\n<li style=\"font-weight: 400\"><span style=\"font-weight: 400\">Personas con <\/span><b>h\u00e1bitos de trabajo y de estudio<\/b><span style=\"font-weight: 400\">, <\/span><b>respetuosas con el medio ambiente<\/b><span style=\"font-weight: 400\">.<\/span><\/li>\n<\/ul>\n<p><b>&nbsp;<\/b><b>Valores que vamos a desarrollar en nuestra comunidad educativa:<\/b><\/p>\n<ul>\n<li style=\"font-weight: 400\"><span style=\"font-weight: 400\">Autoestima.<\/span><\/li>\n<li style=\"font-weight: 400\"><span style=\"font-weight: 400\">Asertividad.<\/span><\/li>\n<li style=\"font-weight: 400\"><span style=\"font-weight: 400\">Compromiso y responsabilidad.<\/span><\/li>\n<li style=\"font-weight: 400\"><span style=\"font-weight: 400\">Empat\u00eda.<\/span><\/li>\n<li style=\"font-weight: 400\"><span style=\"font-weight: 400\">Respeto y tolerancia.<\/span><\/li>\n<li style=\"font-weight: 400\"><span style=\"font-weight: 400\">Creatividad.<\/span><\/li>\n<li style=\"font-weight: 400\"><span style=\"font-weight: 400\">Sentido cr\u00edtico.<\/span><\/li>\n<li style=\"font-weight: 400\"><span style=\"font-weight: 400\">&nbsp;&nbsp;<\/span><span style=\"font-weight: 400\">Amistad y compa\u00f1erismo.<\/span><\/li>\n<li style=\"font-weight: 400\"><span style=\"font-weight: 400\">Solidaridad.<\/span><\/li>\n<li style=\"font-weight: 400\"><span style=\"font-weight: 400\">Af\u00e1n de superaci\u00f3n.<\/span><\/li>\n<li style=\"font-weight: 400\"><span style=\"font-weight: 400\">Actitud positiva.<\/span><\/li>\n<\/ul>\n<p>[\/et_pb_text][et_pb_button button_url=&#8221;https:\/\/drive.google.com\/file\/d\/1_y1TsusGu5d3V_O8vqzPfekBoLVoQOZ8\/view?usp=sharing&#8221; url_new_window=&#8221;on&#8221; button_text=&#8221;Proyecto Educativo&#8221; admin_label=&#8221;Proyecto Educativo&#8221; _builder_version=&#8221;4.24.2&#8243; _module_preset=&#8221;default&#8221; hover_enabled=&#8221;0&#8243; global_colors_info=&#8221;{}&#8221; sticky_enabled=&#8221;0&#8243;][\/et_pb_button][et_pb_text admin_label=&#8221;Texto descriptivo&#8221; _builder_version=&#8221;4.16&#8243; z_index_tablet=&#8221;500&#8243; text_text_shadow_horizontal_length_tablet=&#8221;0px&#8221; text_text_shadow_vertical_length_tablet=&#8221;0px&#8221; text_text_shadow_blur_strength_tablet=&#8221;1px&#8221; link_text_shadow_horizontal_length_tablet=&#8221;0px&#8221; link_text_shadow_vertical_length_tablet=&#8221;0px&#8221; link_text_shadow_blur_strength_tablet=&#8221;1px&#8221; ul_text_shadow_horizontal_length_tablet=&#8221;0px&#8221; ul_text_shadow_vertical_length_tablet=&#8221;0px&#8221; ul_text_shadow_blur_strength_tablet=&#8221;1px&#8221; ol_text_shadow_horizontal_length_tablet=&#8221;0px&#8221; ol_text_shadow_vertical_length_tablet=&#8221;0px&#8221; ol_text_shadow_blur_strength_tablet=&#8221;1px&#8221; quote_text_shadow_horizontal_length_tablet=&#8221;0px&#8221; quote_text_shadow_vertical_length_tablet=&#8221;0px&#8221; quote_text_shadow_blur_strength_tablet=&#8221;1px&#8221; header_text_shadow_horizontal_length_tablet=&#8221;0px&#8221; header_text_shadow_vertical_length_tablet=&#8221;0px&#8221; header_text_shadow_blur_strength_tablet=&#8221;1px&#8221; header_2_text_shadow_horizontal_length_tablet=&#8221;0px&#8221; header_2_text_shadow_vertical_length_tablet=&#8221;0px&#8221; header_2_text_shadow_blur_strength_tablet=&#8221;1px&#8221; header_3_text_shadow_horizontal_length_tablet=&#8221;0px&#8221; header_3_text_shadow_vertical_length_tablet=&#8221;0px&#8221; header_3_text_shadow_blur_strength_tablet=&#8221;1px&#8221; header_4_text_shadow_horizontal_length_tablet=&#8221;0px&#8221; header_4_text_shadow_vertical_length_tablet=&#8221;0px&#8221; header_4_text_shadow_blur_strength_tablet=&#8221;1px&#8221; header_5_text_shadow_horizontal_length_tablet=&#8221;0px&#8221; header_5_text_shadow_vertical_length_tablet=&#8221;0px&#8221; header_5_text_shadow_blur_strength_tablet=&#8221;1px&#8221; header_6_text_shadow_horizontal_length_tablet=&#8221;0px&#8221; header_6_text_shadow_vertical_length_tablet=&#8221;0px&#8221; header_6_text_shadow_blur_strength_tablet=&#8221;1px&#8221; box_shadow_horizontal_tablet=&#8221;0px&#8221; box_shadow_vertical_tablet=&#8221;0px&#8221; box_shadow_blur_tablet=&#8221;40px&#8221; box_shadow_spread_tablet=&#8221;0px&#8221; global_colors_info=&#8221;{}&#8221;]<\/p>\n<h2>REGLAMENTO DE ORGANIZACI\u00d3N Y FUNCIONAMIENTO ( ROF)<\/h2>\n<p><span style=\"font-weight: 400\">El objetivo de este Reglamento es adoptar un modelo propio de organizaci\u00f3n y funcionamiento que permita dar respuesta a las demandas de nuestro entorno y a las caracter\u00edsticas del alumnado y que a la vez&nbsp; favorezcan la participaci\u00f3n de los distintos sectores que constituyen la Comunidad Educativa. En este documento recogeremos LAS NORMAS ORGANIZATIVAS Y FUNCIONALES que faciliten la consecuci\u00f3n de un clima adecuado para alcanzar los objetivos propuestos en el proyecto Educativo y permitan mantener un ambiente de&nbsp; respeto, confianza, armon\u00eda y colaboraci\u00f3n entre todos los sectores de la Comunidad Educativa.<\/span><\/p>\n<p>[\/et_pb_text][et_pb_button button_url=&#8221;https:\/\/drive.google.com\/file\/d\/10A9sEkW3mFFM_TUe7uJYTGHuocu3ka3q\/view?usp=sharing&#8221; url_new_window=&#8221;on&#8221; button_text=&#8221;ROF&#8221; admin_label=&#8221;ROF&#8221; _builder_version=&#8221;4.16&#8243; _module_preset=&#8221;default&#8221; global_colors_info=&#8221;{}&#8221;][\/et_pb_button][et_pb_text admin_label=&#8221;Texto descriptivo&#8221; _builder_version=&#8221;4.16&#8243; z_index_tablet=&#8221;500&#8243; text_text_shadow_horizontal_length_tablet=&#8221;0px&#8221; text_text_shadow_vertical_length_tablet=&#8221;0px&#8221; text_text_shadow_blur_strength_tablet=&#8221;1px&#8221; link_text_shadow_horizontal_length_tablet=&#8221;0px&#8221; link_text_shadow_vertical_length_tablet=&#8221;0px&#8221; link_text_shadow_blur_strength_tablet=&#8221;1px&#8221; ul_text_shadow_horizontal_length_tablet=&#8221;0px&#8221; ul_text_shadow_vertical_length_tablet=&#8221;0px&#8221; ul_text_shadow_blur_strength_tablet=&#8221;1px&#8221; ol_text_shadow_horizontal_length_tablet=&#8221;0px&#8221; ol_text_shadow_vertical_length_tablet=&#8221;0px&#8221; ol_text_shadow_blur_strength_tablet=&#8221;1px&#8221; quote_text_shadow_horizontal_length_tablet=&#8221;0px&#8221; quote_text_shadow_vertical_length_tablet=&#8221;0px&#8221; quote_text_shadow_blur_strength_tablet=&#8221;1px&#8221; header_text_shadow_horizontal_length_tablet=&#8221;0px&#8221; header_text_shadow_vertical_length_tablet=&#8221;0px&#8221; header_text_shadow_blur_strength_tablet=&#8221;1px&#8221; header_2_text_shadow_horizontal_length_tablet=&#8221;0px&#8221; header_2_text_shadow_vertical_length_tablet=&#8221;0px&#8221; header_2_text_shadow_blur_strength_tablet=&#8221;1px&#8221; header_3_text_shadow_horizontal_length_tablet=&#8221;0px&#8221; header_3_text_shadow_vertical_length_tablet=&#8221;0px&#8221; header_3_text_shadow_blur_strength_tablet=&#8221;1px&#8221; header_4_text_shadow_horizontal_length_tablet=&#8221;0px&#8221; header_4_text_shadow_vertical_length_tablet=&#8221;0px&#8221; header_4_text_shadow_blur_strength_tablet=&#8221;1px&#8221; header_5_text_shadow_horizontal_length_tablet=&#8221;0px&#8221; header_5_text_shadow_vertical_length_tablet=&#8221;0px&#8221; header_5_text_shadow_blur_strength_tablet=&#8221;1px&#8221; header_6_text_shadow_horizontal_length_tablet=&#8221;0px&#8221; header_6_text_shadow_vertical_length_tablet=&#8221;0px&#8221; header_6_text_shadow_blur_strength_tablet=&#8221;1px&#8221; box_shadow_horizontal_tablet=&#8221;0px&#8221; box_shadow_vertical_tablet=&#8221;0px&#8221; box_shadow_blur_tablet=&#8221;40px&#8221; box_shadow_spread_tablet=&#8221;0px&#8221; global_colors_info=&#8221;{}&#8221;]<\/p>\n<h2>PROYECTO DE GESTI\u00d3N<\/h2>\n<p><span style=\"font-weight: 400\">El Proyecto de Gesti\u00f3n es una parte del Plan de Centro. En este documento se establecen los criterios a seguir en las decisiones relativas a la gesti\u00f3n de los recursos econ\u00f3micos del Centro, para realizar un uso responsable de los mismos.&nbsp;<\/span><\/p>\n<p><span style=\"font-weight: 400\">En nuestro centro se utilizan los recursos econ\u00f3micos p\u00fablicos para su funcionamiento y, por tanto, su gesti\u00f3n debe ser transparente y rigurosa y debe estar enfocada a la mejora de la educaci\u00f3n. Los presupuestos del Centro se aprueban en Consejo Escolar anualmente, tratando de evitar gastos innecesarios y fomentando con&nbsp; los mismos una mejora de la calidad de ense\u00f1anza al alumnado.<\/span><\/p>\n<p>[\/et_pb_text][et_pb_button button_url=&#8221;https:\/\/drive.google.com\/file\/d\/1UlDDB-bh2tL6VWgFlF91I8wY5IX2XwGs\/view?usp=sharing&#8221; url_new_window=&#8221;on&#8221; button_text=&#8221;PROYECTO DE GESTI\u00d3N&#8221; admin_label=&#8221;PROYECTO DE GESTI\u00d3N&#8221; _builder_version=&#8221;4.16&#8243; _module_preset=&#8221;default&#8221; global_colors_info=&#8221;{}&#8221;][\/et_pb_button][et_pb_button button_url=&#8221;https:\/\/blogsaverroes.juntadeandalucia.es\/coleinfanta\/planes-y-proyectos\/protocolo-de-prevencion-de-conflictos\/&#8221; url_new_window=&#8221;on&#8221; button_text=&#8221;Protocolo de Prevenci\u00f3n de Conflictos&#8221; admin_label=&#8221;Protocolo de Prevenci\u00f3n de Conflictos&#8221; _builder_version=&#8221;4.16&#8243; _module_preset=&#8221;default&#8221; global_colors_info=&#8221;{}&#8221;][\/et_pb_button][et_pb_text admin_label=&#8221;Planes y Proyectos&#8221; _builder_version=&#8221;4.16&#8243; z_index_tablet=&#8221;500&#8243; text_text_shadow_horizontal_length_tablet=&#8221;0px&#8221; text_text_shadow_vertical_length_tablet=&#8221;0px&#8221; text_text_shadow_blur_strength_tablet=&#8221;1px&#8221; link_text_shadow_horizontal_length_tablet=&#8221;0px&#8221; link_text_shadow_vertical_length_tablet=&#8221;0px&#8221; link_text_shadow_blur_strength_tablet=&#8221;1px&#8221; ul_text_shadow_horizontal_length_tablet=&#8221;0px&#8221; ul_text_shadow_vertical_length_tablet=&#8221;0px&#8221; ul_text_shadow_blur_strength_tablet=&#8221;1px&#8221; ol_text_shadow_horizontal_length_tablet=&#8221;0px&#8221; ol_text_shadow_vertical_length_tablet=&#8221;0px&#8221; ol_text_shadow_blur_strength_tablet=&#8221;1px&#8221; quote_text_shadow_horizontal_length_tablet=&#8221;0px&#8221; quote_text_shadow_vertical_length_tablet=&#8221;0px&#8221; quote_text_shadow_blur_strength_tablet=&#8221;1px&#8221; header_text_shadow_horizontal_length_tablet=&#8221;0px&#8221; header_text_shadow_vertical_length_tablet=&#8221;0px&#8221; header_text_shadow_blur_strength_tablet=&#8221;1px&#8221; header_2_text_shadow_horizontal_length_tablet=&#8221;0px&#8221; header_2_text_shadow_vertical_length_tablet=&#8221;0px&#8221; header_2_text_shadow_blur_strength_tablet=&#8221;1px&#8221; header_3_text_shadow_horizontal_length_tablet=&#8221;0px&#8221; header_3_text_shadow_vertical_length_tablet=&#8221;0px&#8221; header_3_text_shadow_blur_strength_tablet=&#8221;1px&#8221; header_4_text_shadow_horizontal_length_tablet=&#8221;0px&#8221; header_4_text_shadow_vertical_length_tablet=&#8221;0px&#8221; header_4_text_shadow_blur_strength_tablet=&#8221;1px&#8221; header_5_text_shadow_horizontal_length_tablet=&#8221;0px&#8221; header_5_text_shadow_vertical_length_tablet=&#8221;0px&#8221; header_5_text_shadow_blur_strength_tablet=&#8221;1px&#8221; header_6_text_shadow_horizontal_length_tablet=&#8221;0px&#8221; header_6_text_shadow_vertical_length_tablet=&#8221;0px&#8221; header_6_text_shadow_blur_strength_tablet=&#8221;1px&#8221; box_shadow_horizontal_tablet=&#8221;0px&#8221; box_shadow_vertical_tablet=&#8221;0px&#8221; box_shadow_blur_tablet=&#8221;40px&#8221; box_shadow_spread_tablet=&#8221;0px&#8221; global_colors_info=&#8221;{}&#8221;]<\/p>\n<div style=\"width: 100%\">\n<div style=\"padding-bottom: 56.25%;padding-top: 0;height: 0\"><iframe src=\"https:\/\/view.genial.ly\/608004e2765d060d255b31b1\" width=\"1200\" height=\"675\" frameborder=\"0\" scrolling=\"yes\"><\/iframe><\/div>\n<\/div>\n<p>[\/et_pb_text][\/et_pb_column][\/et_pb_row][\/et_pb_section]<\/p>\n","protected":false},"excerpt":{"rendered":"<p>PROYECTO EDUCATIVO Objetivos Generales del Centro.&nbsp; Fomentar un clima escolar que favorezca el esfuerzo y el trabajo, as\u00ed como el desarrollo de actuaciones que propicien una formaci\u00f3n integral en conocimientos y valores de los alumnos, con el fin de contribuir a la formaci\u00f3n de ciudadanos libres, cr\u00edticos y democr\u00e1ticos. Potenciar la participaci\u00f3n y colaboraci\u00f3n de [&hellip;]<\/p>\n","protected":false},"author":7051,"featured_media":0,"parent":0,"menu_order":0,"comment_status":"closed","ping_status":"closed","template":"","meta":{"_et_pb_use_builder":"on","_et_pb_old_content":"","_et_gb_content_width":"","ngg_post_thumbnail":0,"footnotes":""},"aioseo_notices":[],"_links":{"self":[{"href":"https:\/\/blogsaverroes.juntadeandalucia.es\/coleinfanta\/wp-json\/wp\/v2\/pages\/850"}],"collection":[{"href":"https:\/\/blogsaverroes.juntadeandalucia.es\/coleinfanta\/wp-json\/wp\/v2\/pages"}],"about":[{"href":"https:\/\/blogsaverroes.juntadeandalucia.es\/coleinfanta\/wp-json\/wp\/v2\/types\/page"}],"author":[{"embeddable":true,"href":"https:\/\/blogsaverroes.juntadeandalucia.es\/coleinfanta\/wp-json\/wp\/v2\/users\/7051"}],"replies":[{"embeddable":true,"href":"https:\/\/blogsaverroes.juntadeandalucia.es\/coleinfanta\/wp-json\/wp\/v2\/comments?post=850"}],"version-history":[{"count":33,"href":"https:\/\/blogsaverroes.juntadeandalucia.es\/coleinfanta\/wp-json\/wp\/v2\/pages\/850\/revisions"}],"predecessor-version":[{"id":20462,"href":"https:\/\/blogsaverroes.juntadeandalucia.es\/coleinfanta\/wp-json\/wp\/v2\/pages\/850\/revisions\/20462"}],"wp:attachment":[{"href":"https:\/\/blogsaverroes.juntadeandalucia.es\/coleinfanta\/wp-json\/wp\/v2\/media?parent=850"}],"curies":[{"name":"wp","href":"https:\/\/api.w.org\/{rel}","templated":true}]}}