{"id":141,"date":"2015-03-17T07:13:24","date_gmt":"2015-03-17T07:13:24","guid":{"rendered":"http:\/\/blogsaverroes.juntadeandalucia.es\/pre\/ceip\/?page_id=141"},"modified":"2021-02-23T07:39:55","modified_gmt":"2021-02-23T07:39:55","slug":"escolarizacion","status":"publish","type":"page","link":"https:\/\/blogsaverroes.juntadeandalucia.es\/coleiznatoraf\/escolarizacion\/","title":{"rendered":"Escolarizaci\u00f3n"},"content":{"rendered":"<p>blogsaverroes.juntadeandalucia.es\/coleiznatoraf\/files\/2021\/02\/cartel-escolarizaci\u00f3n-21-22-300&#215;203.jpg\u00bb alt=\u00bb\u00bb width=\u00bb300&#8243; height=\u00bb203&#8243; class=\u00bbalignnone size-medium wp-image-3854&#8243; \/&gt;<\/a><\/p>\n<p style=\"text-align: center\"><a href=\"https:\/\/blogsaverroes.juntadeandalucia.es\/coleiznatoraf\/files\/2021\/02\/descarga-6.jpg\"><img loading=\"lazy\" decoding=\"async\" class=\"alignnone size-medium wp-image-3779\" src=\"https:\/\/blogsaverroes.juntadeandalucia.es\/coleiznatoraf\/files\/2021\/02\/descarga-6-300x90.jpg\" alt=\"\" width=\"300\" height=\"90\" srcset=\"https:\/\/blogsaverroes.juntadeandalucia.es\/coleiznatoraf\/files\/2021\/02\/descarga-6-300x90.jpg 300w, https:\/\/blogsaverroes.juntadeandalucia.es\/coleiznatoraf\/files\/2021\/02\/descarga-6-332x99.jpg 332w, https:\/\/blogsaverroes.juntadeandalucia.es\/coleiznatoraf\/files\/2021\/02\/descarga-6.jpg 395w\" sizes=\"(max-width: 300px) 100vw, 300px\" \/><\/a><\/p>\n<p><a href=\"http:\/\/blogsaverroes.juntadeandalucia.es\/coleiznatoraf\/files\/2015\/03\/banner_580x300_mecanica.jpg\"><img class=\"size-medium wp-image-2721 alignleft\"><\/a>&lt;a<br \/>\n<a href=\"https:\/\/blogsaverroes.juntadeandalucia.es\/coleiznatoraf\/files\/2021\/02\/cartel-escolarizaci\u00f3n-21-22.jpg\"><img loading=\"lazy\" decoding=\"async\" src=\"https:\/\/blogsaverroes.juntadeandalucia.es\/coleiznatoraf\/files\/2021\/02\/cartel-escolarizaci\u00f3n-21-22-300x203.jpg\" alt=\"\" width=\"300\" height=\"203\" class=\"alignnone size-medium wp-image-3854\" srcset=\"https:\/\/blogsaverroes.juntadeandalucia.es\/coleiznatoraf\/files\/2021\/02\/cartel-escolarizaci\u00f3n-21-22-300x203.jpg 300w, https:\/\/blogsaverroes.juntadeandalucia.es\/coleiznatoraf\/files\/2021\/02\/cartel-escolarizaci\u00f3n-21-22-332x224.jpg 332w, https:\/\/blogsaverroes.juntadeandalucia.es\/coleiznatoraf\/files\/2021\/02\/cartel-escolarizaci\u00f3n-21-22.jpg 512w\" sizes=\"(max-width: 300px) 100vw, 300px\" \/><\/a>href=\u00bbhttp:\/\/www.juntadeandalucia.es\/educacion\/webportal\/web\/portal-escolarizacion\/infantil-primaria-eso-bachillerato\u00bb target=\u00bb_blank\u00bb rel=\u00bbnoopener noreferrer\u00bb&gt;La Consejer\u00eda de Educaci\u00f3n, Cultura y Deporte convoca el procedimiento de admisi\u00f3n del alumnado<\/a>&nbsp;en los centros docentes p\u00fablicos y privados concertados para cursar las ense\u00f1anzas de segundo ciclo de educaci\u00f3n infantil, educaci\u00f3n primaria, educaci\u00f3n especial, educaci\u00f3n secundaria obligatoria y bachillerato para el curso escolar 2017\/18. Podr\u00e1 solicitar los impresos para presentar solicitud&nbsp;en la secretar\u00eda del centro en horario lectivo de ma\u00f1ana. La solicitud ser\u00e1 <strong>\u00fanica<\/strong> y se presentar\u00e1, del <strong>1<\/strong> al <strong>31<\/strong> de marzo, en el centro solicitado en primer lugar.<\/p>\n<p>&nbsp;<\/p>\n<h3>Procedimiento de admisi\u00f3n de los centros andaluces (sin certificado digital)<\/h3>\n<p><iframe loading=\"lazy\" src=\"\/\/www.youtube.com\/embed\/0jzsoje-GyQ\" width=\"560\" height=\"314\"><\/iframe><\/p>\n<h3>Calendario<\/h3>\n<p>Antes del 19 de abril, los centros docentes publicar\u00e1n la relaci\u00f3n de alumnos y alumnas solicitantes y, en su caso, la puntuaci\u00f3n total obtenida.<\/p>\n<p>El 20 de abril comienza el tr\u00e1mite de audiencia, vista de expedientes y formulaci\u00f3n de alegaciones. Plazo de 10 d\u00edas lectivos.<\/p>\n<p>El 16 de mayo se publican las resoluciones de admisi\u00f3n. Alumnado admitido en el centro.<\/p>\n<h3>Matriculaci\u00f3n&nbsp;<\/h3>\n<p>En el centro que se le asigne plaza se deber\u00e1 formalizar la matr\u00edcula.<\/p>\n<ul>\n<li>Entre los d\u00eda 1 a 8 de junio, en Educaci\u00f3n Infantil, Educaci\u00f3n Primaria<\/li>\n<li>Entre los d\u00edas 1 a 10 de julio en Educaci\u00f3n Secundaria, Bachillerato.<\/li>\n<\/ul>\n<h3 style=\"text-align: left\">Acceso Secretaria Virtual iANDe<\/h3>\n<p><iframe loading=\"lazy\" src=\"\/\/www.youtube.com\/embed\/p8bqMdBsLd4\" width=\"560\" height=\"314\"><\/iframe><\/p>\n<p><a title=\"Portal escolarizaci\u00f3n\" href=\"http:\/\/www.juntadeandalucia.es\/educacion\/webportal\/web\/portal-escolarizacion\/infantil-primaria-eso-bachillerato\" target=\"_blank\" rel=\"noopener noreferrer\">Enlace al portal de escolarizaci\u00f3n.<\/a><\/p>\n","protected":false},"excerpt":{"rendered":"<p>blogsaverroes.juntadeandalucia.es\/coleiznatoraf\/files\/2021\/02\/cartel-escolarizaci\u00f3n-21-22-300&#215;203.jpg\u00bb alt=\u00bb\u00bb width=\u00bb300&#8243; height=\u00bb203&#8243; class=\u00bbalignnone size-medium wp-image-3854&#8243; \/&gt; &lt;a href=\u00bbhttp:\/\/www.juntadeandalucia.es\/educacion\/webportal\/web\/portal-escolarizacion\/infantil-primaria-eso-bachillerato\u00bb target=\u00bb_blank\u00bb rel=\u00bbnoopener noreferrer\u00bb&gt;La Consejer\u00eda de Educaci\u00f3n, Cultura y Deporte convoca el procedimiento de admisi\u00f3n del alumnado&nbsp;en los centros docentes p\u00fablicos y privados concertados para&#46;&#46;&#46;<\/p>\n","protected":false},"author":1,"featured_media":0,"parent":0,"menu_order":0,"comment_status":"closed","ping_status":"open","template":"","meta":{"ngg_post_thumbnail":0,"footnotes":"","_mc_calendar":[]},"aioseo_notices":[],"_links":{"self":[{"href":"https:\/\/blogsaverroes.juntadeandalucia.es\/coleiznatoraf\/wp-json\/wp\/v2\/pages\/141"}],"collection":[{"href":"https:\/\/blogsaverroes.juntadeandalucia.es\/coleiznatoraf\/wp-json\/wp\/v2\/pages"}],"about":[{"href":"https:\/\/blogsaverroes.juntadeandalucia.es\/coleiznatoraf\/wp-json\/wp\/v2\/types\/page"}],"author":[{"embeddable":true,"href":"https:\/\/blogsaverroes.juntadeandalucia.es\/coleiznatoraf\/wp-json\/wp\/v2\/users\/1"}],"replies":[{"embeddable":true,"href":"https:\/\/blogsaverroes.juntadeandalucia.es\/coleiznatoraf\/wp-json\/wp\/v2\/comments?post=141"}],"version-history":[{"count":10,"href":"https:\/\/blogsaverroes.juntadeandalucia.es\/coleiznatoraf\/wp-json\/wp\/v2\/pages\/141\/revisions"}],"predecessor-version":[{"id":2719,"href":"https:\/\/blogsaverroes.juntadeandalucia.es\/coleiznatoraf\/wp-json\/wp\/v2\/pages\/141\/revisions\/2719"}],"wp:attachment":[{"href":"https:\/\/blogsaverroes.juntadeandalucia.es\/coleiznatoraf\/wp-json\/wp\/v2\/media?parent=141"}],"curies":[{"name":"wp","href":"https:\/\/api.w.org\/{rel}","templated":true}]}}