{"id":2018,"date":"2015-06-08T12:56:23","date_gmt":"2015-06-08T12:56:23","guid":{"rendered":"http:\/\/blogsaverroes.juntadeandalucia.es\/ceip\/?page_id=2018"},"modified":"2025-12-03T09:28:39","modified_gmt":"2025-12-03T09:28:39","slug":"calendario","status":"publish","type":"page","link":"https:\/\/blogsaverroes.juntadeandalucia.es\/coleiznatoraf\/calendario\/","title":{"rendered":"Calendario"},"content":{"rendered":"<p style=\"text-align: center\"><a href=\"https:\/\/blogsaverroes.juntadeandalucia.es\/coleiznatoraf\/files\/2025\/12\/CALENDARIO-ESCOLAR.png\"><img loading=\"lazy\" decoding=\"async\" class=\"alignnone wp-image-5610 size-medium\" src=\"https:\/\/blogsaverroes.juntadeandalucia.es\/coleiznatoraf\/files\/2025\/12\/CALENDARIO-ESCOLAR-205x300.png\" alt=\"\" width=\"205\" height=\"300\" srcset=\"https:\/\/blogsaverroes.juntadeandalucia.es\/coleiznatoraf\/files\/2025\/12\/CALENDARIO-ESCOLAR-205x300.png 205w, https:\/\/blogsaverroes.juntadeandalucia.es\/coleiznatoraf\/files\/2025\/12\/CALENDARIO-ESCOLAR.png 616w\" sizes=\"(max-width: 205px) 100vw, 205px\" \/><\/a><\/p>\n<p data-start=\"343\" data-end=\"721\">Ya est\u00e1 disponible el <strong data-start=\"365\" data-end=\"405\">calendario oficial del curso escolar<\/strong>, que incluye todas las fechas clave del a\u00f1o acad\u00e9mico: inicio y fin de curso, vacaciones, festivos nacionales y auton\u00f3micos, as\u00ed como los d\u00edas no lectivos establecidos por el centro.<br data-start=\"588\" data-end=\"591\">En esta entrada hemos a\u00f1adido tambi\u00e9n una <strong data-start=\"633\" data-end=\"658\">imagen del calendario<\/strong>, de modo que todas las familias puedan consultarlo f\u00e1cilmente.<\/p>\n<h3 data-start=\"723\" data-end=\"767\"><strong data-start=\"727\" data-end=\"767\">D\u00edas de libre disposici\u00f3n del centro<\/strong><\/h3>\n<p data-start=\"769\" data-end=\"899\">Adem\u00e1s del calendario general, nuestro centro ha seleccionado los siguientes <strong data-start=\"846\" data-end=\"875\">d\u00edas de libre disposici\u00f3n<\/strong> para el presente curso:<\/p>\n<p data-start=\"769\" data-end=\"899\">3 de Noviembre<\/p>\n<p data-start=\"769\" data-end=\"899\">22 de Diciembre<\/p>\n<p data-start=\"769\" data-end=\"899\">27 de Febrero<\/p>\n<p data-start=\"769\" data-end=\"899\">4 de Mayo<\/p>\n<p data-start=\"769\" data-end=\"899\">15 de Mayo<\/p>\n","protected":false},"excerpt":{"rendered":"<p>Ya est\u00e1 disponible el calendario oficial del curso escolar, que incluye todas las fechas clave del a\u00f1o acad\u00e9mico: inicio y fin de curso, vacaciones, festivos nacionales y auton\u00f3micos, as\u00ed como los d\u00edas no lectivos&#46;&#46;&#46;<\/p>\n","protected":false},"author":1,"featured_media":0,"parent":0,"menu_order":0,"comment_status":"closed","ping_status":"closed","template":"","meta":{"ngg_post_thumbnail":0,"footnotes":"","_mc_calendar":[]},"aioseo_notices":[],"_links":{"self":[{"href":"https:\/\/blogsaverroes.juntadeandalucia.es\/coleiznatoraf\/wp-json\/wp\/v2\/pages\/2018"}],"collection":[{"href":"https:\/\/blogsaverroes.juntadeandalucia.es\/coleiznatoraf\/wp-json\/wp\/v2\/pages"}],"about":[{"href":"https:\/\/blogsaverroes.juntadeandalucia.es\/coleiznatoraf\/wp-json\/wp\/v2\/types\/page"}],"author":[{"embeddable":true,"href":"https:\/\/blogsaverroes.juntadeandalucia.es\/coleiznatoraf\/wp-json\/wp\/v2\/users\/1"}],"replies":[{"embeddable":true,"href":"https:\/\/blogsaverroes.juntadeandalucia.es\/coleiznatoraf\/wp-json\/wp\/v2\/comments?post=2018"}],"version-history":[{"count":8,"href":"https:\/\/blogsaverroes.juntadeandalucia.es\/coleiznatoraf\/wp-json\/wp\/v2\/pages\/2018\/revisions"}],"predecessor-version":[{"id":5612,"href":"https:\/\/blogsaverroes.juntadeandalucia.es\/coleiznatoraf\/wp-json\/wp\/v2\/pages\/2018\/revisions\/5612"}],"wp:attachment":[{"href":"https:\/\/blogsaverroes.juntadeandalucia.es\/coleiznatoraf\/wp-json\/wp\/v2\/media?parent=2018"}],"curies":[{"name":"wp","href":"https:\/\/api.w.org\/{rel}","templated":true}]}}