{"id":35,"date":"2015-03-13T08:21:43","date_gmt":"2015-03-13T08:21:43","guid":{"rendered":"http:\/\/blogsaverroes.juntadeandalucia.es\/pre\/ceip\/?page_id=35"},"modified":"2024-01-16T11:26:35","modified_gmt":"2024-01-16T11:26:35","slug":"el-centro-2","status":"publish","type":"page","link":"https:\/\/blogsaverroes.juntadeandalucia.es\/coleiznatoraf\/el-centro-2\/","title":{"rendered":"Datos del centro"},"content":{"rendered":"<p><span class=\"texto\">El CEIP \u00abStmo. Cristo de la Vera Cruz\u00bb es un centro de titularidad p\u00fablica dependiente de la Junta de Andaluc\u00eda. En \u00e9l se imparten clase a 61 alumnos de Educaci\u00f3n Infantil, Primaria y Primer Ciclo de ESO. En la actualidad consta de una plantilla de 12 profesores. Se encuentra en la hist\u00f3rica localidad de <\/span><a class=\"undefined\" href=\"http:\/\/www.iznatoraf.info\/\">Iznatoraf<\/a><span class=\"texto texto\">, al nordeste de la provincia de Ja\u00e9n, muy cerca de las ciudades de \u00dabeda y Baeza. Rodeado de un mar de olivos y situado a m\u00e1s de mil metros de altitud nuestro pueblo se configura como un balc\u00f3n desde el que se divisa con todo su esplendor el Parque Natural de Cazorla, Segura y Las Villas. <\/span><\/p>\n<p><iframe loading=\"lazy\" src=\"https:\/\/www.google.com\/maps\/embed?pb=!1m18!1m12!1m3!1d3137.3738602671388!2d-3.0338740498049317!3d38.15474997959231!2m3!1f0!2f0!3f0!3m2!1i1024!2i768!4f13.1!3m3!1m2!1s0xd6f1c63c3d045d9%3A0xb0bc110f827c398b!2sCalle+Maestra+Francisca+Ruiz+Roa%2C+1%2C+Iznatoraf%2C+Ja%C3%A9n!5e0!3m2!1ses!2ses!4v1487076691907\" width=\"600\" height=\"400\" frameborder=\"0\"><\/iframe><\/p>\n<p class=\"texto texto\">Iznatoraf se encuentra ubicado en el borde septentrional de la Loma de \u00dabeda, ocupando una zona abrupta y elevada (1.039 m) desde donde se divisa con extraordinaria grandiosidad buena parte de los valles del Guadalquivir y Guadalimar, las estructuras monta\u00f1osas de la Sierra de Cazorla, Segura y el Condado. Esta privilegiada situaci\u00f3n geogr\u00e1fica configur\u00f3 en gran medida su trayectoria hist\u00f3rica y su enorme importancia como punto vig\u00eda y plaza fuerte de primera magnitud.<\/p>\n<p class=\"texto texto\">Situada en la comarca de Las Villas, accedemos a Iznatoraf por la N-322 direcci\u00f3n Albacete, entre Villacarrillo y Villanueva del Arzobispo, ascendiendo 3\u20196 Km. Dista de la capital 96 Km.<\/p>\n<p class=\"texto texto\">Poblada desde la prehistoria como lo demuestra abundante cer\u00e1mica encontrada de la Edad de Bronce (1800-1200 a. C.), interesantes piezas de cer\u00e1mica de la denominada cultura del Vaso Campaniforme y del Argal, fragmentos de sencilla cer\u00e1mica ib\u00e9rica a torno: ponderas o pesas de telar (siglo VI a. C.).<\/p>\n<p class=\"texto texto\">Algunas fuentes denominan a Iznatoraf durante el primer milenio antes de nuestra era como Antorgis o Anatorgis.<\/p>\n<h4><strong>Datos de contacto<\/strong><\/h4>\n<p>CEIP \u00abSant\u00edsimo Cristo de la Vera Cruz\u00bb<\/p>\n<p><strong>Direcci\u00f3n:<\/strong> &nbsp;Calle Maestra Francisca Ruiz Roa, 1. 23338 Iznatoraf (Ja\u00e9n)<\/p>\n<p><strong>Tel\u00e9fono \/ FAX: 953 42 96 01 \/649 65 13 22\/ 953 42 96 02<\/strong><br \/>\n<strong>Email:<\/strong> 23001809.edu@juntadeandalucia.es<\/p>\n<h4><strong>Jornada Escolar<\/strong><\/h4>\n<p>El tipo de Jornada Escolar establecida en el centro es el de la modalidad A (seg\u00fan la denominaci\u00f3n de la MEMORIA INFORMATIVA), exclusivamente de ma\u00f1ana.&nbsp;Los alumnos de Educaci\u00f3n Infantil y Primaria, de acuerdo con el tipo de jornada aprobada en Consejo Escolar es el siguiente:<\/p>\n<ul>\n<li>Lunes a viernes: de 9:00 a 14:00<\/li>\n<\/ul>\n<p>Para la Educaci\u00f3n Secundaria el horario semanal se distribuye de la siguiente forma:<\/p>\n<ul>\n<li>Lunes a viernes: de 8:30 a 15.00<\/li>\n<\/ul>\n<p>En horario de tarde se realizan las siguientes actividades:<\/p>\n<ul>\n<li>Escuelas Deportivas :lunes, mi\u00e9rcoles&nbsp; y viernes de 16:00-18:00<\/li>\n<li>PROA (Programa de Acompa\u00f1amiento Escolar) martes y jueves de 16:00-18:00<\/li>\n<\/ul>\n<h4><strong>Oferta educativa<\/strong><\/h4>\n<p>En nuestro centro se imparten ense\u00f1anzas de todos los cursos de educaci\u00f3n infantil (segundo ciclo), educaci\u00f3n primaria y primer ciclo de ESO.<\/p>\n<table>\n<tbody>\n<tr>\n<td colspan=\"2\"><span style=\"font-weight: 400\">PERSONAL DOCENTE&nbsp;<\/span><\/td>\n<\/tr>\n<tr>\n<td><span style=\"font-weight: 400\">MAESTR@S INFANTIL&nbsp;<\/span><\/td>\n<td><span style=\"font-weight: 400\">2 (Comisi\u00f3n Servicio)<\/span><\/td>\n<\/tr>\n<tr>\n<td><span style=\"font-weight: 400\">MAESTR@S PRIMARIA&nbsp;<\/span><\/td>\n<td><span style=\"font-weight: 400\">3&nbsp; (Comisi\u00f3n Servicio)<\/span><\/td>\n<\/tr>\n<tr>\n<td><span style=\"font-weight: 400\">ESPECIALISTA: ED.F\u00cdSICA&nbsp;<\/span><\/td>\n<td><span style=\"font-weight: 400\">1 (Interino)<\/span><\/td>\n<\/tr>\n<tr>\n<td><span style=\"font-weight: 400\">ESPECIALISTA: ED.ESPECIAL Y APOYO A LA INTEGRACI\u00d3N&nbsp;<\/span><\/td>\n<td><span style=\"font-weight: 400\">1 (Comisi\u00f3n Servicio)&nbsp;<\/span><\/td>\n<\/tr>\n<tr>\n<td><span style=\"font-weight: 400\">ESPECIALISTA: RELIGI\u00d3N&nbsp;<\/span><\/td>\n<td><span style=\"font-weight: 400\">1 EP+ 1 ESO (Jornada Irregular)<\/span><\/td>\n<\/tr>\n<tr>\n<td><span style=\"font-weight: 400\">ESPECIALISTAS: L-E:INGL\u00c9S&nbsp;<\/span><\/td>\n<td><span style=\"font-weight: 400\">1 (Titular)+ 1 (Interino)<\/span><\/td>\n<\/tr>\n<tr>\n<td><span style=\"font-weight: 400\">ESPECIALISTA: L.E: FRANC\u00c9S&nbsp;<\/span><\/td>\n<td><span style=\"font-weight: 400\">1 ( Interino)<\/span><\/td>\n<\/tr>\n<tr>\n<td><span style=\"font-weight: 400\">ESPECIALISTA: M\u00daSICA&nbsp;<\/span><\/td>\n<td><span style=\"font-weight: 400\">1 (Titular)<\/span><\/td>\n<\/tr>\n<tr>\n<td><span style=\"font-weight: 400\">ESPECIALISTA: MATEM\u00c1TICAS&nbsp;<\/span><\/td>\n<td><span style=\"font-weight: 400\">1 (Comisi\u00f3n Servicio)<\/span><\/td>\n<\/tr>\n<tr>\n<td colspan=\"2\"><span style=\"font-weight: 400\">PERSONAL NO DOCENTE&nbsp;<\/span><\/td>\n<\/tr>\n<tr>\n<td><span style=\"font-weight: 400\">LIMPIADORAS&nbsp;<\/span><\/td>\n<td><span style=\"font-weight: 400\">3<\/span><\/td>\n<\/tr>\n<tr>\n<td><span style=\"font-weight: 400\">ADMINISTRATIVO&nbsp;<\/span><\/td>\n<td><span style=\"font-weight: 400\">1 (Jornada Irregular)<\/span><\/td>\n<\/tr>\n<\/tbody>\n<\/table>\n<p>El siguiente esquema refleja la distribuci\u00f3n de los alumn@s en el presente curso escolar 2023-24:<\/p>\n<table>\n<tbody>\n<tr>\n<td rowspan=\"2\"><span style=\"font-weight: 400\">&nbsp;<\/span><\/td>\n<td colspan=\"2\"><span style=\"font-weight: 400\">E. INFANTIL&nbsp;<\/span><\/td>\n<td colspan=\"4\"><span style=\"font-weight: 400\">EDUCACI\u00d3N PRIMARIA&nbsp;<\/span><\/td>\n<td><span style=\"font-weight: 400\">E. SECUNDAR.&nbsp;<\/span><\/td>\n<td rowspan=\"2\"><span style=\"font-weight: 400\">&nbsp;<\/span><\/p>\n<p><span style=\"font-weight: 400\">PT<\/span><\/td>\n<td rowspan=\"2\"><span style=\"font-weight: 400\">TOTAL<\/span><\/td>\n<\/tr>\n<tr>\n<td><span style=\"font-weight: 400\">3<\/span><\/p>\n<p><span style=\"font-weight: 400\">A\u00d1OS&nbsp;<\/span><\/td>\n<td><span style=\"font-weight: 400\">4-5&nbsp;&nbsp;<\/span><\/p>\n<p><span style=\"font-weight: 400\">A\u00d1OS&nbsp;<\/span><\/td>\n<td><span style=\"font-weight: 400\">PRIMERO&nbsp;<\/span><\/p>\n<p><span style=\"font-weight: 400\">CICLO&nbsp;<\/span><\/td>\n<td><span style=\"font-weight: 400\">SEGUNDO&nbsp;&nbsp;<\/span><\/p>\n<p><span style=\"font-weight: 400\">CICLO&nbsp;<\/span><\/td>\n<td><span style=\"font-weight: 400\">5\u00ba EP<\/span><\/td>\n<td><span style=\"font-weight: 400\">6\u00ba EP<\/span><\/td>\n<td><span style=\"font-weight: 400\">PRIMER CICLO&nbsp;<\/span><\/td>\n<\/tr>\n<tr>\n<td><span style=\"font-weight: 400\">N\u00daMERO&nbsp;&nbsp;<\/span><\/p>\n<p><span style=\"font-weight: 400\">UNIDADES&nbsp;<\/span><\/td>\n<td><span style=\"font-weight: 400\">1&nbsp;<\/span><\/td>\n<td><span style=\"font-weight: 400\">1&nbsp;<\/span><\/td>\n<td><span style=\"font-weight: 400\">1&nbsp;<\/span><\/td>\n<td><span style=\"font-weight: 400\">1&nbsp;<\/span><\/td>\n<td><span style=\"font-weight: 400\">1&nbsp;<\/span><\/td>\n<td><span style=\"font-weight: 400\">1&nbsp;<\/span><\/td>\n<td><span style=\"font-weight: 400\">1&nbsp;<\/span><\/td>\n<td><span style=\"font-weight: 400\">1&nbsp;<\/span><\/td>\n<td><span style=\"font-weight: 400\">8<\/span><\/td>\n<\/tr>\n<tr>\n<td><span style=\"font-weight: 400\">N\u00daMERO&nbsp;&nbsp;<\/span><\/p>\n<p><span style=\"font-weight: 400\">ALUMNOS&nbsp;<\/span><\/td>\n<td><span style=\"font-weight: 400\">5<\/span><\/td>\n<td><span style=\"font-weight: 400\">12<\/span><\/td>\n<td><span style=\"font-weight: 400\">7<\/span><\/td>\n<td><span style=\"font-weight: 400\">12<\/span><\/td>\n<td><span style=\"font-weight: 400\">7<\/span><\/td>\n<td><span style=\"font-weight: 400\">9<\/span><\/td>\n<td><span style=\"font-weight: 400\">10<\/span><\/td>\n<td><span style=\"font-weight: 400\">4<\/span><\/td>\n<td><span style=\"font-weight: 400\">65<\/span><\/td>\n<\/tr>\n<tr>\n<td><span style=\"font-weight: 400\">N\u00daMERO&nbsp;&nbsp;<\/span><\/p>\n<p><span style=\"font-weight: 400\">PROFESORES&nbsp;<\/span><\/td>\n<td colspan=\"2\"><span style=\"font-weight: 400\">2&nbsp;<\/span><\/td>\n<td colspan=\"4\"><span style=\"font-weight: 400\">5&nbsp;<\/span><\/td>\n<td><span style=\"font-weight: 400\">5<\/span><\/td>\n<td><span style=\"font-weight: 400\">1&nbsp;<\/span><\/td>\n<td><span style=\"font-weight: 400\">12<\/span><\/td>\n<\/tr>\n<\/tbody>\n<\/table>\n<h4>&nbsp;<\/h4>\n<h4><strong>Instalaciones<\/strong><\/h4>\n<h4>&nbsp;<\/h4>\nngg_shortcode_0_placeholder\n","protected":false},"excerpt":{"rendered":"<p>El CEIP \u00abStmo. Cristo de la Vera Cruz\u00bb es un centro de titularidad p\u00fablica dependiente de la Junta de Andaluc\u00eda. En \u00e9l se imparten clase a 61 alumnos de Educaci\u00f3n Infantil, Primaria y Primer&#46;&#46;&#46;<\/p>\n","protected":false},"author":1,"featured_media":0,"parent":0,"menu_order":0,"comment_status":"closed","ping_status":"open","template":"","meta":{"ngg_post_thumbnail":0,"footnotes":"","_mc_calendar":[]},"aioseo_notices":[],"_links":{"self":[{"href":"https:\/\/blogsaverroes.juntadeandalucia.es\/coleiznatoraf\/wp-json\/wp\/v2\/pages\/35"}],"collection":[{"href":"https:\/\/blogsaverroes.juntadeandalucia.es\/coleiznatoraf\/wp-json\/wp\/v2\/pages"}],"about":[{"href":"https:\/\/blogsaverroes.juntadeandalucia.es\/coleiznatoraf\/wp-json\/wp\/v2\/types\/page"}],"author":[{"embeddable":true,"href":"https:\/\/blogsaverroes.juntadeandalucia.es\/coleiznatoraf\/wp-json\/wp\/v2\/users\/1"}],"replies":[{"embeddable":true,"href":"https:\/\/blogsaverroes.juntadeandalucia.es\/coleiznatoraf\/wp-json\/wp\/v2\/comments?post=35"}],"version-history":[{"count":31,"href":"https:\/\/blogsaverroes.juntadeandalucia.es\/coleiznatoraf\/wp-json\/wp\/v2\/pages\/35\/revisions"}],"predecessor-version":[{"id":5374,"href":"https:\/\/blogsaverroes.juntadeandalucia.es\/coleiznatoraf\/wp-json\/wp\/v2\/pages\/35\/revisions\/5374"}],"wp:attachment":[{"href":"https:\/\/blogsaverroes.juntadeandalucia.es\/coleiznatoraf\/wp-json\/wp\/v2\/media?parent=35"}],"curies":[{"name":"wp","href":"https:\/\/api.w.org\/{rel}","templated":true}]}}