{"id":3572,"date":"2020-08-20T10:07:22","date_gmt":"2020-08-20T10:07:22","guid":{"rendered":"http:\/\/blogsaverroes.juntadeandalucia.es\/coleiznatoraf\/?page_id=3572"},"modified":"2020-08-20T10:16:13","modified_gmt":"2020-08-20T10:16:13","slug":"plan-de-igualdad","status":"publish","type":"page","link":"https:\/\/blogsaverroes.juntadeandalucia.es\/coleiznatoraf\/plan-de-igualdad\/","title":{"rendered":"Plan de Igualdad"},"content":{"rendered":"<p><a href=\"http:\/\/blogsaverroes.juntadeandalucia.es\/coleiznatoraf\/files\/2015\/03\/52266124-bfda-47b1-b0ab-af09aed22d48.png\"><img loading=\"lazy\" decoding=\"async\" class=\"size-medium wp-image-2361 alignleft\" src=\"http:\/\/blogsaverroes.juntadeandalucia.es\/coleiznatoraf\/files\/2015\/03\/52266124-bfda-47b1-b0ab-af09aed22d48-300x141.png\" alt=\"\" width=\"300\" height=\"141\" srcset=\"https:\/\/blogsaverroes.juntadeandalucia.es\/coleiznatoraf\/files\/2015\/03\/52266124-bfda-47b1-b0ab-af09aed22d48-300x141.png 300w, https:\/\/blogsaverroes.juntadeandalucia.es\/coleiznatoraf\/files\/2015\/03\/52266124-bfda-47b1-b0ab-af09aed22d48-24x11.png 24w, https:\/\/blogsaverroes.juntadeandalucia.es\/coleiznatoraf\/files\/2015\/03\/52266124-bfda-47b1-b0ab-af09aed22d48-36x17.png 36w, https:\/\/blogsaverroes.juntadeandalucia.es\/coleiznatoraf\/files\/2015\/03\/52266124-bfda-47b1-b0ab-af09aed22d48-48x23.png 48w, https:\/\/blogsaverroes.juntadeandalucia.es\/coleiznatoraf\/files\/2015\/03\/52266124-bfda-47b1-b0ab-af09aed22d48.png 330w\" sizes=\"(max-width: 300px) 100vw, 300px\" \/><\/a>El dise\u00f1o de las pol\u00edticas a favor de las mujeres ha encontrado su desarrollo en los Planes de Igualdad que vienen a dar respuesta a la necesidad de conquistar derechos igualitarios para las mujeres, eliminando los obst\u00e1culos que se interponen a la igualdad real y al acceso al \u00e1mbito de lo p\u00fablico.<\/p>\n<p>El II Plan Estrat\u00e9gico de Igualdad de G\u00e9nero en Educaci\u00f3n propone actuaciones en este mismo sentido a favor de los derechos de las mujeres y adem\u00e1s, incorpora actuaciones que incidan en la cultura real que sustenta la desigualdad, con actuaciones a favor de los hombres y de las mujeres en aquellas desigualdades espec\u00edficas que produce la tradicional socializaci\u00f3n diferenciada.<\/p>\n<p><object data=\"https:\/\/blogsaverroes.juntadeandalucia.es\/coleiznatoraf\/files\/2020\/08\/13-Plan-de-Igualdad-Proyecto-Educativo.pdf?#zoom=85&amp;scrollbar=0&amp;toolbar=0&amp;navpanes=0\" type=\"application\/pdf\" width=\"300\" height=\"450\"><span data-mce-type=\"bookmark\" style=\"width: 0px;overflow: hidden;line-height: 0\" class=\"mce_SELRES_start\">\ufeff<\/span><embed src=\"https:\/\/blogsaverroes.juntadeandalucia.es\/coleiznatoraf\/files\/2020\/08\/13-Plan-de-Igualdad-Proyecto-Educativo.pdf?#zoom=85&amp;scrollbar=0&amp;toolbar=0&amp;navpanes=0\" type=\"application\/pdf\"><\/object><\/p>\n","protected":false},"excerpt":{"rendered":"<p>El dise\u00f1o de las pol\u00edticas a favor de las mujeres ha encontrado su desarrollo en los Planes de Igualdad que vienen a dar respuesta a la necesidad de conquistar derechos igualitarios para las mujeres,&#46;&#46;&#46;<\/p>\n","protected":false},"author":4721,"featured_media":0,"parent":0,"menu_order":0,"comment_status":"closed","ping_status":"closed","template":"template-full-width.php","meta":{"ngg_post_thumbnail":0,"footnotes":"","_mc_calendar":[]},"aioseo_notices":[],"_links":{"self":[{"href":"https:\/\/blogsaverroes.juntadeandalucia.es\/coleiznatoraf\/wp-json\/wp\/v2\/pages\/3572"}],"collection":[{"href":"https:\/\/blogsaverroes.juntadeandalucia.es\/coleiznatoraf\/wp-json\/wp\/v2\/pages"}],"about":[{"href":"https:\/\/blogsaverroes.juntadeandalucia.es\/coleiznatoraf\/wp-json\/wp\/v2\/types\/page"}],"author":[{"embeddable":true,"href":"https:\/\/blogsaverroes.juntadeandalucia.es\/coleiznatoraf\/wp-json\/wp\/v2\/users\/4721"}],"replies":[{"embeddable":true,"href":"https:\/\/blogsaverroes.juntadeandalucia.es\/coleiznatoraf\/wp-json\/wp\/v2\/comments?post=3572"}],"version-history":[{"count":4,"href":"https:\/\/blogsaverroes.juntadeandalucia.es\/coleiznatoraf\/wp-json\/wp\/v2\/pages\/3572\/revisions"}],"predecessor-version":[{"id":3576,"href":"https:\/\/blogsaverroes.juntadeandalucia.es\/coleiznatoraf\/wp-json\/wp\/v2\/pages\/3572\/revisions\/3576"}],"wp:attachment":[{"href":"https:\/\/blogsaverroes.juntadeandalucia.es\/coleiznatoraf\/wp-json\/wp\/v2\/media?parent=3572"}],"curies":[{"name":"wp","href":"https:\/\/api.w.org\/{rel}","templated":true}]}}