{"id":3579,"date":"2020-08-20T17:09:40","date_gmt":"2020-08-20T17:09:40","guid":{"rendered":"http:\/\/blogsaverroes.juntadeandalucia.es\/coleiznatoraf\/?page_id=3579"},"modified":"2020-08-20T17:09:40","modified_gmt":"2020-08-20T17:09:40","slug":"programa-de-acompanamiento-escolar","status":"publish","type":"page","link":"https:\/\/blogsaverroes.juntadeandalucia.es\/coleiznatoraf\/programa-de-acompanamiento-escolar\/","title":{"rendered":"Programa de Acompa\u00f1amiento Escolar"},"content":{"rendered":"<p><a href=\"http:\/\/blogsaverroes.juntadeandalucia.es\/coleiznatoraf\/files\/2015\/03\/Acompa\u00f1amiento-Escolar-CPM.jpg\"><img loading=\"lazy\" decoding=\"async\" class=\"size-medium wp-image-2360 alignleft\" src=\"http:\/\/blogsaverroes.juntadeandalucia.es\/coleiznatoraf\/files\/2015\/03\/Acompa\u00f1amiento-Escolar-CPM-300x96.jpg\" alt=\"\" width=\"300\" height=\"96\" srcset=\"https:\/\/blogsaverroes.juntadeandalucia.es\/coleiznatoraf\/files\/2015\/03\/Acompa\u00f1amiento-Escolar-CPM-300x96.jpg 300w, https:\/\/blogsaverroes.juntadeandalucia.es\/coleiznatoraf\/files\/2015\/03\/Acompa\u00f1amiento-Escolar-CPM-768x247.jpg 768w, https:\/\/blogsaverroes.juntadeandalucia.es\/coleiznatoraf\/files\/2015\/03\/Acompa\u00f1amiento-Escolar-CPM-700x225.jpg 700w, https:\/\/blogsaverroes.juntadeandalucia.es\/coleiznatoraf\/files\/2015\/03\/Acompa\u00f1amiento-Escolar-CPM-24x8.jpg 24w, https:\/\/blogsaverroes.juntadeandalucia.es\/coleiznatoraf\/files\/2015\/03\/Acompa\u00f1amiento-Escolar-CPM-36x12.jpg 36w, https:\/\/blogsaverroes.juntadeandalucia.es\/coleiznatoraf\/files\/2015\/03\/Acompa\u00f1amiento-Escolar-CPM-48x15.jpg 48w, https:\/\/blogsaverroes.juntadeandalucia.es\/coleiznatoraf\/files\/2015\/03\/Acompa\u00f1amiento-Escolar-CPM.jpg 915w\" sizes=\"(max-width: 300px) 100vw, 300px\" \/><\/a>El Programa de Acompa\u00f1amiento Escolar es un recurso destinado a compensar necesidades asociadas a la consecuci\u00f3n de las competencias b\u00e1sicas relacionadas con la comunicaci\u00f3n ling\u00fc\u00edstica y el razonamiento matem\u00e1tico.<\/p>\n<p>Los objetivos est\u00e1n orientados a:<\/p>\n<div class=\"grid_12 alpha omega\">\n<ul>\n<li>Favorecer la inclusi\u00f3n educativa y social del alumnado<\/li>\n<li>Contribuir a la consecuci\u00f3n de los objetivos establecidos en el curr\u00edculum<\/li>\n<li>Optimizar la transformaci\u00f3n social y cultura del un centro escolar y de la comunidad educativa<\/li>\n<li>Establecer cauces de coordinaci\u00f3n, cooperaci\u00f3n y colaboraci\u00f3n entre todos los agentes implicados<\/li>\n<li>Contribuir a la mejora de la convivencia valorando la multiculturalidad y las diferencias individuales como fuente de aprendizaje<\/li>\n<\/ul>\n<\/div>\n<p><object data=\"https:\/\/blogsaverroes.juntadeandalucia.es\/coleiznatoraf\/files\/2020\/08\/15-Programa-de-acompan\u0303amiento-escolar-Proyecto-Educativo.pdf?#zoom=85&amp;scrollbar=0&amp;toolbar=0&amp;navpanes=0\" type=\"application\/pdf\" width=\"300\" height=\"450\"><span data-mce-type=\"bookmark\" style=\"width: 0px;overflow: hidden;line-height: 0\" class=\"mce_SELRES_start\">\ufeff<\/span><embed src=\"https:\/\/blogsaverroes.juntadeandalucia.es\/coleiznatoraf\/files\/2020\/08\/15-Programa-de-acompan\u0303amiento-escolar-Proyecto-Educativo.pdf?#zoom=85&amp;scrollbar=0&amp;toolbar=0&amp;navpanes=0\" type=\"application\/pdf\"><\/object><\/p>\n","protected":false},"excerpt":{"rendered":"<p>El Programa de Acompa\u00f1amiento Escolar es un recurso destinado a compensar necesidades asociadas a la consecuci\u00f3n de las competencias b\u00e1sicas relacionadas con la comunicaci\u00f3n ling\u00fc\u00edstica y el razonamiento matem\u00e1tico. Los objetivos est\u00e1n orientados a:&#46;&#46;&#46;<\/p>\n","protected":false},"author":4721,"featured_media":0,"parent":0,"menu_order":0,"comment_status":"closed","ping_status":"closed","template":"template-full-width.php","meta":{"ngg_post_thumbnail":0,"footnotes":"","_mc_calendar":[]},"aioseo_notices":[],"_links":{"self":[{"href":"https:\/\/blogsaverroes.juntadeandalucia.es\/coleiznatoraf\/wp-json\/wp\/v2\/pages\/3579"}],"collection":[{"href":"https:\/\/blogsaverroes.juntadeandalucia.es\/coleiznatoraf\/wp-json\/wp\/v2\/pages"}],"about":[{"href":"https:\/\/blogsaverroes.juntadeandalucia.es\/coleiznatoraf\/wp-json\/wp\/v2\/types\/page"}],"author":[{"embeddable":true,"href":"https:\/\/blogsaverroes.juntadeandalucia.es\/coleiznatoraf\/wp-json\/wp\/v2\/users\/4721"}],"replies":[{"embeddable":true,"href":"https:\/\/blogsaverroes.juntadeandalucia.es\/coleiznatoraf\/wp-json\/wp\/v2\/comments?post=3579"}],"version-history":[{"count":1,"href":"https:\/\/blogsaverroes.juntadeandalucia.es\/coleiznatoraf\/wp-json\/wp\/v2\/pages\/3579\/revisions"}],"predecessor-version":[{"id":3580,"href":"https:\/\/blogsaverroes.juntadeandalucia.es\/coleiznatoraf\/wp-json\/wp\/v2\/pages\/3579\/revisions\/3580"}],"wp:attachment":[{"href":"https:\/\/blogsaverroes.juntadeandalucia.es\/coleiznatoraf\/wp-json\/wp\/v2\/media?parent=3579"}],"curies":[{"name":"wp","href":"https:\/\/api.w.org\/{rel}","templated":true}]}}