{"id":42,"date":"2015-03-13T08:40:47","date_gmt":"2015-03-13T08:40:47","guid":{"rendered":"http:\/\/blogsaverroes.juntadeandalucia.es\/pre\/ceip\/?page_id=42"},"modified":"2025-12-04T08:14:49","modified_gmt":"2025-12-04T08:14:49","slug":"equipo-directivo","status":"publish","type":"page","link":"https:\/\/blogsaverroes.juntadeandalucia.es\/coleiznatoraf\/equipo-directivo\/","title":{"rendered":"Equipo directivo"},"content":{"rendered":"<table>\n<tbody>\n<tr>\n<td colspan=\"2\"><span style=\"font-weight: 400\">EQUIPO DIRECTIVO&nbsp;<\/span><\/td>\n<\/tr>\n<tr>\n<td><span style=\"font-weight: 400\">Direcci\u00f3n&nbsp;<\/span><\/td>\n<td><span style=\"font-weight: 400\">Amparo Ju\u00e1rez Soria<\/span><\/td>\n<\/tr>\n<tr>\n<td><span style=\"font-weight: 400\">Jefatura Estudios&nbsp;<\/span><\/td>\n<td><span style=\"font-weight: 400\">Amparo Ju\u00e1rez Soria<\/span><\/td>\n<\/tr>\n<tr>\n<td><span style=\"font-weight: 400\">Secretar\u00eda&nbsp;<\/span><\/td>\n<td><span style=\"font-weight: 400\">M\u00aa Josefa Ortega Ruiz<\/span><\/td>\n<\/tr>\n<\/tbody>\n<\/table>\n<p style=\"text-align: center\">PROFESORADO<\/p>\n<table style=\"border-collapse: collapse;width: 100.578%;height: 391px\">\n<tbody>\n<tr style=\"height: 24px\">\n<td style=\"width: 50%;height: 24px\">&nbsp;<\/td>\n<td style=\"width: 50%;height: 24px\">&nbsp;<\/td>\n<\/tr>\n<tr style=\"height: 24px\">\n<td style=\"width: 50%;height: 24px\">Tutora infantil 3-4 y 5 a\u00f1os<\/td>\n<td style=\"width: 50%;height: 24px\">Rosa Crespo Acosta<\/td>\n<\/tr>\n<tr style=\"height: 24px\">\n<td style=\"width: 50%;height: 24px\">Tutora primer ciclo de EP<\/td>\n<td style=\"width: 50%;height: 24px\"><span style=\"font-weight: 400\">Mar\u00eda Isabel Poza Moreno<\/span><\/td>\n<\/tr>\n<tr style=\"height: 24px\">\n<td style=\"width: 50%;height: 24px\">Tutor segundo ciclo de EP<\/td>\n<td style=\"width: 50%;height: 24px\">Ana M.\u00aa de la Torre Agudo&nbsp;<\/td>\n<\/tr>\n<tr style=\"height: 24px\">\n<td style=\"width: 50%;height: 24px\">Tutora tercer ciclo de EP<\/td>\n<td style=\"width: 50%;height: 24px\"><span style=\"font-family: 'Open Sans', sans-serif;font-size: 15px;font-style: normal;font-weight: 400\">Pilar Maza de la Pe\u00f1a<\/span><\/td>\n<\/tr>\n<tr>\n<td style=\"width: 50%\">Tutora de 1\u00ba de ESO y especialista de franc\u00e9s<\/td>\n<td style=\"width: 50%\"><span style=\"font-weight: 400\">Alejandra Cruz Rus<\/span><\/td>\n<\/tr>\n<tr>\n<td style=\"width: 50%\">Tutora de 2\u00ba de ESO<\/td>\n<td style=\"width: 50%\"><span style=\"font-family: 'Open Sans', sans-serif;font-size: 15px;font-style: normal;font-weight: 400\">Ana Isabel <span style=\"font-weight: 400\">Jim\u00e9nez Rold\u00e1n<\/span><\/span><\/td>\n<\/tr>\n<tr style=\"height: 24px\">\n<td style=\"width: 50%;height: 24px\">Desdoble primer ciclo (lengua y matem\u00e1ticas)<\/td>\n<td style=\"width: 50%;height: 24px\">Juana Chica Martos<\/td>\n<\/tr>\n<tr style=\"height: 24px\">\n<td style=\"width: 50%;height: 24px\">Maestra especialista de EF<\/td>\n<td style=\"width: 50%;height: 24px\"><span style=\"font-weight: 400\">\u00c1ngela Azahara Carrillo Ca\u00f1as<\/span><\/td>\n<\/tr>\n<tr style=\"height: 24px\">\n<td style=\"width: 50%;height: 24px\">Maestro especialista de PT<\/td>\n<td style=\"width: 50%;height: 24px\">Juan Carlos L\u00f3pez Rosa<\/td>\n<\/tr>\n<tr style=\"height: 24px\">\n<td style=\"width: 50%;height: 24px\">Maestra especialista de M\u00fasica<\/td>\n<td style=\"width: 50%;height: 24px\"><span style=\"font-weight: 400\">M\u00aa Josefa Ortega Ruiz<\/span><\/td>\n<\/tr>\n<tr style=\"height: 24px\">\n<td style=\"width: 50%;height: 24px\">Maestra especialista de Ingl\u00e9s ESO<\/td>\n<td style=\"width: 50%;height: 24px\">Amparo Ju\u00e1rez Soria<\/td>\n<\/tr>\n<tr>\n<td style=\"width: 50%\">Maestro especialista de Ingl\u00e9s EP y desdoble tercer ciclo (lengua)<\/td>\n<td style=\"width: 50%\"><span style=\"font-weight: 400\">Mar\u00eda M\u00e1rquez Molina<\/span><\/td>\n<\/tr>\n<tr style=\"height: 24px\">\n<td style=\"width: 50%;height: 24px\">Maestra especialista de Religi\u00f3n (EP)<\/td>\n<td style=\"width: 50%;height: 24px\">Mar\u00eda Dolores Cabrera G\u00f3mez<\/td>\n<\/tr>\n<tr style=\"height: 24px\">\n<td style=\"width: 50%;height: 24px\">Maestra especialista de Religi\u00f3n (ESO)<\/td>\n<td style=\"width: 50%;height: 24px\"><span style=\"font-family: 'Open Sans', sans-serif;font-size: 15px;font-style: normal;font-weight: 400\">Gloria Felgueras Ma\u00f1as<\/span><\/td>\n<\/tr>\n<\/tbody>\n<\/table>\n<p>&nbsp;<\/p>\n","protected":false},"excerpt":{"rendered":"<p>EQUIPO DIRECTIVO&nbsp; Direcci\u00f3n&nbsp; Amparo Ju\u00e1rez Soria Jefatura Estudios&nbsp; Amparo Ju\u00e1rez Soria Secretar\u00eda&nbsp; M\u00aa Josefa Ortega Ruiz PROFESORADO &nbsp; &nbsp; Tutora infantil 3-4 y 5 a\u00f1os Rosa Crespo Acosta Tutora primer ciclo de EP Mar\u00eda&#46;&#46;&#46;<\/p>\n","protected":false},"author":1,"featured_media":0,"parent":0,"menu_order":0,"comment_status":"closed","ping_status":"open","template":"","meta":{"ngg_post_thumbnail":0,"footnotes":"","_mc_calendar":[]},"aioseo_notices":[],"_links":{"self":[{"href":"https:\/\/blogsaverroes.juntadeandalucia.es\/coleiznatoraf\/wp-json\/wp\/v2\/pages\/42"}],"collection":[{"href":"https:\/\/blogsaverroes.juntadeandalucia.es\/coleiznatoraf\/wp-json\/wp\/v2\/pages"}],"about":[{"href":"https:\/\/blogsaverroes.juntadeandalucia.es\/coleiznatoraf\/wp-json\/wp\/v2\/types\/page"}],"author":[{"embeddable":true,"href":"https:\/\/blogsaverroes.juntadeandalucia.es\/coleiznatoraf\/wp-json\/wp\/v2\/users\/1"}],"replies":[{"embeddable":true,"href":"https:\/\/blogsaverroes.juntadeandalucia.es\/coleiznatoraf\/wp-json\/wp\/v2\/comments?post=42"}],"version-history":[{"count":10,"href":"https:\/\/blogsaverroes.juntadeandalucia.es\/coleiznatoraf\/wp-json\/wp\/v2\/pages\/42\/revisions"}],"predecessor-version":[{"id":5613,"href":"https:\/\/blogsaverroes.juntadeandalucia.es\/coleiznatoraf\/wp-json\/wp\/v2\/pages\/42\/revisions\/5613"}],"wp:attachment":[{"href":"https:\/\/blogsaverroes.juntadeandalucia.es\/coleiznatoraf\/wp-json\/wp\/v2\/media?parent=42"}],"curies":[{"name":"wp","href":"https:\/\/api.w.org\/{rel}","templated":true}]}}