{"id":4561,"date":"2022-03-16T12:02:36","date_gmt":"2022-03-16T12:02:36","guid":{"rendered":"http:\/\/blogsaverroes.juntadeandalucia.es\/coleiznatoraf\/?page_id=4561"},"modified":"2022-03-16T12:46:03","modified_gmt":"2022-03-16T12:46:03","slug":"ipasen","status":"publish","type":"page","link":"https:\/\/blogsaverroes.juntadeandalucia.es\/coleiznatoraf\/ipasen\/","title":{"rendered":"iPasen"},"content":{"rendered":"<p style=\"text-align: left\"><a href=\"https:\/\/blogsaverroes.juntadeandalucia.es\/coleiznatoraf\/files\/2021\/02\/ipasen.jpg\"><img loading=\"lazy\" decoding=\"async\" class=\"aligncenter wp-image-3768\" src=\"https:\/\/blogsaverroes.juntadeandalucia.es\/coleiznatoraf\/files\/2021\/02\/ipasen-300x147.jpg\" alt=\"\" width=\"600\" height=\"293\" srcset=\"https:\/\/blogsaverroes.juntadeandalucia.es\/coleiznatoraf\/files\/2021\/02\/ipasen-300x147.jpg 300w, https:\/\/blogsaverroes.juntadeandalucia.es\/coleiznatoraf\/files\/2021\/02\/ipasen.jpg 321w\" sizes=\"(max-width: 600px) 100vw, 600px\" \/><\/a><\/p>\n<p>En <a href=\"https:\/\/view.genial.ly\/5f760aecf8bf4d102a26739c\/horizontal-infographic-review-videotutoriales-para-familias\">este enlace<\/a> podr\u00e1s encontrar una infograf\u00eda que da acceso al canal de v\u00eddeos de OliCasares. En ella se recogen las ultimas novedades sobre el uso de la aplicaci\u00f3n.<\/p>\n<p><a href=\"https:\/\/view.genial.ly\/5f760aecf8bf4d102a26739c\/horizontal-infographic-review-videotutoriales-para-familias\"><img loading=\"lazy\" decoding=\"async\" class=\"aligncenter wp-image-4574\" src=\"https:\/\/blogsaverroes.juntadeandalucia.es\/coleiznatoraf\/files\/2022\/03\/infografi\u0301a.ipasen-300x167.png\" alt=\"\" width=\"600\" height=\"334\" srcset=\"https:\/\/blogsaverroes.juntadeandalucia.es\/coleiznatoraf\/files\/2022\/03\/infografi\u0301a.ipasen-300x167.png 300w, https:\/\/blogsaverroes.juntadeandalucia.es\/coleiznatoraf\/files\/2022\/03\/infografi\u0301a.ipasen-768x427.png 768w, https:\/\/blogsaverroes.juntadeandalucia.es\/coleiznatoraf\/files\/2022\/03\/infografi\u0301a.ipasen-700x389.png 700w, https:\/\/blogsaverroes.juntadeandalucia.es\/coleiznatoraf\/files\/2022\/03\/infografi\u0301a.ipasen-332x185.png 332w, https:\/\/blogsaverroes.juntadeandalucia.es\/coleiznatoraf\/files\/2022\/03\/infografi\u0301a.ipasen.png 1021w\" sizes=\"(max-width: 600px) 100vw, 600px\" \/><\/a><\/p>\n<p>En este otro enlace se encuentra la colecci\u00f3n de v\u00eddeos del <a href=\"http:\/\/blogsaverroes.juntadeandalucia.es\/coleiznatoraf\/conoce-mas-sobre-ipasen\/\">canal de MaestroMallo<\/a> que nos introduce en el uso de la aplicaci\u00f3n.<\/p>\n","protected":false},"excerpt":{"rendered":"<p>En este enlace podr\u00e1s encontrar una infograf\u00eda que da acceso al canal de v\u00eddeos de OliCasares. En ella se recogen las ultimas novedades sobre el uso de la aplicaci\u00f3n. En este otro enlace se&#46;&#46;&#46;<\/p>\n","protected":false},"author":4721,"featured_media":4562,"parent":0,"menu_order":0,"comment_status":"closed","ping_status":"closed","template":"","meta":{"ngg_post_thumbnail":0,"footnotes":"","_mc_calendar":[]},"aioseo_notices":[],"_links":{"self":[{"href":"https:\/\/blogsaverroes.juntadeandalucia.es\/coleiznatoraf\/wp-json\/wp\/v2\/pages\/4561"}],"collection":[{"href":"https:\/\/blogsaverroes.juntadeandalucia.es\/coleiznatoraf\/wp-json\/wp\/v2\/pages"}],"about":[{"href":"https:\/\/blogsaverroes.juntadeandalucia.es\/coleiznatoraf\/wp-json\/wp\/v2\/types\/page"}],"author":[{"embeddable":true,"href":"https:\/\/blogsaverroes.juntadeandalucia.es\/coleiznatoraf\/wp-json\/wp\/v2\/users\/4721"}],"replies":[{"embeddable":true,"href":"https:\/\/blogsaverroes.juntadeandalucia.es\/coleiznatoraf\/wp-json\/wp\/v2\/comments?post=4561"}],"version-history":[{"count":13,"href":"https:\/\/blogsaverroes.juntadeandalucia.es\/coleiznatoraf\/wp-json\/wp\/v2\/pages\/4561\/revisions"}],"predecessor-version":[{"id":4576,"href":"https:\/\/blogsaverroes.juntadeandalucia.es\/coleiznatoraf\/wp-json\/wp\/v2\/pages\/4561\/revisions\/4576"}],"wp:featuredmedia":[{"embeddable":true,"href":"https:\/\/blogsaverroes.juntadeandalucia.es\/coleiznatoraf\/wp-json\/wp\/v2\/media\/4562"}],"wp:attachment":[{"href":"https:\/\/blogsaverroes.juntadeandalucia.es\/coleiznatoraf\/wp-json\/wp\/v2\/media?parent=4561"}],"curies":[{"name":"wp","href":"https:\/\/api.w.org\/{rel}","templated":true}]}}