{"id":82,"date":"2015-03-16T06:59:55","date_gmt":"2015-03-16T06:59:55","guid":{"rendered":"http:\/\/blogsaverroes.juntadeandalucia.es\/pre\/ceip\/?page_id=82"},"modified":"2025-12-04T08:26:45","modified_gmt":"2025-12-04T08:26:45","slug":"horarios","status":"publish","type":"page","link":"https:\/\/blogsaverroes.juntadeandalucia.es\/coleiznatoraf\/horarios\/","title":{"rendered":"Programaci\u00f3n general anual"},"content":{"rendered":"<p data-start=\"138\" data-end=\"194\">Estimadas familias y miembros de la comunidad educativa:<\/p>\n<p data-start=\"196\" data-end=\"469\">El centro pone a su disposici\u00f3n, a trav\u00e9s de un enlace a la plataforma Genially, la <strong data-start=\"280\" data-end=\"310\">Programaci\u00f3n General Anual<\/strong>, presentada en un formato interactivo que permite consultar de manera clara y ordenada los principales aspectos organizativos y de funcionamiento del colegio.<\/p>\n<p data-start=\"471\" data-end=\"558\">A continuaci\u00f3n, se detalla el <strong data-start=\"501\" data-end=\"525\">\u00edndice de contenidos<\/strong> incluidos en dicha presentaci\u00f3n:<\/p>\n<hr data-start=\"560\" data-end=\"563\">\n<h2 data-start=\"565\" data-end=\"595\">\ud83d\udcd1 <strong data-start=\"571\" data-end=\"595\">\u00cdndice de contenidos<\/strong><\/h2>\n<ol data-start=\"597\" data-end=\"924\">\n<li data-start=\"597\" data-end=\"632\">\n<p data-start=\"600\" data-end=\"632\"><strong data-start=\"600\" data-end=\"630\">Datos generales del centro<\/strong><\/p>\n<\/li>\n<li data-start=\"633\" data-end=\"687\">\n<p data-start=\"636\" data-end=\"687\"><strong data-start=\"636\" data-end=\"685\">\u00d3rganos de gobierno y de coordinaci\u00f3n docente<\/strong><\/p>\n<\/li>\n<li data-start=\"688\" data-end=\"722\">\n<p data-start=\"691\" data-end=\"722\"><strong data-start=\"691\" data-end=\"720\">Plan de mejora del centro<\/strong><\/p>\n<\/li>\n<li data-start=\"723\" data-end=\"750\">\n<p data-start=\"726\" data-end=\"750\"><strong data-start=\"726\" data-end=\"748\">Calendario escolar<\/strong><\/p>\n<\/li>\n<li data-start=\"751\" data-end=\"778\">\n<p data-start=\"754\" data-end=\"778\"><strong data-start=\"754\" data-end=\"776\">Horarios generales<\/strong><\/p>\n<\/li>\n<li data-start=\"779\" data-end=\"826\">\n<p data-start=\"782\" data-end=\"826\"><strong data-start=\"782\" data-end=\"824\">Programaci\u00f3n de actividades del centro<\/strong><\/p>\n<\/li>\n<li data-start=\"827\" data-end=\"853\">\n<p data-start=\"830\" data-end=\"853\"><strong data-start=\"830\" data-end=\"851\">Plan de reuniones<\/strong><\/p>\n<\/li>\n<li data-start=\"854\" data-end=\"886\">\n<p data-start=\"857\" data-end=\"886\"><strong data-start=\"857\" data-end=\"884\">Presupuestos del centro<\/strong><\/p>\n<\/li>\n<li data-start=\"887\" data-end=\"924\">\n<p data-start=\"890\" data-end=\"924\"><strong data-start=\"890\" data-end=\"924\">Horario de atenci\u00f3n al usuario<\/strong><\/p>\n<\/li>\n<\/ol>\n<p><strong>ENLACE GENIALLY:<\/strong> <a href=\"https:\/\/view.genially.com\/6502d25502e3d60011df88f8\/dossier-programacion-general-anual-2526-iznatoraf\">https:\/\/view.genially.com\/6502d25502e3d60011df88f8\/dossier-programacion-general-anual-2526-iznatoraf<\/a><\/p>\n","protected":false},"excerpt":{"rendered":"<p>Estimadas familias y miembros de la comunidad educativa: El centro pone a su disposici\u00f3n, a trav\u00e9s de un enlace a la plataforma Genially, la Programaci\u00f3n General Anual, presentada en un formato interactivo que permite&#46;&#46;&#46;<\/p>\n","protected":false},"author":1,"featured_media":0,"parent":0,"menu_order":0,"comment_status":"closed","ping_status":"open","template":"","meta":{"ngg_post_thumbnail":0,"footnotes":"","_mc_calendar":[]},"aioseo_notices":[],"_links":{"self":[{"href":"https:\/\/blogsaverroes.juntadeandalucia.es\/coleiznatoraf\/wp-json\/wp\/v2\/pages\/82"}],"collection":[{"href":"https:\/\/blogsaverroes.juntadeandalucia.es\/coleiznatoraf\/wp-json\/wp\/v2\/pages"}],"about":[{"href":"https:\/\/blogsaverroes.juntadeandalucia.es\/coleiznatoraf\/wp-json\/wp\/v2\/types\/page"}],"author":[{"embeddable":true,"href":"https:\/\/blogsaverroes.juntadeandalucia.es\/coleiznatoraf\/wp-json\/wp\/v2\/users\/1"}],"replies":[{"embeddable":true,"href":"https:\/\/blogsaverroes.juntadeandalucia.es\/coleiznatoraf\/wp-json\/wp\/v2\/comments?post=82"}],"version-history":[{"count":12,"href":"https:\/\/blogsaverroes.juntadeandalucia.es\/coleiznatoraf\/wp-json\/wp\/v2\/pages\/82\/revisions"}],"predecessor-version":[{"id":5616,"href":"https:\/\/blogsaverroes.juntadeandalucia.es\/coleiznatoraf\/wp-json\/wp\/v2\/pages\/82\/revisions\/5616"}],"wp:attachment":[{"href":"https:\/\/blogsaverroes.juntadeandalucia.es\/coleiznatoraf\/wp-json\/wp\/v2\/media?parent=82"}],"curies":[{"name":"wp","href":"https:\/\/api.w.org\/{rel}","templated":true}]}}