{"id":872,"date":"2015-03-16T12:50:42","date_gmt":"2015-03-16T12:50:42","guid":{"rendered":"http:\/\/blogsaverroes.juntadeandalucia.es\/pre\/ceip\/?page_id=120"},"modified":"2024-01-16T12:12:35","modified_gmt":"2024-01-16T12:12:35","slug":"contactar","status":"publish","type":"page","link":"https:\/\/blogsaverroes.juntadeandalucia.es\/coleiznatoraf\/contactar\/","title":{"rendered":"Contactar"},"content":{"rendered":"<p>&nbsp;<\/p>\n<table>\n<tbody>\n<tr>\n<td><b>ATENCI\u00d3N USUARIO<\/b><\/td>\n<td><b>LUNES<\/b><\/td>\n<td><b>MARTES<\/b><\/td>\n<td><b>MI\u00c9RCOLES<\/b><\/td>\n<td><b>JUEVES<\/b><\/td>\n<td><b>VIERNES<\/b><\/td>\n<\/tr>\n<tr>\n<td><span style=\"font-weight: 400\">8:30-9:00<\/span><\/td>\n<td>&nbsp;<\/td>\n<td>&nbsp;<\/td>\n<td>&nbsp;<\/td>\n<td>&nbsp;<\/td>\n<td>&nbsp;<\/td>\n<\/tr>\n<tr>\n<td><span style=\"font-weight: 400\">9:00-10:30<\/span><\/td>\n<td><b>DIRECCI\u00d3N SECRETAR\u00cdA<\/b><\/td>\n<td><b>ADMINISTRATIVO<\/b><\/td>\n<td><b>DIRECCI\u00d3N SECRETAR\u00cdA<\/b><\/td>\n<td><b>DIRECCI\u00d3N ADMINISTRATIVO<\/b><\/td>\n<td>&nbsp;<\/td>\n<\/tr>\n<tr>\n<td><span style=\"font-weight: 400\">10:30\u201011:30,<\/span><\/td>\n<td><b>DIRECCI\u00d3N<\/b><\/td>\n<td><b>ADMINISTRATIVO<\/b><\/td>\n<td><b>DIRECCI\u00d3N SECRETAR\u00cdA<\/b><\/td>\n<td><b>DIRECCI\u00d3N ADMINISTRATIVO<\/b><\/td>\n<td>&nbsp;<\/td>\n<\/tr>\n<tr>\n<td><span style=\"font-weight: 400\">11:30\u201012:00<\/span><\/td>\n<td colspan=\"5\"><b>RECREO<\/b><\/td>\n<\/tr>\n<tr>\n<td><span style=\"font-weight: 400\">12:00\u201013:00<\/span><\/td>\n<td><b>SECRETAR\u00cdA<\/b><\/td>\n<td><b>ADMINISTRATIVO<\/b><\/td>\n<td><b>SECRETAR\u00cdA<\/b><\/td>\n<td><b>ADMINISTRATIVO DIRECCI\u00d3N<\/b><\/td>\n<td><b>DIRECCI\u00d3N<\/b><\/td>\n<\/tr>\n<tr>\n<td><span style=\"font-weight: 400\">13:00\u201014:00<\/span><\/td>\n<td>&nbsp;<\/td>\n<td><b>ADMINISTRATIVO DIRECCI\u00d3N (30`)<\/b><\/td>\n<td>&nbsp;<\/td>\n<td><b>ADMINISTRATIVO SECRETAR\u00cdA<\/b><\/td>\n<td><b>DIRECCI\u00d3N<\/b><\/td>\n<\/tr>\n<tr>\n<td><span style=\"font-weight: 400\">14:00\u201015:00<\/span><\/td>\n<td>&nbsp;<\/td>\n<td>&nbsp;<\/td>\n<td>&nbsp;<\/td>\n<td>&nbsp;<\/td>\n<td>&nbsp;<\/td>\n<\/tr>\n<\/tbody>\n<\/table>\n<h4><strong>Datos de contacto<\/strong><\/h4>\n<p>CEIP \u00abSant\u00edsimo Cristo de la Vera Cruz\u00bb<\/p>\n<p><strong>Direcci\u00f3n:<\/strong> &nbsp;Calle Maestra Francisca Ruiz Roa, 1. 23338 Iznatoraf (Ja\u00e9n)<\/p>\n<p><strong>Tel\u00e9fono \/ FAX: 953 42 96 01 \/649 13 65 22\/ 953 42 96 02<\/strong><br \/>\n<strong>Email:<\/strong> 23001809.edu@juntadeandalucia.es<\/p>\n","protected":false},"excerpt":{"rendered":"<p>&nbsp; ATENCI\u00d3N USUARIO LUNES MARTES MI\u00c9RCOLES JUEVES VIERNES 8:30-9:00 &nbsp; &nbsp; &nbsp; &nbsp; &nbsp; 9:00-10:30 DIRECCI\u00d3N SECRETAR\u00cdA ADMINISTRATIVO DIRECCI\u00d3N SECRETAR\u00cdA DIRECCI\u00d3N ADMINISTRATIVO &nbsp; 10:30\u201011:30, DIRECCI\u00d3N ADMINISTRATIVO DIRECCI\u00d3N SECRETAR\u00cdA DIRECCI\u00d3N ADMINISTRATIVO &nbsp; 11:30\u201012:00 RECREO 12:00\u201013:00&#46;&#46;&#46;<\/p>\n","protected":false},"author":1,"featured_media":0,"parent":0,"menu_order":0,"comment_status":"closed","ping_status":"open","template":"","meta":{"ngg_post_thumbnail":0,"footnotes":"","_mc_calendar":[]},"aioseo_notices":[],"_links":{"self":[{"href":"https:\/\/blogsaverroes.juntadeandalucia.es\/coleiznatoraf\/wp-json\/wp\/v2\/pages\/872"}],"collection":[{"href":"https:\/\/blogsaverroes.juntadeandalucia.es\/coleiznatoraf\/wp-json\/wp\/v2\/pages"}],"about":[{"href":"https:\/\/blogsaverroes.juntadeandalucia.es\/coleiznatoraf\/wp-json\/wp\/v2\/types\/page"}],"author":[{"embeddable":true,"href":"https:\/\/blogsaverroes.juntadeandalucia.es\/coleiznatoraf\/wp-json\/wp\/v2\/users\/1"}],"replies":[{"embeddable":true,"href":"https:\/\/blogsaverroes.juntadeandalucia.es\/coleiznatoraf\/wp-json\/wp\/v2\/comments?post=872"}],"version-history":[{"count":7,"href":"https:\/\/blogsaverroes.juntadeandalucia.es\/coleiznatoraf\/wp-json\/wp\/v2\/pages\/872\/revisions"}],"predecessor-version":[{"id":5380,"href":"https:\/\/blogsaverroes.juntadeandalucia.es\/coleiznatoraf\/wp-json\/wp\/v2\/pages\/872\/revisions\/5380"}],"wp:attachment":[{"href":"https:\/\/blogsaverroes.juntadeandalucia.es\/coleiznatoraf\/wp-json\/wp\/v2\/media?parent=872"}],"curies":[{"name":"wp","href":"https:\/\/api.w.org\/{rel}","templated":true}]}}