{"id":109,"date":"2016-11-24T12:07:21","date_gmt":"2016-11-24T12:07:21","guid":{"rendered":"http:\/\/blogsaverroes.juntadeandalucia.es\/colejuanarmario\/?page_id=109"},"modified":"2016-11-25T21:53:46","modified_gmt":"2016-11-25T21:53:46","slug":"lineas-de-actuacion-prioritarias","status":"publish","type":"page","link":"https:\/\/blogsaverroes.juntadeandalucia.es\/colejuanarmario\/lineas-de-actuacion-prioritarias\/","title":{"rendered":"L\u00edneas de Actuaci\u00f3n Prioritarias"},"content":{"rendered":"<p>Las \u00a0L\u00edneas Generales de Actuaci\u00f3n Pedag\u00f3gica: Suponen los fines y principios pedag\u00f3gicos que dotan de identidad y personalizan un centro educativo. Establecen qu\u00e9 se pretende que los alumnos\/as alcancen durante su etapa de escolarizaci\u00f3n, as\u00ed como la participaci\u00f3n de los agentes de la comunidad educativa. En la anterior normativa, corresponden con las Finalidades Educativas. Estas L\u00edneas de Actuaci\u00f3n Pedag\u00f3gica, son:<\/p>\n<ul>\n<li>Favorecer al m\u00e1ximo el desarrollo personal, social y acad\u00e9mico del alumnado, favoreciendo en todo momento, la adquisici\u00f3n de las competencias clave.<\/li>\n<\/ul>\n<ul>\n<li>Desarrollar una formaci\u00f3n integral del alumnado en sus dimensiones individuales y sociales que les posibilite el ejercicio de la ciudadan\u00eda, la comprensi\u00f3n del mundo y de la cultura y participaci\u00f3n en el desarrollo de la sociedad del conocimiento.<\/li>\n<\/ul>\n<ul>\n<li>Promover el gusto por la lectura, favoreciendo la comprensi\u00f3n del alumnado, y permiti\u00e9ndole acceder al conocimiento y la cultura.<\/li>\n<\/ul>\n<ul>\n<li>Promover la adquisici\u00f3n de valores sociales y valores democr\u00e1ticos, tales como la tolerancia, respeto, igualdad de oportunidades, esfuerzo y trabajo en equipo, que sustenten la convivencia democr\u00e1tica, participativa, la no violencia y la igualdad entre hombres y mujeres, el respeto a la diversidad de g\u00e9nero, as\u00ed como la libertad ideol\u00f3gica y religiosa.<\/li>\n<\/ul>\n<ul>\n<li>Estimular y promover en el alumnado la capacidad cr\u00edtica ante la realidad que les rodea, promoviendo la adopci\u00f3n de actitudes que favorezcan la superaci\u00f3n de desigualdades.<\/li>\n<\/ul>\n<ul>\n<li>Garantizar una atenci\u00f3n a la diversidad, haciendo efectivo los principios de normalizaci\u00f3n e inclusi\u00f3n en todo el alumnado, valorando la diversidad como un valor que nos enriquece.<\/li>\n<\/ul>\n<ul>\n<li>Promover el aprendizaje de distintas materias en biling\u00fce, familiarizando al alumnado con las lenguas extranjeras, (L2, ingl\u00e9s), (L3, franc\u00e9s) en consonancia al Proyecto Eramus +.<\/li>\n<\/ul>\n<ul>\n<li>Promover h\u00e1bitos de vida saludables y deportivos, favoreciendo pr\u00e1cticas e interacciones saludables que favorezcan la mejora de la adquisici\u00f3n de las competencias clave.<\/li>\n<li>Promover valores de respeto, cuidado y valoraci\u00f3n del medio ambiente y del espacio f\u00edsico-natural que nos rodea, valorando la diversidad natural c\u00f3mo un valor que debemos cuidar y mantener.<\/li>\n<\/ul>\n<ul>\n<li>Promover valores de sostenibilidad medioambiental y gesti\u00f3n de residuos que mejoren la capacidad de reciclaje y reutilizaci\u00f3n de recursos.<\/li>\n<\/ul>\n<ul>\n<li>Promover la Cultura de Paz en todos los \u00f3rdenes de la vida y favorecer la b\u00fasqueda de formulas para prevenir los conflictos y resolver pac\u00edficamente los que se produzcan en los centros.<\/li>\n<\/ul>\n<ul>\n<li>Promover la adquisici\u00f3n de saberes, conocimientos, peculiaridades y caracter\u00edsticas propias de nuestra Cultura Andaluza., valorando nuestras peculiaridades c\u00f3mo un valor que nos dota de identidad cultural.<\/li>\n<\/ul>\n<ul>\n<li>Promover el uso y manejo adecuado, respetuoso y cr\u00edtico de las Nuevas Tecnolog\u00edas, utiliz\u00e1ndolas como herramientas positivas que favorecen el aprendizaje y el desarrollo humano.<\/li>\n<\/ul>\n<ul>\n<li>Promover la participaci\u00f3n activa de las familias, no s\u00f3lo en la vida escolar del centro, sino el proceso de ense\u00f1anza y aprendizaje, y la educaci\u00f3n global de los mismos.<\/li>\n<\/ul>\n<ul>\n<li>Desarrollar nuevos modelos ense\u00f1anza y aprendizaje basados en la innovaci\u00f3n educativa, el aprendizaje de proyectos, el aprendizaje cooperativo, el biling\u00fcismo y uso de las TIC, como se\u00f1as de identidad de nuestro modelo de escuela, y desarrollarlos de forma progresiva, partiendo de la formaci\u00f3n del profesorado, el trabajo en equipo y la participaci\u00f3n de los agentes de la Comunidad Educativa.<\/li>\n<\/ul>\n","protected":false},"excerpt":{"rendered":"<p>Las \u00a0L\u00edneas Generales de Actuaci\u00f3n Pedag\u00f3gica: Suponen los fines y principios pedag\u00f3gicos que dotan de identidad y personalizan un centro educativo. Establecen qu\u00e9 se pretende que los alumnos\/as alcancen durante su etapa de escolarizaci\u00f3n,&#46;&#46;&#46;<\/p>\n","protected":false},"author":2443,"featured_media":0,"parent":0,"menu_order":0,"comment_status":"open","ping_status":"open","template":"","meta":{"ngg_post_thumbnail":0,"footnotes":""},"aioseo_notices":[],"_links":{"self":[{"href":"https:\/\/blogsaverroes.juntadeandalucia.es\/colejuanarmario\/wp-json\/wp\/v2\/pages\/109"}],"collection":[{"href":"https:\/\/blogsaverroes.juntadeandalucia.es\/colejuanarmario\/wp-json\/wp\/v2\/pages"}],"about":[{"href":"https:\/\/blogsaverroes.juntadeandalucia.es\/colejuanarmario\/wp-json\/wp\/v2\/types\/page"}],"author":[{"embeddable":true,"href":"https:\/\/blogsaverroes.juntadeandalucia.es\/colejuanarmario\/wp-json\/wp\/v2\/users\/2443"}],"replies":[{"embeddable":true,"href":"https:\/\/blogsaverroes.juntadeandalucia.es\/colejuanarmario\/wp-json\/wp\/v2\/comments?post=109"}],"version-history":[{"count":2,"href":"https:\/\/blogsaverroes.juntadeandalucia.es\/colejuanarmario\/wp-json\/wp\/v2\/pages\/109\/revisions"}],"predecessor-version":[{"id":250,"href":"https:\/\/blogsaverroes.juntadeandalucia.es\/colejuanarmario\/wp-json\/wp\/v2\/pages\/109\/revisions\/250"}],"wp:attachment":[{"href":"https:\/\/blogsaverroes.juntadeandalucia.es\/colejuanarmario\/wp-json\/wp\/v2\/media?parent=109"}],"curies":[{"name":"wp","href":"https:\/\/api.w.org\/{rel}","templated":true}]}}